{"id":11784,"date":"2020-02-24T13:50:50","date_gmt":"2020-02-24T12:50:50","guid":{"rendered":"https:\/\/interregva-bb-pl.eu\/?page_id=11784"},"modified":"2023-03-08T07:44:14","modified_gmt":"2023-03-08T14:44:14","slug":"85029922-2","status":"publish","type":"page","link":"https:\/\/interregva-bb-pl.eu\/pl\/85029922-2\/","title":{"rendered":"85029922"},"content":{"rendered":"<h3 style=\"text-align: left;\">J\u0119zyk s\u0105siada w Dwumie\u015bcie<\/h3>\n<p>&nbsp;<\/p>\n<p style=\"text-align: left;\"><strong><img loading=\"lazy\" decoding=\"async\" class=\"details-image alignleft\" draggable=\"false\" src=\"https:\/\/interregva-bb-pl.eu\/wp-content\/uploads\/2020\/02\/DSCN5007-1024x768.jpg\" alt=\"\" width=\"363\" height=\"272\" \/><\/strong><\/p>\n<p><strong>Partnerzy projektu:<\/strong><br \/>\n&#8211; Gmina S\u0142ubice<br \/>\n&#8211; Stadt \/ Miasto Frankfurt (Oder)<br \/>\n&#8211; Demokratie und Integration Brandenburg e.V. \/ Demokracja i Integracja Brandenburgia stow. rej.<\/p>\n<p><strong>Dofinanso<\/strong><strong>wa<\/strong><strong>nie (EFRR):<\/strong> 698.143,59 EUR<\/p>\n<p><strong>Termin realizacji: <\/strong>01.01.2020 \u2013 31.03.2023<\/p>\n<p><strong>Cel:<\/strong><br \/>\nCelem g\u0142\u00f3wnym projektu jest nauka j\u0119zyka s\u0105siada oraz rozszerzenie dotychczasowej oferty kszta\u0142cenia w tym zakresie. Projekt zak\u0142ada 2letni proces nauki j\u0119zyka s\u0105siada w wymiarze 2 godzin w tygodniu w szko\u0142ach podstawowych w gminie S\u0142ubice (400 uczni\u00f3w) i w formie popo\u0142udniowych k\u00f3\u0142ek zainteresowa\u0144 w postaci grup roboczych we Frankfurcie nad Odr\u0105 (270 uczni\u00f3w). Nowo powsta\u0142e w ramach projektu, jak i ju\u017c istniej\u0105ce oferty nauki j\u0119zyka b\u0119d\u0105 \u00a0uzupe\u0142nione poprzez wprowadzenie systemu E-Learning, organizacj\u0119 spotka\u0144 dla uczni\u00f3w, realizacj\u0119 wsp\u00f3lnych projekt\u00f3w pomi\u0119dzy szko\u0142ami partnerskimi, jak r\u00f3wnie\u017c ofertami dokszta\u0142cania dla nauczycieli. Dzi\u0119ki temu powinna zosta\u0107 zwi\u0119kszona atrakcyjno\u015b\u0107, motywacja ucz\u0105cych si\u0119 i kszta\u0142cenie w zakresie praktycznych umiej\u0119tno\u015bci j\u0119zykowych.<\/p>\n","protected":false},"excerpt":{"rendered":"<p>J\u0119zyk s\u0105siada w Dwumie\u015bcie &nbsp; Partnerzy projektu: &#8211; Gmina S\u0142ubice &#8211; Stadt \/ Miasto Frankfurt (Oder) &#8211; Demokratie und Integration Brandenburg e.V. \/ Demokracja i Integracja Brandenburgia stow. rej. Dofinansowanie (EFRR): 698.143,59 EUR Termin realizacji: 01.01.2020 \u2013 31.03.2023 Cel: Celem g\u0142\u00f3wnym projektu jest nauka j\u0119zyka s\u0105siada oraz rozszerzenie dotychczasowej oferty kszta\u0142cenia w tym zakresie. Projekt [&hellip;]<\/p>\n","protected":false},"author":101,"featured_media":0,"parent":0,"menu_order":0,"comment_status":"closed","ping_status":"closed","template":"","meta":{"site-sidebar-layout":"default","site-content-layout":"default","ast-site-content-layout":"","site-content-style":"default","site-sidebar-style":"default","ast-global-header-display":"","ast-banner-title-visibility":"","ast-main-header-display":"","ast-hfb-above-header-display":"","ast-hfb-below-header-display":"","ast-hfb-mobile-header-display":"","site-post-title":"","ast-breadcrumbs-content":"","ast-featured-img":"","footer-sml-layout":"","theme-transparent-header-meta":"default","adv-header-id-meta":"","stick-header-meta":"","header-above-stick-meta":"","header-main-stick-meta":"","header-below-stick-meta":"","astra-migrate-meta-layouts":"default","ast-page-background-enabled":"default","ast-page-background-meta":{"desktop":{"background-color":"","background-image":"","background-repeat":"repeat","background-position":"center center","background-size":"auto","background-attachment":"scroll","background-type":"","background-media":"","overlay-type":"","overlay-color":"","overlay-opacity":"","overlay-gradient":""},"tablet":{"background-color":"","background-image":"","background-repeat":"repeat","background-position":"center center","background-size":"auto","background-attachment":"scroll","background-type":"","background-media":"","overlay-type":"","overlay-color":"","overlay-opacity":"","overlay-gradient":""},"mobile":{"background-color":"","background-image":"","background-repeat":"repeat","background-position":"center center","background-size":"auto","background-attachment":"scroll","background-type":"","background-media":"","overlay-type":"","overlay-color":"","overlay-opacity":"","overlay-gradient":""}},"ast-content-background-meta":{"desktop":{"background-color":"var(--ast-global-color-5)","background-image":"","background-repeat":"repeat","background-position":"center center","background-size":"auto","background-attachment":"scroll","background-type":"","background-media":"","overlay-type":"","overlay-color":"","overlay-opacity":"","overlay-gradient":""},"tablet":{"background-color":"var(--ast-global-color-5)","background-image":"","background-repeat":"repeat","background-position":"center center","background-size":"auto","background-attachment":"scroll","background-type":"","background-media":"","overlay-type":"","overlay-color":"","overlay-opacity":"","overlay-gradient":""},"mobile":{"background-color":"var(--ast-global-color-5)","background-image":"","background-repeat":"repeat","background-position":"center center","background-size":"auto","background-attachment":"scroll","background-type":"","background-media":"","overlay-type":"","overlay-color":"","overlay-opacity":"","overlay-gradient":""}},"footnotes":""},"class_list":["post-11784","page","type-page","status-publish","hentry"],"_links":{"self":[{"href":"https:\/\/interregva-bb-pl.eu\/pl\/wp-json\/wp\/v2\/pages\/11784"}],"collection":[{"href":"https:\/\/interregva-bb-pl.eu\/pl\/wp-json\/wp\/v2\/pages"}],"about":[{"href":"https:\/\/interregva-bb-pl.eu\/pl\/wp-json\/wp\/v2\/types\/page"}],"author":[{"embeddable":true,"href":"https:\/\/interregva-bb-pl.eu\/pl\/wp-json\/wp\/v2\/users\/101"}],"replies":[{"embeddable":true,"href":"https:\/\/interregva-bb-pl.eu\/pl\/wp-json\/wp\/v2\/comments?post=11784"}],"version-history":[{"count":29,"href":"https:\/\/interregva-bb-pl.eu\/pl\/wp-json\/wp\/v2\/pages\/11784\/revisions"}],"predecessor-version":[{"id":17661,"href":"https:\/\/interregva-bb-pl.eu\/pl\/wp-json\/wp\/v2\/pages\/11784\/revisions\/17661"}],"wp:attachment":[{"href":"https:\/\/interregva-bb-pl.eu\/pl\/wp-json\/wp\/v2\/media?parent=11784"}],"curies":[{"name":"wp","href":"https:\/\/api.w.org\/{rel}","templated":true}]}}