{"id":1281,"date":"2016-06-20T13:49:20","date_gmt":"2016-06-20T11:49:20","guid":{"rendered":"http:\/\/interregva-bb-pl.eu\/pl\/?page_id=1281"},"modified":"2020-04-27T14:52:14","modified_gmt":"2020-04-27T12:52:14","slug":"uchwaly","status":"publish","type":"page","link":"https:\/\/interregva-bb-pl.eu\/pl\/komitet-monitorujacy\/uchwaly\/","title":{"rendered":"Uchwa\u0142y"},"content":{"rendered":"<p><strong>XIII Posiedzenie KM &#8211; 8.-9.10.2019<\/strong><\/p>\n<ul>\n<li><a href=\"https:\/\/interregva-bb-pl.eu\/wp-content\/uploads\/2020\/01\/13BA-Anl-4_13KM-Zal-4.pdf\" target=\"_blank\" rel=\"noopener noreferrer\" data-wahfont=\"15\">Zatwierdzony projekt OP II, 7c<\/a><\/li>\n<li><a href=\"https:\/\/interregva-bb-pl.eu\/wp-content\/uploads\/2020\/01\/13BA-Anl-7_13KM-Zal-7.pdf\" target=\"_blank\" rel=\"noopener noreferrer\" data-wahfont=\"15\">Lista zatwierdzonych projekt\u00f3w OP III<\/a><\/li>\n<li><a href=\"https:\/\/interregva-bb-pl.eu\/wp-content\/uploads\/2020\/01\/13BA-Anl-10_13KM-Zal-10.pdf\" target=\"_blank\" rel=\"noopener noreferrer\" data-wahfont=\"15\">Lista zatwierdzonych projekty OP IV<\/a><\/li>\n<\/ul>\n<p><strong>XII Posiedzenie KM &#8211; 26.-27.02.2019<br \/>\n<\/strong><\/p>\n<ul>\n<li><a href=\"http:\/\/interregva-bb-pl.eu\/wp-content\/uploads\/2019\/02\/12BA-XIIKM_PA-OPIII_ProjList_best-zatw.pdf\" target=\"_blank\" rel=\"noopener noreferrer\">Lista zatwierdzonych projekt\u00f3w OP III, cel szczeg\u00f3\u0142owy 5<\/a><\/li>\n<li><a href=\"http:\/\/interregva-bb-pl.eu\/wp-content\/uploads\/2019\/02\/12BA-XIIKM_PA-OPIV_ProjList_best-zatw.pdf\" target=\"_blank\" rel=\"noopener noreferrer\">Lista zatwierdzonych projekt\u00f3w OP IV, cel szczeg\u00f3\u0142owy 6<\/a><\/li>\n<\/ul>\n<p><strong>VII procedura obiegowa &#8211; 21.-27.06.2018<br \/>\n<\/strong><\/p>\n<p>dotycz\u0105ca wniosku o zmian\u0119 Programu Wsp\u00f3\u0142pracy INTERREG V A Brandenburgia \u2013 Polska 2014-2020 w ramach celu \u201eEuropejska Wsp\u00f3\u0142praca Terytorialna\u201c Europejskiego Funduszu Rozwoju Regionalnego.<\/p>\n<ul>\n<li><a href=\"http:\/\/interregva-bb-pl.eu\/wp-content\/uploads\/2018\/11\/18-07-11_-7-UV-Protokoll-unterzeichnet_VII-procedura-obiegowa-protokol-podpisany.pdf\">Protok\u00f3\u0142<\/a><\/li>\n<\/ul>\n<p><strong>X Posiedzenie KM &#8211; 04.-05.04.2018<br \/>\n<\/strong><\/p>\n<ul>\n<li><a href=\"http:\/\/interregva-bb-pl.eu\/wp-content\/uploads\/2018\/04\/10BA_Projektliste_PAII_3_10KM_Lista-projektow_OPII_3.pdf\" target=\"_blank\" rel=\"noopener noreferrer\">Lista zatwierdzonych projekt\u00f3w OP II, cel szczeg\u00f3\u0142owy 3<\/a><\/li>\n<li><a href=\"http:\/\/interregva-bb-pl.eu\/wp-content\/uploads\/2018\/04\/10BA_Projektliste_PAII_4_10KM_Lista-projektow_OPII_4.pdf\" target=\"_blank\" rel=\"noopener noreferrer\">Lista zatwierdzonych projekt\u00f3w OP II, cel szczeg\u00f3\u0142owy 4<\/a><\/li>\n<li><a href=\"http:\/\/interregva-bb-pl.eu\/wp-content\/uploads\/2018\/04\/10BA_Projektliste_PAIV_10KM_Lista-projektow_OPIV.pdf\" target=\"_blank\" rel=\"noopener noreferrer\">Lista zatwierdzonych projekt\u00f3w OP IV, cel szczeg\u00f3\u0142owy 6<\/a><\/li>\n<li><a href=\"http:\/\/interregva-bb-pl.eu\/wp-content\/uploads\/2018\/04\/18_03_Strategia_komunikacji_.pdf\" target=\"_blank\" rel=\"noopener noreferrer\">Strategia komunikacji<\/a><\/li>\n<li><a href=\"http:\/\/interregva-bb-pl.eu\/wp-content\/uploads\/2018\/05\/GO-des-BA_-Regulamin-KM-unterzeichnet.pdf\" target=\"_blank\" rel=\"noopener noreferrer\">Regulamin KM<\/a><\/li>\n<\/ul>\n<p><strong>VI procedura obiegowa &#8211; 08.-16.05.2018<br \/>\n<\/strong><\/p>\n<ul>\n<li><a href=\"http:\/\/interregva-bb-pl.eu\/wp-content\/uploads\/2017\/08\/Final_sprawozdanie-roczne_10.pdf\" target=\"_blank\" rel=\"noopener noreferrer\">Roczne sprawozdanie 2016\u00a0r.<\/a><\/li>\n<\/ul>\n<p><strong>IX posiedzenie KM 24.-25.10.2017<\/strong><\/p>\n<ul>\n<li><a href=\"http:\/\/interregva-bb-pl.eu\/wp-content\/uploads\/2018\/11\/Anlage-Nr.-5_-9.BA_Call-Zeitplan-_za%C5%82%C4%85cznik-nr-5_IX-KM-Plan-naborow-INTERREG-BB-PL-VA-2014-2020.pdf\" target=\"_blank\" rel=\"noopener noreferrer\">Indykatywny harmonogram nabor\u00f3w Interreg V A<\/a><\/li>\n<li><a href=\"http:\/\/interregva-bb-pl.eu\/wp-content\/uploads\/2018\/11\/Anlage-Nr.-12_-9.BA-Liste_-formal-abgelehnte-Antr%C3%A4ge_za%C5%82%C4%85cznik-nr-12_IX-KM-lista_-projekty-odrzucone-form..pdf\" target=\"_blank\" rel=\"noopener noreferrer\">Lista wniosk\u00f3w odrzuconych formalnie OP III<\/a><\/li>\n<li><a href=\"http:\/\/interregva-bb-pl.eu\/wp-content\/uploads\/2018\/11\/Anlage-Nr.-13_-Liste-der-best%C3%A4tigten-Antr%C3%A4ge-PA-III_zalacznik-nr-13_-lista-potwierdzonych-wniosk%C3%B3w-.pdf\" target=\"_blank\" rel=\"noopener noreferrer\">Lista zatwierdzonych wniosk\u00f3w OP III<\/a><\/li>\n<\/ul>\n<p><strong>VIII posiedzenie KM- 11-12 07.2017<\/strong><\/p>\n<p>\u2022 <a href=\"http:\/\/interregva-bb-pl.eu\/wp-content\/uploads\/2018\/11\/17-07-12_Best%C3%A4tigteProjekte.pdf\" target=\"_blank\" rel=\"noopener noreferrer\">Lista zatwierdzonych projekt\u00f3w<\/a><br \/>\n\u2022 <a href=\"http:\/\/interregva-bb-pl.eu\/wp-content\/uploads\/2018\/12\/17-07-12_BA8-Nr3-THBudget%C3%84nderung.pdf\">Uchwa\u0142a w sprawie zmiany bud\u017cetu Pomocy Technicznej<\/a><\/p>\n<p><strong>VII posiedzenie KM- 12.04.2017<\/strong><\/p>\n<p>\u2022 <a href=\"http:\/\/interregva-bb-pl.eu\/wp-content\/uploads\/2018\/03\/GO_-na-dzien-12.04.2017unterzeichnet.pdf\" target=\"_blank\" rel=\"noopener noreferrer\">Regulamin<\/a><br \/>\n\u2022 <a href=\"http:\/\/interregva-bb-pl.eu\/wp-content\/uploads\/2018\/11\/FHB-Stand-April-2018_Podrecznik-BW-stan-kwiecien-2018.pdf\">Podr\u0119cznik Beneficjenta stan z dnia 12.04.2017 (nieaktualny)<\/a><\/p>\n<p><strong>VI\u00a0posiedzenie KM &#8211; 14.-15.12.2016 r.<\/strong><\/p>\n<ul>\n<li><a href=\"http:\/\/interregva-bb-pl.eu\/wp-content\/uploads\/2018\/11\/skan-lista-projekt%C3%B3w.pdf\" target=\"_blank\" rel=\"noopener noreferrer\">Lista zatwierdzonych projekt\u00f3w z osi priorytetowej IV<\/a><\/li>\n<\/ul>\n<p><strong>V posiedzenie KM &#8211; 07.12.2016<\/strong><\/p>\n<p>\u2022 <a href=\"http:\/\/interregva-bb-pl.eu\/wp-content\/uploads\/2018\/11\/PA-II-Best%C3%A4tigte-Projekte.pdf\" target=\"_blank\" rel=\"noopener noreferrer\">Lista zatwierdzonych projekt\u00f3w OP II<\/a><br \/>\n\u2022 <a href=\"http:\/\/interregva-bb-pl.eu\/wp-content\/uploads\/2018\/03\/Projektliste.pdf\" target=\"_blank\" rel=\"noopener noreferrer\">Lista zatwierdzonych projekt\u00f3w OP IV<\/a><\/p>\n<p><strong>IV posiedzenie KM &#8211; 20.10.05.2016 r.<\/strong><\/p>\n<ul>\n<li><a href=\"http:\/\/interregva-bb-pl.eu\/wp-content\/uploads\/2016\/10\/16-10-26_Call-Zeitplan-KP-BB-PL-VA-20214-2020_Harmonogram-naborow-PW-BB-PL-VA-2014-2020.pdf\" target=\"_blank\" rel=\"noopener noreferrer\">Harmonogram nabor\u00f3w<\/a><\/li>\n<\/ul>\n<p>&nbsp;<\/p>\n<p><strong>Procedura obiegowa z dnia 24.05.2016 r.:<\/strong><\/p>\n<ul>\n<li><a href=\"http:\/\/interregva-bb-pl.eu\/wp-content\/uploads\/2016\/08\/2014-2015_Roczne-sprawozdanie-z-wdrazania-programu-Interreg-VA-BB-PL-final_pl_30052016.pdf\" target=\"_blank\" rel=\"noopener noreferrer\">Roczne sprawozdanie z wdra\u017cania Programu Wsp\u00f3\u0142pracy Brandenburgia &#8211; Polska 2014-2020 w latach 2014-2015<\/a><\/li>\n<\/ul>\n<p>&nbsp;<\/p>\n<p><strong>III posiedzenie KM &#8211; 11.-12.05.2016 r.<\/strong><\/p>\n<p>Podczas III posiedzenia KM zosta\u0142y uzgodnione wszystkie dokumenty, kt\u00f3re s\u0105 niezb\u0119dne do otwarcia pierwszego naboru, mi\u0119dzy innymi najwa\u017cniejszy dokument \u2013 Podr\u0119cznik beneficjenta w\u0142\u0105cznie z zasadami kwalifikowalno\u015bci.<\/p>\n<p>Uchwalono:<\/p>\n<ul>\n<li><a href=\"http:\/\/interregva-bb-pl.eu\/wp-content\/uploads\/2018\/12\/16-08-22_Foerderhandbuch-_Podrecznik-beneficjenta.pdf\" target=\"_blank\" rel=\"noopener noreferrer\">Podr\u0119cznik beneficjenta<\/a><\/li>\n<li><a href=\"http:\/\/interregva-bb-pl.eu\/wp-content\/uploads\/2016\/08\/Call-Zeitplan-KP-BB-PL-VA-20214-2020_Harmonogram-naborow-PW-BB-PL-VA-201....pdf\" target=\"_blank\" rel=\"noopener noreferrer\">indykatywny harmonogram naboru<\/a><\/li>\n<\/ul>\n<p>&nbsp;<\/p>\n<p><strong>Procedura obiegowa z dnia 19.04.2016 r.:<\/strong><\/p>\n<ul>\n<li><a href=\"http:\/\/interregva-bb-pl.eu\/wp-content\/uploads\/2018\/12\/16-04-29_Beschluss_TH_Budget_uchwala-budzet-PT.pdf\">zmiana w planie bud\u017cetu Pomocy Technicznej<\/a><\/li>\n<\/ul>\n<p>&nbsp;<\/p>\n<p><strong>Procedura obiegowa z dnia 15.04.2016 r.:<\/strong><\/p>\n<ul>\n<li><a href=\"http:\/\/interregva-bb-pl.eu\/wp-content\/uploads\/2016\/08\/SK_PL_final.pdf\" target=\"_blank\" rel=\"noopener noreferrer\">Strategia Komunikacji<\/a><\/li>\n<\/ul>\n<p>&nbsp;<\/p>\n<p><strong>II posiedzenie KM &#8211; 19.-20.01.2016 r.<\/strong><\/p>\n<p>Podczas drugiego posiedzenie przyj\u0119to dwie wa\u017cne uchwa\u0142y dla dalszego wdra\u017cania Programu. Dotyczy\u0142y one:<\/p>\n<ul>\n<li><a href=\"http:\/\/interregva-bb-pl.eu\/wp-content\/uploads\/2016\/08\/KPF_FMP.pdf\" target=\"_blank\" rel=\"noopener noreferrer\">procedur wnioskowania, oceny oraz realizacji Funduszu Ma\u0142ych Projekt\u00f3w<\/a><\/li>\n<\/ul>\n<ul>\n<li><a href=\"http:\/\/interregva-bb-pl.eu\/wp-content\/uploads\/2016\/04\/2.KM_KWP_pl.pdf\" target=\"_blank\" rel=\"noopener noreferrer\">kryteri\u00f3w wyboru projekt\u00f3w i procedury oceny projekt\u00f3w<\/a>.<\/li>\n<\/ul>\n<p>&nbsp;<\/p>\n<p><strong>I posiedzenie Komitetu Monitoruj\u0105cego (KM) \u2013 3.12.2015 r. &#8211; konstytuuj\u0105ce posiedzenie KM PW INTERREG VA Brandenburgia \u2013 Polska 2014-2020.<\/strong><\/p>\n<p>Na posiedzeniu przyj\u0119to:<\/p>\n<ul>\n<li><a href=\"http:\/\/interregva-bb-pl.eu\/wp-content\/uploads\/2018\/12\/GO-final.pdf\" target=\"_blank\" rel=\"noopener noreferrer\">Regulamin KM<\/a><\/li>\n<li><a href=\"http:\/\/interregva-bb-pl.eu\/wp-content\/uploads\/2018\/12\/2015-11-13-PL_plan-PT_BB-PL.pdf\">Plan bud\u017cetu Pomocy Technicznej<\/a><\/li>\n<\/ul>\n","protected":false},"excerpt":{"rendered":"<p>XIII Posiedzenie KM &#8211; 8.-9.10.2019 Zatwierdzony projekt OP II, 7c Lista zatwierdzonych projekt\u00f3w OP III Lista zatwierdzonych projekty OP IV XII Posiedzenie KM &#8211; 26.-27.02.2019 Lista zatwierdzonych projekt\u00f3w OP III, cel szczeg\u00f3\u0142owy 5 Lista zatwierdzonych projekt\u00f3w OP IV, cel szczeg\u00f3\u0142owy 6 VII procedura obiegowa &#8211; 21.-27.06.2018 dotycz\u0105ca wniosku o zmian\u0119 Programu Wsp\u00f3\u0142pracy INTERREG V A [&hellip;]<\/p>\n","protected":false},"author":2,"featured_media":0,"parent":767,"menu_order":0,"comment_status":"closed","ping_status":"closed","template":"","meta":{"site-sidebar-layout":"default","site-content-layout":"default","ast-site-content-layout":"","site-content-style":"default","site-sidebar-style":"default","ast-global-header-display":"","ast-banner-title-visibility":"","ast-main-header-display":"","ast-hfb-above-header-display":"","ast-hfb-below-header-display":"","ast-hfb-mobile-header-display":"","site-post-title":"","ast-breadcrumbs-content":"","ast-featured-img":"","footer-sml-layout":"","theme-transparent-header-meta":"default","adv-header-id-meta":"","stick-header-meta":"","header-above-stick-meta":"","header-main-stick-meta":"","header-below-stick-meta":"","astra-migrate-meta-layouts":"default","ast-page-background-enabled":"default","ast-page-background-meta":{"desktop":{"background-color":"","background-image":"","background-repeat":"repeat","background-position":"center center","background-size":"auto","background-attachment":"scroll","background-type":"","background-media":"","overlay-type":"","overlay-color":"","overlay-opacity":"","overlay-gradient":""},"tablet":{"background-color":"","background-image":"","background-repeat":"repeat","background-position":"center center","background-size":"auto","background-attachment":"scroll","background-type":"","background-media":"","overlay-type":"","overlay-color":"","overlay-opacity":"","overlay-gradient":""},"mobile":{"background-color":"","background-image":"","background-repeat":"repeat","background-position":"center center","background-size":"auto","background-attachment":"scroll","background-type":"","background-media":"","overlay-type":"","overlay-color":"","overlay-opacity":"","overlay-gradient":""}},"ast-content-background-meta":{"desktop":{"background-color":"var(--ast-global-color-5)","background-image":"","background-repeat":"repeat","background-position":"center center","background-size":"auto","background-attachment":"scroll","background-type":"","background-media":"","overlay-type":"","overlay-color":"","overlay-opacity":"","overlay-gradient":""},"tablet":{"background-color":"var(--ast-global-color-5)","background-image":"","background-repeat":"repeat","background-position":"center center","background-size":"auto","background-attachment":"scroll","background-type":"","background-media":"","overlay-type":"","overlay-color":"","overlay-opacity":"","overlay-gradient":""},"mobile":{"background-color":"var(--ast-global-color-5)","background-image":"","background-repeat":"repeat","background-position":"center center","background-size":"auto","background-attachment":"scroll","background-type":"","background-media":"","overlay-type":"","overlay-color":"","overlay-opacity":"","overlay-gradient":""}},"footnotes":""},"class_list":["post-1281","page","type-page","status-publish","hentry"],"_links":{"self":[{"href":"https:\/\/interregva-bb-pl.eu\/pl\/wp-json\/wp\/v2\/pages\/1281"}],"collection":[{"href":"https:\/\/interregva-bb-pl.eu\/pl\/wp-json\/wp\/v2\/pages"}],"about":[{"href":"https:\/\/interregva-bb-pl.eu\/pl\/wp-json\/wp\/v2\/types\/page"}],"author":[{"embeddable":true,"href":"https:\/\/interregva-bb-pl.eu\/pl\/wp-json\/wp\/v2\/users\/2"}],"replies":[{"embeddable":true,"href":"https:\/\/interregva-bb-pl.eu\/pl\/wp-json\/wp\/v2\/comments?post=1281"}],"version-history":[{"count":49,"href":"https:\/\/interregva-bb-pl.eu\/pl\/wp-json\/wp\/v2\/pages\/1281\/revisions"}],"predecessor-version":[{"id":12281,"href":"https:\/\/interregva-bb-pl.eu\/pl\/wp-json\/wp\/v2\/pages\/1281\/revisions\/12281"}],"up":[{"embeddable":true,"href":"https:\/\/interregva-bb-pl.eu\/pl\/wp-json\/wp\/v2\/pages\/767"}],"wp:attachment":[{"href":"https:\/\/interregva-bb-pl.eu\/pl\/wp-json\/wp\/v2\/media?parent=1281"}],"curies":[{"name":"wp","href":"https:\/\/api.w.org\/{rel}","templated":true}]}}