{"id":13042,"date":"2020-11-10T13:32:27","date_gmt":"2020-11-10T12:32:27","guid":{"rendered":"https:\/\/interregva-bb-pl.eu\/?page_id=13042"},"modified":"2023-03-15T06:46:57","modified_gmt":"2023-03-15T13:46:57","slug":"85038901-2","status":"publish","type":"page","link":"https:\/\/interregva-bb-pl.eu\/pl\/85038901-2\/","title":{"rendered":"85038901"},"content":{"rendered":"<h3><span style=\"color: #000000;\">Dwa Ratusze &#8211; jedno Euromiasto. II etap<\/span><\/h3>\n<p>&nbsp;<\/p>\n<p><strong><span style=\"color: #ff0000;\"><img decoding=\"async\" class=\"details-image\" draggable=\"false\" src=\"https:\/\/interregva-bb-pl.eu\/wp-content\/uploads\/2020\/11\/85038901_Website-Praes_Fot1a-1024x551.jpg\" alt=\"\" \/><\/span><\/strong><\/p>\n<p><span style=\"color: #000000;\"><strong>Partnerzy projektu:<\/strong><\/span><br \/>\n&#8211; Gmina o statusie miejskim Gubin (BW)<br \/>\n&#8211; Gemeinde \/ Gmina Guben<\/p>\n<p><span style=\"color: #000000;\"><strong>Dofinansowanie (EFRR)<\/strong>: 376.832,67 EUR<\/span><\/p>\n<p><span style=\"color: #000000;\"><strong>Okre realizacji<\/strong>: 01.<\/span>04.2020 \u2013 31.03.2023<\/p>\n<p><span style=\"color: #000000;\"><strong>Cel:<\/strong><\/span><br \/>\n<span style=\"color: #000000;\">Celem projektu jest dalsza intensyfikacja integracji obydwu administracji i mieszka\u0144c\u00f3w Euromiasta Gubin-Guben na wszystkich p\u0142aszczyznach wsp\u00f3\u0142pracy, a w szczeg\u00f3lno\u015bci wzmocnieni i ukierunkowanie kooperacji w dziedzinie gospodarki, turystyki i kultury, maj\u0105ce s\u0142u\u017cy\u0107 rozwojowi spo\u0142eczno-gospodarczemu i poprawie warunk\u00f3w \u017cycia mieszka\u0144c\u00f3w dwumiasta.<\/span><br \/>\n<span style=\"color: #000000;\">Obydwa miasta d\u0105\u017c\u0105 do maksymalnej integracji, zintegrowanego rozwoju, budowania wsp\u00f3lnych struktur i wsp\u00f3lnej marki Euromiasta Gubin-Guben. Partnerzy projektu planuj\u0105 w przysz\u0142o\u015bci opracowanie Wsp\u00f3lnej Strategii Zintegrowanego i Zr\u00f3wnowa\u017conego Rozwoju Euromiasta Gubin-Guben. Jednak w tym celu musz\u0105 najpierw zosta\u0107 wypracowane niezb\u0119dne podstawy planistyczne, zanalizowana sytuacja spo\u0142eczno-gospodarcza obydwu miast oraz ich uwarunkowania przestrzenne i dotychczasowa polityka rozwoju. Dlatego Guben i Gubin ju\u017c teraz chc\u0105 po\u0142o\u017cy\u0107 szczeg\u00f3lny nacisk na rozwini\u0119cie kooperacji w kluczowych dla nich dziedzinach. Ma to nast\u0105pi\u0107 m.in. poprzez powo\u0142anie tematycznych grup roboczych.<\/span><br \/>\n<span style=\"color: #000000;\">Grup\u0105 docelow\u0105 s\u0105 mieszka\u0144cy Guben i Gubina (ok. 35 000 os\u00f3b), stowarzyszenia, instytucje kultury, tury\u015bci i przedsi\u0119biorcy, kt\u00f3rzy b\u0119d\u0105 korzysta\u0107 z oferty dwumiasta oraz mieszka\u0144cy ca\u0142ego regionu przygranicznego i innych region\u00f3w, kt\u00f3rzy za pomoc\u0105 materia\u0142\u00f3w i \u015brodk\u00f3w promocyjnych b\u0119d\u0105 mieli dost\u0119p do aktualnej, wieloj\u0119zycznej i sp\u00f3jnej informacji o Euromie\u015bcie Gubin-Guben.<\/span><\/p>\n<p><span style=\"color: #000000;\"><strong>Przyk\u0142ady dzia\u0142a\u0144 w projekcie <\/strong>:<\/span><\/p>\n<ul>\n<li><span style=\"color: #000000;\">Posiedzenia Komisji Euromiasta Gubin -Guben w sk\u0142ad kt\u00f3rej wchodz\u0105 radni oraz burmistrzowie obu miast.<\/span><\/li>\n<li><span style=\"color: #000000;\">Wsp\u00f3lna sesja radnych Miasta Gubina i Guben.<\/span><\/li>\n<li><span style=\"color: #000000;\">Powo\u0142anie tematycznych grup roboczych sk\u0142adaj\u0105cych si\u0119 z przedstawicieli poszczeg\u00f3lnych dzia\u0142\u00f3w urz\u0119d\u00f3w miast oraz innych specjalist\u00f3w.<\/span><\/li>\n<li><span style=\"color: #000000;\">Warsztaty tematyczne dla pracownik\u00f3w urz\u0119d\u00f3w, stowarzysze\u0144, przedstawicieli jednostek organizacyjnych oraz radnych zaplanowano, pozwalaj\u0105ce na wymian\u0119 do\u015bwiadcze\u0144 oraz podnoszenie kompetencji interkulturowych oraz z zakresu ochrony \u015brodowiska w obszarze transgranicznym.<\/span><\/li>\n<li><span style=\"color: #000000;\">W Gubinie w budynku przy mo\u015bcie granicznym b\u0119dzie funkcjonowa\u0142 Polsko-Niemiecki Punkt Kontaktowy, w kt\u00f3rym zatrudniony zostanie pracownik, u kt\u00f3rego b\u0119dzie mo\u017cna zasi\u0119gn\u0105\u0107 wszelkich informacji zwi\u0105zanych ze wsp\u00f3\u0142prac\u0105 i promocj\u0105 w Euromie\u015bcie oraz informacji o projekcie i partnerach<\/span><\/li>\n<li><span style=\"color: #000000;\">W ramach dzia\u0142a\u0144 wsp\u00f3lnej promocji gosp., turyst. oraz promocji Euromiasta wydanie r\u00f3\u017cnorodnych mat. promocyjnych, np. broszur, katalog\u00f3w, upomink\u00f3w\/gad\u017cet\u00f3w reklamowych, ponadto publikacja film\u00f3w promocyjnych oraz informacji w radio i w prasie. Materia\u0142y te b\u0119d\u0105 co najmniej dwuj\u0119zyczne (j.pol. i niem), a niekt\u00f3re z nich dodatkowo w j. ang. B\u0119d\u0105 one przygotowywane i rozpowszechniane przez obu partner\u00f3w na bie\u017c\u0105co w trakcie trwania ca\u0142ego projektu.<\/span><\/li>\n<\/ul>\n","protected":false},"excerpt":{"rendered":"<p>Dwa Ratusze &#8211; jedno Euromiasto. II etap &nbsp; Partnerzy projektu: &#8211; Gmina o statusie miejskim Gubin (BW) &#8211; Gemeinde \/ Gmina Guben Dofinansowanie (EFRR): 376.832,67 EUR Okre realizacji: 01.04.2020 \u2013 31.03.2023 Cel: Celem projektu jest dalsza intensyfikacja integracji obydwu administracji i mieszka\u0144c\u00f3w Euromiasta Gubin-Guben na wszystkich p\u0142aszczyznach wsp\u00f3\u0142pracy, a w szczeg\u00f3lno\u015bci wzmocnieni i ukierunkowanie kooperacji [&hellip;]<\/p>\n","protected":false},"author":140,"featured_media":0,"parent":0,"menu_order":0,"comment_status":"closed","ping_status":"closed","template":"","meta":{"site-sidebar-layout":"default","site-content-layout":"default","ast-site-content-layout":"","site-content-style":"default","site-sidebar-style":"default","ast-global-header-display":"","ast-banner-title-visibility":"","ast-main-header-display":"","ast-hfb-above-header-display":"","ast-hfb-below-header-display":"","ast-hfb-mobile-header-display":"","site-post-title":"","ast-breadcrumbs-content":"","ast-featured-img":"","footer-sml-layout":"","theme-transparent-header-meta":"default","adv-header-id-meta":"","stick-header-meta":"","header-above-stick-meta":"","header-main-stick-meta":"","header-below-stick-meta":"","astra-migrate-meta-layouts":"default","ast-page-background-enabled":"default","ast-page-background-meta":{"desktop":{"background-color":"","background-image":"","background-repeat":"repeat","background-position":"center center","background-size":"auto","background-attachment":"scroll","background-type":"","background-media":"","overlay-type":"","overlay-color":"","overlay-opacity":"","overlay-gradient":""},"tablet":{"background-color":"","background-image":"","background-repeat":"repeat","background-position":"center center","background-size":"auto","background-attachment":"scroll","background-type":"","background-media":"","overlay-type":"","overlay-color":"","overlay-opacity":"","overlay-gradient":""},"mobile":{"background-color":"","background-image":"","background-repeat":"repeat","background-position":"center center","background-size":"auto","background-attachment":"scroll","background-type":"","background-media":"","overlay-type":"","overlay-color":"","overlay-opacity":"","overlay-gradient":""}},"ast-content-background-meta":{"desktop":{"background-color":"var(--ast-global-color-5)","background-image":"","background-repeat":"repeat","background-position":"center center","background-size":"auto","background-attachment":"scroll","background-type":"","background-media":"","overlay-type":"","overlay-color":"","overlay-opacity":"","overlay-gradient":""},"tablet":{"background-color":"var(--ast-global-color-5)","background-image":"","background-repeat":"repeat","background-position":"center center","background-size":"auto","background-attachment":"scroll","background-type":"","background-media":"","overlay-type":"","overlay-color":"","overlay-opacity":"","overlay-gradient":""},"mobile":{"background-color":"var(--ast-global-color-5)","background-image":"","background-repeat":"repeat","background-position":"center center","background-size":"auto","background-attachment":"scroll","background-type":"","background-media":"","overlay-type":"","overlay-color":"","overlay-opacity":"","overlay-gradient":""}},"footnotes":""},"class_list":["post-13042","page","type-page","status-publish","hentry"],"_links":{"self":[{"href":"https:\/\/interregva-bb-pl.eu\/pl\/wp-json\/wp\/v2\/pages\/13042"}],"collection":[{"href":"https:\/\/interregva-bb-pl.eu\/pl\/wp-json\/wp\/v2\/pages"}],"about":[{"href":"https:\/\/interregva-bb-pl.eu\/pl\/wp-json\/wp\/v2\/types\/page"}],"author":[{"embeddable":true,"href":"https:\/\/interregva-bb-pl.eu\/pl\/wp-json\/wp\/v2\/users\/140"}],"replies":[{"embeddable":true,"href":"https:\/\/interregva-bb-pl.eu\/pl\/wp-json\/wp\/v2\/comments?post=13042"}],"version-history":[{"count":10,"href":"https:\/\/interregva-bb-pl.eu\/pl\/wp-json\/wp\/v2\/pages\/13042\/revisions"}],"predecessor-version":[{"id":17678,"href":"https:\/\/interregva-bb-pl.eu\/pl\/wp-json\/wp\/v2\/pages\/13042\/revisions\/17678"}],"wp:attachment":[{"href":"https:\/\/interregva-bb-pl.eu\/pl\/wp-json\/wp\/v2\/media?parent=13042"}],"curies":[{"name":"wp","href":"https:\/\/api.w.org\/{rel}","templated":true}]}}