{"id":13769,"date":"2021-02-12T06:20:40","date_gmt":"2021-02-12T13:20:40","guid":{"rendered":"https:\/\/interregva-bb-pl.eu\/?page_id=13769"},"modified":"2021-02-18T07:47:28","modified_gmt":"2021-02-18T14:47:28","slug":"85010800-projekt-zakonczony","status":"publish","type":"page","link":"https:\/\/interregva-bb-pl.eu\/pl\/85010800-projekt-zakonczony\/","title":{"rendered":"85010800 &#8211; projekt zako\u0144czony"},"content":{"rendered":"<h3><strong>W tandemie przeciwko przest\u0119pczo\u015bci przygranicznej<\/strong><strong><img decoding=\"async\" class=\"thumbnail aligncenter\" src=\"https:\/\/interregva-bb-pl.eu\/wp-content\/uploads\/2021\/02\/85010800_FotTit.jpg\" alt=\"\" \/><\/strong><\/h3>\n<p data-wahfont=\"15\">\n<p data-wahfont=\"15\"><strong>Partnerzy:<\/strong><u><\/u><br \/>\n<span style=\"color: #000000;\">&#8211; Polizeipr\u00e4sidium des Landes Brandenburg (Prezydium Policji Kraju Zwi\u0105zkowego Brandenburgia) (BW)<\/span><br \/>\n<span style=\"color: #000000;\">&#8211; Fachhochschule der Polizei (Wy\u017csza Szko\u0142a Zawodowa Policji)<\/span><br \/>\n<span style=\"color: #000000;\">&#8211; Bundespolizei (Policja Federalna)<\/span><br \/>\n<span style=\"color: #000000;\">&#8211; Komenda Wojew\u00f3dzka Policji w Gorzowie Wlkp.<\/span><br \/>\n<span style=\"color: #000000;\">&#8211; Komenda Wojew\u00f3dzka Policji w Szczecinie<\/span><br \/>\n<span style=\"color: #000000;\">&#8211; Nadodrza\u0144ski Odzia\u0142 Stra\u017cy Granicznej w Kro\u015bnie Odrza\u0144skim<\/span><\/p>\n<p data-wahfont=\"15\"><strong>Dofinansowanie (EFRE): <\/strong>41.641,53 Euro<\/p>\n<p data-wahfont=\"15\"><strong><span data-wahfont=\"15\">Termin realizacji<\/span>:<\/strong> 1.1.2017-31.12.2019<\/p>\n<p><img loading=\"lazy\" decoding=\"async\" class=\"thumbnail alignleft\" src=\"https:\/\/interregva-bb-pl.eu\/wp-content\/uploads\/2021\/02\/85010800_Fot2.jpg\" alt=\"\" width=\"428\" height=\"284\" \/><\/p>\n<p>Projekt i jego realizacja przyczyni\u0142y si\u0119 do wzmocnienia transgranicznej niemiecko-polskiej wsp\u00f3\u0142pracy policyjnej i jej instytucji jako szczeg\u00f3lnej cz\u0119\u015bci administracji publicznej. Projekt zosta\u0142 przeprowadzony g\u0142\u00f3wnie przez dzia\u0142 Pe\u0142nomocnika d\/s stosunk\u00f3w niemiecko-polskich (Psnp) w Prezydium Policji kraju zwi\u0105zkowego Brandenburgia. Ta jednostka organizacyjna stworzona zosta\u0142a przed ponad dziesi\u0119ciu laty w celu koordynacji wsp\u00f3\u0142pracy z Komendami Wojew\u00f3dzkimi Policji w Szczecinie, Gorzowie i Wroc\u0142awiu. Od tego czasu zar\u00f3wno Psnp jak i jego polscy partnerzy zebrali bogate do\u015bwiadczenia, kt\u00f3re wykorzystano r\u00f3wnie\u017c przy realizacji tego projektu. Wyznaczone przez zaanga\u017cowane w projekt instytucje osoby utworzy\u0142y wsp\u00f3lnie z odpowiedzialnym z ramienia Pe\u0142nomocnika d\/s stosunk\u00f3w niemiecko-polskich (Psnp) grup\u0119 robocz\u0105 (zesp\u00f3\u0142 projektowy) i przeprowadza\u0142y regularnie wsp\u00f3lne narady. W ramach tych spotka\u0144 roboczych wymieniano i ustalano wsp\u00f3lne pomys\u0142y, oczekiwania, potrzeby partner\u00f3w projektu a tak\u017ce zlecenia robocze i odnosz\u0105ce si\u0119 do nich terminy.<\/p>\n<p>W projekcie uczestniczy\u0142o \u0142\u0105cznie 287 funkcjonariuszy policji brandenburskiej i federalnej, polskich policjant\u00f3w z wojew\u00f3dztw lubuskiego i zachodniopomorskiego oraz \u017co\u0142nierzy <img loading=\"lazy\" decoding=\"async\" class=\"thumbnail alignright\" src=\"https:\/\/interregva-bb-pl.eu\/wp-content\/uploads\/2021\/02\/85010800_Fot3a.jpg\" alt=\"\" width=\"429\" height=\"285\" \/>oddzia\u0142u Stra\u017cy Granicznej z Krosna Odrza\u0144skiego. Znacz\u0105co wy\u017csza od zaplanowanej liczba uczestnik\u00f3w\/ek jak r\u00f3wnie\u017c instytucji wsp\u00f3\u0142pracuj\u0105cych odzwierciedla znaczenie projektu dla poszczeg\u00f3lnych funkcjonariuszy oraz organ\u00f3w bezpiecze\u0144stwa.<\/p>\n<p>Do najwa\u017cniejszych wsp\u00f3lnych dzia\u0142a\u0144 nale\u017ca\u0142y:<\/p>\n<ol>\n<li>dokszta\u0142canie zawodowe na wybrane tematy policyjne<\/li>\n<li>dokszta\u0142canie w zakresie wybranych temat\u00f3w prawnych<\/li>\n<li>dokszta\u0142canie j\u0119zykowe<\/li>\n<li>praktyka w tandemie<\/li>\n<li>dzia\u0142ania interkulturalne i sportowe.<\/li>\n<\/ol>\n<p>\u0141\u0105cznie w ramach projektu uda\u0142o si\u0119 przeprowadzi\u0107 9 szkole\u0144 tandemowych, 100 praktycznych \u0107wicze\u0144, trening\u00f3w i praktyk oraz 33 zaj\u0119cia sportowe i kulturalne. Wszystkie okre\u015blone we wniosku projektowym cele lub wyniki projektu zosta\u0142y osi\u0105gni\u0119te. Niekt\u00f3re warto\u015bci docelowe dla wska\u017anik\u00f3w wynikowych projektu zosta\u0142y przekroczone jeszcze przed zako\u0144czeniem ostatnich dzia\u0142a\u0144 projektowych.<\/p>\n<p><img loading=\"lazy\" decoding=\"async\" class=\"thumbnail alignleft\" src=\"https:\/\/interregva-bb-pl.eu\/wp-content\/uploads\/2021\/02\/85010800_Fot4.jpg\" alt=\"\" width=\"423\" height=\"281\" \/><\/p>\n<p>Projekt przyczyni\u0142 si\u0119 do przezwyci\u0119\u017cenia zastrze\u017ce\u0144 i stereotyp\u00f3w oraz mentalnych i socjokulturowych barier i do podwy\u017cszenia obustronnej akceptacji. Nauka j\u0119zyka s\u0105siada, dzia\u0142ania interkulturalne i rozpowszechnianie fachowych post\u0119powa\u0144 i standard\u00f3w, a tak\u017ce przyk\u0142adowe rozwi\u0105zania doprowadzi\u0142y do zr\u00f3wnowa\u017conego rozwoju wsp\u00f3lpracy w zakresie bezpiecze\u0144stwa politycznego w i poza obszarem realizacji projektu. To nieprzerwane wsp\u00f3\u0142istnienie uczestnik\u00f3w kursu, opiekun\u00f3w, organizator\u00f3w stworzy\u0142o podstawy do wypracowania, rozwoju i przeprowadzenia wsp\u00f3lnych dzia\u0142a\u0144 w celu polepszenia bezpiecze\u0144stwa publicznego i zwalczania przest\u0119pczo\u015bci przygranicznej, wsp\u00f3lnych dzia\u0142a\u0144, jak patrole, zespo\u0142y dochodzeniowe itp.i przyczyni\u0142o si\u0119 do podwy\u017cszenia subiektywnego poczucia bezpiecze\u0144stwa obywateli i wzmocni\u0142o tak\u017ce faktycznie bezpiecze\u0144stwo w obszarze przygranicznym \u2013 to zaleta, kt\u00f3ra ma powa\u017cne znaczenie dla demograficznego i gospodarczego rozwoju wspieranego regionu.<\/p>\n","protected":false},"excerpt":{"rendered":"<p>W tandemie przeciwko przest\u0119pczo\u015bci przygranicznej Partnerzy: &#8211; Polizeipr\u00e4sidium des Landes Brandenburg (Prezydium Policji Kraju Zwi\u0105zkowego Brandenburgia) (BW) &#8211; Fachhochschule der Polizei (Wy\u017csza Szko\u0142a Zawodowa Policji) &#8211; Bundespolizei (Policja Federalna) &#8211; Komenda Wojew\u00f3dzka Policji w Gorzowie Wlkp. &#8211; Komenda Wojew\u00f3dzka Policji w Szczecinie &#8211; Nadodrza\u0144ski Odzia\u0142 Stra\u017cy Granicznej w Kro\u015bnie Odrza\u0144skim Dofinansowanie (EFRE): 41.641,53 Euro Termin [&hellip;]<\/p>\n","protected":false},"author":140,"featured_media":0,"parent":0,"menu_order":0,"comment_status":"closed","ping_status":"closed","template":"","meta":{"site-sidebar-layout":"default","site-content-layout":"default","ast-site-content-layout":"","site-content-style":"default","site-sidebar-style":"default","ast-global-header-display":"","ast-banner-title-visibility":"","ast-main-header-display":"","ast-hfb-above-header-display":"","ast-hfb-below-header-display":"","ast-hfb-mobile-header-display":"","site-post-title":"","ast-breadcrumbs-content":"","ast-featured-img":"","footer-sml-layout":"","theme-transparent-header-meta":"default","adv-header-id-meta":"","stick-header-meta":"","header-above-stick-meta":"","header-main-stick-meta":"","header-below-stick-meta":"","astra-migrate-meta-layouts":"default","ast-page-background-enabled":"default","ast-page-background-meta":{"desktop":{"background-color":"","background-image":"","background-repeat":"repeat","background-position":"center center","background-size":"auto","background-attachment":"scroll","background-type":"","background-media":"","overlay-type":"","overlay-color":"","overlay-opacity":"","overlay-gradient":""},"tablet":{"background-color":"","background-image":"","background-repeat":"repeat","background-position":"center center","background-size":"auto","background-attachment":"scroll","background-type":"","background-media":"","overlay-type":"","overlay-color":"","overlay-opacity":"","overlay-gradient":""},"mobile":{"background-color":"","background-image":"","background-repeat":"repeat","background-position":"center center","background-size":"auto","background-attachment":"scroll","background-type":"","background-media":"","overlay-type":"","overlay-color":"","overlay-opacity":"","overlay-gradient":""}},"ast-content-background-meta":{"desktop":{"background-color":"var(--ast-global-color-5)","background-image":"","background-repeat":"repeat","background-position":"center center","background-size":"auto","background-attachment":"scroll","background-type":"","background-media":"","overlay-type":"","overlay-color":"","overlay-opacity":"","overlay-gradient":""},"tablet":{"background-color":"var(--ast-global-color-5)","background-image":"","background-repeat":"repeat","background-position":"center center","background-size":"auto","background-attachment":"scroll","background-type":"","background-media":"","overlay-type":"","overlay-color":"","overlay-opacity":"","overlay-gradient":""},"mobile":{"background-color":"var(--ast-global-color-5)","background-image":"","background-repeat":"repeat","background-position":"center center","background-size":"auto","background-attachment":"scroll","background-type":"","background-media":"","overlay-type":"","overlay-color":"","overlay-opacity":"","overlay-gradient":""}},"footnotes":""},"class_list":["post-13769","page","type-page","status-publish","hentry"],"_links":{"self":[{"href":"https:\/\/interregva-bb-pl.eu\/pl\/wp-json\/wp\/v2\/pages\/13769"}],"collection":[{"href":"https:\/\/interregva-bb-pl.eu\/pl\/wp-json\/wp\/v2\/pages"}],"about":[{"href":"https:\/\/interregva-bb-pl.eu\/pl\/wp-json\/wp\/v2\/types\/page"}],"author":[{"embeddable":true,"href":"https:\/\/interregva-bb-pl.eu\/pl\/wp-json\/wp\/v2\/users\/140"}],"replies":[{"embeddable":true,"href":"https:\/\/interregva-bb-pl.eu\/pl\/wp-json\/wp\/v2\/comments?post=13769"}],"version-history":[{"count":7,"href":"https:\/\/interregva-bb-pl.eu\/pl\/wp-json\/wp\/v2\/pages\/13769\/revisions"}],"predecessor-version":[{"id":13924,"href":"https:\/\/interregva-bb-pl.eu\/pl\/wp-json\/wp\/v2\/pages\/13769\/revisions\/13924"}],"wp:attachment":[{"href":"https:\/\/interregva-bb-pl.eu\/pl\/wp-json\/wp\/v2\/media?parent=13769"}],"curies":[{"name":"wp","href":"https:\/\/api.w.org\/{rel}","templated":true}]}}