{"id":13813,"date":"2021-02-16T04:24:28","date_gmt":"2021-02-16T11:24:28","guid":{"rendered":"https:\/\/interregva-bb-pl.eu\/?page_id=13813"},"modified":"2021-03-04T06:16:29","modified_gmt":"2021-03-04T13:16:29","slug":"85012301-projekt-zakonczony","status":"publish","type":"page","link":"https:\/\/interregva-bb-pl.eu\/pl\/85012301-projekt-zakonczony\/","title":{"rendered":"85012301 &#8211; projekt zako\u0144czony"},"content":{"rendered":"<h3 data-wahfont=\"15\"><span data-wahfont=\"15\">Bez granic \u2013 cz\u0119\u015b\u0107 1<\/span><\/h3>\n<p>&nbsp;<\/p>\n<p data-wahfont=\"15\"><img loading=\"lazy\" decoding=\"async\" class=\"thumbnail aligncenter\" src=\"https:\/\/interregva-bb-pl.eu\/wp-content\/uploads\/2021\/02\/85012301_WEB_ZaryPasek.png\" alt=\"\" width=\"845\" height=\"411\" \/><\/p>\n<p data-wahfont=\"15\"><strong><span data-wahfont=\"15\">Partnerzy<\/span> \/ Partner:<\/strong><br \/>\n<span style=\"color: #000000;\">&#8211; Gmina \u017bary (BW)<\/span><br \/>\n<span style=\"color: #000000;\">&#8211; Gmina Brody<\/span><br \/>\n<span style=\"color: #000000;\">&#8211; Gmina Lubsko<\/span><br \/>\n<span style=\"color: #000000;\">&#8211; Stadt (Miasto) Forst (Lausitz)<\/span><\/p>\n<p data-wahfont=\"15\"><strong><span data-wahfont=\"15\">Dofinansowanie (EFRR)<\/span>:<\/strong> 2.606.610,70 EUR<\/p>\n<p data-wahfont=\"15\"><strong><span data-wahfont=\"15\">Termin realizacji<\/span>: <\/strong>14.09.2016 \u2013 31.12.2018<\/p>\n<p>W ramach projektu dokonano rozbudowy dr\u00f3g o \u0142\u0105cznej d\u0142ugo\u015bci 4,12 km, opatruj\u0105c je na d\u0142ugo\u015bci 1,47 kanalizacj\u0105 deszczow\u0105, a na d\u0142ugo\u015bci 1,95 nowym, efektywnym energetycznie o\u015bwietleniem LED. W ten spos\u00f3b osi\u0105gni\u0119to cel projektu: uzyskanie kr\u00f3tszych czas\u00f3w transgranicznych przejazd\u00f3w.<\/p>\n<p><img loading=\"lazy\" decoding=\"async\" class=\"thumbnail alignright\" src=\"https:\/\/interregva-bb-pl.eu\/wp-content\/uploads\/2021\/02\/85012301_WEB_Brody.png\" alt=\"\" width=\"349\" height=\"262\" \/>Modernizacja ul. Zielonog\u00f3rskiej w <strong>\u017barach<\/strong> wraz z budow\u0105 \u015bcie\u017cki rowerowej\u00a0 w spos\u00f3b znacz\u0105cy poprawi\u0142a dost\u0119p z centrum \u017bar i dalej poprzez drog\u0119 nr 12 do sieci TEN-T oraz do drogi wojew\u00f3dzkiej nr 287. Przybli\u017cy\u0142a ona znacz\u0105co \u017bary do istniej\u0105cej ju\u017c sieci dr\u00f3g rowerowych z Forst przez Brody, Lubsko, Jasie\u0144. Modernizacja ulicy Zielonog\u00f3rskiej, kt\u00f3ra jest g\u0142\u00f3wn\u0105 drog\u0105 wjazdow\u0105 do miasta z sieci TEN-T, w znacznym stopniu przyczyni si\u0119 do poprawy wsp\u00f3\u0142pracy gospodarczej. Dzi\u0119ki przebudowie ulicy Zielonog\u00f3rskiej poza popraw\u0105 nawierzchni drogi osi\u0105gni\u0119to dodatkowe cele, takie jak: budowa brakuj\u0105cych \u015bcie\u017cek rowerowych, budowa energooszcz\u0119dnego o\u015bwietlenia, zmniejszenie ha\u0142asu.<\/p>\n<p><img loading=\"lazy\" decoding=\"async\" class=\"thumbnail alignleft\" src=\"https:\/\/interregva-bb-pl.eu\/wp-content\/uploads\/2021\/02\/85012301_WEB_Lubsko.png\" alt=\"\" width=\"354\" height=\"236\" \/>Przebudowa ul. Wolno\u015bci oraz Placu Zamkowego i ul. Szkolnej w <strong>Brodach<\/strong> poprawi\u0142a dost\u0119p do najwa\u017cniejszego i warto\u015bciowego historycznie zabytku w gminie jakim jest Pa\u0142ac Bruhla\u00a0 i zabytkowy park. Nowa nawierzchnia jezdni i chodnik\u00f3w przyczyni\u0142a si\u0119 do obni\u017cenia poziomu ha\u0142asu a odwodnienie wyeliminowa\u0142o problem niew\u0142a\u015bciwego odp\u0142ywu zanieczyszcze\u0144 drogowych i opadowych. Nowe energooszcz\u0119dne o\u015bwietlenie wp\u0142ywa na popraw\u0119 bezpiecze\u0144stwa.<\/p>\n<p>Inwestycja polegaj\u0105ca na przebudowie ci\u0105gu ulic Przemys\u0142owej i Sybirak\u00f3w w <strong>Lubsku<\/strong> by\u0142a z\u0142o\u017conym przedsi\u0119wzi\u0119ciem Gmina Lubsko chc\u0105c unikn\u0105\u0107 problem\u00f3w po zako\u0144czeniu inwestycji zadba\u0142a, by podczas jej realizacji wykonane zosta\u0142y wszystkie niezb\u0119dna prace w pasie drogowym. W zwi\u0105zku z tym podczas przebudowy Lubskie Wodoci\u0105gi i Kanalizacja Sp.z o.o. wykona\u0142a wymian\u0119 przy\u0142\u0105czy wodoci\u0105gowych.<\/p>\n<p><img loading=\"lazy\" decoding=\"async\" class=\"thumbnail alignright\" src=\"https:\/\/interregva-bb-pl.eu\/wp-content\/uploads\/2021\/02\/85012301_WEB_Forst-1.png\" alt=\"\" width=\"352\" height=\"222\" \/>Publiczna kompleksowa inwestycja budowy dr\u00f3g i kanalizacji deszczowej wraz z o\u015bwietleniem dr\u00f3g w ci\u0105gu ulic Gubener Stra\u00dfe\/ Pestalozziplatz\/ Hochstra\u00dfe w mie\u015bcie <strong>Forst (Lausitz)<\/strong> \u00a0koordynowana by\u0142a z przedsi\u0119biorstwami zajmuj\u0105cymi si\u0119 budow\u0105 kanalizacji \u015bciekowej, wodoci\u0105gu oraz instalacji gazoci\u0105gowej. Rozpocz\u0119\u0142a si\u0119 od prac dotycz\u0105cych kanalizacji i instalacji podziemnych na ulicy Hochstra\u00dfe. Po ich zako\u0144czeniu nast\u0105pi\u0142a modernizacja\/rozbudowa jezdni i chodnik\u00f3w. R\u00f3wnolegle prowadzono prace kanalizacyjne i dot. instalacji podziemnych na ulicy Gubener Stra\u00dfe. W miar\u0119 post\u0119p\u00f3w prac przy kanalizacji prowadzono modernizacj\u0119\/rozbudow\u0119 jezdni. Po\u0142o\u017cenie kabli o\u015bwietlenia drogowego i monta\u017c s\u0142up\u00f3w nast\u0119powa\u0142y ka\u017cdorazowo po udost\u0119pnieniu frontu rob\u00f3t. Prace przy budowie kanalizacji kontynuowano przez Gubener Stra\u00dfe po Pestalozziplatz. Zaraz po nich nast\u0105pi\u0142a rozbudowa jezdni i chodnik\u00f3w.<\/p>\n<p>&nbsp;<\/p>\n<p>&nbsp;<\/p>\n","protected":false},"excerpt":{"rendered":"<p>Bez granic \u2013 cz\u0119\u015b\u0107 1 &nbsp; Partnerzy \/ Partner: &#8211; Gmina \u017bary (BW) &#8211; Gmina Brody &#8211; Gmina Lubsko &#8211; Stadt (Miasto) Forst (Lausitz) Dofinansowanie (EFRR): 2.606.610,70 EUR Termin realizacji: 14.09.2016 \u2013 31.12.2018 W ramach projektu dokonano rozbudowy dr\u00f3g o \u0142\u0105cznej d\u0142ugo\u015bci 4,12 km, opatruj\u0105c je na d\u0142ugo\u015bci 1,47 kanalizacj\u0105 deszczow\u0105, a na d\u0142ugo\u015bci 1,95 [&hellip;]<\/p>\n","protected":false},"author":140,"featured_media":0,"parent":0,"menu_order":0,"comment_status":"closed","ping_status":"closed","template":"","meta":{"site-sidebar-layout":"default","site-content-layout":"default","ast-site-content-layout":"","site-content-style":"default","site-sidebar-style":"default","ast-global-header-display":"","ast-banner-title-visibility":"","ast-main-header-display":"","ast-hfb-above-header-display":"","ast-hfb-below-header-display":"","ast-hfb-mobile-header-display":"","site-post-title":"","ast-breadcrumbs-content":"","ast-featured-img":"","footer-sml-layout":"","theme-transparent-header-meta":"default","adv-header-id-meta":"","stick-header-meta":"","header-above-stick-meta":"","header-main-stick-meta":"","header-below-stick-meta":"","astra-migrate-meta-layouts":"default","ast-page-background-enabled":"default","ast-page-background-meta":{"desktop":{"background-color":"","background-image":"","background-repeat":"repeat","background-position":"center center","background-size":"auto","background-attachment":"scroll","background-type":"","background-media":"","overlay-type":"","overlay-color":"","overlay-opacity":"","overlay-gradient":""},"tablet":{"background-color":"","background-image":"","background-repeat":"repeat","background-position":"center center","background-size":"auto","background-attachment":"scroll","background-type":"","background-media":"","overlay-type":"","overlay-color":"","overlay-opacity":"","overlay-gradient":""},"mobile":{"background-color":"","background-image":"","background-repeat":"repeat","background-position":"center center","background-size":"auto","background-attachment":"scroll","background-type":"","background-media":"","overlay-type":"","overlay-color":"","overlay-opacity":"","overlay-gradient":""}},"ast-content-background-meta":{"desktop":{"background-color":"var(--ast-global-color-5)","background-image":"","background-repeat":"repeat","background-position":"center center","background-size":"auto","background-attachment":"scroll","background-type":"","background-media":"","overlay-type":"","overlay-color":"","overlay-opacity":"","overlay-gradient":""},"tablet":{"background-color":"var(--ast-global-color-5)","background-image":"","background-repeat":"repeat","background-position":"center center","background-size":"auto","background-attachment":"scroll","background-type":"","background-media":"","overlay-type":"","overlay-color":"","overlay-opacity":"","overlay-gradient":""},"mobile":{"background-color":"var(--ast-global-color-5)","background-image":"","background-repeat":"repeat","background-position":"center center","background-size":"auto","background-attachment":"scroll","background-type":"","background-media":"","overlay-type":"","overlay-color":"","overlay-opacity":"","overlay-gradient":""}},"footnotes":""},"class_list":["post-13813","page","type-page","status-publish","hentry"],"_links":{"self":[{"href":"https:\/\/interregva-bb-pl.eu\/pl\/wp-json\/wp\/v2\/pages\/13813"}],"collection":[{"href":"https:\/\/interregva-bb-pl.eu\/pl\/wp-json\/wp\/v2\/pages"}],"about":[{"href":"https:\/\/interregva-bb-pl.eu\/pl\/wp-json\/wp\/v2\/types\/page"}],"author":[{"embeddable":true,"href":"https:\/\/interregva-bb-pl.eu\/pl\/wp-json\/wp\/v2\/users\/140"}],"replies":[{"embeddable":true,"href":"https:\/\/interregva-bb-pl.eu\/pl\/wp-json\/wp\/v2\/comments?post=13813"}],"version-history":[{"count":6,"href":"https:\/\/interregva-bb-pl.eu\/pl\/wp-json\/wp\/v2\/pages\/13813\/revisions"}],"predecessor-version":[{"id":14647,"href":"https:\/\/interregva-bb-pl.eu\/pl\/wp-json\/wp\/v2\/pages\/13813\/revisions\/14647"}],"wp:attachment":[{"href":"https:\/\/interregva-bb-pl.eu\/pl\/wp-json\/wp\/v2\/media?parent=13813"}],"curies":[{"name":"wp","href":"https:\/\/api.w.org\/{rel}","templated":true}]}}