{"id":13892,"date":"2021-02-18T04:51:23","date_gmt":"2021-02-18T11:51:23","guid":{"rendered":"https:\/\/interregva-bb-pl.eu\/covid-19\/"},"modified":"2021-10-13T01:15:19","modified_gmt":"2021-10-13T08:15:19","slug":"covid-19","status":"publish","type":"page","link":"https:\/\/interregva-bb-pl.eu\/pl\/covid-19\/","title":{"rendered":"Covid-19"},"content":{"rendered":"<p><a href=\"https:\/\/interregva-bb-pl.eu\/wp-content\/uploads\/2021\/10\/2021-10-13_Mitteilung_Covid19_DE.pdf\" target=\"_blank\" rel=\"noopener\"><span style=\"color: #000080;\"><strong><span style=\"color: #333399;\">Aktualisierte <\/span><\/strong><\/span><span style=\"color: #333399;\">Mitteilung der Verwaltungsbeh\u00f6rde hinsichtlich der Belastungen der Projekte durch die Covid-19-Pandemie vom 13.10.2021<\/span><\/a><\/p>\n<p data-wahfont=\"15\"><a href=\"https:\/\/interregva-bb-pl.eu\/wp-content\/uploads\/2021\/02\/2020-12-15_Mitteilung_Covid19_DE_FIN.pdf\" data-wahfont=\"15\"><span data-wahfont=\"15\"><span style=\"color: #000080;\">Mitteilung der Verwaltungsbeh\u00f6rde hinsichtlich der Belastungen der Projekte durch die Covid-19-Pandemie vom <\/span><\/span><span style=\"color: #000080;\" data-wahfont=\"15\">15.12.2020<\/span><\/a><\/p>\n<p><span style=\"color: #000080;\"><a style=\"color: #000080;\" href=\"https:\/\/interregva-bb-pl.eu\/wp-content\/uploads\/2021\/02\/2020-04-03_Mitteilung_Covid19_DE_final_.pdf\">Mitteilung der Verwaltungsbeh\u00f6rde hinsichtlich der Belastungen der Projekte durch die Covid-19-Pandemie vom 03.04.2020<\/a><\/span><\/p>\n<p><u>Mitteilungen f\u00fcr polnische Partner (MFPR) <\/u><\/p>\n<p>09.04.2020 &#8211; <a href=\"https:\/\/interregva-bb-pl.eu\/wp-content\/uploads\/2020\/04\/Covid-19-Komunikat-MFPR-dot.-niestosowania-zasady-konkurencyjno\u015bci.pdf\">Komunikat MFPR dot. niestosowania zasady konkurencyjno\u015bci<\/a><\/p>\n<p>16.04.2020 &#8211; <a href=\"https:\/\/interregva-bb-pl.eu\/wp-content\/uploads\/2020\/04\/Komunikat-istotne-zmiany-umowy-docx.docx\">Komunikat dotycz\u0105cy dopuszczalnych zmian umowy o zam\u00f3wienie<\/a> (zasada konkurencyjno\u015bci)<\/p>\n<p>22.04.2020 &#8211; \u00a0<a href=\"https:\/\/interregva-bb-pl.eu\/wp-content\/uploads\/2020\/04\/Komunikat-zawieranie-um%C3%B3w-w-formie-elektronicznej.pdf\">komunikat dotycz\u0105cy zawierania umowy o zam\u00f3wienie publiczne<\/a><\/p>\n<p>_____________<\/p>\n<p><a href=\"https:\/\/interregva-bb-pl.eu\/wp-content\/uploads\/2021\/10\/2021-10-13_Komunikat_Covid19_PL.pdf\" target=\"_blank\" rel=\"noopener\"><span style=\"color: #ff0000;\"><strong>Zaktualizowany <\/strong><\/span><span style=\"color: #ff0000;\">komunikat Instytucji Zarz\u0105dzaj\u0105cej w zwi\u0105zku z utrudnieniami w projektach spowodowanymi pandemi\u0105 Covid-19 z dnia 13.10.2021<\/span><\/a><\/p>\n<p><a href=\"https:\/\/interregva-bb-pl.eu\/wp-content\/uploads\/2021\/02\/2020-12-15_Mitteilung_Covid19_PL_FIN.pdf\"><span style=\"color: #ff0000;\">Komunikat Instytucji Zarz\u0105dzaj\u0105cej w zwi\u0105zku z utrudnieniami w projektach spowodowanymi pandemi\u0105 Covid-19 z dnia <\/span><span style=\"color: #ff0000;\">15.12.2020<\/span><\/a><\/p>\n<p><a href=\"https:\/\/interregva-bb-pl.eu\/wp-content\/uploads\/2021\/02\/2020-04-03_Mitteilung_Covid19_PL_final.pdf\"><span style=\"color: #ff0000;\">Komunikat Instytucji Zarz\u0105dzaj\u0105cej w zwi\u0105zku z utrudnieniami w projektach spowodowanymi pandemi\u0105 Covid-19 z dnia 03.04.2020<\/span><\/a><\/p>\n<p><u>Komunikaty dla polskich beneficjent\u00f3w (MFPR)<\/u><\/p>\n<p>09.04.2020 &#8211; <a href=\"https:\/\/interregva-bb-pl.eu\/wp-content\/uploads\/2020\/04\/Covid-19-Komunikat-MFPR-dot.-niestosowania-zasady-konkurencyjno\u015bci.pdf\">Komunikat MFPR dot. niestosowania zasady konkurencyjno\u015bci<\/a><\/p>\n<p>16.04.2020 &#8211; <a href=\"https:\/\/interregva-bb-pl.eu\/wp-content\/uploads\/2020\/04\/Komunikat-istotne-zmiany-umowy-docx.docx\">Komunikat dotycz\u0105cy dopuszczalnych zmian umowy o zam\u00f3wienie<\/a> (zasada konkurencyjno\u015bci)<\/p>\n<p>22.04.2020 &#8211; \u00a0<a href=\"https:\/\/interregva-bb-pl.eu\/wp-content\/uploads\/2020\/04\/Komunikat-zawieranie-um%C3%B3w-w-formie-elektronicznej.pdf\">komunikat dotycz\u0105cy zawierania umowy o zam\u00f3wienie publiczne<\/a><\/p>\n","protected":false},"excerpt":{"rendered":"<p>Aktualisierte Mitteilung der Verwaltungsbeh\u00f6rde hinsichtlich der Belastungen der Projekte durch die Covid-19-Pandemie vom 13.10.2021 Mitteilung der Verwaltungsbeh\u00f6rde hinsichtlich der Belastungen der Projekte durch die Covid-19-Pandemie vom 15.12.2020 Mitteilung der Verwaltungsbeh\u00f6rde hinsichtlich der Belastungen der Projekte durch die Covid-19-Pandemie vom 03.04.2020 Mitteilungen f\u00fcr polnische Partner (MFPR) 09.04.2020 &#8211; Komunikat MFPR dot. niestosowania zasady konkurencyjno\u015bci 16.04.2020 &#8211; [&hellip;]<\/p>\n","protected":false},"author":66,"featured_media":0,"parent":0,"menu_order":0,"comment_status":"closed","ping_status":"closed","template":"","meta":{"site-sidebar-layout":"default","site-content-layout":"default","ast-site-content-layout":"","site-content-style":"default","site-sidebar-style":"default","ast-global-header-display":"","ast-banner-title-visibility":"","ast-main-header-display":"","ast-hfb-above-header-display":"","ast-hfb-below-header-display":"","ast-hfb-mobile-header-display":"","site-post-title":"","ast-breadcrumbs-content":"","ast-featured-img":"","footer-sml-layout":"","theme-transparent-header-meta":"default","adv-header-id-meta":"","stick-header-meta":"","header-above-stick-meta":"","header-main-stick-meta":"","header-below-stick-meta":"","astra-migrate-meta-layouts":"default","ast-page-background-enabled":"default","ast-page-background-meta":{"desktop":{"background-color":"","background-image":"","background-repeat":"repeat","background-position":"center center","background-size":"auto","background-attachment":"scroll","background-type":"","background-media":"","overlay-type":"","overlay-color":"","overlay-opacity":"","overlay-gradient":""},"tablet":{"background-color":"","background-image":"","background-repeat":"repeat","background-position":"center center","background-size":"auto","background-attachment":"scroll","background-type":"","background-media":"","overlay-type":"","overlay-color":"","overlay-opacity":"","overlay-gradient":""},"mobile":{"background-color":"","background-image":"","background-repeat":"repeat","background-position":"center center","background-size":"auto","background-attachment":"scroll","background-type":"","background-media":"","overlay-type":"","overlay-color":"","overlay-opacity":"","overlay-gradient":""}},"ast-content-background-meta":{"desktop":{"background-color":"var(--ast-global-color-5)","background-image":"","background-repeat":"repeat","background-position":"center center","background-size":"auto","background-attachment":"scroll","background-type":"","background-media":"","overlay-type":"","overlay-color":"","overlay-opacity":"","overlay-gradient":""},"tablet":{"background-color":"var(--ast-global-color-5)","background-image":"","background-repeat":"repeat","background-position":"center center","background-size":"auto","background-attachment":"scroll","background-type":"","background-media":"","overlay-type":"","overlay-color":"","overlay-opacity":"","overlay-gradient":""},"mobile":{"background-color":"var(--ast-global-color-5)","background-image":"","background-repeat":"repeat","background-position":"center center","background-size":"auto","background-attachment":"scroll","background-type":"","background-media":"","overlay-type":"","overlay-color":"","overlay-opacity":"","overlay-gradient":""}},"footnotes":""},"class_list":["post-13892","page","type-page","status-publish","hentry"],"_links":{"self":[{"href":"https:\/\/interregva-bb-pl.eu\/pl\/wp-json\/wp\/v2\/pages\/13892"}],"collection":[{"href":"https:\/\/interregva-bb-pl.eu\/pl\/wp-json\/wp\/v2\/pages"}],"about":[{"href":"https:\/\/interregva-bb-pl.eu\/pl\/wp-json\/wp\/v2\/types\/page"}],"author":[{"embeddable":true,"href":"https:\/\/interregva-bb-pl.eu\/pl\/wp-json\/wp\/v2\/users\/66"}],"replies":[{"embeddable":true,"href":"https:\/\/interregva-bb-pl.eu\/pl\/wp-json\/wp\/v2\/comments?post=13892"}],"version-history":[{"count":15,"href":"https:\/\/interregva-bb-pl.eu\/pl\/wp-json\/wp\/v2\/pages\/13892\/revisions"}],"predecessor-version":[{"id":15629,"href":"https:\/\/interregva-bb-pl.eu\/pl\/wp-json\/wp\/v2\/pages\/13892\/revisions\/15629"}],"wp:attachment":[{"href":"https:\/\/interregva-bb-pl.eu\/pl\/wp-json\/wp\/v2\/media?parent=13892"}],"curies":[{"name":"wp","href":"https:\/\/api.w.org\/{rel}","templated":true}]}}