{"id":13913,"date":"2021-02-18T07:07:42","date_gmt":"2021-02-18T14:07:42","guid":{"rendered":"https:\/\/interregva-bb-pl.eu\/?page_id=13913"},"modified":"2021-02-18T07:09:16","modified_gmt":"2021-02-18T14:09:16","slug":"85012443-projekt-zakonczony","status":"publish","type":"page","link":"https:\/\/interregva-bb-pl.eu\/pl\/85012443-projekt-zakonczony\/","title":{"rendered":"85012443 &#8211; projekt zako\u0144czony"},"content":{"rendered":"<h3><strong>Dwa ratusze \u2013 jedno Euromiasto<img decoding=\"async\" class=\"thumbnail aligncenter\" src=\"https:\/\/interregva-bb-pl.eu\/wp-content\/uploads\/2021\/02\/85012443_WEB_Fot1.png\" alt=\"\" \/><br \/>\n<\/strong><\/h3>\n<p data-wahfont=\"15\"><strong>Partnerzy:<\/strong><br \/>\n&#8211; Stadt (miasto) Guben (LP)<br \/>\n&#8211; Miasto (Stadt) Gubin<\/p>\n<p><strong>Dofinansowanie (EFRE)<\/strong>: 317.489,50 \u20ac<\/p>\n<p data-wahfont=\"15\"><strong>Okres realizacji<\/strong>: 01.04.2017 \u2013 31.03.2020<\/p>\n<p>Celami projektu by\u0142a i<img loading=\"lazy\" decoding=\"async\" class=\"thumbnail alignleft\" src=\"https:\/\/interregva-bb-pl.eu\/wp-content\/uploads\/2021\/02\/85012443_WEB_Fot6-App.png\" alt=\"\" width=\"346\" height=\"229\" \/>ntegracja i poprawa wsp\u00f3\u0142pracy pomi\u0119dzy Gubinem a Guben w wielu r\u00f3\u017cnych dziedzinach i na r\u00f3\u017cnych p\u0142aszczyznach, wsp\u00f3lny marketing i wsp\u00f3lna promocja gospodarcza. Wszystkie te cele zosta\u0142y osi\u0105gni\u0119te. W wyniku realizacji projektu zosta\u0142a stworzona te\u017c wsp\u00f3lna marka Euromiasta Gubin-Guben &#8211; powsta\u0142y m. in. \u00a0promuj\u0105ce j\u0105 filmy reklamowe oraz aplikacja na smartfony.<\/p>\n<p>W efekcie realizacji projektu wsp\u00f3\u0142praca pomi\u0119dzy miastami Guben i Gubin mog\u0142a zosta\u0107 pog\u0142\u0119biona \u2013 w jego toku odby\u0142o si\u0119 m. in. 39 spotka\u0144 s\u0142u\u017c\u0105cych transgranicznej wymianie informacji. Wsp\u00f3\u0142praca mog\u0142a zosta\u0107 tak\u017ce poszerzona o nowe, istotne z punktu widzenia przysz\u0142o\u015bci, dziedziny kooperacji (jak np. promocja gospodarcza, gospodarka przestrzenna). Zosta\u0142a tak\u017ce zainicjowana b\u0105d\u017a te\u017c poszerzona wsp\u00f3\u0142praca transgraniczna z istytucjami, organizacjami i stowarzyszeniami po obudwu stronach granicy. Wypracowane w ramach projektu wyniki b\u0119d\u0105 s\u0142u\u017cy\u0142y dalszemu rozwojowi i pog\u0142\u0119bianiu wsp\u00f3\u0142pracy transgranicznej.<\/p>\n<p><img loading=\"lazy\" decoding=\"async\" class=\"thumbnail alignright\" src=\"https:\/\/interregva-bb-pl.eu\/wp-content\/uploads\/2021\/02\/85012443_WEB_Fot2.png\" alt=\"\" width=\"345\" height=\"229\" \/><\/p>\n<p>Wskutek realizaji projektu powsta\u0142a transgraniczna sie\u0107 wsp\u00f3\u0142pracy r\u00f3\u017cnych partner\u00f3w \u2013 administracja, stowarzyszenia itp. (\u0142\u0105cznie 11 instytucji), jak r\u00f3wnie\u017c mieszka\u0144cy po obydwu stronach granicy zostali zaanga\u017cowani w ww. sie\u0107. Wa\u017cnym aspektem realizacji projektu by\u0142o funkcjonowanie sta\u0142ego polsko-niemieckiego punktu kontaktowego.<\/p>\n<p>Zako\u0144czenie prac nad dwuj\u0119zycznym dokumentem planistycznym: \u201eStudium uwarunkowa\u0144 i kierunk\u00f3w zagospodarowania przestrzennego miasta Gubina na potrzeby opracowania Wsp\u00f3lnej Strategii Euromiasta Gubin-Guben\u201d przyczyni si\u0119 w przysz\u0142o\u015bci do lepszego skoordynowania polityki przestrzennej Gubina i Guben.<\/p>\n<p data-wahfont=\"15\"><img loading=\"lazy\" decoding=\"async\" class=\"thumbnail alignleft\" src=\"https:\/\/interregva-bb-pl.eu\/wp-content\/uploads\/2021\/02\/85012443_WEB_Fot4.png\" alt=\"\" width=\"346\" height=\"229\" \/><\/p>\n<p>W ramach projektu wykonano i rozdystrybuowano blisko 16.000 egzemplarzy materia\u0142\u00f3w promocyjno-informacyjnych.<\/p>\n","protected":false},"excerpt":{"rendered":"<p>Dwa ratusze \u2013 jedno Euromiasto Partnerzy: &#8211; Stadt (miasto) Guben (LP) &#8211; Miasto (Stadt) Gubin Dofinansowanie (EFRE): 317.489,50 \u20ac Okres realizacji: 01.04.2017 \u2013 31.03.2020 Celami projektu by\u0142a integracja i poprawa wsp\u00f3\u0142pracy pomi\u0119dzy Gubinem a Guben w wielu r\u00f3\u017cnych dziedzinach i na r\u00f3\u017cnych p\u0142aszczyznach, wsp\u00f3lny marketing i wsp\u00f3lna promocja gospodarcza. Wszystkie te cele zosta\u0142y osi\u0105gni\u0119te. W [&hellip;]<\/p>\n","protected":false},"author":140,"featured_media":0,"parent":0,"menu_order":0,"comment_status":"closed","ping_status":"closed","template":"","meta":{"site-sidebar-layout":"default","site-content-layout":"default","ast-site-content-layout":"","site-content-style":"default","site-sidebar-style":"default","ast-global-header-display":"","ast-banner-title-visibility":"","ast-main-header-display":"","ast-hfb-above-header-display":"","ast-hfb-below-header-display":"","ast-hfb-mobile-header-display":"","site-post-title":"","ast-breadcrumbs-content":"","ast-featured-img":"","footer-sml-layout":"","theme-transparent-header-meta":"default","adv-header-id-meta":"","stick-header-meta":"","header-above-stick-meta":"","header-main-stick-meta":"","header-below-stick-meta":"","astra-migrate-meta-layouts":"default","ast-page-background-enabled":"default","ast-page-background-meta":{"desktop":{"background-color":"","background-image":"","background-repeat":"repeat","background-position":"center center","background-size":"auto","background-attachment":"scroll","background-type":"","background-media":"","overlay-type":"","overlay-color":"","overlay-opacity":"","overlay-gradient":""},"tablet":{"background-color":"","background-image":"","background-repeat":"repeat","background-position":"center center","background-size":"auto","background-attachment":"scroll","background-type":"","background-media":"","overlay-type":"","overlay-color":"","overlay-opacity":"","overlay-gradient":""},"mobile":{"background-color":"","background-image":"","background-repeat":"repeat","background-position":"center center","background-size":"auto","background-attachment":"scroll","background-type":"","background-media":"","overlay-type":"","overlay-color":"","overlay-opacity":"","overlay-gradient":""}},"ast-content-background-meta":{"desktop":{"background-color":"var(--ast-global-color-5)","background-image":"","background-repeat":"repeat","background-position":"center center","background-size":"auto","background-attachment":"scroll","background-type":"","background-media":"","overlay-type":"","overlay-color":"","overlay-opacity":"","overlay-gradient":""},"tablet":{"background-color":"var(--ast-global-color-5)","background-image":"","background-repeat":"repeat","background-position":"center center","background-size":"auto","background-attachment":"scroll","background-type":"","background-media":"","overlay-type":"","overlay-color":"","overlay-opacity":"","overlay-gradient":""},"mobile":{"background-color":"var(--ast-global-color-5)","background-image":"","background-repeat":"repeat","background-position":"center center","background-size":"auto","background-attachment":"scroll","background-type":"","background-media":"","overlay-type":"","overlay-color":"","overlay-opacity":"","overlay-gradient":""}},"footnotes":""},"class_list":["post-13913","page","type-page","status-publish","hentry"],"_links":{"self":[{"href":"https:\/\/interregva-bb-pl.eu\/pl\/wp-json\/wp\/v2\/pages\/13913"}],"collection":[{"href":"https:\/\/interregva-bb-pl.eu\/pl\/wp-json\/wp\/v2\/pages"}],"about":[{"href":"https:\/\/interregva-bb-pl.eu\/pl\/wp-json\/wp\/v2\/types\/page"}],"author":[{"embeddable":true,"href":"https:\/\/interregva-bb-pl.eu\/pl\/wp-json\/wp\/v2\/users\/140"}],"replies":[{"embeddable":true,"href":"https:\/\/interregva-bb-pl.eu\/pl\/wp-json\/wp\/v2\/comments?post=13913"}],"version-history":[{"count":2,"href":"https:\/\/interregva-bb-pl.eu\/pl\/wp-json\/wp\/v2\/pages\/13913\/revisions"}],"predecessor-version":[{"id":13915,"href":"https:\/\/interregva-bb-pl.eu\/pl\/wp-json\/wp\/v2\/pages\/13913\/revisions\/13915"}],"wp:attachment":[{"href":"https:\/\/interregva-bb-pl.eu\/pl\/wp-json\/wp\/v2\/media?parent=13913"}],"curies":[{"name":"wp","href":"https:\/\/api.w.org\/{rel}","templated":true}]}}