{"id":13950,"date":"2021-02-18T08:19:09","date_gmt":"2021-02-18T15:19:09","guid":{"rendered":"https:\/\/interregva-bb-pl.eu\/?page_id=13950"},"modified":"2021-03-01T07:51:57","modified_gmt":"2021-03-01T14:51:57","slug":"13950-2","status":"publish","type":"page","link":"https:\/\/interregva-bb-pl.eu\/pl\/13950-2\/","title":{"rendered":"85012555 &#8211; projekt zako\u0144czony"},"content":{"rendered":"<h3 data-wahfont=\"15\"><span data-wahfont=\"15\">Opracowanie i wprowadzenie transgranicznego trybu wsp\u00f3\u0142pracy dla zapewnienia wysokiej wyleczalno\u015bci chor\u00f3b nowotworowych<\/span><\/h3>\n<p>&nbsp;<\/p>\n<p data-wahfont=\"15\"><img decoding=\"async\" class=\"thumbnail aligncenter\" src=\"https:\/\/interregva-bb-pl.eu\/wp-content\/uploads\/2021\/02\/85012555_WEB-abgeschlpasek.png\" alt=\"\" \/><\/p>\n<p data-wahfont=\"15\"><strong>Partnerzy:<\/strong><br \/>\n&#8211; Ost-Brandenburgisches Tumorzentrum Bad Saarow e.V. (Wschodniobrandenburskie Centrum Nowotworowe stow. rej.) (LP)<br \/>\n&#8211; Szpital Uniwersytecki im. Karola Marcinkowskiego w Zielonej G\u00f3rze Sp\u00f3\u0142ka z o.o.<\/p>\n<p data-wahfont=\"15\"><strong>Dofinansowanie (EFRE): <\/strong>963.731,01 EUR<\/p>\n<p data-wahfont=\"15\"><strong>Okres realizacji<\/strong>: 1.07.2017 \u2013 31.12.2019<\/p>\n<p><img loading=\"lazy\" decoding=\"async\" class=\"thumbnail alignright\" src=\"https:\/\/interregva-bb-pl.eu\/wp-content\/uploads\/2021\/02\/85012555_WEB_Schema2.png\" alt=\"\" width=\"348\" height=\"541\" \/><\/p>\n<p>Celem projektu by\u0142o zidentyfikowanie i zminimalizowanie ewentualnych deficyt\u00f3w w leczeniu pacjent\u00f3w z rakiem poprzez \u015bcis\u0142\u0105 wsp\u00f3\u0142prac\u0119 polskich i niemieckich lekarzy, instytucji i administracji.Miar\u0105 tego by\u0142o sprawdzenie zgodno\u015bci z krajowymi i mi\u0119dzynarodowymi wytycznymi dotycz\u0105cymi leczenia oraz obliczenie samodzielnie zdefiniowanych wska\u017anik\u00f3w jako\u015bci. Aby osi\u0105gn\u0105\u0107 ten cel, wszystkie istotne dane dotycz\u0105ce leczenia ponad 10 000 pacjent\u00f3w zosta\u0142y zarejestrowane w centralnej bazie danych, przeanalizowane i ocenione przez polskich i niemieckich ekspert\u00f3w od raka. Zasady i procedury ustrukturyzowanego gromadzenia danych dotycz\u0105cych leczenia dla poszczeg\u00f3lnych jednostek nowotworowych zosta\u0142y wsp\u00f3lnie okre\u015blone przez partner\u00f3w projektu. W rezultacie powsta\u0142o dwana\u015bcie dwuj\u0119zycznych standardowych procedur operacyjnych dokumentacji klinicznej nowotwor\u00f3w (SOP) do zbierania danych specyficznych dla pacjenta. Pracownicy projektu przeszli sze\u015b\u0107 kurs\u00f3w szkoleniowych, aby umo\u017cliwi\u0107 im rejestracj\u0119 danych dotycz\u0105cych leczenia w bazie danych wed\u0142ug jednolitych kryteri\u00f3w w taki spos\u00f3b, aby mog\u0142y one by\u0107 oceniane w por\u00f3wnywalny i zautomatyzowany spos\u00f3b. Oprogramowanie u\u017cytkownika (baza danych rejestru raka) zosta\u0142o gruntownie zmienione, przet\u0142umaczone na j\u0119zyk polski i przed u\u017cyciem dok\u0142adnie przetestowane przez obu partner\u00f3w projektu. W tym samym czasie oprogramowanie systemowe (serwer i baza danych ORACLE) otrzyma\u0142o aktualizacj\u0119 w celu zwi\u0119kszenia wydajno\u015bci.<\/p>\n<p><img loading=\"lazy\" decoding=\"async\" class=\"thumbnail alignleft\" src=\"https:\/\/interregva-bb-pl.eu\/wp-content\/uploads\/2021\/02\/85012555_WEB_Schema.png\" alt=\"\" width=\"350\" height=\"230\" \/><\/p>\n<p>Trzy najcz\u0119stsze nowotwory (rak p\u0142uc, piersi lub prostaty) by\u0142y analizowane jeszcze intensywniej przez trzy interdyscyplinarne grupy ekspert\u00f3w. Poniewa\u017c po polskie stronie \u015brodki zapobiegawcze (np.: badania przesiewowe w kierunku raka piersi i jelita grubego) nie s\u0105 jeszcze przeprowadzane w ca\u0142ym kraju, wsparli\u015bmy szereg wydarze\u0144 informacyjnych i edukacyjnych organizowanych przez naszego polskiego partnera projektu odpowiednimi materia\u0142ami informacyjnymi. Wraz z naszym polskim partnerem projektu, Szpitalem Uniwersyteckim w Zielonej G\u00f3rze, nawi\u0105zali\u015bmy d\u0142ugoterminow\u0105 wsp\u00f3\u0142prac\u0119 w wielu obszarach onkologii. Nale\u017cy podkre\u015bli\u0107 wsp\u00f3\u0142prac\u0119 klinik urologicznych, kt\u00f3rych specjali\u015bci zamierzaj\u0105 pracowa\u0107 jeszcze intensywniej poza projektem.<\/p>\n<p>Partnerzy projektu opracowali wytyczne dla Naukowej Rady Doradczej Projektu, kt\u00f3ra powinna profesjonalnie kierowa\u0142a pracami nad projektem i wspiera\u0142a je. Rada Naukowa spotka\u0142a si\u0119 dwukrotnie podczas realizacji projektu, om\u00f3wi\u0142a szczeg\u00f3\u0142owo jego wyniki, poleci\u0142a je do publikacji i zaleci\u0142a kontynuacj\u0119 wsp\u00f3\u0142pracy transgranicznej tak\u017ce po zako\u0144czeniu projektu.<\/p>\n<p><img loading=\"lazy\" decoding=\"async\" class=\"thumbnail alignright\" src=\"https:\/\/interregva-bb-pl.eu\/wp-content\/uploads\/2021\/02\/85012555_WEB_Brosch.png\" alt=\"\" width=\"399\" height=\"539\" \/><\/p>\n<p>Ze wzgl\u0119du na brak krajowej profilaktyki raka, polski partner projektu opracowa\u0142 koncepcj\u0119 wspierania profilaktyki raka dla swojej populacji. W celach informacyjnych wdro\u017cono stron\u0119 g\u0142\u00f3wn\u0105 projektu, kt\u00f3ra zawiera dwuj\u0119zyczny opis projektu, wyniki projektu oraz wewn\u0119trzn\u0105 platform\u0119 komunikacji dla personelu projektu (<a href=\"http:\/\/www.tz-badsaarow.de\/content\/eu_project\/index.php\/de\/\">http:\/\/www.tz-badsaarow.de\/content\/eu_project\/index.php\/de\/<\/a>). Wyniki projektu opublikowano w 9 r\u00f3\u017cnych publikacjach dotycz\u0105cych projektu oraz w celu wsparcia onkologicznych bada\u0144 profilaktycznych w polskiej prasie regionalnej. Publicznie zaprezentowane i om\u00f3wione na ko\u0144cowej konferencji naukowej w dniu 20 grudnia 2019 r. w Zielonej G\u00f3rze, na kt\u00f3r\u0105 zaproszono tak\u017ce szpitale partnerskie w regionie, przedstawicieli Urz\u0119du Marsza\u0142kowskiego i Ministerstwa Sprawiedliwo\u015bci Brandenburgii. Ponadto nasze wyniki zosta\u0142y opublikowane w 87-stronicowej polsko-niemieckiej broszurze dla wszystkich zainteresowanych. (<a href=\"http:\/\/www.tz-badsaarow.de\/content\/eu_project\/index.php\/de\">http:\/\/www.tz-badsaarow.de\/content\/eu_project\/index.php\/de<\/a>\/).<\/p>\n","protected":false},"excerpt":{"rendered":"<p>Opracowanie i wprowadzenie transgranicznego trybu wsp\u00f3\u0142pracy dla zapewnienia wysokiej wyleczalno\u015bci chor\u00f3b nowotworowych &nbsp; Partnerzy: &#8211; Ost-Brandenburgisches Tumorzentrum Bad Saarow e.V. (Wschodniobrandenburskie Centrum Nowotworowe stow. rej.) (LP) &#8211; Szpital Uniwersytecki im. Karola Marcinkowskiego w Zielonej G\u00f3rze Sp\u00f3\u0142ka z o.o. Dofinansowanie (EFRE): 963.731,01 EUR Okres realizacji: 1.07.2017 \u2013 31.12.2019 Celem projektu by\u0142o zidentyfikowanie i zminimalizowanie ewentualnych deficyt\u00f3w [&hellip;]<\/p>\n","protected":false},"author":140,"featured_media":0,"parent":0,"menu_order":0,"comment_status":"closed","ping_status":"closed","template":"","meta":{"site-sidebar-layout":"default","site-content-layout":"default","ast-site-content-layout":"","site-content-style":"default","site-sidebar-style":"default","ast-global-header-display":"","ast-banner-title-visibility":"","ast-main-header-display":"","ast-hfb-above-header-display":"","ast-hfb-below-header-display":"","ast-hfb-mobile-header-display":"","site-post-title":"","ast-breadcrumbs-content":"","ast-featured-img":"","footer-sml-layout":"","theme-transparent-header-meta":"default","adv-header-id-meta":"","stick-header-meta":"","header-above-stick-meta":"","header-main-stick-meta":"","header-below-stick-meta":"","astra-migrate-meta-layouts":"default","ast-page-background-enabled":"default","ast-page-background-meta":{"desktop":{"background-color":"","background-image":"","background-repeat":"repeat","background-position":"center center","background-size":"auto","background-attachment":"scroll","background-type":"","background-media":"","overlay-type":"","overlay-color":"","overlay-opacity":"","overlay-gradient":""},"tablet":{"background-color":"","background-image":"","background-repeat":"repeat","background-position":"center center","background-size":"auto","background-attachment":"scroll","background-type":"","background-media":"","overlay-type":"","overlay-color":"","overlay-opacity":"","overlay-gradient":""},"mobile":{"background-color":"","background-image":"","background-repeat":"repeat","background-position":"center center","background-size":"auto","background-attachment":"scroll","background-type":"","background-media":"","overlay-type":"","overlay-color":"","overlay-opacity":"","overlay-gradient":""}},"ast-content-background-meta":{"desktop":{"background-color":"var(--ast-global-color-5)","background-image":"","background-repeat":"repeat","background-position":"center center","background-size":"auto","background-attachment":"scroll","background-type":"","background-media":"","overlay-type":"","overlay-color":"","overlay-opacity":"","overlay-gradient":""},"tablet":{"background-color":"var(--ast-global-color-5)","background-image":"","background-repeat":"repeat","background-position":"center center","background-size":"auto","background-attachment":"scroll","background-type":"","background-media":"","overlay-type":"","overlay-color":"","overlay-opacity":"","overlay-gradient":""},"mobile":{"background-color":"var(--ast-global-color-5)","background-image":"","background-repeat":"repeat","background-position":"center center","background-size":"auto","background-attachment":"scroll","background-type":"","background-media":"","overlay-type":"","overlay-color":"","overlay-opacity":"","overlay-gradient":""}},"footnotes":""},"class_list":["post-13950","page","type-page","status-publish","hentry"],"_links":{"self":[{"href":"https:\/\/interregva-bb-pl.eu\/pl\/wp-json\/wp\/v2\/pages\/13950"}],"collection":[{"href":"https:\/\/interregva-bb-pl.eu\/pl\/wp-json\/wp\/v2\/pages"}],"about":[{"href":"https:\/\/interregva-bb-pl.eu\/pl\/wp-json\/wp\/v2\/types\/page"}],"author":[{"embeddable":true,"href":"https:\/\/interregva-bb-pl.eu\/pl\/wp-json\/wp\/v2\/users\/140"}],"replies":[{"embeddable":true,"href":"https:\/\/interregva-bb-pl.eu\/pl\/wp-json\/wp\/v2\/comments?post=13950"}],"version-history":[{"count":3,"href":"https:\/\/interregva-bb-pl.eu\/pl\/wp-json\/wp\/v2\/pages\/13950\/revisions"}],"predecessor-version":[{"id":14450,"href":"https:\/\/interregva-bb-pl.eu\/pl\/wp-json\/wp\/v2\/pages\/13950\/revisions\/14450"}],"wp:attachment":[{"href":"https:\/\/interregva-bb-pl.eu\/pl\/wp-json\/wp\/v2\/media?parent=13950"}],"curies":[{"name":"wp","href":"https:\/\/api.w.org\/{rel}","templated":true}]}}