{"id":13964,"date":"2021-02-18T08:43:41","date_gmt":"2021-02-18T15:43:41","guid":{"rendered":"https:\/\/interregva-bb-pl.eu\/?page_id=13964"},"modified":"2021-03-01T08:21:12","modified_gmt":"2021-03-01T15:21:12","slug":"85012699-projekt-zakonczony","status":"publish","type":"page","link":"https:\/\/interregva-bb-pl.eu\/pl\/85012699-projekt-zakonczony\/","title":{"rendered":"85012699 &#8211; projekt zako\u0144czony"},"content":{"rendered":"<h3 data-wahfont=\"15\"><span data-wahfont=\"15\">Inicjowanie, <\/span><span data-wahfont=\"15\">wspieranie i rozw\u00f3j transgranicznych kooperacji<\/span><\/h3>\n<p>&nbsp;<\/p>\n<p data-wahfont=\"15\"><img decoding=\"async\" class=\"thumbnail aligncenter\" src=\"https:\/\/interregva-bb-pl.eu\/wp-content\/uploads\/2021\/02\/85012699_WEB_abgeschl_Fot1schmal.jpg\" alt=\"\" \/><\/p>\n<p data-wahfont=\"15\"><strong>Partnerzy:<\/strong><br \/>\n&#8211; Euroregion Spree-Nei\u00dfe-Bober e.V. (LP)<br \/>\n&#8211; Stowarzyszenie Gmin RP Euroregion \u201cSprewa-Nysa-B\u00f3br\u201d<\/p>\n<p data-wahfont=\"15\"><strong>Dofinansowanie (EFRR):<\/strong> 175.249,18 EUR<\/p>\n<p data-wahfont=\"15\"><strong>Okres realizacji:<\/strong> 01.03.2017\u2013 29.02.2020<\/p>\n<p><img loading=\"lazy\" decoding=\"async\" class=\"thumbnail alignleft\" src=\"https:\/\/interregva-bb-pl.eu\/wp-content\/uploads\/2021\/02\/85012699_WEB_abgeschl_Fot2-scaled.jpg\" alt=\"\" width=\"351\" height=\"234\" \/><\/p>\n<p>Zaplanowane dzia\u0142ania zosta\u0142y w pe\u0142ni zrealizowane, a wska\u017aniki osi\u0105gni\u0119te. W trakcie 3 letniego okresu realizacji\u00a0 przeprowadzono \u0142\u0105cznie 64 warsztaty, konsultacje i narady\u00a0 dla nowych partner\u00f3w, zar\u00f3wno w obu biurach euroregionu, jak i w siedzibach innych organizacji na jego terenie. Wol\u0119 wsp\u00f3\u0142pracy z partnerami zagranicznymi wyra\u017ca\u0142y nie tylko jednostki samorz\u0105du terytorialnego, ale r\u00f3wnie\u017c organizacje pozarz\u0105dowe.<\/p>\n<p>Szczeg\u00f3lnie je\u015bli chodzi o liczb\u0119 uczestnik\u00f3w, wydarzenia (takie jak tour partnerskie, gie\u0142dy partnerskie, lokalne spotkania doradcze itp.) cieszy\u0142y si\u0119 du\u017cym zainteresowaniem i by\u0142y cz\u0119sto odwiedzane. Na szczeg\u00f3ln\u0105 uwag\u0119 zas\u0142uguj\u0105 obie polsko-niemieckie gie\u0142dy partnerstw w Guben i w Kosarzynie, kt\u00f3re zgromadzi\u0142y ponad 191 uczestnik\u00f3w i wolontariuszy z regionu. By\u0142 to r\u00f3wnie\u017c czas na indywidualne rozmowy w formie speed daiting.<\/p>\n<p><img loading=\"lazy\" decoding=\"async\" class=\"thumbnail alignright\" src=\"https:\/\/interregva-bb-pl.eu\/wp-content\/uploads\/2021\/02\/85012699_WEB_abgeschl_Fot6-scaled.jpg\" alt=\"\" width=\"351\" height=\"234\" \/><\/p>\n<p>Wska\u017aniki i rezultaty projektu, takie jak analizy partnerstw euroregionalnych i baza danych partner\u00f3w, zosta\u0142y umieszczone na stronach internetowych obu partner\u00f3w i mog\u0105 by\u0107 wykorzystywane przez zainteresowane instytucje na w\u0142asne potrzeby. Partnerom projektu uda\u0142o si\u0119 r\u00f3wnie\u017c zwi\u0119kszy\u0107 liczb\u0119 nowo zarejestrowanych i dalej rozwijanych partnerstw: \u0141\u0105cznie w ramach projektu uda\u0142o si\u0119 zewidencjonowa\u0107 87 partner\u00f3w.<\/p>\n<p>Polskie biuro Euroregionu organizowa\u0142o r\u00f3wnie\u017c kampani\u0119 informacyjn\u0105 na terenie wszystkich\u00a0 tzw. bia\u0142ych plam, czyli 7 gmin z polskiej cz\u0119\u015bci naszego euroregionu, kt\u00f3re nie posiadaj\u0105 partnera niemieckiego.<\/p>\n<p>Stworzono wiele materia\u0142\u00f3w reklamowych (m.in. pendrive&#8217;y, kubki do kawy, parasole, puzzle, pi\u00f3rniki itd.) oraz rozdawano je na r\u00f3\u017cnych imprezach, co z kolei zapewni\u0142o dobr\u0105 promocj\u0119 projektu &#8220;Partner2020&#8221;.<\/p>\n<p><img loading=\"lazy\" decoding=\"async\" class=\"thumbnail alignleft\" src=\"https:\/\/interregva-bb-pl.eu\/wp-content\/uploads\/2021\/02\/85012699_WEB_abgeschl_Fot7-scaled.jpg\" alt=\"\" width=\"349\" height=\"233\" \/><\/p>\n<p>Prace projektowe by\u0142y r\u00f3wnie\u017c regularnie relacjonowane przez publikacje w prasie lokalnej (np. w Lausitzer Rundschau, Wiadomo\u015bciach Gubi\u0144skich, dziennikach urz\u0119dowych wszystkich miast z niemieckiej cz\u0119\u015bci Euroregionu). Ponadto na Facebooku, Instagramie i stronach internetowych partner\u00f3w regularnie publikowane by\u0142y wpisy\u00a0 i filmy o dzia\u0142aniach w projekcie, kt\u00f3re spotka\u0142y si\u0119 z du\u017cym odzewem.<\/p>\n<p>Wa\u017cnym wynikiem projektu jest raport \u201eEwaluacja potencja\u0142\u00f3w i ogranicze\u0144 transgranicznych kooperacji\u201c.<\/p>\n","protected":false},"excerpt":{"rendered":"<p>Inicjowanie, wspieranie i rozw\u00f3j transgranicznych kooperacji &nbsp; Partnerzy: &#8211; Euroregion Spree-Nei\u00dfe-Bober e.V. (LP) &#8211; Stowarzyszenie Gmin RP Euroregion \u201cSprewa-Nysa-B\u00f3br\u201d Dofinansowanie (EFRR): 175.249,18 EUR Okres realizacji: 01.03.2017\u2013 29.02.2020 Zaplanowane dzia\u0142ania zosta\u0142y w pe\u0142ni zrealizowane, a wska\u017aniki osi\u0105gni\u0119te. W trakcie 3 letniego okresu realizacji\u00a0 przeprowadzono \u0142\u0105cznie 64 warsztaty, konsultacje i narady\u00a0 dla nowych partner\u00f3w, zar\u00f3wno w obu [&hellip;]<\/p>\n","protected":false},"author":140,"featured_media":0,"parent":0,"menu_order":0,"comment_status":"closed","ping_status":"closed","template":"","meta":{"site-sidebar-layout":"default","site-content-layout":"default","ast-site-content-layout":"","site-content-style":"default","site-sidebar-style":"default","ast-global-header-display":"","ast-banner-title-visibility":"","ast-main-header-display":"","ast-hfb-above-header-display":"","ast-hfb-below-header-display":"","ast-hfb-mobile-header-display":"","site-post-title":"","ast-breadcrumbs-content":"","ast-featured-img":"","footer-sml-layout":"","theme-transparent-header-meta":"default","adv-header-id-meta":"","stick-header-meta":"","header-above-stick-meta":"","header-main-stick-meta":"","header-below-stick-meta":"","astra-migrate-meta-layouts":"default","ast-page-background-enabled":"default","ast-page-background-meta":{"desktop":{"background-color":"","background-image":"","background-repeat":"repeat","background-position":"center center","background-size":"auto","background-attachment":"scroll","background-type":"","background-media":"","overlay-type":"","overlay-color":"","overlay-opacity":"","overlay-gradient":""},"tablet":{"background-color":"","background-image":"","background-repeat":"repeat","background-position":"center center","background-size":"auto","background-attachment":"scroll","background-type":"","background-media":"","overlay-type":"","overlay-color":"","overlay-opacity":"","overlay-gradient":""},"mobile":{"background-color":"","background-image":"","background-repeat":"repeat","background-position":"center center","background-size":"auto","background-attachment":"scroll","background-type":"","background-media":"","overlay-type":"","overlay-color":"","overlay-opacity":"","overlay-gradient":""}},"ast-content-background-meta":{"desktop":{"background-color":"var(--ast-global-color-5)","background-image":"","background-repeat":"repeat","background-position":"center center","background-size":"auto","background-attachment":"scroll","background-type":"","background-media":"","overlay-type":"","overlay-color":"","overlay-opacity":"","overlay-gradient":""},"tablet":{"background-color":"var(--ast-global-color-5)","background-image":"","background-repeat":"repeat","background-position":"center center","background-size":"auto","background-attachment":"scroll","background-type":"","background-media":"","overlay-type":"","overlay-color":"","overlay-opacity":"","overlay-gradient":""},"mobile":{"background-color":"var(--ast-global-color-5)","background-image":"","background-repeat":"repeat","background-position":"center center","background-size":"auto","background-attachment":"scroll","background-type":"","background-media":"","overlay-type":"","overlay-color":"","overlay-opacity":"","overlay-gradient":""}},"footnotes":""},"class_list":["post-13964","page","type-page","status-publish","hentry"],"_links":{"self":[{"href":"https:\/\/interregva-bb-pl.eu\/pl\/wp-json\/wp\/v2\/pages\/13964"}],"collection":[{"href":"https:\/\/interregva-bb-pl.eu\/pl\/wp-json\/wp\/v2\/pages"}],"about":[{"href":"https:\/\/interregva-bb-pl.eu\/pl\/wp-json\/wp\/v2\/types\/page"}],"author":[{"embeddable":true,"href":"https:\/\/interregva-bb-pl.eu\/pl\/wp-json\/wp\/v2\/users\/140"}],"replies":[{"embeddable":true,"href":"https:\/\/interregva-bb-pl.eu\/pl\/wp-json\/wp\/v2\/comments?post=13964"}],"version-history":[{"count":2,"href":"https:\/\/interregva-bb-pl.eu\/pl\/wp-json\/wp\/v2\/pages\/13964\/revisions"}],"predecessor-version":[{"id":14461,"href":"https:\/\/interregva-bb-pl.eu\/pl\/wp-json\/wp\/v2\/pages\/13964\/revisions\/14461"}],"wp:attachment":[{"href":"https:\/\/interregva-bb-pl.eu\/pl\/wp-json\/wp\/v2\/media?parent=13964"}],"curies":[{"name":"wp","href":"https:\/\/api.w.org\/{rel}","templated":true}]}}