{"id":13989,"date":"2021-02-22T01:51:49","date_gmt":"2021-02-22T08:51:49","guid":{"rendered":"https:\/\/interregva-bb-pl.eu\/?page_id=13989"},"modified":"2021-02-22T01:54:00","modified_gmt":"2021-02-22T08:54:00","slug":"85012973-projekt-zakonczony","status":"publish","type":"page","link":"https:\/\/interregva-bb-pl.eu\/pl\/85012973-projekt-zakonczony\/","title":{"rendered":"85012973 &#8211; projekt zako\u0144czony"},"content":{"rendered":"<h3 data-wahfont=\"15\"><strong>Coaching VIADRINA<\/strong><\/h3>\n<p><img decoding=\"async\" class=\"thumbnail aligncenter\" src=\"https:\/\/interregva-bb-pl.eu\/wp-content\/uploads\/2021\/02\/85012973_WEB-abgeschl_Titelstreifen.png\" alt=\"\" \/><\/p>\n<p data-wahfont=\"15\"><strong>Partnerzy:<\/strong><br \/>\n&#8211; Mittlere Oder e.V. (LP\/BW)<br \/>\n&#8211; Stowarzyszenie Gmin Polskich Euroregionu \u201ePro Europa Viadrina\u201c<\/p>\n<p data-wahfont=\"15\"><strong><span data-wahfont=\"15\">Dofinansowanie<\/span> (EFRR): <\/strong>215.122,45 EUR<\/p>\n<p data-wahfont=\"15\"><strong>Okres realizacji: <\/strong>01.03.2017-29.02.2020<\/p>\n<p><img loading=\"lazy\" decoding=\"async\" class=\"thumbnail alignright\" src=\"https:\/\/interregva-bb-pl.eu\/wp-content\/uploads\/2021\/02\/85012973_WEB-abgeschl_Karte.png\" alt=\"\" width=\"475\" height=\"329\" \/><\/p>\n<p>Projekt zosta\u0142 zainicjowany w celu poszerzenia wiedzy i umiej\u0119tno\u015bci instytucji wsp\u00f3\u0142pracuj\u0105cych w Euroregionie PRO EUROPA VIADRINA we wsp\u00f3lnych polsko-niemieckich projektach lub planuj\u0105cych rozpocz\u0105\u0107 tak\u0105 wsp\u00f3\u0142prac\u0119 w przysz\u0142o\u015bci. W tym celu zaplanowano i zrealizowano szereg r\u00f3\u017cnych, wzajemnie si\u0119 uzupe\u0142niaj\u0105cych, dzia\u0142a\u0144. Instytucje regionu zosta\u0142y zach\u0119cone do nawi\u0105zania wsp\u00f3\u0142pracy transgranicznej, mia\u0142y mo\u017cliwo\u015b\u0107 zdobycia i wzmocnienia niezb\u0119dnych kompetencji przy fachowej pomocy i wsparciu, a jednocze\u015bnie nawi\u0105zania nowych partnerstw. Wzmocniono wsp\u00f3\u0142prac\u0119 pomi\u0119dzy instytucjami i obywatelami we wszystkich dziedzinach \u017cycia publicznego, stworzono warunki do konsolidacji sieci transgranicznych, a uczestnicy projektu mogli zdoby\u0107 wi\u0119cej informacji i lepiej zrozumie\u0107 swojego s\u0105siada.<\/p>\n<p>W ramach projektu opracowano systemow\u0105 podstaw\u0119 dzia\u0142a\u0144 sk\u0142adaj\u0105c\u0105 si\u0119 z element\u00f3w, kt\u00f3re po sobie nast\u0119puj\u0105 i wzajemnie si\u0119 uzupe\u0142niaj\u0105:<\/p>\n<ul>\n<li>Ankieta<\/li>\n<li>Baza danych<\/li>\n<li>Coachingi indywidualne<\/li>\n<li>Warsztaty<\/li>\n<li>Gie\u0142dy partnerstw<\/li>\n<\/ul>\n<p>Poszczeg\u00f3lne instrumenty zosta\u0142y wdro\u017cone w nast\u0119puj\u0105cy spos\u00f3b:<\/p>\n<p><img loading=\"lazy\" decoding=\"async\" class=\"thumbnail alignleft\" src=\"https:\/\/interregva-bb-pl.eu\/wp-content\/uploads\/2021\/02\/85012973_WEB-abgeschl_StreifenVertik.png\" alt=\"\" width=\"305\" height=\"904\" \/><\/p>\n<p>Na pocz\u0105tku projektu opracowano ankiet\u0119 maj\u0105c\u0105 na celu przygotowanie analizy sytuacji w zakresie polsko-niemieckiej wsp\u00f3\u0142pracy partnerskiej. Tym samym, w przygotowanie analizy w\u0142\u0105czonych zosta\u0142o oko\u0142o 500 przedstawicieli gmin, stowarzysze\u0144, izb, instytucji edukacyjnych i innych instytucji.<\/p>\n<p>Jednocze\u015bnie stworzono wsp\u00f3ln\u0105 dla obu biur Euroregionu baz\u0119 danych polsko-niemieckich projekt\u00f3w, zrealizowanych od 2008 roku w ramach Funduszu Ma\u0142ych Projekt\u00f3w. Na tej podstawie zidentyfikowano 96 istniej\u0105cych aktywnych partnerstw. Celem projektu by\u0142o zwi\u0119kszenie tej liczby o co najmniej 10% nowych partnerstw, co w ko\u0144cu uda\u0142o si\u0119 osi\u0105gn\u0105\u0107 przy 16 nowych partnerstwach.<\/p>\n<p>W ca\u0142ym okresie realizacji projektu dla instytucji, kt\u00f3re chcia\u0142y zainicjowa\u0107 lub rozszerzy\u0107\/kontynuowa\u0107 wsp\u00f3\u0142prac\u0119, przeprowadzono ponad 113 indywidualnych konsultacji.<\/p>\n<p>Oba biura regularnie otrzymywa\u0142y zapytania od instytucji pragn\u0105cych nawi\u0105za\u0107 nowe kontakty z partnerami z drugiej strony granicy. Zapytania te by\u0142y odpowiednio opracowywane i potencjalnie zainteresowane instytucje otrzymywa\u0142y mo\u017cliwo\u015b\u0107 nawi\u0105zania partnerstwa.<\/p>\n<p>Na podstawie wniosk\u00f3w z ankiety i z coaching\u00f3w opracowano i zrealizowano 6 warsztat\u00f3w tematycznych.<\/p>\n<p>w okresie realizacji projektu w K\u00fcstrin-Kietz odby\u0142a si\u0119 dwukrotnie polsko-niemiecka gie\u0142da partnerstw. Poniewa\u017c uczestnicy projektu byli bardzo zainteresowani udzia\u0142em w tych wydarzeniach, a ze wzgl\u0119du na oszcz\u0119dno\u015bci nadal rozporz\u0105dzano \u015brodkami finansowymi, mog\u0142y zosta\u0107 zorganizowane 2 dodatkowe wydarzenia.<\/p>\n<p>Wa\u017cnym produktem projektu jest Sprawozdanie dotycz\u0105ce potencja\u0142\u00f3w i przeszk\u00f3d kooperacji transgranicznych<\/p>\n<p>Do\u015bwiadczenia zdobyte w trakcie realizacji projektu pozwoli\u0142y na analiz\u0119 potencja\u0142u i przeszk\u00f3d wsp\u00f3\u0142pracy transgranicznej w ramach EPEV. Na podstawie do\u015bwiadcze\u0144 z projektu opracowano r\u00f3wnie\u017c kolejny projekt, Coaching VIADRINA &#8211; nowe mo\u017cliwo\u015bci, kt\u00f3ry z jednej strony umo\u017cliwi EPEV kontynuacj\u0119 dotychczasowych dzia\u0142a\u0144 w tym obszarze, a jednocze\u015bnie uwzgl\u0119dni nowe aspekty. Projekt ten b\u0119dzie &#8211; przyk\u0142adowo &#8211; oferowa\u0107 podmiotom z EPEV mo\u017cliwo\u015b\u0107 praktycznego poznania nowych mo\u017cliwo\u015bci i obszar\u00f3w wsp\u00f3\u0142pracy transgranicznej i nowych instytucji partnerskich poprzez organizacj\u0119 wyjazd\u00f3w studyjnych czy tez b\u0119dzie umo\u017cliwia\u0107 wymian\u0119 do\u015bwiadcze\u0144 w mniejszych, bardziej tematycznie ukierunkowanych, grupach.<\/p>\n","protected":false},"excerpt":{"rendered":"<p>Coaching VIADRINA Partnerzy: &#8211; Mittlere Oder e.V. (LP\/BW) &#8211; Stowarzyszenie Gmin Polskich Euroregionu \u201ePro Europa Viadrina\u201c Dofinansowanie (EFRR): 215.122,45 EUR Okres realizacji: 01.03.2017-29.02.2020 Projekt zosta\u0142 zainicjowany w celu poszerzenia wiedzy i umiej\u0119tno\u015bci instytucji wsp\u00f3\u0142pracuj\u0105cych w Euroregionie PRO EUROPA VIADRINA we wsp\u00f3lnych polsko-niemieckich projektach lub planuj\u0105cych rozpocz\u0105\u0107 tak\u0105 wsp\u00f3\u0142prac\u0119 w przysz\u0142o\u015bci. W tym celu zaplanowano i [&hellip;]<\/p>\n","protected":false},"author":140,"featured_media":0,"parent":0,"menu_order":0,"comment_status":"closed","ping_status":"closed","template":"","meta":{"site-sidebar-layout":"default","site-content-layout":"default","ast-site-content-layout":"","site-content-style":"default","site-sidebar-style":"default","ast-global-header-display":"","ast-banner-title-visibility":"","ast-main-header-display":"","ast-hfb-above-header-display":"","ast-hfb-below-header-display":"","ast-hfb-mobile-header-display":"","site-post-title":"","ast-breadcrumbs-content":"","ast-featured-img":"","footer-sml-layout":"","theme-transparent-header-meta":"default","adv-header-id-meta":"","stick-header-meta":"","header-above-stick-meta":"","header-main-stick-meta":"","header-below-stick-meta":"","astra-migrate-meta-layouts":"default","ast-page-background-enabled":"default","ast-page-background-meta":{"desktop":{"background-color":"","background-image":"","background-repeat":"repeat","background-position":"center center","background-size":"auto","background-attachment":"scroll","background-type":"","background-media":"","overlay-type":"","overlay-color":"","overlay-opacity":"","overlay-gradient":""},"tablet":{"background-color":"","background-image":"","background-repeat":"repeat","background-position":"center center","background-size":"auto","background-attachment":"scroll","background-type":"","background-media":"","overlay-type":"","overlay-color":"","overlay-opacity":"","overlay-gradient":""},"mobile":{"background-color":"","background-image":"","background-repeat":"repeat","background-position":"center center","background-size":"auto","background-attachment":"scroll","background-type":"","background-media":"","overlay-type":"","overlay-color":"","overlay-opacity":"","overlay-gradient":""}},"ast-content-background-meta":{"desktop":{"background-color":"var(--ast-global-color-5)","background-image":"","background-repeat":"repeat","background-position":"center center","background-size":"auto","background-attachment":"scroll","background-type":"","background-media":"","overlay-type":"","overlay-color":"","overlay-opacity":"","overlay-gradient":""},"tablet":{"background-color":"var(--ast-global-color-5)","background-image":"","background-repeat":"repeat","background-position":"center center","background-size":"auto","background-attachment":"scroll","background-type":"","background-media":"","overlay-type":"","overlay-color":"","overlay-opacity":"","overlay-gradient":""},"mobile":{"background-color":"var(--ast-global-color-5)","background-image":"","background-repeat":"repeat","background-position":"center center","background-size":"auto","background-attachment":"scroll","background-type":"","background-media":"","overlay-type":"","overlay-color":"","overlay-opacity":"","overlay-gradient":""}},"footnotes":""},"class_list":["post-13989","page","type-page","status-publish","hentry"],"_links":{"self":[{"href":"https:\/\/interregva-bb-pl.eu\/pl\/wp-json\/wp\/v2\/pages\/13989"}],"collection":[{"href":"https:\/\/interregva-bb-pl.eu\/pl\/wp-json\/wp\/v2\/pages"}],"about":[{"href":"https:\/\/interregva-bb-pl.eu\/pl\/wp-json\/wp\/v2\/types\/page"}],"author":[{"embeddable":true,"href":"https:\/\/interregva-bb-pl.eu\/pl\/wp-json\/wp\/v2\/users\/140"}],"replies":[{"embeddable":true,"href":"https:\/\/interregva-bb-pl.eu\/pl\/wp-json\/wp\/v2\/comments?post=13989"}],"version-history":[{"count":3,"href":"https:\/\/interregva-bb-pl.eu\/pl\/wp-json\/wp\/v2\/pages\/13989\/revisions"}],"predecessor-version":[{"id":13992,"href":"https:\/\/interregva-bb-pl.eu\/pl\/wp-json\/wp\/v2\/pages\/13989\/revisions\/13992"}],"wp:attachment":[{"href":"https:\/\/interregva-bb-pl.eu\/pl\/wp-json\/wp\/v2\/media?parent=13989"}],"curies":[{"name":"wp","href":"https:\/\/api.w.org\/{rel}","templated":true}]}}