{"id":14009,"date":"2021-02-22T02:52:35","date_gmt":"2021-02-22T09:52:35","guid":{"rendered":"https:\/\/interregva-bb-pl.eu\/?page_id=14009"},"modified":"2021-03-01T07:45:56","modified_gmt":"2021-03-01T14:45:56","slug":"85013448-projekt-zakonczony","status":"publish","type":"page","link":"https:\/\/interregva-bb-pl.eu\/pl\/85013448-projekt-zakonczony\/","title":{"rendered":"85013448 &#8211; projekt zako\u0144czony"},"content":{"rendered":"<h3 data-wahfont=\"15\"><span data-wahfont=\"15\">Polsko-Niemieckie Forum Ginekologiczne<\/span><\/h3>\n<h3 data-wahfont=\"15\"><span data-wahfont=\"15\">\u00a0<\/span><\/h3>\n<p><img decoding=\"async\" class=\"thumbnail aligncenter\" src=\"https:\/\/interregva-bb-pl.eu\/wp-content\/uploads\/2021\/02\/85013448_WEB_bgeschl_Titelbild2.png\" alt=\"\" \/><\/p>\n<p data-wahfont=\"15\"><strong>Partnerzy:<\/strong><br \/>\n&#8211; Wielospecjalistyczny Szpital Wojew\u00f3dzki w Gorzowie Wlkp. Sp. z o.o. (BW)<br \/>\n&#8211; Krankenhaus M\u00e4rkisch-Oderland in Strausberg (Szpital Powiatu Marchia-Nadodrze w Strausbergu)<\/p>\n<p data-wahfont=\"15\"><strong>Dofinansowanie (EFRR):<\/strong> 813.267,65 EUR<\/p>\n<p data-wahfont=\"15\"><strong>Okres realizacji<\/strong>: 01.01.2017-31.12.2019<\/p>\n<p><img loading=\"lazy\" decoding=\"async\" class=\"thumbnail alignleft\" src=\"https:\/\/interregva-bb-pl.eu\/wp-content\/uploads\/2021\/02\/85013448_WEB_abgeschl_Fot5.jpg\" alt=\"\" width=\"351\" height=\"234\" \/><\/p>\n<p>Potrzeba utworzenia Polsko-Niemieckiego Forum Ginekologicznego wynik\u0142a z konieczno\u015bci zapewnienia i wzmocnienia bezpiecze\u0144stwa zdrowia pacjentek poruszaj\u0105cych si\u0119 w obszarze wsparcia. Wzrastaj\u0105ca liczba operacji w obu szpitalach \u015bwiadczy\u0142a o narastaj\u0105cych na pograniczu problemach zdrowotnych kobiet. W trosce o zdrowie pacjent\u00f3w i mo\u017cliwo\u015b\u0107 podj\u0119cia szybkich dzia\u0142a\u0144 medycznych zachodzi\u0142a pilna potrzeba wsp\u00f3\u0142pracy polsko-niemieckiej zmierzaj\u0105ca do wdra\u017cania nowoczesnych i skuteczniejszych metod leczenia, wymiany posiadanej wiedzy i do\u015bwiadcze\u0144, a tak\u017ce zdobycia nowych umiej\u0119tno\u015bci.<\/p>\n<p>Projekt zak\u0142ada\u0142:<\/p>\n<ol>\n<li>wsp\u00f3\u0142prac\u0119 administracyjn\u0105 w zakresie zarz\u0105dzania szpitalami oraz wdra\u017cania i ujednolicenia procedur diagnostyczno-terapeutycznych,<\/li>\n<li>wprowadzenie najnowszych mi\u0119dzynarodowych standard\u00f3w w zakresie diagnostyki, leczenia operacyjnego oraz opieki oko\u0142o- i pooperacyjnej,<\/li>\n<li>szkolenia i kursy w zakresie nowych metod operacji ginekologicznych, wsp\u00f3lne zabiegi operacyjne z wykorzystaniem systemu live stream,<\/li>\n<li>wyposa\u017cenie oddzia\u0142\u00f3w w sprz\u0119t multimedialny umo\u017cliwiaj\u0105cy przekazywanie informacji drog\u0105 telekomunikacji oraz specjalistyczny sprz\u0119t medyczny niezb\u0119dny do wykonywania operacji,<\/li>\n<li>wyposa\u017cenie sal w urz\u0105dzenia zapewniaj\u0105ce w\u0142a\u015bciwy poziom przygotowania do operacji i leczenia pooperacyjnego,<\/li>\n<li>podniesienie zdrowotno\u015bci kobiet na pograniczu polsko-niemieckim,<\/li>\n<li>niwelowanie barier administracyjno-j\u0119zykowych pracownik\u00f3w administracyjnych i medycznych szpitali.<\/li>\n<\/ol>\n<p><img loading=\"lazy\" decoding=\"async\" class=\"thumbnail alignleft\" src=\"https:\/\/interregva-bb-pl.eu\/wp-content\/uploads\/2021\/02\/85013448_WEB_abgeschl_Fot4.jpg\" alt=\"\" width=\"351\" height=\"234\" \/><\/p>\n<p>W ramach projektu planowano\u00a0 wykona\u0107 120 zabieg\u00f3w operacyjnych, a ostatecznie wzkonano ich 173. Dzi\u0119ki nowemu wyposa\u017ceniu obu oddzia\u0142\u00f3w szpitalnych partnerzy mog\u0105 wykonywa\u0107 ginekologiczne zabiegi operacyjne oraz badania ultrasonograficzne i kolposkopowe z zastosowaniem systemu live stream pozwalaj\u0105cego przekazywa\u0107 obrazy i d\u017awi\u0119k w celach konsultacyjnych i edukacyjnych. Tzm samym pacjentki mog\u0105 po obydwu stronach granicy skorzysta\u0107 z us\u0142ug medycznych o por\u00f3wnywalnych standardach. Wzajemna wymiana do\u015bwiadcze\u0144 w zakresie zarz\u0105dzania usprawni funkcjonowanie obu podmiot\u00f3w medycznych.<\/p>\n<p>Wymiana do\u015bwiadcze\u0144 i umiej\u0119tno\u015bci oraz koordynacja dzia\u0142a\u0144 leczniczych podnios\u0105 poziom bezpiecze\u0144stwa zdrowotnego. Dzi\u0119ki wsp\u00f3lnym konferencjom (4) szkoleniom i kursom (25) kadra medyczna oraz pracownicy administracyjni mog\u0105 skonfrontowa\u0107 wiele problem\u00f3w wyst\u0119puj\u0105cych zar\u00f3wno w dziedzinie ginekologii, jak i zarz\u0105dzania oraz pozna\u0107 nowoczesne metody operacyjne i procedury stosowane u partnera.<\/p>\n<p><img loading=\"lazy\" decoding=\"async\" class=\"thumbnail alignright\" src=\"https:\/\/interregva-bb-pl.eu\/wp-content\/uploads\/2021\/02\/85013448_WEB_abgeschl_Fot1.jpg\" alt=\"\" width=\"351\" height=\"263\" \/><\/p>\n<p>Projekt umo\u017cliwi\u0142 nawi\u0105zanie mi\u0119dzy partnerami trwa\u0142ych relacji, kt\u00f3re zaowocuj\u0105 dalsz\u0105 wsp\u00f3\u0142prac\u0105 transgraniczn\u0105. Wzmocnienie bezpiecze\u0144stwa zdrowia pacjentek znajduj\u0105cych si\u0119 na obszarze wsparcia nie by\u0142yby mo\u017cliwe bez partnerstwa polsko-niemieckiego. Szczeg\u00f3lnym atutem wsp\u00f3\u0142pracy jest wprowadzenie nowych nieinwazyjnych metod leczenia za pomoc\u0105 nowoczesnego sprz\u0119tu medycznego, w kt\u00f3rym wyposa\u017cone s\u0105 oddzia\u0142y ginekologiczne u partner\u00f3w.<\/p>\n<p>Projekt jest bardzo istotnym krokiem do szybszego rozwoju spo\u0142eczno-gospodarczego pogranicza, stanowi baz\u0119 pod obecn\u0105 i przysz\u0142\u0105 wsp\u00f3\u0142prac\u0119 transgraniczn\u0105 realizowan\u0105 z obecnym partnerem.<\/p>\n<p><img loading=\"lazy\" decoding=\"async\" class=\"thumbnail alignleft\" src=\"https:\/\/interregva-bb-pl.eu\/wp-content\/uploads\/2021\/02\/85013448_WEB_abgeschl_Website.png\" alt=\"\" width=\"851\" height=\"386\" \/><\/p>\n","protected":false},"excerpt":{"rendered":"<p>Polsko-Niemieckie Forum Ginekologiczne \u00a0 Partnerzy: &#8211; Wielospecjalistyczny Szpital Wojew\u00f3dzki w Gorzowie Wlkp. Sp. z o.o. (BW) &#8211; Krankenhaus M\u00e4rkisch-Oderland in Strausberg (Szpital Powiatu Marchia-Nadodrze w Strausbergu) Dofinansowanie (EFRR): 813.267,65 EUR Okres realizacji: 01.01.2017-31.12.2019 Potrzeba utworzenia Polsko-Niemieckiego Forum Ginekologicznego wynik\u0142a z konieczno\u015bci zapewnienia i wzmocnienia bezpiecze\u0144stwa zdrowia pacjentek poruszaj\u0105cych si\u0119 w obszarze wsparcia. Wzrastaj\u0105ca liczba operacji [&hellip;]<\/p>\n","protected":false},"author":140,"featured_media":0,"parent":0,"menu_order":0,"comment_status":"closed","ping_status":"closed","template":"","meta":{"site-sidebar-layout":"default","site-content-layout":"default","ast-site-content-layout":"","site-content-style":"default","site-sidebar-style":"default","ast-global-header-display":"","ast-banner-title-visibility":"","ast-main-header-display":"","ast-hfb-above-header-display":"","ast-hfb-below-header-display":"","ast-hfb-mobile-header-display":"","site-post-title":"","ast-breadcrumbs-content":"","ast-featured-img":"","footer-sml-layout":"","theme-transparent-header-meta":"default","adv-header-id-meta":"","stick-header-meta":"","header-above-stick-meta":"","header-main-stick-meta":"","header-below-stick-meta":"","astra-migrate-meta-layouts":"default","ast-page-background-enabled":"default","ast-page-background-meta":{"desktop":{"background-color":"","background-image":"","background-repeat":"repeat","background-position":"center center","background-size":"auto","background-attachment":"scroll","background-type":"","background-media":"","overlay-type":"","overlay-color":"","overlay-opacity":"","overlay-gradient":""},"tablet":{"background-color":"","background-image":"","background-repeat":"repeat","background-position":"center center","background-size":"auto","background-attachment":"scroll","background-type":"","background-media":"","overlay-type":"","overlay-color":"","overlay-opacity":"","overlay-gradient":""},"mobile":{"background-color":"","background-image":"","background-repeat":"repeat","background-position":"center center","background-size":"auto","background-attachment":"scroll","background-type":"","background-media":"","overlay-type":"","overlay-color":"","overlay-opacity":"","overlay-gradient":""}},"ast-content-background-meta":{"desktop":{"background-color":"var(--ast-global-color-5)","background-image":"","background-repeat":"repeat","background-position":"center center","background-size":"auto","background-attachment":"scroll","background-type":"","background-media":"","overlay-type":"","overlay-color":"","overlay-opacity":"","overlay-gradient":""},"tablet":{"background-color":"var(--ast-global-color-5)","background-image":"","background-repeat":"repeat","background-position":"center center","background-size":"auto","background-attachment":"scroll","background-type":"","background-media":"","overlay-type":"","overlay-color":"","overlay-opacity":"","overlay-gradient":""},"mobile":{"background-color":"var(--ast-global-color-5)","background-image":"","background-repeat":"repeat","background-position":"center center","background-size":"auto","background-attachment":"scroll","background-type":"","background-media":"","overlay-type":"","overlay-color":"","overlay-opacity":"","overlay-gradient":""}},"footnotes":""},"class_list":["post-14009","page","type-page","status-publish","hentry"],"_links":{"self":[{"href":"https:\/\/interregva-bb-pl.eu\/pl\/wp-json\/wp\/v2\/pages\/14009"}],"collection":[{"href":"https:\/\/interregva-bb-pl.eu\/pl\/wp-json\/wp\/v2\/pages"}],"about":[{"href":"https:\/\/interregva-bb-pl.eu\/pl\/wp-json\/wp\/v2\/types\/page"}],"author":[{"embeddable":true,"href":"https:\/\/interregva-bb-pl.eu\/pl\/wp-json\/wp\/v2\/users\/140"}],"replies":[{"embeddable":true,"href":"https:\/\/interregva-bb-pl.eu\/pl\/wp-json\/wp\/v2\/comments?post=14009"}],"version-history":[{"count":6,"href":"https:\/\/interregva-bb-pl.eu\/pl\/wp-json\/wp\/v2\/pages\/14009\/revisions"}],"predecessor-version":[{"id":14446,"href":"https:\/\/interregva-bb-pl.eu\/pl\/wp-json\/wp\/v2\/pages\/14009\/revisions\/14446"}],"wp:attachment":[{"href":"https:\/\/interregva-bb-pl.eu\/pl\/wp-json\/wp\/v2\/media?parent=14009"}],"curies":[{"name":"wp","href":"https:\/\/api.w.org\/{rel}","templated":true}]}}