{"id":14015,"date":"2021-02-22T04:41:21","date_gmt":"2021-02-22T11:41:21","guid":{"rendered":"https:\/\/interregva-bb-pl.eu\/?page_id=14015"},"modified":"2023-06-30T03:41:53","modified_gmt":"2023-06-30T10:41:53","slug":"85024423-abgeschlossen","status":"publish","type":"page","link":"https:\/\/interregva-bb-pl.eu\/pl\/85024423-abgeschlossen\/","title":{"rendered":"85024423 &#8211; projekt zako\u0144czony"},"content":{"rendered":"<h3 data-wahfont=\"15\"><span data-wahfont=\"15\">Platforma do bada\u0144 nad rozwi\u0105zaniami SmartGrid oraz testowania algorytm\u00f3w zarz\u0105dzania i balansowania ernergi\u0105<\/span><\/h3>\n<p>&nbsp;<\/p>\n<p data-wahfont=\"15\"><img loading=\"lazy\" decoding=\"async\" class=\"thumbnail aligncenter\" src=\"https:\/\/interregva-bb-pl.eu\/wp-content\/uploads\/2021\/02\/85024423_WEB-abgeschl_Fot3schmal.png\" alt=\"\" width=\"1224\" height=\"670\" \/><\/p>\n<p data-wahfont=\"15\"><strong>Partnerzy:<\/strong><br \/>\n&#8211; IHP GmbH &#8211; Leibniz-Institut f\u00fcr innovative Mikroelektronik (IHP sp. z o. o. &#8211; Instytut Leibniza Innowaczjnej Elektroniki) (BW)<br \/>\n&#8211; Uniwersytet Zielonog\u00f3rski<\/p>\n<p data-wahfont=\"15\"><strong><span data-wahfont=\"15\">Okres realizacji<\/span><\/strong>: 01.06.2018 \u2013 31.05.2019<\/p>\n<p data-wahfont=\"15\"><strong>Dofinansowanie (EFRR): <\/strong>118.096.76 EUR<\/p>\n<p><img loading=\"lazy\" decoding=\"async\" class=\"thumbnail alignleft\" src=\"https:\/\/interregva-bb-pl.eu\/wp-content\/uploads\/2021\/02\/85024423_WEB-abgeschl_Fot4.png\" alt=\"\" width=\"351\" height=\"234\" \/><\/p>\n<p>W ramach projektu opracowano algorytm elastycznego modelu zarz\u0105dzania energi\u0105 (EMZE), kt\u00f3rego zadaniem jest zapewnienia realizacji DR w gospodarstwach domowych. Opracowany algorytm jest przeznaczony do zastosowania w w\u00a0domach jednorodzinnych i wielorodzinnych, w kt\u00f3rych mog\u0105 by\u0107 zainstalowane OZE. Jego dzia\u0142anie jest dwukierunkowe. Po pierwsze umo\u017cliwia zmniejszenie zu\u017cycia energii w dro\u017cszych strefach czasowych, okre\u015blonych taryf\u0105. W tym przypadku pe\u0142ni r\u00f3wnie\u017c funkcj\u0119 edukacyjn\u0105. Po drugie realizuje us\u0142ug\u0119 przesuni\u0119cia zu\u017cycia energii za okres poza szczytem.<\/p>\n<p>W ramach projektu opracowana zosta\u0142a jedna sp\u00f3jna platforma do bada\u0144 nad rozwi\u0105zaniami Smart Grid, W kt\u00f3rej sk\u0142ad wchodz\u0105 narz\u0119dzia (Emulator, System i Algorytm), ich specyfikacja oraz ocena ich dzia\u0142a\u0144 (dokumentacja). Rozwi\u0105zanie w postaci Platformy powsta\u0142o w wyniku po\u0142\u0105czenia wynik\u00f3w wcze\u015bniejszych bada\u0144 partner\u00f3w projektu w ramach transgranicznej wsp\u00f3\u0142pracy.<\/p>\n<p><img loading=\"lazy\" decoding=\"async\" class=\"thumbnail alignright\" src=\"https:\/\/interregva-bb-pl.eu\/wp-content\/uploads\/2021\/02\/85024423_WEB-abgeschl_Fot5.png\" alt=\"\" width=\"351\" height=\"221\" \/><\/p>\n<p>Korzy\u015bci stosowania algorytmu b\u0119d\u0105 tym wi\u0119ksze, im wi\u0119cej odbiornik\u00f3w energii b\u0119dzie bra\u0142o udzia\u0142 podczas jego stosowania. W ramach prac okre\u015blono w\u0142a\u015bciwo\u015bci, kt\u00f3rymi powinny charakteryzowa\u0107 si\u0119 odbiorniki:<\/p>\n<ul>\n<li>maj\u0105 okre\u015blone zapotrzebowanie na moc przez wskazany okres czasu,<\/li>\n<li>mog\u0105 by\u0107 zasilane tylko w pewnych znanych przedzia\u0142ach czasu,<\/li>\n<li>czas, w kt\u00f3rym urz\u0105dzenia te s\u0105 zasilane jest istotny dla funkcjonowania gospodarstwa domowego.<\/li>\n<\/ul>\n<p>Powy\u017csze w\u0142a\u015bciwo\u015bci stanowi\u0142y podstaw\u0119 przygotowanych rekomendacji dla producent\u00f3w inteligentnych urz\u0105dze\u0144 oraz dla projektant\u00f3w sieci energetycznych.<\/p>\n<p><img loading=\"lazy\" decoding=\"async\" class=\"thumbnail alignleft\" src=\"https:\/\/interregva-bb-pl.eu\/wp-content\/uploads\/2021\/02\/85024423_WEB-abgeschl_Fot1.png\" alt=\"\" width=\"351\" height=\"234\" \/><\/p>\n<p>Opracowany i zaimplementowany w emulatorze algorytm EMZE umo\u017cliwi\u0142 przeprowadzenie szeregu bada\u0144 i analiz oraz wyci\u0105gni\u0119cie wniosk\u00f3w.<\/p>\n<p>Szczeg\u00f3\u0142owy opis poszczeg\u00f3lnych bada\u0144 i analiz zawarto w zg\u0142oszonym do publikacji artykule naukowym.<\/p>\n<p>Realizacja projektu zako\u0144czy\u0142a si\u0119 sukcesem. Cele zosta\u0142y osi\u0105gni\u0119te: zintensyfikowano wsp\u00f3\u0142prac\u0119 pomi\u0119dzy dwoma partnerami. Stworzona platforma stanowi podstaw\u0119 dla dalszych dzia\u0142a\u0144 badawczych. W ramach projektu zrealizowano r\u00f3wnie\u017c dwie prace magisterskie. By\u0142y one bronione w lipcu 2019 roku. Jak zwykle w projektach badawczych, zdefiniowano ju\u017c tematy do dalszych wsp\u00f3lnych bada\u0144, kt\u00f3re jeszcze bardziej usprawni\u0105 platform\u0119. Tematy te mog\u0105 by\u0107 opracowywane na r\u00f3\u017cne sposoby, np. mog\u0105 by\u0107 realizowane jako seria wsp\u00f3lnych prac magisterskich, licencjackich lub doktoranckich. W ten spos\u00f3b powstan\u0105 nowe kompetencje w regionie.<\/p>\n<p><img loading=\"lazy\" decoding=\"async\" class=\"thumbnail alignright\" src=\"https:\/\/interregva-bb-pl.eu\/wp-content\/uploads\/2021\/02\/85024423_WEB-abgeschl_Fot2.png\" alt=\"\" width=\"351\" height=\"228\" \/><\/p>\n<p>Prace nad wsp\u00f3lnym projektem niew\u0105tpliwie przyczyni\u0142y si\u0119 do wzrostu stopnia wsp\u00f3\u0142pracy partner\u00f3w projektu oraz pog\u0142\u0119bienia wsp\u00f3\u0142pracy naukowej pomi\u0119dzy Instytutem Metrologii, Elektroniki i Informatyki (IMEI) Uniwersytetu Zielonog\u00f3rskiego i instytutem badawczym IHP we Frankfurcie nad Odra. Dotychczasowa wsp\u00f3\u0142praca naukowa obu partner\u00f3w b\u0119dzie dalej kontynuowana. B\u0119dzie ona dotyczy\u0107 mi\u0119dzy innymi zastosowania opracowanej Platformy do prac nad architektur\u0105 wirtualnej platformy zarz\u0105dzania energi\u0105 dla poziomu TSO i\u00a0DSO. Ale to tylko jeden z wielu pomys\u0142\u00f3w na dalszy rozw\u00f3j systemu opracowanego w ramach naszego projektu. Opr\u00f3cz zagadnie\u0144 zwi\u0105zanych z zarz\u0105dzaniem energi\u0105 dla SmartGrid, w najbli\u017cszym czasie wsp\u00f3\u0142praca naukowa b\u0119dzie realizowana w ramach kolejnego projektu z Programu Wsp\u00f3\u0142pracy INTERREG VA Polska \u2013 Brandenburgia 2014-2020 \u201eSmartRiver: Intelligentes Odergebiet \/ SmartRiver: Inteligentne Nadodrze\u201d. Kolejnym elementem zacie\u015bnienia wsp\u00f3\u0142pracy obu partner\u00f3w jest utworzenie wsp\u00f3lnego laboratorium (joint lab).<\/p>\n<p><strong>\u00a0<\/strong><\/p>\n<p data-wahfont=\"15\">\n","protected":false},"excerpt":{"rendered":"<p>Platforma do bada\u0144 nad rozwi\u0105zaniami SmartGrid oraz testowania algorytm\u00f3w zarz\u0105dzania i balansowania ernergi\u0105 &nbsp; Partnerzy: &#8211; IHP GmbH &#8211; Leibniz-Institut f\u00fcr innovative Mikroelektronik (IHP sp. z o. o. &#8211; Instytut Leibniza Innowaczjnej Elektroniki) (BW) &#8211; Uniwersytet Zielonog\u00f3rski Okres realizacji: 01.06.2018 \u2013 31.05.2019 Dofinansowanie (EFRR): 118.096.76 EUR W ramach projektu opracowano algorytm elastycznego modelu zarz\u0105dzania energi\u0105 [&hellip;]<\/p>\n","protected":false},"author":140,"featured_media":0,"parent":0,"menu_order":0,"comment_status":"closed","ping_status":"closed","template":"","meta":{"site-sidebar-layout":"default","site-content-layout":"default","ast-site-content-layout":"","site-content-style":"default","site-sidebar-style":"default","ast-global-header-display":"","ast-banner-title-visibility":"","ast-main-header-display":"","ast-hfb-above-header-display":"","ast-hfb-below-header-display":"","ast-hfb-mobile-header-display":"","site-post-title":"","ast-breadcrumbs-content":"","ast-featured-img":"","footer-sml-layout":"","theme-transparent-header-meta":"default","adv-header-id-meta":"","stick-header-meta":"","header-above-stick-meta":"","header-main-stick-meta":"","header-below-stick-meta":"","astra-migrate-meta-layouts":"default","ast-page-background-enabled":"default","ast-page-background-meta":{"desktop":{"background-color":"","background-image":"","background-repeat":"repeat","background-position":"center center","background-size":"auto","background-attachment":"scroll","background-type":"","background-media":"","overlay-type":"","overlay-color":"","overlay-opacity":"","overlay-gradient":""},"tablet":{"background-color":"","background-image":"","background-repeat":"repeat","background-position":"center center","background-size":"auto","background-attachment":"scroll","background-type":"","background-media":"","overlay-type":"","overlay-color":"","overlay-opacity":"","overlay-gradient":""},"mobile":{"background-color":"","background-image":"","background-repeat":"repeat","background-position":"center center","background-size":"auto","background-attachment":"scroll","background-type":"","background-media":"","overlay-type":"","overlay-color":"","overlay-opacity":"","overlay-gradient":""}},"ast-content-background-meta":{"desktop":{"background-color":"var(--ast-global-color-5)","background-image":"","background-repeat":"repeat","background-position":"center center","background-size":"auto","background-attachment":"scroll","background-type":"","background-media":"","overlay-type":"","overlay-color":"","overlay-opacity":"","overlay-gradient":""},"tablet":{"background-color":"var(--ast-global-color-5)","background-image":"","background-repeat":"repeat","background-position":"center center","background-size":"auto","background-attachment":"scroll","background-type":"","background-media":"","overlay-type":"","overlay-color":"","overlay-opacity":"","overlay-gradient":""},"mobile":{"background-color":"var(--ast-global-color-5)","background-image":"","background-repeat":"repeat","background-position":"center center","background-size":"auto","background-attachment":"scroll","background-type":"","background-media":"","overlay-type":"","overlay-color":"","overlay-opacity":"","overlay-gradient":""}},"footnotes":""},"class_list":["post-14015","page","type-page","status-publish","hentry"],"_links":{"self":[{"href":"https:\/\/interregva-bb-pl.eu\/pl\/wp-json\/wp\/v2\/pages\/14015"}],"collection":[{"href":"https:\/\/interregva-bb-pl.eu\/pl\/wp-json\/wp\/v2\/pages"}],"about":[{"href":"https:\/\/interregva-bb-pl.eu\/pl\/wp-json\/wp\/v2\/types\/page"}],"author":[{"embeddable":true,"href":"https:\/\/interregva-bb-pl.eu\/pl\/wp-json\/wp\/v2\/users\/140"}],"replies":[{"embeddable":true,"href":"https:\/\/interregva-bb-pl.eu\/pl\/wp-json\/wp\/v2\/comments?post=14015"}],"version-history":[{"count":8,"href":"https:\/\/interregva-bb-pl.eu\/pl\/wp-json\/wp\/v2\/pages\/14015\/revisions"}],"predecessor-version":[{"id":17994,"href":"https:\/\/interregva-bb-pl.eu\/pl\/wp-json\/wp\/v2\/pages\/14015\/revisions\/17994"}],"wp:attachment":[{"href":"https:\/\/interregva-bb-pl.eu\/pl\/wp-json\/wp\/v2\/media?parent=14015"}],"curies":[{"name":"wp","href":"https:\/\/api.w.org\/{rel}","templated":true}]}}