{"id":14044,"date":"2021-02-22T06:50:39","date_gmt":"2021-02-22T13:50:39","guid":{"rendered":"https:\/\/interregva-bb-pl.eu\/?page_id=14044"},"modified":"2023-03-15T06:44:13","modified_gmt":"2023-03-15T13:44:13","slug":"85016071-2","status":"publish","type":"page","link":"https:\/\/interregva-bb-pl.eu\/pl\/85016071-2\/","title":{"rendered":"85016071"},"content":{"rendered":"<h3>Natura Viadrina +<strong><br \/>\n<\/strong><\/h3>\n<p>&nbsp;<\/p>\n<p><strong><img loading=\"lazy\" decoding=\"async\" class=\"alignleft wp-image-9769 size-full\" src=\"https:\/\/interregva-bb-pl.eu\/wp-content\/uploads\/2019\/07\/F-e1566061783710.jpg\" alt=\"\" width=\"199\" height=\"323\" srcset=\"https:\/\/interregva-bb-pl.eu\/wp-content\/uploads\/2019\/07\/F-e1566061783710.jpg 199w, https:\/\/interregva-bb-pl.eu\/wp-content\/uploads\/2019\/07\/F-e1566061783710-92x150.jpg 92w, https:\/\/interregva-bb-pl.eu\/wp-content\/uploads\/2019\/07\/F-e1566061783710-185x300.jpg 185w\" sizes=\"(max-width: 199px) 100vw, 199px\" \/>Partnerzy:<br \/>\n<\/strong>&#8211; LPV Mittlere Oder e.V. \/ stow. rej. (BW)<br \/>\n&#8211; Liga Ochrony Przyrody<br \/>\n&#8211; Stiftung \/ Fundacja EuroNatur<br \/>\n&#8211; Zesp\u00f3\u0142 Park\u00f3w Krajobrazowych Woj. Lubuskiego<\/p>\n<p>&#8211; Mi\u0119dzyrzecki Rejon Umocniony &#8211; Muzeum<br \/>\nFortyfikacji i Nietoperzy w Pniewie<\/p>\n<p><strong>Dofinansowanie (EFRR): <\/strong>2.092.156,98<\/p>\n<p><strong>Termin realizacji<\/strong>: 01.01.2018 &#8211; 30.06.2023<\/p>\n<p><strong>Cel:<\/strong><br \/>\nProjekt przyczynia si\u0119 bezpo\u015brednio do realizacji 2. Celu Programu OP 1. Celem PP jest stabilizacja oraz poprawa transgranicznych siedlisk zagro\u017conych gatunk\u00f3w zwierz\u0105t na obszarze ER PEV o pow. ok. 15.000 ha.<\/p>\n<p><strong>Website: <a href=\"http:\/\/www.naturaviadrina.eu\">www.naturaviadrina.eu<\/a>\u00a0<\/strong><\/p>\n<p><img loading=\"lazy\" decoding=\"async\" class=\"alignnone wp-image-9771 size-large\" src=\"https:\/\/interregva-bb-pl.eu\/wp-content\/uploads\/2019\/07\/gebietskulissergb-1024x839.jpg\" alt=\"\" width=\"1024\" height=\"839\" srcset=\"https:\/\/interregva-bb-pl.eu\/wp-content\/uploads\/2019\/07\/gebietskulissergb-1024x839.jpg 1024w, https:\/\/interregva-bb-pl.eu\/wp-content\/uploads\/2019\/07\/gebietskulissergb-150x123.jpg 150w, https:\/\/interregva-bb-pl.eu\/wp-content\/uploads\/2019\/07\/gebietskulissergb-300x246.jpg 300w, https:\/\/interregva-bb-pl.eu\/wp-content\/uploads\/2019\/07\/gebietskulissergb-768x630.jpg 768w, https:\/\/interregva-bb-pl.eu\/wp-content\/uploads\/2019\/07\/gebietskulissergb.jpg 1204w\" sizes=\"(max-width: 1024px) 100vw, 1024px\" \/><\/p>\n<p>&nbsp;<\/p>\n<p><strong>Przyk\u0142ady dzia\u0142a\u0144 w projekcie:<\/strong><\/p>\n<ul>\n<li>Budowlane zabezpieczenie siedlisk w Pniewie (Nietoperek; 35.000 os.; 7.300ha) i \u00a0Frankfurcie (Odra) (Stary browar; 2.000 os.; 0,25ha).<\/li>\n<li>Spotkania expert\u00f3w.<\/li>\n<li>Drugie wydanie ksi\u0105\u017cki \u201eNatura bez granic\u201d dot. 29 obszar\u00f3w chronionych w ER PEV.<\/li>\n<li>E-book o strukturach i procesach w ochronie przyrody w De i PL.<\/li>\n<li>Instalacja technologii wideo oraz rejestratora (mikroklimat) do monitoringu nietoperzy oraz na potrzeby budowania wra\u017cliwo\u015bci ekologicznej.<\/li>\n<li>3-j\u0119zyczna wystawa o nietoperzach w K\u0142opocie.<\/li>\n<\/ul>\n<p><strong>Linki:<\/strong><\/p>\n<p><a href=\"https:\/\/www.moz.de\/landkreise\/oder-spree\/frankfurt-oder\/artikel9\/dg\/0\/1\/1664418\/\" class=\"broken_link\">https:\/\/www.moz.de\/landkreise\/oder-spree\/frankfurt-oder\/artikel9\/dg\/0\/1\/1664418\/<\/a><\/p>\n<p><a href=\"https:\/\/www.moz.de\/landkreise\/oder-spree\/frankfurt-oder\/artikel9\/dg\/0\/1\/1709424\/\">https:\/\/www.moz.de\/landkreise\/oder-spree\/frankfurt-oder\/artikel9\/dg\/0\/1\/1709424\/<\/a><\/p>\n","protected":false},"excerpt":{"rendered":"<p>Natura Viadrina + &nbsp; Partnerzy: &#8211; LPV Mittlere Oder e.V. \/ stow. rej. (BW) &#8211; Liga Ochrony Przyrody &#8211; Stiftung \/ Fundacja EuroNatur &#8211; Zesp\u00f3\u0142 Park\u00f3w Krajobrazowych Woj. Lubuskiego &#8211; Mi\u0119dzyrzecki Rejon Umocniony &#8211; Muzeum Fortyfikacji i Nietoperzy w Pniewie Dofinansowanie (EFRR): 2.092.156,98 Termin realizacji: 01.01.2018 &#8211; 30.06.2023 Cel: Projekt przyczynia si\u0119 bezpo\u015brednio do realizacji [&hellip;]<\/p>\n","protected":false},"author":140,"featured_media":0,"parent":0,"menu_order":0,"comment_status":"closed","ping_status":"closed","template":"","meta":{"site-sidebar-layout":"default","site-content-layout":"default","ast-site-content-layout":"","site-content-style":"default","site-sidebar-style":"default","ast-global-header-display":"","ast-banner-title-visibility":"","ast-main-header-display":"","ast-hfb-above-header-display":"","ast-hfb-below-header-display":"","ast-hfb-mobile-header-display":"","site-post-title":"","ast-breadcrumbs-content":"","ast-featured-img":"","footer-sml-layout":"","theme-transparent-header-meta":"default","adv-header-id-meta":"","stick-header-meta":"","header-above-stick-meta":"","header-main-stick-meta":"","header-below-stick-meta":"","astra-migrate-meta-layouts":"default","ast-page-background-enabled":"default","ast-page-background-meta":{"desktop":{"background-color":"","background-image":"","background-repeat":"repeat","background-position":"center center","background-size":"auto","background-attachment":"scroll","background-type":"","background-media":"","overlay-type":"","overlay-color":"","overlay-opacity":"","overlay-gradient":""},"tablet":{"background-color":"","background-image":"","background-repeat":"repeat","background-position":"center center","background-size":"auto","background-attachment":"scroll","background-type":"","background-media":"","overlay-type":"","overlay-color":"","overlay-opacity":"","overlay-gradient":""},"mobile":{"background-color":"","background-image":"","background-repeat":"repeat","background-position":"center center","background-size":"auto","background-attachment":"scroll","background-type":"","background-media":"","overlay-type":"","overlay-color":"","overlay-opacity":"","overlay-gradient":""}},"ast-content-background-meta":{"desktop":{"background-color":"var(--ast-global-color-5)","background-image":"","background-repeat":"repeat","background-position":"center center","background-size":"auto","background-attachment":"scroll","background-type":"","background-media":"","overlay-type":"","overlay-color":"","overlay-opacity":"","overlay-gradient":""},"tablet":{"background-color":"var(--ast-global-color-5)","background-image":"","background-repeat":"repeat","background-position":"center center","background-size":"auto","background-attachment":"scroll","background-type":"","background-media":"","overlay-type":"","overlay-color":"","overlay-opacity":"","overlay-gradient":""},"mobile":{"background-color":"var(--ast-global-color-5)","background-image":"","background-repeat":"repeat","background-position":"center center","background-size":"auto","background-attachment":"scroll","background-type":"","background-media":"","overlay-type":"","overlay-color":"","overlay-opacity":"","overlay-gradient":""}},"footnotes":""},"class_list":["post-14044","page","type-page","status-publish","hentry"],"_links":{"self":[{"href":"https:\/\/interregva-bb-pl.eu\/pl\/wp-json\/wp\/v2\/pages\/14044"}],"collection":[{"href":"https:\/\/interregva-bb-pl.eu\/pl\/wp-json\/wp\/v2\/pages"}],"about":[{"href":"https:\/\/interregva-bb-pl.eu\/pl\/wp-json\/wp\/v2\/types\/page"}],"author":[{"embeddable":true,"href":"https:\/\/interregva-bb-pl.eu\/pl\/wp-json\/wp\/v2\/users\/140"}],"replies":[{"embeddable":true,"href":"https:\/\/interregva-bb-pl.eu\/pl\/wp-json\/wp\/v2\/comments?post=14044"}],"version-history":[{"count":10,"href":"https:\/\/interregva-bb-pl.eu\/pl\/wp-json\/wp\/v2\/pages\/14044\/revisions"}],"predecessor-version":[{"id":17676,"href":"https:\/\/interregva-bb-pl.eu\/pl\/wp-json\/wp\/v2\/pages\/14044\/revisions\/17676"}],"wp:attachment":[{"href":"https:\/\/interregva-bb-pl.eu\/pl\/wp-json\/wp\/v2\/media?parent=14044"}],"curies":[{"name":"wp","href":"https:\/\/api.w.org\/{rel}","templated":true}]}}