{"id":14084,"date":"2021-02-22T09:19:55","date_gmt":"2021-02-22T16:19:55","guid":{"rendered":"https:\/\/interregva-bb-pl.eu\/?page_id=14084"},"modified":"2024-02-13T09:05:22","modified_gmt":"2024-02-13T16:05:22","slug":"85016300-2","status":"publish","type":"page","link":"https:\/\/interregva-bb-pl.eu\/pl\/85016300-2\/","title":{"rendered":"85016300"},"content":{"rendered":"<h3><span data-wahfont=\"15\">Bezgraniczny tr\u00f3jd\u017awi\u0119k-natura, kultura i edukacja w Trebnitz, Witnicy i Gorzowie<\/span><\/h3>\n<p>&nbsp;<\/p>\n<p><u><img loading=\"lazy\" decoding=\"async\" class=\"size-full wp-image-9777 alignleft\" src=\"https:\/\/interregva-bb-pl.eu\/wp-content\/uploads\/2019\/07\/IntroBild.jpg\" alt=\"\" width=\"265\" height=\"595\" srcset=\"https:\/\/interregva-bb-pl.eu\/wp-content\/uploads\/2019\/07\/IntroBild.jpg 265w, https:\/\/interregva-bb-pl.eu\/wp-content\/uploads\/2019\/07\/IntroBild-67x150.jpg 67w, https:\/\/interregva-bb-pl.eu\/wp-content\/uploads\/2019\/07\/IntroBild-134x300.jpg 134w\" sizes=\"(max-width: 265px) 100vw, 265px\" \/><\/u><strong>Partnerzy:<\/strong><br \/>\n&#8211; Schlo\u00df \/ Zamek Trebnitz Z BBZ e.V. \/ stow. rej. (BW)<br \/>\n&#8211; Miasto Gorz\u00f3w Wielkopolski<br \/>\n&#8211; Gmina Witnica<\/p>\n<p><strong>Okres realizacji<\/strong>: 01.06.2017- 31.12.2023<\/p>\n<p><strong>Dofinansowanie (EFRR): <\/strong>3.054.929,74 Euro<\/p>\n<p><strong>Cel:<\/strong><br \/>\nTrebnitz, Witnica i Gorz\u00f3w Wielkopolski w modelowy spos\u00f3b uosabiaj\u0105 bogactwo dziedzictwa naturalnego i kulturowego. R\u00f3wnocze\u015bnie tamtejsze pomniki przyrody i zabytki nie znajduj\u0105 si\u0119 ani w nale\u017cytym stanie ani nie s\u0105 wystarczaj\u0105co znane czy turystycznie promowane. Co wi\u0119cej, cz\u0119sto nawet sami mieszka\u0144cy danej miejscowo\u015bci niewiele wiedz\u0105 o zabytkach nieruchomych czy pomnikach przyrody obj\u0119tych niniejszym wnioskiem. Dzi\u0119ki rewitalizacji gorzowskiego parku, witnickiego domu kultury i przyzamkowej trebnickiej stodo\u0142y z kamienia polnego dojdzie do prawdziwego po\u0142\u0105czenia si\u0119 tych trzech miejscowo\u015bci le\u017c\u0105cych wzd\u0142u\u017c &#8220;Kolei Wschodniej&#8221; i wpisania go w ofert\u0119 kulturaln\u0105 i kulturowo-turystyczn\u0105 o transnarodowym charakterze. Renowacja oraz dostosowanie obu budynk\u00f3w i parku do wsp\u00f3\u0142czesnych potrzeb edukacyjnych i turystycznych stanowi\u0105 element konieczny do pog\u0142\u0119bienia wzajemnych relacji transgranicznych w obszarze zachowania, ochrony, promowania i rozwoju dziedzictwa naturalnego i kulturowego oraz dobrze rokuj\u0105 w kontek\u015bcie osi\u0105gni\u0119cia cel\u00f3w zaplanowanych przez partner\u00f3w na najbli\u017csze lata.<\/p>\n<p><strong>Przyk\u0142ady dzia\u0142a\u0144 w projekcie:<\/strong><\/p>\n<ul>\n<li><strong>Gorz\u00f3w Wielkopolski:<\/strong> Park Siemiradzkiego stanowi istotny element uk\u0142adu krajobrazowo-spacerowego, w sk\u0142ad kt\u00f3rego wchodz\u0105 najwa\u017cniejsze obiekty kulturalne miasta \u2013 Centrum Edukacji Artystycznej, Filharmonia oraz Amfiteatr. Park zostanie wyposa\u017cony w tablice informacyjne i drogowskazy m\u00f3wi\u0105ce o historii jego za\u0142o\u017cenia oraz zawieraj\u0105ce map\u0119 z oznaczeniemnajciekawszych miejsc, obiekt\u00f3w i atrakcji znajduj\u0105cych si\u0119 w pobli\u017cu. Na terenie parku zaplanowano lokalizacj\u0119 kilku miejsc (placyk\u00f3w) z utwardzon\u0105 nawierzchni\u0105, w obr\u0119bie kt\u00f3rych maj\u0105 zosta\u0107 umieszczone rze\u017aby. Jako \u017ce przy Zamku Trebnitz Muzeum Gustava Seitza prezentuje kolekcj\u0119 dzie\u0142 tego artysty, jako znak transnarodowego powi\u0105zania przewidywane jest umieszczenie w tym parku jednego z dzie\u0142 Seitza.<\/li>\n<li><strong>Witnica:<\/strong> Obecna bry\u0142a Miejskiego Domu Kultury zostanie w znacznym stopniu przebudowana, rozbudowana i nadbudowana. Elewacji frontowej od strony ulicy zostanie przywr\u00f3cony jej pierwotny uk\u0142ad wystroju architektonicznego. W po\u0142udniowej cz\u0119\u015bci budynku powstanie w pe\u0142ni wyposa\u017cona sala multimedialna. Od strony po\u0142udniowej wybudowana zostanie zadaszona scena zewn\u0119trzna na potrzeby organizacji koncert\u00f3w czy te\u017c kina letniego. Nast\u0119pnie powstanie tak\u017ce ogr\u00f3d. Propozycja ta skierowana jest do dzieci i m\u0142odzie\u017cy, gdzie we wsp\u00f3\u0142pracy z Zespo\u0142em Szk\u00f3\u0142 Centrum Kszta\u0142cenia Rolniczego w Kamieniu Ma\u0142ym b\u0119d\u0105 uprawiane dawne gatunki warzyw i owoc\u00f3w jak r\u00f3wnie\u017c regionalne zio\u0142a.<\/li>\n<li><strong>Trebnitz:<\/strong> W stodole z kamienia polnego w obr\u0119bie zespo\u0142u zabudowa\u0144 chronionym ustaw\u0105 o ochronie zabytk\u00f3w Zamku Trebnitz ma powsta\u0107 du\u017ca wielofunkcyjna sala konferencyjna dla maks. 200 os\u00f3b, kt\u00f3ra b\u0119dzie udost\u0119pniana zar\u00f3wno do organizowania koncert\u00f3w, sympozj\u00f3w i konferencji, jak r\u00f3wnie\u017c dla seminari\u00f3w po\u015bwi\u0119conych sztukom plastycznym. Dach pokryty dach\u00f3wk\u0105 karpi\u00f3wk\u0105 wymaga odnowienia, mury z kamienia polnego r\u00f3wnie\u017c wymagaj\u0105 intensywnej renowacji.Przy budynku ma powsta\u0107 ogr\u00f3d u\u017cytkowy nawi\u0105zuj\u0105cy do starych tradycji tutejszego za\u0142o\u017cenia pa\u0142acowego, kt\u00f3ry b\u0119dzie piel\u0119gnowany i u\u017cytkowany przez nasz\u0105 polsko-niemieck\u0105 inkluzyjn\u0105 firm\u0119 uczniowsk\u0105.<\/li>\n<\/ul>\n<p><strong>Linki:<\/strong><\/p>\n<p><a href=\"https:\/\/www.moz.de\/landkreise\/maerkisch-oderland\/seelow\/artikel7\/dg\/0\/1\/1706669\/\">https:\/\/www.moz.de\/landkreise\/maerkisch-oderland\/seelow\/artikel7\/dg\/0\/1\/1706669\/<\/a><\/p>\n<p><a href=\"http:\/\/gorzow.wyborcza.pl\/gorzow\/7,36844,24544180,w-parku-siemiradzkiego-koparki-trwa-rewitalizacja-zdjecia.html?disableRedirects=true\">http:\/\/gorzow.wyborcza.pl\/gorzow\/7,36844,24544180,w-parku-siemiradzkiego-koparki-trwa-rewitalizacja-zdjecia.html?disableRedirects=true<\/a><\/p>\n<blockquote class=\"wp-embedded-content\" data-secret=\"yHAill9tpv\"><p><a href=\"https:\/\/www.schloss-trebnitz.de\/feldsteinscheune\/\">Die Trebnitzer Feldsteinscheune<\/a><\/p><\/blockquote>\n<p><iframe loading=\"lazy\" class=\"wp-embedded-content\" sandbox=\"allow-scripts\" security=\"restricted\" style=\"position: absolute; clip: rect(1px, 1px, 1px, 1px);\" title=\"&#8222;Die Trebnitzer Feldsteinscheune&#8220; &#8212; Schlo\u00df Trebnitz - Bildungs- und Begegnungsst\u00e4tte e.V.\" src=\"https:\/\/www.schloss-trebnitz.de\/feldsteinscheune\/embed\/#?secret=lB5g9bd6HC#?secret=yHAill9tpv\" data-secret=\"yHAill9tpv\" width=\"500\" height=\"282\" frameborder=\"0\" marginwidth=\"0\" marginheight=\"0\" scrolling=\"no\"><\/iframe><\/p>\n<p>Przed rozpocz<span class=\"st\">\u0119<\/span>ciem dzia<span class=\"st\">\u0142a\u0144<\/span> projektowych:<\/p>\n<style id=\"bwg-style-0\">    #bwg_container1_0 #bwg_container2_0 .bwg-container-0.bwg-standard-thumbnails {      width: 1004px;              justify-content: center;        margin:0 auto !important;              background-color: rgba(255, 255, 255, 0.00);            padding-left: 4px;      padding-top: 4px;      max-width: 100%;            }        #bwg_container1_0 #bwg_container2_0 .bwg-container-0.bwg-standard-thumbnails .bwg-item {    justify-content: flex-start;      max-width: 200px;            width: 200px !important;          }    #bwg_container1_0 #bwg_container2_0 .bwg-container-0.bwg-standard-thumbnails .bwg-item a {       margin-right: 4px;       margin-bottom: 4px;    }    #bwg_container1_0 #bwg_container2_0 .bwg-container-0.bwg-standard-thumbnails .bwg-item0 {      padding: 0px;            background-color:rgba(255,255,255, 0.30);      border: 0px none #CCCCCC;      opacity: 1.00;      border-radius: 0;      box-shadow: 0px 0px 0px #888888;    }    #bwg_container1_0 #bwg_container2_0 .bwg-container-0.bwg-standard-thumbnails .bwg-item1 img {      max-height: none;      max-width: none;      padding: 0 !important;    }        @media only screen and (min-width: 480px) {      #bwg_container1_0 #bwg_container2_0 .bwg-container-0.bwg-standard-thumbnails .bwg-item0 {        transition: all 0.3s ease 0s;-webkit-transition: all 0.3s ease 0s;      }      #bwg_container1_0 #bwg_container2_0 .bwg-container-0.bwg-standard-thumbnails .bwg-item0:hover {        -ms-transform: scale(1.1);        -webkit-transform: scale(1.1);        transform: scale(1.1);      }    }          #bwg_container1_0 #bwg_container2_0 .bwg-container-0.bwg-standard-thumbnails .bwg-item1 {      padding-top: 50%;    }        #bwg_container1_0 #bwg_container2_0 .bwg-container-0.bwg-standard-thumbnails .bwg-title2,    #bwg_container1_0 #bwg_container2_0 .bwg-container-0.bwg-standard-thumbnails .bwg-ecommerce2 {      color: #CCCCCC;      font-family: segoe ui;      font-size: 16px;      font-weight: bold;      padding: 2px;      text-shadow: 0px 0px 0px #888888;      max-height: 100%;    }    #bwg_container1_0 #bwg_container2_0 .bwg-container-0.bwg-standard-thumbnails .bwg-thumb-description span {    color: #323A45;    font-family: Ubuntu;    font-size: 12px;    max-height: 100%;    word-wrap: break-word;    }    #bwg_container1_0 #bwg_container2_0 .bwg-container-0.bwg-standard-thumbnails .bwg-play-icon2 {      font-size: 32px;    }    #bwg_container1_0 #bwg_container2_0 .bwg-container-0.bwg-standard-thumbnails .bwg-ecommerce2 {      font-size: 19.2px;      color: #CCCCCC;    }    <\/style>    <div id=\"bwg_container1_0\"         class=\"bwg_container bwg_thumbnail bwg_thumbnails \"         data-right-click-protection=\"0\"         data-bwg=\"0\"         data-scroll=\"0\"         data-gallery-type=\"thumbnails\"         data-gallery-view-type=\"thumbnails\"         data-current-url=\"\/pl\/wp-json\/wp\/v2\/pages\/14084\"         data-lightbox-url=\"https:\/\/interregva-bb-pl.eu\/wp-admin\/admin-ajax.php?action=GalleryBox&#038;current_view=0&#038;gallery_id=22&#038;tag=0&#038;theme_id=1&#038;shortcode_id=62&#038;sort_by=order&#038;order_by=asc&#038;current_url=%2Fpl%2Fwp-json%2Fwp%2Fv2%2Fpages%2F14084\"         data-gallery-id=\"22\"         data-popup-width=\"800\"         data-popup-height=\"500\"         data-is-album=\"gallery\"         data-buttons-position=\"bottom\">      <div id=\"bwg_container2_0\">             <div id=\"ajax_loading_0\" class=\"bwg_loading_div_1\">      <div class=\"bwg_loading_div_2\">        <div class=\"bwg_loading_div_3\">          <div id=\"loading_div_0\" class=\"bwg_spider_ajax_loading\">          <\/div>        <\/div>      <\/div>    <\/div>            <form id=\"gal_front_form_0\"              class=\"bwg-hidden\"              method=\"post\"              action=\"#\"              data-current=\"0\"              data-shortcode-id=\"62\"              data-gallery-type=\"thumbnails\"              data-gallery-id=\"22\"              data-tag=\"0\"              data-album-id=\"0\"              data-theme-id=\"1\"              data-ajax-url=\"https:\/\/interregva-bb-pl.eu\/wp-admin\/admin-ajax.php?action=bwg_frontend_data\">          <div id=\"bwg_container3_0\" class=\"bwg-background bwg-background-0\">                <div data-max-count=\"5\"         data-thumbnail-width=\"200\"         data-bwg=\"0\"         data-gallery-id=\"22\"         data-lightbox-url=\"https:\/\/interregva-bb-pl.eu\/wp-admin\/admin-ajax.php?action=GalleryBox&amp;current_view=0&amp;gallery_id=22&amp;tag=0&amp;theme_id=1&amp;shortcode_id=62&amp;sort_by=order&amp;order_by=asc&amp;current_url=%2Fpl%2Fwp-json%2Fwp%2Fv2%2Fpages%2F14084\"         id=\"bwg_thumbnails_0\"         class=\"bwg-container-0 bwg-thumbnails bwg-standard-thumbnails bwg-container bwg-border-box\">            <div class=\"bwg-item\">        <a class=\"bwg-a  bwg_lightbox\"  data-image-id=\"214\" href=\"https:\/\/interregva-bb-pl.eu\/wp-content\/uploads\/photo-gallery\/Witnica.jpg?bwg=1562852211\" data-elementor-open-lightbox=\"no\">                <div class=\"bwg-item0 \">          <div class=\"bwg-item1 \">            <div class=\"bwg-item2\">              <img decoding=\"async\" class=\"skip-lazy bwg_standart_thumb_img_0 \"                   data-id=\"214\"                   data-width=\"300\"                   data-height=\"244\"                   data-src=\"https:\/\/interregva-bb-pl.eu\/wp-content\/uploads\/photo-gallery\/thumb\/Witnica.jpg?bwg=1562852211\"                   src=\"https:\/\/interregva-bb-pl.eu\/wp-content\/uploads\/photo-gallery\/thumb\/Witnica.jpg?bwg=1562852211\"                   alt=\"Witnica\"                   title=\"Witnica\" \/>            <\/div>            <div class=\"\">                                                      <\/div>          <\/div>        <\/div>                        <\/a>              <\/div>            <div class=\"bwg-item\">        <a class=\"bwg-a  bwg_lightbox\"  data-image-id=\"213\" href=\"https:\/\/interregva-bb-pl.eu\/wp-content\/uploads\/photo-gallery\/Scheune_in_Trebnitz.jpg?bwg=1562852211\" data-elementor-open-lightbox=\"no\">                <div class=\"bwg-item0 \">          <div class=\"bwg-item1 \">            <div class=\"bwg-item2\">              <img decoding=\"async\" class=\"skip-lazy bwg_standart_thumb_img_0 \"                   data-id=\"213\"                   data-width=\"300\"                   data-height=\"225\"                   data-src=\"https:\/\/interregva-bb-pl.eu\/wp-content\/uploads\/photo-gallery\/thumb\/Scheune_in_Trebnitz.jpg?bwg=1562852211\"                   src=\"https:\/\/interregva-bb-pl.eu\/wp-content\/uploads\/photo-gallery\/thumb\/Scheune_in_Trebnitz.jpg?bwg=1562852211\"                   alt=\"Scheune in Trebnitz\"                   title=\"Scheune in Trebnitz\" \/>            <\/div>            <div class=\"\">                                                      <\/div>          <\/div>        <\/div>                        <\/a>              <\/div>            <div class=\"bwg-item\">        <a class=\"bwg-a  bwg_lightbox\"  data-image-id=\"212\" href=\"https:\/\/interregva-bb-pl.eu\/wp-content\/uploads\/photo-gallery\/GW.jpg?bwg=1562852211\" data-elementor-open-lightbox=\"no\">                <div class=\"bwg-item0 \">          <div class=\"bwg-item1 \">            <div class=\"bwg-item2\">              <img decoding=\"async\" class=\"skip-lazy bwg_standart_thumb_img_0 \"                   data-id=\"212\"                   data-width=\"300\"                   data-height=\"192\"                   data-src=\"https:\/\/interregva-bb-pl.eu\/wp-content\/uploads\/photo-gallery\/thumb\/GW.jpg?bwg=1562852211\"                   src=\"https:\/\/interregva-bb-pl.eu\/wp-content\/uploads\/photo-gallery\/thumb\/GW.jpg?bwg=1562852211\"                   alt=\"GW\"                   title=\"GW\" \/>            <\/div>            <div class=\"\">                                                      <\/div>          <\/div>        <\/div>                        <\/a>              <\/div>            <div class=\"bwg-item\">        <a class=\"bwg-a  bwg_lightbox\"  data-image-id=\"211\" href=\"https:\/\/interregva-bb-pl.eu\/wp-content\/uploads\/photo-gallery\/Trebnitz.jpg?bwg=1562852211\" data-elementor-open-lightbox=\"no\">                <div class=\"bwg-item0 \">          <div class=\"bwg-item1 \">            <div class=\"bwg-item2\">              <img decoding=\"async\" class=\"skip-lazy bwg_standart_thumb_img_0 \"                   data-id=\"211\"                   data-width=\"300\"                   data-height=\"265\"                   data-src=\"https:\/\/interregva-bb-pl.eu\/wp-content\/uploads\/photo-gallery\/thumb\/Trebnitz.jpg?bwg=1562852211\"                   src=\"https:\/\/interregva-bb-pl.eu\/wp-content\/uploads\/photo-gallery\/thumb\/Trebnitz.jpg?bwg=1562852211\"                   alt=\"Trebnitz\"                   title=\"Trebnitz\" \/>            <\/div>            <div class=\"\">                                                      <\/div>          <\/div>        <\/div>                        <\/a>              <\/div>            <div class=\"bwg-item\">        <a class=\"bwg-a  bwg_lightbox\"  data-image-id=\"210\" href=\"https:\/\/interregva-bb-pl.eu\/wp-content\/uploads\/photo-gallery\/Park_Siemiradzkiego.jpg?bwg=1562852211\" data-elementor-open-lightbox=\"no\">                <div class=\"bwg-item0 \">          <div class=\"bwg-item1 \">            <div class=\"bwg-item2\">              <img decoding=\"async\" class=\"skip-lazy bwg_standart_thumb_img_0 \"                   data-id=\"210\"                   data-width=\"300\"                   data-height=\"199\"                   data-src=\"https:\/\/interregva-bb-pl.eu\/wp-content\/uploads\/photo-gallery\/thumb\/Park_Siemiradzkiego.jpg?bwg=1562852211\"                   src=\"https:\/\/interregva-bb-pl.eu\/wp-content\/uploads\/photo-gallery\/thumb\/Park_Siemiradzkiego.jpg?bwg=1562852211\"                   alt=\"Park Siemiradzkiego\"                   title=\"Park Siemiradzkiego\" \/>            <\/div>            <div class=\"\">                                                      <\/div>          <\/div>        <\/div>                        <\/a>              <\/div>          <\/div>    <style>      \/*pagination styles*\/      #bwg_container1_0 #bwg_container2_0 .tablenav-pages_0 {\t\t\t\ttext-align: center;\t\t\t\tfont-size: 12px;\t\t\t\tfont-family: segoe ui;\t\t\t\tfont-weight: bold;\t\t\t\tcolor: #666666;\t\t\t\tmargin: 6px 0 4px;\t\t\t\tdisplay: block;      }      @media only screen and (max-width : 320px) {      #bwg_container1_0 #bwg_container2_0 .displaying-num_0 {     \t display: none;      }      }      #bwg_container1_0 #bwg_container2_0 .displaying-num_0 {\t\t\t\tfont-size: 12px;\t\t\t\tfont-family: segoe ui;\t\t\t\tfont-weight: bold;\t\t\t\tcolor: #666666;\t\t\t\tmargin-right: 10px;\t\t\t\tvertical-align: middle;      }      #bwg_container1_0 #bwg_container2_0 .paging-input_0 {\t\t\t\tfont-size: 12px;\t\t\t\tfont-family: segoe ui;\t\t\t\tfont-weight: bold;\t\t\t\tcolor: #666666;\t\t\t\tvertical-align: middle;      }      #bwg_container1_0 #bwg_container2_0 .tablenav-pages_0 a.disabled,      #bwg_container1_0 #bwg_container2_0 .tablenav-pages_0 a.disabled:hover,      #bwg_container1_0 #bwg_container2_0 .tablenav-pages_0 a.disabled:focus,\t\t\t#bwg_container1_0 #bwg_container2_0 .tablenav-pages_0 input.bwg_current_page {\t\t\t\tcursor: default;\t\t\t\tcolor: rgba(102, 102, 102, 0.5);      }      #bwg_container1_0 #bwg_container2_0 .tablenav-pages_0 a,      #bwg_container1_0 #bwg_container2_0 .tablenav-pages_0 input.bwg_current_page {\t\t\t\tcursor: pointer;\t\t\t\ttext-align: center;\t\t\t\tfont-size: 12px;\t\t\t\tfont-family: segoe ui;\t\t\t\tfont-weight: bold;\t\t\t\tcolor: #666666;\t\t\t\ttext-decoration: none;\t\t\t\tpadding: 3px 6px;\t\t\t\tmargin: 0;\t\t\t\tborder-radius: 0;\t\t\t\tborder-style: solid;\t\t\t\tborder-width: 1px;\t\t\t\tborder-color: #E3E3E3;\t\t\t\t\t\t\t\tbackground-color: rgba(255, 255, 255, 1.00);\t\t\t\tbox-shadow: 0;\t\t\t\ttransition: all 0.3s ease 0s;-webkit-transition: all 0.3s ease 0s;      }      <\/style>      <span class=\"bwg_nav_cont_0\">              <div class=\"tablenav-pages_0\">                  <\/div>                <input type=\"hidden\" id=\"page_number_0\" name=\"page_number_0\" value=\"1\" \/>      <script type=\"text\/javascript\">        if( jQuery('.bwg_nav_cont_0').length > 1 ) {          jQuery('.bwg_nav_cont_0').first().remove()        }        function spider_page_0(cur, x, y, load_more) {          if (typeof load_more == \"undefined\") {            var load_more = false;          }          if (jQuery(cur).hasClass('disabled')) {            return false;          }          var items_county_0 = 1;          switch (y) {            case 1:              if (x >= items_county_0) {                document.getElementById('page_number_0').value = items_county_0;              }              else {                document.getElementById('page_number_0').value = x + 1;              }              break;            case 2:              document.getElementById('page_number_0').value = items_county_0;              break;            case -1:              if (x == 1) {                document.getElementById('page_number_0').value = 1;              }              else {                document.getElementById('page_number_0').value = x - 1;              }              break;            case -2:              document.getElementById('page_number_0').value = 1;              break;\t\t\t\t\t\tcase 0:              document.getElementById('page_number_0').value = x;              break;            default:              document.getElementById('page_number_0').value = 1;          }          bwg_ajax('gal_front_form_0', '0', 'bwg_thumbnails_0', '0', '', 'gallery', 0, '', '', load_more, '', 1);        }                    jQuery('.first-page-0').on('click', function () {              spider_page_0(this, 1, -2, 'numeric');              return false;            });            jQuery('.prev-page-0').on('click', function () {              spider_page_0(this, 1, -1, 'numeric');              return false;            });            jQuery('.next-page-0').on('click', function () {              spider_page_0(this, 1, 1, 'numeric');              return false;            });            jQuery('.last-page-0').on('click', function () {              spider_page_0(this, 1, 2, 'numeric');              return false;            });        \t\t\t\t\/* Change page on input enter. *\/        function bwg_change_page_0( e, that ) {          if (  e.key == 'Enter' ) {            var to_page = parseInt(jQuery(that).val());            var pages_count = jQuery(that).parents(\".pagination-links\").data(\"pages-count\");            var current_url_param = jQuery(that).attr('data-url-info');            if (to_page > pages_count) {              to_page = 1;            }\t \t\t\t\t\t\t\t\t\t\t\t\tspider_page_0(this, to_page, 0, 'numeric');\t\t\t\t\t\t\treturn false;\t\t\t\t\t\t          }          return true;        }        jQuery('.bwg_load_btn_0').on('click', function () {            spider_page_0(this, 1, 1, true);            return false;        });      <\/script>      <\/span>                <\/div>        <\/form>        <style>          #bwg_container1_0 #bwg_container2_0 #spider_popup_overlay_0 {          background-color: #000000;          opacity: 0.70;          }          <\/style>        <div id=\"bwg_spider_popup_loading_0\" class=\"bwg_spider_popup_loading\"><\/div>        <div id=\"spider_popup_overlay_0\" class=\"spider_popup_overlay\" onclick=\"spider_destroypopup(1000)\"><\/div>        <input type=\"hidden\" id=\"bwg_random_seed_0\" value=\"601352899\">                <\/div>    <\/div>    <script>      if (document.readyState === 'complete') {        if( typeof bwg_main_ready == 'function' ) {          if ( jQuery(\"#bwg_container1_0\").height() ) {            bwg_main_ready(jQuery(\"#bwg_container1_0\"));          }        }      } else {        document.addEventListener('DOMContentLoaded', function() {          if( typeof bwg_main_ready == 'function' ) {            if ( jQuery(\"#bwg_container1_0\").height() ) {             bwg_main_ready(jQuery(\"#bwg_container1_0\"));            }          }        });      }    <\/script>    \n","protected":false},"excerpt":{"rendered":"<p>Bezgraniczny tr\u00f3jd\u017awi\u0119k-natura, kultura i edukacja w Trebnitz, Witnicy i Gorzowie &nbsp; Partnerzy: &#8211; Schlo\u00df \/ Zamek Trebnitz Z BBZ e.V. \/ stow. rej. (BW) &#8211; Miasto Gorz\u00f3w Wielkopolski &#8211; Gmina Witnica Okres realizacji: 01.06.2017- 31.12.2023 Dofinansowanie (EFRR): 3.054.929,74 Euro Cel: Trebnitz, Witnica i Gorz\u00f3w Wielkopolski w modelowy spos\u00f3b uosabiaj\u0105 bogactwo dziedzictwa naturalnego i kulturowego. R\u00f3wnocze\u015bnie [&hellip;]<\/p>\n","protected":false},"author":140,"featured_media":0,"parent":0,"menu_order":0,"comment_status":"closed","ping_status":"closed","template":"","meta":{"site-sidebar-layout":"default","site-content-layout":"default","ast-site-content-layout":"default","site-content-style":"default","site-sidebar-style":"default","ast-global-header-display":"","ast-banner-title-visibility":"","ast-main-header-display":"","ast-hfb-above-header-display":"","ast-hfb-below-header-display":"","ast-hfb-mobile-header-display":"","site-post-title":"","ast-breadcrumbs-content":"","ast-featured-img":"","footer-sml-layout":"","theme-transparent-header-meta":"default","adv-header-id-meta":"","stick-header-meta":"","header-above-stick-meta":"","header-main-stick-meta":"","header-below-stick-meta":"","astra-migrate-meta-layouts":"set","ast-page-background-enabled":"default","ast-page-background-meta":{"desktop":{"background-color":"","background-image":"","background-repeat":"repeat","background-position":"center center","background-size":"auto","background-attachment":"scroll","background-type":"","background-media":"","overlay-type":"","overlay-color":"","overlay-opacity":"","overlay-gradient":""},"tablet":{"background-color":"","background-image":"","background-repeat":"repeat","background-position":"center center","background-size":"auto","background-attachment":"scroll","background-type":"","background-media":"","overlay-type":"","overlay-color":"","overlay-opacity":"","overlay-gradient":""},"mobile":{"background-color":"","background-image":"","background-repeat":"repeat","background-position":"center center","background-size":"auto","background-attachment":"scroll","background-type":"","background-media":"","overlay-type":"","overlay-color":"","overlay-opacity":"","overlay-gradient":""}},"ast-content-background-meta":{"desktop":{"background-color":"var(--ast-global-color-5)","background-image":"","background-repeat":"repeat","background-position":"center center","background-size":"auto","background-attachment":"scroll","background-type":"","background-media":"","overlay-type":"","overlay-color":"","overlay-opacity":"","overlay-gradient":""},"tablet":{"background-color":"var(--ast-global-color-5)","background-image":"","background-repeat":"repeat","background-position":"center center","background-size":"auto","background-attachment":"scroll","background-type":"","background-media":"","overlay-type":"","overlay-color":"","overlay-opacity":"","overlay-gradient":""},"mobile":{"background-color":"var(--ast-global-color-5)","background-image":"","background-repeat":"repeat","background-position":"center center","background-size":"auto","background-attachment":"scroll","background-type":"","background-media":"","overlay-type":"","overlay-color":"","overlay-opacity":"","overlay-gradient":""}},"footnotes":""},"class_list":["post-14084","page","type-page","status-publish","hentry"],"_links":{"self":[{"href":"https:\/\/interregva-bb-pl.eu\/pl\/wp-json\/wp\/v2\/pages\/14084"}],"collection":[{"href":"https:\/\/interregva-bb-pl.eu\/pl\/wp-json\/wp\/v2\/pages"}],"about":[{"href":"https:\/\/interregva-bb-pl.eu\/pl\/wp-json\/wp\/v2\/types\/page"}],"author":[{"embeddable":true,"href":"https:\/\/interregva-bb-pl.eu\/pl\/wp-json\/wp\/v2\/users\/140"}],"replies":[{"embeddable":true,"href":"https:\/\/interregva-bb-pl.eu\/pl\/wp-json\/wp\/v2\/comments?post=14084"}],"version-history":[{"count":13,"href":"https:\/\/interregva-bb-pl.eu\/pl\/wp-json\/wp\/v2\/pages\/14084\/revisions"}],"predecessor-version":[{"id":18256,"href":"https:\/\/interregva-bb-pl.eu\/pl\/wp-json\/wp\/v2\/pages\/14084\/revisions\/18256"}],"wp:attachment":[{"href":"https:\/\/interregva-bb-pl.eu\/pl\/wp-json\/wp\/v2\/media?parent=14084"}],"curies":[{"name":"wp","href":"https:\/\/api.w.org\/{rel}","templated":true}]}}