{"id":14100,"date":"2021-02-22T23:26:00","date_gmt":"2021-02-23T06:26:00","guid":{"rendered":"https:\/\/interregva-bb-pl.eu\/?page_id=14100"},"modified":"2022-03-22T09:11:44","modified_gmt":"2022-03-22T16:11:44","slug":"85016186-2","status":"publish","type":"page","link":"https:\/\/interregva-bb-pl.eu\/pl\/85016186-2\/","title":{"rendered":"85016186"},"content":{"rendered":"<h3>\u0141\u0105cz\u0105 nas rzeki &#8211; II etap. Rozbudowa transgranicznej infrastruktury turystyki wodnej na obszarze Euroregionu Pro Europa Viadrina<\/h3>\n<p>&nbsp;<\/p>\n<p><img loading=\"lazy\" decoding=\"async\" class=\" wp-image-9531 alignleft\" src=\"https:\/\/interregva-bb-pl.eu\/wp-content\/uploads\/2019\/06\/FF.jpg\" alt=\"\" width=\"326\" height=\"731\" srcset=\"https:\/\/interregva-bb-pl.eu\/wp-content\/uploads\/2019\/06\/FF.jpg 316w, https:\/\/interregva-bb-pl.eu\/wp-content\/uploads\/2019\/06\/FF-67x150.jpg 67w, https:\/\/interregva-bb-pl.eu\/wp-content\/uploads\/2019\/06\/FF-134x300.jpg 134w\" sizes=\"(max-width: 326px) 100vw, 326px\" \/><\/p>\n<p><strong>Partner:<\/strong><br \/>\n&#8211; Gemeinde R\u00fcdersdorf bei Berlin<br \/>\n&#8211; Gmina \/ Gemeinde\u00a0 Santok<\/p>\n<p><strong>Dofinansowanie (EFRR): <\/strong>1.731.511,5 Euro<\/p>\n<p><strong>Okres realizacji: <\/strong>1.08.2017 &#8211; 31.03.2021<\/p>\n<p><strong>Cel<\/strong>:<br \/>\nCelem jest wzmocnienie atrakcyjno\u015bci turystycznej gmin R\u00fcdersdorf i Santoka wraz z jej zabytkami kulturowo-historycznymi poprzez budow\u0119 pierwszej infrastruktury turystyki wodnej w formie dw\u00f3ch niewielkich marin.<\/p>\n<p><strong>Przyk\u0142ady dzia\u0142a\u0144 w projekcie:<\/strong><\/p>\n<ul>\n<li>Budowa ma\u0142ej mariny dla sportowych jednostek p\u0142ywaj\u0105cych w R\u00fcdersdorf ko\u0142o Berlina, w tym:<\/li>\n<\/ul>\n<p>&#8211; Uporz\u0105dkowanie terenu i szerokie prace rozbi\u00f3rkowe.<br \/>\n&#8211; Budowa niewielkiego portu jako przystani dla \u0142odzi.<br \/>\n&#8211; Urz\u0105dzenie miejsca biwakowego wraz z nowo urz\u0105dzonymi b\u0105d\u017a wyremontowanymi szlakami turystycznymi (Szlak 66 Jezior o znaczeniu ponadregionalnym), terenami zielonymi oraz zabytkowymi schodami i murami w s\u0105siedztwie znajduj\u0105cego si\u0119 pod ochron\u0105 konserwatorsk\u0105, historycznego budynku administracji kopalni wraz z jego ogrodem i obj\u0119tym ochron\u0105 Konserwatorsk\u0105 Parkiem Muzealnym o znaczeniu narodowym. W dawnym budynku administracji kopalni b\u0119dzie r\u00f3wnolegle do wnioskowanych w niniejszym projekcie dzia\u0142a\u0144, urz\u0105dzany punkt informacji turystycznej i kasy Parku Muzealnego, a tak\u017ce punkt gastronomiczny. Zadania te b\u0119d\u0105 realizowane w ramach \u015brodk\u00f3w krajowych i gminnych. Ponadto w by\u0142ym budynku komina zostan\u0105 udost\u0119pnione urz\u0105dzenia sanitarne. Oba dzia\u0142ania b\u0119d\u0105 si\u0119 nawzajem, w spos\u00f3b celowy uzupe\u0142nia\u0107.<\/p>\n<ul>\n<li>Budowa ma\u0142ej mariny dla sportowych jednostek p\u0142ywaj\u0105cych w Santoku.<\/li>\n<\/ul>\n<p>W ramach dzia\u0142ania przewidziane jest przeprowadzenie nast\u0119puj\u0105cych prac budowlanych:<br \/>\n&#8211; Budowa basenu portowego, pomostu p\u0142ywaj\u0105cego, slipu wraz z zagospodarowaniem terenu (ziele\u0144, ma\u0142a architektura),<br \/>\n&#8211; Budowa dw\u00f3ch budynk\u00f3w dla w\u0119dkarzy,<br \/>\n&#8211; Budowa budynku informacji turystycznej,<br \/>\n&#8211; Budowa budynku sprz\u0119tu w\u0119dkarskiego i turystycznego np. rowery oraz sprz\u0119t p\u0142ywaj\u0105cy,<br \/>\n&#8211; Przebudowa budynku magazynowego na magazyn na sprz\u0119t wodny z zapleczem socjalnym.<\/p>\n<ul>\n<li style=\"list-style-type: none;\">\n<ul>\n<li>Opracowanie koncepcji promocji i materia\u0142\u00f3w promocyjnych dla obu gmin.<\/li>\n<\/ul>\n<\/li>\n<\/ul>\n<p><strong>Links:<\/strong><\/p>\n<p><strong><a href=\"https:\/\/interregva-bb-pl.eu\/wp-content\/uploads\/2019\/06\/19-02-22-Vorschlag-Faltblatt.pdf\">Ulotka<\/a><\/strong><\/p>\n<p><a href=\"https:\/\/www.ruedersdorf.de\/news\/1\/461009\/nachrichten\/zuwendungsvertrag-besiegelt-deutsch-polnisches-partnerschaftsprojekt.html\" class=\"broken_link\">https:\/\/www.ruedersdorf.de\/news\/1\/461009\/nachrichten\/zuwendungsvertrag-besiegelt-deutsch-polnisches-partnerschaftsprojekt.html<\/a><\/p>\n","protected":false},"excerpt":{"rendered":"<p>\u0141\u0105cz\u0105 nas rzeki &#8211; II etap. Rozbudowa transgranicznej infrastruktury turystyki wodnej na obszarze Euroregionu Pro Europa Viadrina &nbsp; Partner: &#8211; Gemeinde R\u00fcdersdorf bei Berlin &#8211; Gmina \/ Gemeinde\u00a0 Santok Dofinansowanie (EFRR): 1.731.511,5 Euro Okres realizacji: 1.08.2017 &#8211; 31.03.2021 Cel: Celem jest wzmocnienie atrakcyjno\u015bci turystycznej gmin R\u00fcdersdorf i Santoka wraz z jej zabytkami kulturowo-historycznymi poprzez budow\u0119 [&hellip;]<\/p>\n","protected":false},"author":140,"featured_media":0,"parent":0,"menu_order":0,"comment_status":"closed","ping_status":"closed","template":"","meta":{"site-sidebar-layout":"default","site-content-layout":"default","ast-site-content-layout":"","site-content-style":"default","site-sidebar-style":"default","ast-global-header-display":"","ast-banner-title-visibility":"","ast-main-header-display":"disabled","ast-hfb-above-header-display":"","ast-hfb-below-header-display":"","ast-hfb-mobile-header-display":"","site-post-title":"disabled","ast-breadcrumbs-content":"","ast-featured-img":"","footer-sml-layout":"","theme-transparent-header-meta":"default","adv-header-id-meta":"","stick-header-meta":"","header-above-stick-meta":"","header-main-stick-meta":"","header-below-stick-meta":"","astra-migrate-meta-layouts":"default","ast-page-background-enabled":"default","ast-page-background-meta":{"desktop":{"background-color":"","background-image":"","background-repeat":"repeat","background-position":"center center","background-size":"auto","background-attachment":"scroll","background-type":"","background-media":"","overlay-type":"","overlay-color":"","overlay-opacity":"","overlay-gradient":""},"tablet":{"background-color":"","background-image":"","background-repeat":"repeat","background-position":"center center","background-size":"auto","background-attachment":"scroll","background-type":"","background-media":"","overlay-type":"","overlay-color":"","overlay-opacity":"","overlay-gradient":""},"mobile":{"background-color":"","background-image":"","background-repeat":"repeat","background-position":"center center","background-size":"auto","background-attachment":"scroll","background-type":"","background-media":"","overlay-type":"","overlay-color":"","overlay-opacity":"","overlay-gradient":""}},"ast-content-background-meta":{"desktop":{"background-color":"var(--ast-global-color-5)","background-image":"","background-repeat":"repeat","background-position":"center center","background-size":"auto","background-attachment":"scroll","background-type":"","background-media":"","overlay-type":"","overlay-color":"","overlay-opacity":"","overlay-gradient":""},"tablet":{"background-color":"var(--ast-global-color-5)","background-image":"","background-repeat":"repeat","background-position":"center center","background-size":"auto","background-attachment":"scroll","background-type":"","background-media":"","overlay-type":"","overlay-color":"","overlay-opacity":"","overlay-gradient":""},"mobile":{"background-color":"var(--ast-global-color-5)","background-image":"","background-repeat":"repeat","background-position":"center center","background-size":"auto","background-attachment":"scroll","background-type":"","background-media":"","overlay-type":"","overlay-color":"","overlay-opacity":"","overlay-gradient":""}},"footnotes":""},"class_list":["post-14100","page","type-page","status-publish","hentry"],"_links":{"self":[{"href":"https:\/\/interregva-bb-pl.eu\/pl\/wp-json\/wp\/v2\/pages\/14100"}],"collection":[{"href":"https:\/\/interregva-bb-pl.eu\/pl\/wp-json\/wp\/v2\/pages"}],"about":[{"href":"https:\/\/interregva-bb-pl.eu\/pl\/wp-json\/wp\/v2\/types\/page"}],"author":[{"embeddable":true,"href":"https:\/\/interregva-bb-pl.eu\/pl\/wp-json\/wp\/v2\/users\/140"}],"replies":[{"embeddable":true,"href":"https:\/\/interregva-bb-pl.eu\/pl\/wp-json\/wp\/v2\/comments?post=14100"}],"version-history":[{"count":7,"href":"https:\/\/interregva-bb-pl.eu\/pl\/wp-json\/wp\/v2\/pages\/14100\/revisions"}],"predecessor-version":[{"id":16481,"href":"https:\/\/interregva-bb-pl.eu\/pl\/wp-json\/wp\/v2\/pages\/14100\/revisions\/16481"}],"wp:attachment":[{"href":"https:\/\/interregva-bb-pl.eu\/pl\/wp-json\/wp\/v2\/media?parent=14100"}],"curies":[{"name":"wp","href":"https:\/\/api.w.org\/{rel}","templated":true}]}}