{"id":14121,"date":"2021-02-23T01:28:02","date_gmt":"2021-02-23T08:28:02","guid":{"rendered":"https:\/\/interregva-bb-pl.eu\/?page_id=14121"},"modified":"2024-03-28T06:46:42","modified_gmt":"2024-03-28T13:46:42","slug":"85015592-2","status":"publish","type":"page","link":"https:\/\/interregva-bb-pl.eu\/pl\/85015592-2\/","title":{"rendered":"85015592"},"content":{"rendered":"<h3>S\u0142ubice i Frankfurt nad Odr\u0105 \u2013 przysz\u0142o\u015b\u0107 na wsp\u00f3lnych fundamentach historii: Budowa Wie\u017cy Kleista z przyleg\u0142\u0105 infrastruktur\u0105 oraz iluminacja Mostu Miejskiego na szlaku do Domu Bolfrasa jako oferty transgranicznego dziedzictwa kulturowego (etap II)<\/h3>\n<p>&nbsp;<\/p>\n<p><strong><img loading=\"lazy\" decoding=\"async\" class=\" wp-image-9746 alignleft\" src=\"https:\/\/interregva-bb-pl.eu\/wp-content\/uploads\/2019\/07\/Intro-1.jpg\" alt=\"\" width=\"357\" height=\"674\" srcset=\"https:\/\/interregva-bb-pl.eu\/wp-content\/uploads\/2019\/07\/Intro-1.jpg 342w, https:\/\/interregva-bb-pl.eu\/wp-content\/uploads\/2019\/07\/Intro-1-79x150.jpg 79w, https:\/\/interregva-bb-pl.eu\/wp-content\/uploads\/2019\/07\/Intro-1-159x300.jpg 159w\" sizes=\"(max-width: 357px) 100vw, 357px\" \/>Partnerzy:<\/strong><br \/>\n&#8211; Gmina S\u0142ubice (BW<span class=\"st\">)<\/span><br \/>\n&#8211; Stadt \/ Miasto Frankfurt nad Odr\u0105<br \/>\n&#8211; ARLE Arbeiten und Leben in historischen Geb\u00e4uden GmbH \/ \u017bycie i praca w historycznych budynkach sp. z o. o.<br \/>\n&#8211; Messe und Veranstaltungs GmbH Frankfurt (Oder) \/ Organizacja targ\u00f3w i imprez sp\u00f3\u0142ka z o. o. Frankfurtu nad Odr\u0105<\/p>\n<p><strong>Dofinansowanie: <\/strong>1.790.134,94 EUR<\/p>\n<p><strong>Okres realizacji:<\/strong> 01.02.2018 &#8211; 31.12.2023<\/p>\n<p><strong>Cel:<\/strong><br \/>\nCelem projektu jest zachowanie oraz uatrakcyjnienie wsp\u00f3lnego transgranicznego dziedzictwa naturalnego i kulturowego. Realizacja zaplanowanych dzia\u0142a\u0144 w projekcie pozwoli na wsparcie trwa\u0142ego regionalnego rozwoju dla dalszej integracji lubusko-brandenburskiego obszaru wsparcia poprzez zachowanie i rozwijanie dziedzictwa kulturowego. Odbudowany na historycznych fundamentach Dom Bolfrasa z bogat\u0105 polsko-niemieck\u0105 ofert\u0105 przyjmowany jest z entuzjazmem zar\u00f3wno przez mieszka\u0144c\u00f3w, jaki i turyst\u00f3w Dwumiasta.<\/p>\n<p><strong>Przyk\u0142ady dzia\u0142a\u0144 w projekcie:<\/strong><\/p>\n<ul>\n<li>Realizacja II etapu projektu pt: \u201eDom Bolfrasa&amp;Wie\u017ca Kleista\u201d z odbudow\u0105 Wie\u017cy Kleista w historycznym po\u0142o\u017ceniu i nowoczesnej architekturze, otoczony parkiem natury i rozrywki, przez Gmin\u0119 S\u0142ubice.<\/li>\n<li>Miasto Frankfurt nad Odr\u0105 zrealizuje iluminacj\u0119 mostu. Niebiesko-zielone pod\u015bwietlenie mostu przyci\u0105gnie uwag\u0119 obserwator\u00f3w na rzek\u0119 jako element \u0142\u0105cz\u0105cy oba miasta.<\/li>\n<li>ARLE GmbH b\u0119dzie koordynowa\u0107 projekt, dni projektowe oraz cz\u0119\u015b\u0107 PR celem rozpowszechnienia projektu oraz stworzy ca\u0142odobowo dost\u0119pny punkt informacyjny we Frankfurcie nad Odr\u0105, w kt\u00f3rym b\u0119dzie mo\u017cna zasi\u0119gn\u0105\u0107 informacji na temat dziedzictwa kulturowego. Celem przeprowadzenia dni projektowych z uczniami oraz celem koordynacji projektu, planowane jest doposa\u017cenie salki konferencyjnej w dwa sto\u0142y, 8 krzese\u0142 oraz technik\u0119 biurow\u0105.<\/li>\n<li>Do zada\u0144 MuV nale\u017cy wdro\u017cenie produktu turystycznego, jakim jest Wie\u017ca Kleista pod wsp\u00f3ln\u0105 mark\u0105 obu miast w transgraniczny marketing turystyczny. W tym celu b\u0119dzie dalej rozwijana polsko-niemiecka sie\u0107 wsp\u00f3\u0142pracy dla us\u0142ugodawc\u00f3w turystycznych. Poszerzenie wiedzy nt. wsp\u00f3lnego dziedzictwa kulturowego wymaga aktywno\u015bci informacyjnych i edukacyjnych w ramach turystyki dla dzieci i m\u0142odzie\u017cy oraz szkole\u0144 pedagogicznych dla tych grup docelowych. Szczeg\u00f3lnie w trakcie trwania projektu widoczne b\u0119dzie zwi\u0119kszone zapotrzebowania na oferty turystyczne dla grup i turyst\u00f3w indywidualnych we Frankfurcie n. Odr\u0105 i S\u0142ubicach. Aby wspom\u00f3c ten popyt, niezb\u0119dne jest stworzenie i promowanie nowych koncepcji dla przewodnik\u00f3w. Dzi\u0119ki pedagogicznemu wsparciu muzeum, powstan\u0105 przy wykorzystaniu archiwalnych i bibliotecznych \u017ar\u00f3de\u0142, historie nt. Ewalda Christiana i Heinricha von Kleista (Storytelling) oraz produkty tematyczne. Dzi\u0119ki wsparciu zewn\u0119trznych us\u0142ugodawc\u00f3w przeprowadzone zostan\u0105 badania na polskim rynku celem wykrycia potencja\u0142u popytu, przygotowane zostan\u0105 oferty i przyk\u0142adowe programy, przeprowadzona zostanie akwizycja telefoniczna oraz wizytacje w\u015br\u00f3d zainteresowanych wykonawc\u00f3w.<\/li>\n<\/ul>\n","protected":false},"excerpt":{"rendered":"<p>S\u0142ubice i Frankfurt nad Odr\u0105 \u2013 przysz\u0142o\u015b\u0107 na wsp\u00f3lnych fundamentach historii: Budowa Wie\u017cy Kleista z przyleg\u0142\u0105 infrastruktur\u0105 oraz iluminacja Mostu Miejskiego na szlaku do Domu Bolfrasa jako oferty transgranicznego dziedzictwa kulturowego (etap II) &nbsp; Partnerzy: &#8211; Gmina S\u0142ubice (BW) &#8211; Stadt \/ Miasto Frankfurt nad Odr\u0105 &#8211; ARLE Arbeiten und Leben in historischen Geb\u00e4uden GmbH [&hellip;]<\/p>\n","protected":false},"author":140,"featured_media":0,"parent":0,"menu_order":0,"comment_status":"closed","ping_status":"closed","template":"","meta":{"site-sidebar-layout":"default","site-content-layout":"default","ast-site-content-layout":"default","site-content-style":"default","site-sidebar-style":"default","ast-global-header-display":"","ast-banner-title-visibility":"","ast-main-header-display":"","ast-hfb-above-header-display":"","ast-hfb-below-header-display":"","ast-hfb-mobile-header-display":"","site-post-title":"","ast-breadcrumbs-content":"","ast-featured-img":"","footer-sml-layout":"","theme-transparent-header-meta":"default","adv-header-id-meta":"","stick-header-meta":"","header-above-stick-meta":"","header-main-stick-meta":"","header-below-stick-meta":"","astra-migrate-meta-layouts":"set","ast-page-background-enabled":"default","ast-page-background-meta":{"desktop":{"background-color":"","background-image":"","background-repeat":"repeat","background-position":"center center","background-size":"auto","background-attachment":"scroll","background-type":"","background-media":"","overlay-type":"","overlay-color":"","overlay-opacity":"","overlay-gradient":""},"tablet":{"background-color":"","background-image":"","background-repeat":"repeat","background-position":"center center","background-size":"auto","background-attachment":"scroll","background-type":"","background-media":"","overlay-type":"","overlay-color":"","overlay-opacity":"","overlay-gradient":""},"mobile":{"background-color":"","background-image":"","background-repeat":"repeat","background-position":"center center","background-size":"auto","background-attachment":"scroll","background-type":"","background-media":"","overlay-type":"","overlay-color":"","overlay-opacity":"","overlay-gradient":""}},"ast-content-background-meta":{"desktop":{"background-color":"var(--ast-global-color-5)","background-image":"","background-repeat":"repeat","background-position":"center center","background-size":"auto","background-attachment":"scroll","background-type":"","background-media":"","overlay-type":"","overlay-color":"","overlay-opacity":"","overlay-gradient":""},"tablet":{"background-color":"var(--ast-global-color-5)","background-image":"","background-repeat":"repeat","background-position":"center center","background-size":"auto","background-attachment":"scroll","background-type":"","background-media":"","overlay-type":"","overlay-color":"","overlay-opacity":"","overlay-gradient":""},"mobile":{"background-color":"var(--ast-global-color-5)","background-image":"","background-repeat":"repeat","background-position":"center center","background-size":"auto","background-attachment":"scroll","background-type":"","background-media":"","overlay-type":"","overlay-color":"","overlay-opacity":"","overlay-gradient":""}},"footnotes":""},"class_list":["post-14121","page","type-page","status-publish","hentry"],"_links":{"self":[{"href":"https:\/\/interregva-bb-pl.eu\/pl\/wp-json\/wp\/v2\/pages\/14121"}],"collection":[{"href":"https:\/\/interregva-bb-pl.eu\/pl\/wp-json\/wp\/v2\/pages"}],"about":[{"href":"https:\/\/interregva-bb-pl.eu\/pl\/wp-json\/wp\/v2\/types\/page"}],"author":[{"embeddable":true,"href":"https:\/\/interregva-bb-pl.eu\/pl\/wp-json\/wp\/v2\/users\/140"}],"replies":[{"embeddable":true,"href":"https:\/\/interregva-bb-pl.eu\/pl\/wp-json\/wp\/v2\/comments?post=14121"}],"version-history":[{"count":6,"href":"https:\/\/interregva-bb-pl.eu\/pl\/wp-json\/wp\/v2\/pages\/14121\/revisions"}],"predecessor-version":[{"id":18307,"href":"https:\/\/interregva-bb-pl.eu\/pl\/wp-json\/wp\/v2\/pages\/14121\/revisions\/18307"}],"wp:attachment":[{"href":"https:\/\/interregva-bb-pl.eu\/pl\/wp-json\/wp\/v2\/media?parent=14121"}],"curies":[{"name":"wp","href":"https:\/\/api.w.org\/{rel}","templated":true}]}}