{"id":14138,"date":"2021-02-23T04:45:43","date_gmt":"2021-02-23T11:45:43","guid":{"rendered":"https:\/\/interregva-bb-pl.eu\/?page_id=14138"},"modified":"2021-04-29T06:15:07","modified_gmt":"2021-04-29T13:15:07","slug":"85016018-2","status":"publish","type":"page","link":"https:\/\/interregva-bb-pl.eu\/pl\/85016018-2\/","title":{"rendered":"85016018"},"content":{"rendered":"<h3>Sul\u0119cin i Friedland \u2013 wykorzystanie i zabezpieczenie dziedzictwa kulturowego w celu stworzenia centr\u00f3w spotka\u0144 i wsp\u00f3\u0142pracy mieszka\u0144c\u00f3w obu miast<\/h3>\n<p>&nbsp;<\/p>\n<p><strong><img loading=\"lazy\" decoding=\"async\" class=\"thumbnail alignleft\" src=\"https:\/\/interregva-bb-pl.eu\/wp-content\/uploads\/2021\/02\/85016018_WEB_Bild-scaled.jpg\" alt=\"\" width=\"400\" height=\"300\" \/>Partnerzy:<\/strong><br \/>\n&#8211; Gmina Sul\u0119cin (BW)<br \/>\n&#8211; Stadt \/ Miasto Friedland<\/p>\n<p><strong>Okres realizacji: <\/strong>01.07.2017-31.10.2021<\/p>\n<p><strong>Dofinansowanie<\/strong><strong> (EFRR)<\/strong><strong>: <\/strong>1.676.075,36 Euro<\/p>\n<p><strong>Cel:<\/strong><br \/>\nCelem projektu jest zabezpieczenie i renowacja obiekt\u00f3w o warto\u015bci kulturowo-historycznej w miastach partnerskich Sul\u0119cin i Friedland w celu stworzenia pol.-niem. miejsc spotka\u0144, a tym samym pog\u0142\u0119biania i rozszerzania o kolejne pola wsp\u00f3\u0142pracy mi\u0119dzy partnerami zmierzaj\u0105cej do stworzenia wsp\u00f3lnej oferty kulturalnej, sportowej i turystycznej skierowanej do wszystkich grup wiekowych, a w konsekwencji lepsze wykorzystanie i promowanie potencja\u0142u regionu.<\/p>\n<p><strong><img loading=\"lazy\" decoding=\"async\" class=\"thumbnail alignright\" src=\"https:\/\/interregva-bb-pl.eu\/wp-content\/uploads\/2021\/02\/85016018_WEB_Plan.png\" alt=\"\" width=\"398\" height=\"283\" \/>Przyk\u0142adowe dzia\u0142ania w projekcie:<\/strong><\/p>\n<ul>\n<li>Prace budowlane zmierzaj\u0105ce do zabezpieczenia i renowacji obiekt\u00f3w o warto\u015bci kulturowo-historycznej w Sul\u0119cinie i Friedland<\/li>\n<li>\u00a0Przeprowadzenie akcji promocyjnej (wykonanie tr\u00f3jj\u0119zycznej strony internetowej, druk 2.000 tr\u00f3jj\u0119zycznych ulotek, polsko-niemieckiego kalendarza imprez, wykonanie filmu promocyjnego, konferencja prasowa, artyku\u0142y prasowe, tablice informacyjne)<\/li>\n<li>Organizacja 2 warsztat\u00f3w mi\u0119dzypokoleniowych promuj\u0105cych tradycje i kultur\u0119 regionu oraz pog\u0142\u0119biaj\u0105cych wiedz\u0119 o historii i atrakcjach regionu<\/li>\n<li>\u00a0Organizacja polsko-niemieckiej spartakiady w Sul\u0119cinie i Friedland<\/li>\n<li>\u00a0Organizacja jarmarku r\u0119kodzie\u0142a i produkt\u00f3w regionalnych<\/li>\n<li>\u00a0Zorganizowanie w Sul\u0119cinie wystawy sta\u0142ej o znanych postaciach zwi\u0105zanych z histori\u0105 obszaru obj\u0119tego wsparciem oraz zorganizowanie we Friedland wystawy czasowej prezentuj\u0105cej etapy i efekty realizacji projektu<\/li>\n<\/ul>\n","protected":false},"excerpt":{"rendered":"<p>Sul\u0119cin i Friedland \u2013 wykorzystanie i zabezpieczenie dziedzictwa kulturowego w celu stworzenia centr\u00f3w spotka\u0144 i wsp\u00f3\u0142pracy mieszka\u0144c\u00f3w obu miast &nbsp; Partnerzy: &#8211; Gmina Sul\u0119cin (BW) &#8211; Stadt \/ Miasto Friedland Okres realizacji: 01.07.2017-31.10.2021 Dofinansowanie (EFRR): 1.676.075,36 Euro Cel: Celem projektu jest zabezpieczenie i renowacja obiekt\u00f3w o warto\u015bci kulturowo-historycznej w miastach partnerskich Sul\u0119cin i Friedland w [&hellip;]<\/p>\n","protected":false},"author":140,"featured_media":0,"parent":0,"menu_order":0,"comment_status":"closed","ping_status":"closed","template":"","meta":{"site-sidebar-layout":"default","site-content-layout":"default","ast-site-content-layout":"","site-content-style":"default","site-sidebar-style":"default","ast-global-header-display":"","ast-banner-title-visibility":"","ast-main-header-display":"","ast-hfb-above-header-display":"","ast-hfb-below-header-display":"","ast-hfb-mobile-header-display":"","site-post-title":"","ast-breadcrumbs-content":"","ast-featured-img":"","footer-sml-layout":"","theme-transparent-header-meta":"default","adv-header-id-meta":"","stick-header-meta":"","header-above-stick-meta":"","header-main-stick-meta":"","header-below-stick-meta":"","astra-migrate-meta-layouts":"default","ast-page-background-enabled":"default","ast-page-background-meta":{"desktop":{"background-color":"","background-image":"","background-repeat":"repeat","background-position":"center center","background-size":"auto","background-attachment":"scroll","background-type":"","background-media":"","overlay-type":"","overlay-color":"","overlay-opacity":"","overlay-gradient":""},"tablet":{"background-color":"","background-image":"","background-repeat":"repeat","background-position":"center center","background-size":"auto","background-attachment":"scroll","background-type":"","background-media":"","overlay-type":"","overlay-color":"","overlay-opacity":"","overlay-gradient":""},"mobile":{"background-color":"","background-image":"","background-repeat":"repeat","background-position":"center center","background-size":"auto","background-attachment":"scroll","background-type":"","background-media":"","overlay-type":"","overlay-color":"","overlay-opacity":"","overlay-gradient":""}},"ast-content-background-meta":{"desktop":{"background-color":"var(--ast-global-color-5)","background-image":"","background-repeat":"repeat","background-position":"center center","background-size":"auto","background-attachment":"scroll","background-type":"","background-media":"","overlay-type":"","overlay-color":"","overlay-opacity":"","overlay-gradient":""},"tablet":{"background-color":"var(--ast-global-color-5)","background-image":"","background-repeat":"repeat","background-position":"center center","background-size":"auto","background-attachment":"scroll","background-type":"","background-media":"","overlay-type":"","overlay-color":"","overlay-opacity":"","overlay-gradient":""},"mobile":{"background-color":"var(--ast-global-color-5)","background-image":"","background-repeat":"repeat","background-position":"center center","background-size":"auto","background-attachment":"scroll","background-type":"","background-media":"","overlay-type":"","overlay-color":"","overlay-opacity":"","overlay-gradient":""}},"footnotes":""},"class_list":["post-14138","page","type-page","status-publish","hentry"],"_links":{"self":[{"href":"https:\/\/interregva-bb-pl.eu\/pl\/wp-json\/wp\/v2\/pages\/14138"}],"collection":[{"href":"https:\/\/interregva-bb-pl.eu\/pl\/wp-json\/wp\/v2\/pages"}],"about":[{"href":"https:\/\/interregva-bb-pl.eu\/pl\/wp-json\/wp\/v2\/types\/page"}],"author":[{"embeddable":true,"href":"https:\/\/interregva-bb-pl.eu\/pl\/wp-json\/wp\/v2\/users\/140"}],"replies":[{"embeddable":true,"href":"https:\/\/interregva-bb-pl.eu\/pl\/wp-json\/wp\/v2\/comments?post=14138"}],"version-history":[{"count":4,"href":"https:\/\/interregva-bb-pl.eu\/pl\/wp-json\/wp\/v2\/pages\/14138\/revisions"}],"predecessor-version":[{"id":14846,"href":"https:\/\/interregva-bb-pl.eu\/pl\/wp-json\/wp\/v2\/pages\/14138\/revisions\/14846"}],"wp:attachment":[{"href":"https:\/\/interregva-bb-pl.eu\/pl\/wp-json\/wp\/v2\/media?parent=14138"}],"curies":[{"name":"wp","href":"https:\/\/api.w.org\/{rel}","templated":true}]}}