{"id":14148,"date":"2021-02-25T06:12:42","date_gmt":"2021-02-25T13:12:42","guid":{"rendered":"https:\/\/interregva-bb-pl.eu\/?page_id=14148"},"modified":"2024-04-11T08:31:29","modified_gmt":"2024-04-11T15:31:29","slug":"85028287-2","status":"publish","type":"page","link":"https:\/\/interregva-bb-pl.eu\/pl\/85028287-2\/","title":{"rendered":"85028287"},"content":{"rendered":"<h3>Turystyczna waloryzacja historii Zakonu Joannit\u00f3w na polsko-niemieckim pograniczu<\/h3>\n<p>&nbsp;<\/p>\n<p><strong><img loading=\"lazy\" decoding=\"async\" class=\"thumbnail alignleft\" src=\"https:\/\/interregva-bb-pl.eu\/wp-content\/uploads\/2021\/02\/85028287_WEB_Fot1.png\" alt=\"\" width=\"451\" height=\"335\" \/>Partnerzy:<\/strong><br \/>\n&#8211; Gmina S\u0142o\u0144sk (BW)<br \/>\n&#8211; Johanniterorden\u00a0 \/ Zakon Joannit\u00f3w<br \/>\n&#8211; Stadt \/ Miasto Seelow<\/p>\n<p><strong>Dofinansowanie (EFRR):<\/strong> 1.231.533,38 EUR<\/p>\n<p><strong>Okres realizacji<\/strong>: 01.06.2019 &#8211; 30.09.2023<\/p>\n<p><strong>Cel:<\/strong><br \/>\nCelem g\u0142\u00f3wnym jest poprawa atrakcyjno\u015bci i aktywizacja wsp\u00f3lnego, ulokowanego w naturze dziedzictwa kulturowego, aby wzros\u0142a liczba os\u00f3b odwiedzaj\u0105cych region. W tym celu ma zosta\u0107 opracowany i stworzony transgraniczny szlak turystyczny joannickich miejscowo\u015bci na obszarze obj\u0119tym wsparciem. Szlak obejmuje zamek Joannit\u00f3w w S\u0142o\u0144sku jako centralny punkt wyj\u015bciowy, informacyjny i miejsce wydarze\u0144.<\/p>\n<p><strong>Przyk\u0142ady dzia\u0142a\u0144 w projekcie:<\/strong><\/p>\n<ul>\n<li>Prace budowlane przy zamku Joannit\u00f3w w S\u0142o\u0144sku<\/li>\n<li>Studia i dokumentacje<\/li>\n<li>Koncepcja turystyki i oznakowania miejscowo\u015bci joannickich na obszarze wsparcia<\/li>\n<li>Program rzeczywisto\u015bci rozszerzonej (aplikacja AR)<\/li>\n<li>Cyfrowy i plastyczny model 3D zamku Joannit\u00f3w<\/li>\n<li>Opracowanie i produkcja wystawy sta\u0142ej na zewn\u0105trz zamku Joannit\u00f3w w S\u0142o\u0144sku<\/li>\n<li>Tematyczne warsztaty i wyjazdy w celu opracowania i zastosowania tre\u015bci projektu<\/li>\n<li>Film wizerunkowy i dokumentalny o projekcie i produkcie turystycznym.<\/li>\n<li>Oznakowanie szlaku miejscowo\u015bci joannickich<\/li>\n<\/ul>\n","protected":false},"excerpt":{"rendered":"<p>Turystyczna waloryzacja historii Zakonu Joannit\u00f3w na polsko-niemieckim pograniczu &nbsp; Partnerzy: &#8211; Gmina S\u0142o\u0144sk (BW) &#8211; Johanniterorden\u00a0 \/ Zakon Joannit\u00f3w &#8211; Stadt \/ Miasto Seelow Dofinansowanie (EFRR): 1.231.533,38 EUR Okres realizacji: 01.06.2019 &#8211; 30.09.2023 Cel: Celem g\u0142\u00f3wnym jest poprawa atrakcyjno\u015bci i aktywizacja wsp\u00f3lnego, ulokowanego w naturze dziedzictwa kulturowego, aby wzros\u0142a liczba os\u00f3b odwiedzaj\u0105cych region. W tym [&hellip;]<\/p>\n","protected":false},"author":140,"featured_media":0,"parent":0,"menu_order":0,"comment_status":"closed","ping_status":"closed","template":"","meta":{"site-sidebar-layout":"default","site-content-layout":"default","ast-site-content-layout":"default","site-content-style":"default","site-sidebar-style":"default","ast-global-header-display":"","ast-banner-title-visibility":"","ast-main-header-display":"","ast-hfb-above-header-display":"","ast-hfb-below-header-display":"","ast-hfb-mobile-header-display":"","site-post-title":"","ast-breadcrumbs-content":"","ast-featured-img":"","footer-sml-layout":"","theme-transparent-header-meta":"default","adv-header-id-meta":"","stick-header-meta":"","header-above-stick-meta":"","header-main-stick-meta":"","header-below-stick-meta":"","astra-migrate-meta-layouts":"set","ast-page-background-enabled":"default","ast-page-background-meta":{"desktop":{"background-color":"","background-image":"","background-repeat":"repeat","background-position":"center center","background-size":"auto","background-attachment":"scroll","background-type":"","background-media":"","overlay-type":"","overlay-color":"","overlay-opacity":"","overlay-gradient":""},"tablet":{"background-color":"","background-image":"","background-repeat":"repeat","background-position":"center center","background-size":"auto","background-attachment":"scroll","background-type":"","background-media":"","overlay-type":"","overlay-color":"","overlay-opacity":"","overlay-gradient":""},"mobile":{"background-color":"","background-image":"","background-repeat":"repeat","background-position":"center center","background-size":"auto","background-attachment":"scroll","background-type":"","background-media":"","overlay-type":"","overlay-color":"","overlay-opacity":"","overlay-gradient":""}},"ast-content-background-meta":{"desktop":{"background-color":"var(--ast-global-color-5)","background-image":"","background-repeat":"repeat","background-position":"center center","background-size":"auto","background-attachment":"scroll","background-type":"","background-media":"","overlay-type":"","overlay-color":"","overlay-opacity":"","overlay-gradient":""},"tablet":{"background-color":"var(--ast-global-color-5)","background-image":"","background-repeat":"repeat","background-position":"center center","background-size":"auto","background-attachment":"scroll","background-type":"","background-media":"","overlay-type":"","overlay-color":"","overlay-opacity":"","overlay-gradient":""},"mobile":{"background-color":"var(--ast-global-color-5)","background-image":"","background-repeat":"repeat","background-position":"center center","background-size":"auto","background-attachment":"scroll","background-type":"","background-media":"","overlay-type":"","overlay-color":"","overlay-opacity":"","overlay-gradient":""}},"footnotes":""},"class_list":["post-14148","page","type-page","status-publish","hentry"],"_links":{"self":[{"href":"https:\/\/interregva-bb-pl.eu\/pl\/wp-json\/wp\/v2\/pages\/14148"}],"collection":[{"href":"https:\/\/interregva-bb-pl.eu\/pl\/wp-json\/wp\/v2\/pages"}],"about":[{"href":"https:\/\/interregva-bb-pl.eu\/pl\/wp-json\/wp\/v2\/types\/page"}],"author":[{"embeddable":true,"href":"https:\/\/interregva-bb-pl.eu\/pl\/wp-json\/wp\/v2\/users\/140"}],"replies":[{"embeddable":true,"href":"https:\/\/interregva-bb-pl.eu\/pl\/wp-json\/wp\/v2\/comments?post=14148"}],"version-history":[{"count":6,"href":"https:\/\/interregva-bb-pl.eu\/pl\/wp-json\/wp\/v2\/pages\/14148\/revisions"}],"predecessor-version":[{"id":18316,"href":"https:\/\/interregva-bb-pl.eu\/pl\/wp-json\/wp\/v2\/pages\/14148\/revisions\/18316"}],"wp:attachment":[{"href":"https:\/\/interregva-bb-pl.eu\/pl\/wp-json\/wp\/v2\/media?parent=14148"}],"curies":[{"name":"wp","href":"https:\/\/api.w.org\/{rel}","templated":true}]}}