{"id":14158,"date":"2021-02-25T06:58:01","date_gmt":"2021-02-25T13:58:01","guid":{"rendered":"https:\/\/interregva-bb-pl.eu\/?page_id=14158"},"modified":"2024-02-12T02:17:24","modified_gmt":"2024-02-12T09:17:24","slug":"85028553-2","status":"publish","type":"page","link":"https:\/\/interregva-bb-pl.eu\/pl\/85028553-2\/","title":{"rendered":"85028553"},"content":{"rendered":"<h3>Z parku do parku \u2013 z Theodorem Fontane w poszukiwaniu skarb\u00f3w dziedzictwa przyrody i kultury<\/h3>\n<p>&nbsp;<\/p>\n<p><strong><img loading=\"lazy\" decoding=\"async\" class=\"thumbnail alignleft\" src=\"https:\/\/interregva-bb-pl.eu\/wp-content\/uploads\/2021\/02\/85028553_WEB_Fot.png\" alt=\"\" width=\"349\" height=\"183\" \/>Partnerzy:\u00a0<\/strong><br \/>\n&#8211; Miasto Kostrzyn n. Odr\u0105 (BW)<br \/>\n&#8211; Verein Naturschutzpark M\u00e4rkische Schweiz e.V. \/ Stowarzyszenie Park Ochrony Przyrody Szwajcaria Marchijska st. rej.<br \/>\n&#8211; Gemeinde \/ Gmina Letschin<br \/>\n&#8211; Towarzystwo Przyjaci\u00f3\u0142 S\u0142o\u0144ska \u201eUnitis Viribus\u201c<br \/>\n&#8211; Naturpark M\u00e4rkische Schweiz \/ Park Ochrony Przyrody Szwajcaria Marchijska<br \/>\n&#8211; Park Narodowy \u201eUj\u015bcie Warty\u201c<\/p>\n<p><strong>Dofinansowanie (EFRR): <\/strong>2.060.463,30 EUR<\/p>\n<p><strong>Okres realizacji<\/strong>: 02.09.2019 &#8211; 30.04.2023<\/p>\n<p><strong><img loading=\"lazy\" decoding=\"async\" class=\"thumbnail alignright\" src=\"https:\/\/interregva-bb-pl.eu\/wp-content\/uploads\/2021\/02\/85028553_WEB_Plan.png\" alt=\"\" width=\"450\" height=\"467\" \/>Cel:<\/strong><br \/>\nG\u0142\u00f3wnym celem projektu jest po\u0142\u0105czenie, promocja i wykorzystanie wybranych miejsc dziedzictwa przyrodniczego i kulturowego na terenie park\u00f3w po obu stronach Odry. Za\u0142o\u017cenia parkowe i obszary chronione, zmodernizowane w rozwa\u017cny i ukierunkowany spos\u00f3b, zostan\u0105 po\u0142\u0105czone w nowotworzon\u0105, innowacyjn\u0105 i transgraniczn\u0105 ofert\u0119 turystyczn\u0105, kt\u00f3ra umo\u017cliwi bezpo\u015bredni kontakt z dziedzictwem przyrody i kultury szerokim rzeszom ludno\u015bci.<\/p>\n<p><strong><img loading=\"lazy\" decoding=\"async\" class=\"thumbnail alignleft\" src=\"https:\/\/interregva-bb-pl.eu\/wp-content\/uploads\/2021\/02\/85028553_WEB_Plan2.png\" alt=\"\" width=\"450\" height=\"305\" \/>Przyk\u0142ady dzia\u0142a\u0144 w projekcie:<\/strong><\/p>\n<ul>\n<li>Remont pomieszczenia seminaryjno-wystawowego \u201eAlte M\u00fchle\u201c<\/li>\n<li>Realizacja imprez edukacyjnych<\/li>\n<li>Opracowanie i zaplanowanie szlaku geocachingowego<\/li>\n<li>Przebudowa i nadanie nowej funkcji Parkowi edukacji przyrodniczej w Kostrzynie nad Odr\u0105<\/li>\n<li>Renowacja historycznego parku dworskiego w Wollup<\/li>\n<\/ul>\n<p>&nbsp;<\/p>\n","protected":false},"excerpt":{"rendered":"<p>Z parku do parku \u2013 z Theodorem Fontane w poszukiwaniu skarb\u00f3w dziedzictwa przyrody i kultury &nbsp; Partnerzy:\u00a0 &#8211; Miasto Kostrzyn n. Odr\u0105 (BW) &#8211; Verein Naturschutzpark M\u00e4rkische Schweiz e.V. \/ Stowarzyszenie Park Ochrony Przyrody Szwajcaria Marchijska st. rej. &#8211; Gemeinde \/ Gmina Letschin &#8211; Towarzystwo Przyjaci\u00f3\u0142 S\u0142o\u0144ska \u201eUnitis Viribus\u201c &#8211; Naturpark M\u00e4rkische Schweiz \/ Park [&hellip;]<\/p>\n","protected":false},"author":140,"featured_media":0,"parent":0,"menu_order":0,"comment_status":"closed","ping_status":"closed","template":"","meta":{"site-sidebar-layout":"default","site-content-layout":"default","ast-site-content-layout":"default","site-content-style":"default","site-sidebar-style":"default","ast-global-header-display":"","ast-banner-title-visibility":"","ast-main-header-display":"","ast-hfb-above-header-display":"","ast-hfb-below-header-display":"","ast-hfb-mobile-header-display":"","site-post-title":"","ast-breadcrumbs-content":"","ast-featured-img":"","footer-sml-layout":"","theme-transparent-header-meta":"default","adv-header-id-meta":"","stick-header-meta":"","header-above-stick-meta":"","header-main-stick-meta":"","header-below-stick-meta":"","astra-migrate-meta-layouts":"set","ast-page-background-enabled":"default","ast-page-background-meta":{"desktop":{"background-color":"","background-image":"","background-repeat":"repeat","background-position":"center center","background-size":"auto","background-attachment":"scroll","background-type":"","background-media":"","overlay-type":"","overlay-color":"","overlay-opacity":"","overlay-gradient":""},"tablet":{"background-color":"","background-image":"","background-repeat":"repeat","background-position":"center center","background-size":"auto","background-attachment":"scroll","background-type":"","background-media":"","overlay-type":"","overlay-color":"","overlay-opacity":"","overlay-gradient":""},"mobile":{"background-color":"","background-image":"","background-repeat":"repeat","background-position":"center center","background-size":"auto","background-attachment":"scroll","background-type":"","background-media":"","overlay-type":"","overlay-color":"","overlay-opacity":"","overlay-gradient":""}},"ast-content-background-meta":{"desktop":{"background-color":"var(--ast-global-color-5)","background-image":"","background-repeat":"repeat","background-position":"center center","background-size":"auto","background-attachment":"scroll","background-type":"","background-media":"","overlay-type":"","overlay-color":"","overlay-opacity":"","overlay-gradient":""},"tablet":{"background-color":"var(--ast-global-color-5)","background-image":"","background-repeat":"repeat","background-position":"center center","background-size":"auto","background-attachment":"scroll","background-type":"","background-media":"","overlay-type":"","overlay-color":"","overlay-opacity":"","overlay-gradient":""},"mobile":{"background-color":"var(--ast-global-color-5)","background-image":"","background-repeat":"repeat","background-position":"center center","background-size":"auto","background-attachment":"scroll","background-type":"","background-media":"","overlay-type":"","overlay-color":"","overlay-opacity":"","overlay-gradient":""}},"footnotes":""},"class_list":["post-14158","page","type-page","status-publish","hentry"],"_links":{"self":[{"href":"https:\/\/interregva-bb-pl.eu\/pl\/wp-json\/wp\/v2\/pages\/14158"}],"collection":[{"href":"https:\/\/interregva-bb-pl.eu\/pl\/wp-json\/wp\/v2\/pages"}],"about":[{"href":"https:\/\/interregva-bb-pl.eu\/pl\/wp-json\/wp\/v2\/types\/page"}],"author":[{"embeddable":true,"href":"https:\/\/interregva-bb-pl.eu\/pl\/wp-json\/wp\/v2\/users\/140"}],"replies":[{"embeddable":true,"href":"https:\/\/interregva-bb-pl.eu\/pl\/wp-json\/wp\/v2\/comments?post=14158"}],"version-history":[{"count":12,"href":"https:\/\/interregva-bb-pl.eu\/pl\/wp-json\/wp\/v2\/pages\/14158\/revisions"}],"predecessor-version":[{"id":18247,"href":"https:\/\/interregva-bb-pl.eu\/pl\/wp-json\/wp\/v2\/pages\/14158\/revisions\/18247"}],"wp:attachment":[{"href":"https:\/\/interregva-bb-pl.eu\/pl\/wp-json\/wp\/v2\/media?parent=14158"}],"curies":[{"name":"wp","href":"https:\/\/api.w.org\/{rel}","templated":true}]}}