{"id":14177,"date":"2021-02-25T07:22:16","date_gmt":"2021-02-25T14:22:16","guid":{"rendered":"https:\/\/interregva-bb-pl.eu\/?page_id=14177"},"modified":"2023-03-16T04:12:47","modified_gmt":"2023-03-16T11:12:47","slug":"85028106-2","status":"publish","type":"page","link":"https:\/\/interregva-bb-pl.eu\/pl\/85028106-2\/","title":{"rendered":"85028106"},"content":{"rendered":"<h3>ODRA VELO &#8211; ODER VELO Budowa systemu informacji turystycznej dla rozwoju infrastruktury rowerowej na pograniczu polsko-niemieckim<\/h3>\n<p>&nbsp;<\/p>\n<p><strong>Partnerzy projektu:<\/strong><br \/>\n&#8211; Wojew\u00f3dztwo Lubuskie (BW)<br \/>\n&#8211; Tourismusverband Seenland Oder-Spree e.V \/ Zwi\u0105zek Turystyczny Pojezierza Odrza\u0144sko-Szprewskiego stow. rej.<br \/>\n&#8211; Regionalna Dyrekcja Las\u00f3w Pa\u0144stwowych w Zielonej G\u00f3rze<br \/>\n&#8211; Regionalna Dyrekcja Las\u00f3w Pa\u0144stwowych w Szczecinie<\/p>\n<p><strong>Dofinansowanie (EFRR): <\/strong>1.901.666,82 Euro<\/p>\n<p><strong>Okres realizacji: <\/strong>01.01.2019 &#8211; 30.06.2023<\/p>\n<p><strong>Cel<\/strong><strong>:<\/strong><br \/>\nProjekt ma na celu r\u00f3wnie\u017c stworzenie rozpoznawalnej marki turystycznej na obszarze wsparcia poprzez budow\u0119 systemu informacji turystycznej dla rozwoju infrastruktury rowerowej na pograniczu polsko-niemieckim oraz wyznaczeniu sieci szlak\u00f3w turystyki rowerowej, bazowanej na istniej\u0105cej infrastrukturze b\u0119d\u0105cej w dyspozycji jednostek samorz\u0105du terytorialnego (gminy, powiaty, wojew\u00f3dztwo, landu), Skarbu Pa\u0144stwa, Regionalnej Dyrekcji Las\u00f3w Pa\u0144stwowych oraz Zwi\u0105zku Turystycznego Pojezierza Odrza\u0144sko-Szprewskiego z Bad Saarow.<\/p>\n<p><strong>Przyk\u0142ady dzia\u0142a\u0144 w projekcie:<\/strong><\/p>\n<ul>\n<li>digitalizacja danych pozyskanych do przygotowania pol-niem oferty<\/li>\n<li>wykonanie opracowanie Master Planu przebiegu szlak\u00f3w w wojew\u00f3dztwie lubuskim ze \u015bcie\u017ckami w kierunku Niemiec z udzia\u0142em wszystkich partner\u00f3w<\/li>\n<li>zakup urz\u0105dze\u0144 multimedialnych i ich instalacja po stronie niemieckiej i polskiej<\/li>\n<li>wykonanie aplikacji multimedialnej w oparciu o opracowan\u0105 koncepcj\u0119 przebiegu szlak\u00f3w na obszarze wsparcia wraz z ofert\u0105 turystyczn\u0105,<\/li>\n<li>znakowanie szlak\u00f3w po stronie pol i niem. i monta\u017c ma\u0142ej infrastruktury (\u015bmietniki, stacje naprawcze, wg Master Planu).<\/li>\n<\/ul>\n<p>&nbsp;<\/p>\n","protected":false},"excerpt":{"rendered":"<p>ODRA VELO &#8211; ODER VELO Budowa systemu informacji turystycznej dla rozwoju infrastruktury rowerowej na pograniczu polsko-niemieckim &nbsp; Partnerzy projektu: &#8211; Wojew\u00f3dztwo Lubuskie (BW) &#8211; Tourismusverband Seenland Oder-Spree e.V \/ Zwi\u0105zek Turystyczny Pojezierza Odrza\u0144sko-Szprewskiego stow. rej. &#8211; Regionalna Dyrekcja Las\u00f3w Pa\u0144stwowych w Zielonej G\u00f3rze &#8211; Regionalna Dyrekcja Las\u00f3w Pa\u0144stwowych w Szczecinie Dofinansowanie (EFRR): 1.901.666,82 Euro Okres [&hellip;]<\/p>\n","protected":false},"author":140,"featured_media":0,"parent":0,"menu_order":0,"comment_status":"closed","ping_status":"closed","template":"","meta":{"site-sidebar-layout":"default","site-content-layout":"default","ast-site-content-layout":"","site-content-style":"default","site-sidebar-style":"default","ast-global-header-display":"","ast-banner-title-visibility":"","ast-main-header-display":"","ast-hfb-above-header-display":"","ast-hfb-below-header-display":"","ast-hfb-mobile-header-display":"","site-post-title":"","ast-breadcrumbs-content":"","ast-featured-img":"","footer-sml-layout":"","theme-transparent-header-meta":"default","adv-header-id-meta":"","stick-header-meta":"","header-above-stick-meta":"","header-main-stick-meta":"","header-below-stick-meta":"","astra-migrate-meta-layouts":"default","ast-page-background-enabled":"default","ast-page-background-meta":{"desktop":{"background-color":"","background-image":"","background-repeat":"repeat","background-position":"center center","background-size":"auto","background-attachment":"scroll","background-type":"","background-media":"","overlay-type":"","overlay-color":"","overlay-opacity":"","overlay-gradient":""},"tablet":{"background-color":"","background-image":"","background-repeat":"repeat","background-position":"center center","background-size":"auto","background-attachment":"scroll","background-type":"","background-media":"","overlay-type":"","overlay-color":"","overlay-opacity":"","overlay-gradient":""},"mobile":{"background-color":"","background-image":"","background-repeat":"repeat","background-position":"center center","background-size":"auto","background-attachment":"scroll","background-type":"","background-media":"","overlay-type":"","overlay-color":"","overlay-opacity":"","overlay-gradient":""}},"ast-content-background-meta":{"desktop":{"background-color":"var(--ast-global-color-5)","background-image":"","background-repeat":"repeat","background-position":"center center","background-size":"auto","background-attachment":"scroll","background-type":"","background-media":"","overlay-type":"","overlay-color":"","overlay-opacity":"","overlay-gradient":""},"tablet":{"background-color":"var(--ast-global-color-5)","background-image":"","background-repeat":"repeat","background-position":"center center","background-size":"auto","background-attachment":"scroll","background-type":"","background-media":"","overlay-type":"","overlay-color":"","overlay-opacity":"","overlay-gradient":""},"mobile":{"background-color":"var(--ast-global-color-5)","background-image":"","background-repeat":"repeat","background-position":"center center","background-size":"auto","background-attachment":"scroll","background-type":"","background-media":"","overlay-type":"","overlay-color":"","overlay-opacity":"","overlay-gradient":""}},"footnotes":""},"class_list":["post-14177","page","type-page","status-publish","hentry"],"_links":{"self":[{"href":"https:\/\/interregva-bb-pl.eu\/pl\/wp-json\/wp\/v2\/pages\/14177"}],"collection":[{"href":"https:\/\/interregva-bb-pl.eu\/pl\/wp-json\/wp\/v2\/pages"}],"about":[{"href":"https:\/\/interregva-bb-pl.eu\/pl\/wp-json\/wp\/v2\/types\/page"}],"author":[{"embeddable":true,"href":"https:\/\/interregva-bb-pl.eu\/pl\/wp-json\/wp\/v2\/users\/140"}],"replies":[{"embeddable":true,"href":"https:\/\/interregva-bb-pl.eu\/pl\/wp-json\/wp\/v2\/comments?post=14177"}],"version-history":[{"count":5,"href":"https:\/\/interregva-bb-pl.eu\/pl\/wp-json\/wp\/v2\/pages\/14177\/revisions"}],"predecessor-version":[{"id":17681,"href":"https:\/\/interregva-bb-pl.eu\/pl\/wp-json\/wp\/v2\/pages\/14177\/revisions\/17681"}],"wp:attachment":[{"href":"https:\/\/interregva-bb-pl.eu\/pl\/wp-json\/wp\/v2\/media?parent=14177"}],"curies":[{"name":"wp","href":"https:\/\/api.w.org\/{rel}","templated":true}]}}