{"id":14185,"date":"2021-02-25T07:33:36","date_gmt":"2021-02-25T14:33:36","guid":{"rendered":"https:\/\/interregva-bb-pl.eu\/?page_id=14185"},"modified":"2023-07-06T02:06:20","modified_gmt":"2023-07-06T09:06:20","slug":"85029101-2","status":"publish","type":"page","link":"https:\/\/interregva-bb-pl.eu\/pl\/85029101-2\/","title":{"rendered":"85029101"},"content":{"rendered":"<h3>Przebudowa i rozbudowa Muzeum Woldenberczyk\u00f3w na rzecz rozwoju transgranicznej wsp\u00f3\u0142pracy turystycznej<\/h3>\n<p>&nbsp;<\/p>\n<p><strong><img loading=\"lazy\" decoding=\"async\" class=\"size-full wp-image-11073 alignleft\" src=\"https:\/\/interregva-bb-pl.eu\/wp-content\/uploads\/2019\/11\/1.jpg\" alt=\"\" width=\"236\" height=\"509\" srcset=\"https:\/\/interregva-bb-pl.eu\/wp-content\/uploads\/2019\/11\/1.jpg 236w, https:\/\/interregva-bb-pl.eu\/wp-content\/uploads\/2019\/11\/1-70x150.jpg 70w, https:\/\/interregva-bb-pl.eu\/wp-content\/uploads\/2019\/11\/1-139x300.jpg 139w\" sizes=\"(max-width: 236px) 100vw, 236px\" \/>Partnerzy:<\/strong><br \/>\n&#8211; Gmina Dobiegniew (BW)<br \/>\n&#8211; Verein Fantom e.V. \/ Stowarzyszenie Fantom stow. rej.<\/p>\n<p><strong>Dofinansowanie:\u00a0 <\/strong>1.232.134,62 EUR<\/p>\n<p><strong>Okres realizacji: <\/strong>01.01.2019 &#8211; 31.08.2023<\/p>\n<p><strong>Cel:<\/strong><br \/>\nCelem projektu jest rozw\u00f3j i rozpowszechnianie wsp\u00f3lnych transgranicznych ofert maj\u0105cych na celu popraw\u0119 marketingu potencja\u0142u regionalnego, co odbywa\u0107 si\u0119 b\u0119dzie na bazie dziedzictwa kulturalnego Woldenberczyk\u00f3w (Oflag II C) i atrakcji kulturalnych zlokalizowanych po niemieckiej stronie wsparcia, w tym przede wszystkimna terenie Amt Golzow oraz Powiatu Maerkisch Oderland (MOL).<\/p>\n<p>We wsp\u00f3\u0142pracy pomi\u0119dzy Gmin\u0105 Dobiegniew a Stowarzyszeniem \u201eFantom e.V.\u201d powstanie transgraniczny produkt turystyczny, w oparciu o dziedzictwo Woldenberczyk\u00f3w oraz innych pami\u0105tek po II W\u015a, zlokalizowanych na obszarze wsparcia po obu stronach granicy, a stanowi\u0105ce wsp\u00f3lne transgraniczne dziedzictwo kultury.<\/p>\n<p><img loading=\"lazy\" decoding=\"async\" class=\"alignnone size-full wp-image-11075\" src=\"https:\/\/interregva-bb-pl.eu\/wp-content\/uploads\/2019\/11\/dbiegniew.jpg\" alt=\"\" width=\"1018\" height=\"419\" srcset=\"https:\/\/interregva-bb-pl.eu\/wp-content\/uploads\/2019\/11\/dbiegniew.jpg 1018w, https:\/\/interregva-bb-pl.eu\/wp-content\/uploads\/2019\/11\/dbiegniew-150x62.jpg 150w, https:\/\/interregva-bb-pl.eu\/wp-content\/uploads\/2019\/11\/dbiegniew-300x123.jpg 300w, https:\/\/interregva-bb-pl.eu\/wp-content\/uploads\/2019\/11\/dbiegniew-768x316.jpg 768w\" sizes=\"(max-width: 1018px) 100vw, 1018px\" \/><\/p>\n<p><strong>Przyk\u0142ady dzia\u0142a\u0144 w projekcie:<\/strong><\/p>\n<ul>\n<li>Modernizacja i rozbudowa obiektu Muzeum Woldenberczyk\u00f3w<\/li>\n<li>Konferencja popularno-naukowa<\/li>\n<li>Wymiana m\u0142odzie\u017cy polskiej i niemieckiej<\/li>\n<li>Debata historyczna<\/li>\n<li>Zjazd rodzin Woldenberskich<\/li>\n<li>Wystawy czasowe<\/li>\n<li>Rajd szlakiem ewakuacji obozu IIC<\/li>\n<li>Uroczysto\u015bci w Dziedzicach<\/li>\n<li>Produkcja filmu promocyjnego<\/li>\n<li>Materia\u0142y promocyjne<\/li>\n<li>Aplikacja mobilne<\/li>\n<li>Publikacje<\/li>\n<\/ul>\n<p>&nbsp;<\/p>\n","protected":false},"excerpt":{"rendered":"<p>Przebudowa i rozbudowa Muzeum Woldenberczyk\u00f3w na rzecz rozwoju transgranicznej wsp\u00f3\u0142pracy turystycznej &nbsp; Partnerzy: &#8211; Gmina Dobiegniew (BW) &#8211; Verein Fantom e.V. \/ Stowarzyszenie Fantom stow. rej. Dofinansowanie:\u00a0 1.232.134,62 EUR Okres realizacji: 01.01.2019 &#8211; 31.08.2023 Cel: Celem projektu jest rozw\u00f3j i rozpowszechnianie wsp\u00f3lnych transgranicznych ofert maj\u0105cych na celu popraw\u0119 marketingu potencja\u0142u regionalnego, co odbywa\u0107 si\u0119 b\u0119dzie [&hellip;]<\/p>\n","protected":false},"author":140,"featured_media":0,"parent":0,"menu_order":0,"comment_status":"closed","ping_status":"closed","template":"","meta":{"site-sidebar-layout":"default","site-content-layout":"default","ast-site-content-layout":"","site-content-style":"default","site-sidebar-style":"default","ast-global-header-display":"","ast-banner-title-visibility":"","ast-main-header-display":"","ast-hfb-above-header-display":"","ast-hfb-below-header-display":"","ast-hfb-mobile-header-display":"","site-post-title":"","ast-breadcrumbs-content":"","ast-featured-img":"","footer-sml-layout":"","theme-transparent-header-meta":"default","adv-header-id-meta":"","stick-header-meta":"","header-above-stick-meta":"","header-main-stick-meta":"","header-below-stick-meta":"","astra-migrate-meta-layouts":"default","ast-page-background-enabled":"default","ast-page-background-meta":{"desktop":{"background-color":"","background-image":"","background-repeat":"repeat","background-position":"center center","background-size":"auto","background-attachment":"scroll","background-type":"","background-media":"","overlay-type":"","overlay-color":"","overlay-opacity":"","overlay-gradient":""},"tablet":{"background-color":"","background-image":"","background-repeat":"repeat","background-position":"center center","background-size":"auto","background-attachment":"scroll","background-type":"","background-media":"","overlay-type":"","overlay-color":"","overlay-opacity":"","overlay-gradient":""},"mobile":{"background-color":"","background-image":"","background-repeat":"repeat","background-position":"center center","background-size":"auto","background-attachment":"scroll","background-type":"","background-media":"","overlay-type":"","overlay-color":"","overlay-opacity":"","overlay-gradient":""}},"ast-content-background-meta":{"desktop":{"background-color":"var(--ast-global-color-5)","background-image":"","background-repeat":"repeat","background-position":"center center","background-size":"auto","background-attachment":"scroll","background-type":"","background-media":"","overlay-type":"","overlay-color":"","overlay-opacity":"","overlay-gradient":""},"tablet":{"background-color":"var(--ast-global-color-5)","background-image":"","background-repeat":"repeat","background-position":"center center","background-size":"auto","background-attachment":"scroll","background-type":"","background-media":"","overlay-type":"","overlay-color":"","overlay-opacity":"","overlay-gradient":""},"mobile":{"background-color":"var(--ast-global-color-5)","background-image":"","background-repeat":"repeat","background-position":"center center","background-size":"auto","background-attachment":"scroll","background-type":"","background-media":"","overlay-type":"","overlay-color":"","overlay-opacity":"","overlay-gradient":""}},"footnotes":""},"class_list":["post-14185","page","type-page","status-publish","hentry"],"_links":{"self":[{"href":"https:\/\/interregva-bb-pl.eu\/pl\/wp-json\/wp\/v2\/pages\/14185"}],"collection":[{"href":"https:\/\/interregva-bb-pl.eu\/pl\/wp-json\/wp\/v2\/pages"}],"about":[{"href":"https:\/\/interregva-bb-pl.eu\/pl\/wp-json\/wp\/v2\/types\/page"}],"author":[{"embeddable":true,"href":"https:\/\/interregva-bb-pl.eu\/pl\/wp-json\/wp\/v2\/users\/140"}],"replies":[{"embeddable":true,"href":"https:\/\/interregva-bb-pl.eu\/pl\/wp-json\/wp\/v2\/comments?post=14185"}],"version-history":[{"count":6,"href":"https:\/\/interregva-bb-pl.eu\/pl\/wp-json\/wp\/v2\/pages\/14185\/revisions"}],"predecessor-version":[{"id":18038,"href":"https:\/\/interregva-bb-pl.eu\/pl\/wp-json\/wp\/v2\/pages\/14185\/revisions\/18038"}],"wp:attachment":[{"href":"https:\/\/interregva-bb-pl.eu\/pl\/wp-json\/wp\/v2\/media?parent=14185"}],"curies":[{"name":"wp","href":"https:\/\/api.w.org\/{rel}","templated":true}]}}