{"id":14193,"date":"2021-02-25T07:46:30","date_gmt":"2021-02-25T14:46:30","guid":{"rendered":"https:\/\/interregva-bb-pl.eu\/?page_id=14193"},"modified":"2023-09-25T04:18:52","modified_gmt":"2023-09-25T11:18:52","slug":"85027374-2","status":"publish","type":"page","link":"https:\/\/interregva-bb-pl.eu\/pl\/85027374-2\/","title":{"rendered":"85027374"},"content":{"rendered":"<h3><strong> Zachowa\u0107 i odkrywa\u0107 \u2013 r\u00f3\u017cany most hrabiego Br\u00fchla<\/strong><\/h3>\n<p>&nbsp;<\/p>\n<p><strong><img loading=\"lazy\" decoding=\"async\" class=\"details-image alignleft\" draggable=\"false\" src=\"https:\/\/interregva-bb-pl.eu\/wp-content\/uploads\/2020\/10\/BildIn-811x1024.png\" alt=\"\" width=\"448\" height=\"566\" \/><\/strong><\/p>\n<p><strong>Partnerzy: <\/strong><br \/>\n&#8211; Stadt \/ Miasto Forst (Lausitz) (BW)<br \/>\n&#8211; Gmina Brody<\/p>\n<p><strong>Dofinansowanie (EFRR): <\/strong>1.632.972,77 EUR<\/p>\n<p><strong>Okres realizacji: <\/strong>01.10.2018 \u2013 30.11.2023<\/p>\n<p><strong>Cel:<\/strong><br \/>\nPlanowane dzia\u0142ania przyczyni\u0105 si\u0119 do trwa\u0142ego rozwoju infrastruktury turystycznej o charakterze transgranicznym w Brodach i Forst. Ogr\u00f3d R\u00f3\u017cany w Forst i Park Przypa\u0142acowy w Brodach b\u0119d\u0105 przy tym oddzia\u0142ywa\u0107 jak filary nowego turystycznego \u201eMostu R\u00f3\u017canego Br\u00fchla\u201d. Atrakcyjno\u015b\u0107 dziedzictwa kulturalnego w obu miejscach podniesiona zostanie do nowego poziomu i uruchomiony samonap\u0119dzaj\u0105cy si\u0119 proces, po\u0142\u0105czony z du\u017cym wzrostem liczby zwiedzaj\u0105cych z takich podgrup docelowych jak: rowerzy\u015bci, mi\u0142o\u015bnicy ogrod\u00f3w, rodziny, tury\u015bci zainteresowani histori\u0105 i innych grup, do kt\u00f3rych dotychczasowa oferta z Forst i Brod\u00f3w do tej pory jeszcze nie dotar\u0142a. Centralna grupa docelowa to mieszka\u0144cy regionu oraz wymienieni powy\u017cej tury\u015bci spoza regionu. Og\u00f3lnie liczebno\u015b\u0107 g\u0142\u00f3wnej grupy docelowej to oko\u0142o 1,2 miliona os\u00f3b corocznie odwiedzaj\u0105cych EZP\u0141.<\/p>\n<p>Do najwa\u017cniejszych dzia\u0142a\u0144 w projekcie nale\u017c\u0105:<\/p>\n<ul>\n<li>Przekszta\u0142cenie budynku po\u0142o\u017conego bezpo\u015brednio przy Parku Przypa\u0142acowym w Brodach w centrum turystyczne (CKT),<\/li>\n<li>Renowacja 3 punkt\u00f3w serwisowych dla go\u015bci we Wschodnioniemieckim Ogrodzie R\u00f3\u017canym<\/li>\n<li>Stworzenie budynku do zimowania ro\u015blin wra\u017cliwych na mr\u00f3z we Wschodnioniemieckim Ogrodzie R\u00f3\u017canym<\/li>\n<li>Konkurs dla uczni\u00f3w polskich i niemieckich szk\u00f3\u0142 na logo Mostu Hrabiego Br\u00fchla<\/li>\n<li>Stworzenie polsko-niemieckiego przewodnika i przewodnika audio po Parku Przypa\u0142acowym w Brodach i Wschodnioniemieckim Ogrodzie R\u00f3\u017canym oraz kalendarza imprez<\/li>\n<li>Impreza ko\u0144cz\u0105ca projekt<\/li>\n<\/ul>\n","protected":false},"excerpt":{"rendered":"<p>Zachowa\u0107 i odkrywa\u0107 \u2013 r\u00f3\u017cany most hrabiego Br\u00fchla &nbsp; Partnerzy: &#8211; Stadt \/ Miasto Forst (Lausitz) (BW) &#8211; Gmina Brody Dofinansowanie (EFRR): 1.632.972,77 EUR Okres realizacji: 01.10.2018 \u2013 30.11.2023 Cel: Planowane dzia\u0142ania przyczyni\u0105 si\u0119 do trwa\u0142ego rozwoju infrastruktury turystycznej o charakterze transgranicznym w Brodach i Forst. Ogr\u00f3d R\u00f3\u017cany w Forst i Park Przypa\u0142acowy w Brodach [&hellip;]<\/p>\n","protected":false},"author":140,"featured_media":0,"parent":0,"menu_order":0,"comment_status":"closed","ping_status":"closed","template":"","meta":{"site-sidebar-layout":"default","site-content-layout":"default","ast-site-content-layout":"default","site-content-style":"default","site-sidebar-style":"default","ast-global-header-display":"","ast-banner-title-visibility":"","ast-main-header-display":"","ast-hfb-above-header-display":"","ast-hfb-below-header-display":"","ast-hfb-mobile-header-display":"","site-post-title":"","ast-breadcrumbs-content":"","ast-featured-img":"","footer-sml-layout":"","theme-transparent-header-meta":"default","adv-header-id-meta":"","stick-header-meta":"","header-above-stick-meta":"","header-main-stick-meta":"","header-below-stick-meta":"","astra-migrate-meta-layouts":"set","ast-page-background-enabled":"default","ast-page-background-meta":{"desktop":{"background-color":"","background-image":"","background-repeat":"repeat","background-position":"center center","background-size":"auto","background-attachment":"scroll","background-type":"","background-media":"","overlay-type":"","overlay-color":"","overlay-opacity":"","overlay-gradient":""},"tablet":{"background-color":"","background-image":"","background-repeat":"repeat","background-position":"center center","background-size":"auto","background-attachment":"scroll","background-type":"","background-media":"","overlay-type":"","overlay-color":"","overlay-opacity":"","overlay-gradient":""},"mobile":{"background-color":"","background-image":"","background-repeat":"repeat","background-position":"center center","background-size":"auto","background-attachment":"scroll","background-type":"","background-media":"","overlay-type":"","overlay-color":"","overlay-opacity":"","overlay-gradient":""}},"ast-content-background-meta":{"desktop":{"background-color":"var(--ast-global-color-5)","background-image":"","background-repeat":"repeat","background-position":"center center","background-size":"auto","background-attachment":"scroll","background-type":"","background-media":"","overlay-type":"","overlay-color":"","overlay-opacity":"","overlay-gradient":""},"tablet":{"background-color":"var(--ast-global-color-5)","background-image":"","background-repeat":"repeat","background-position":"center center","background-size":"auto","background-attachment":"scroll","background-type":"","background-media":"","overlay-type":"","overlay-color":"","overlay-opacity":"","overlay-gradient":""},"mobile":{"background-color":"var(--ast-global-color-5)","background-image":"","background-repeat":"repeat","background-position":"center center","background-size":"auto","background-attachment":"scroll","background-type":"","background-media":"","overlay-type":"","overlay-color":"","overlay-opacity":"","overlay-gradient":""}},"footnotes":""},"class_list":["post-14193","page","type-page","status-publish","hentry"],"_links":{"self":[{"href":"https:\/\/interregva-bb-pl.eu\/pl\/wp-json\/wp\/v2\/pages\/14193"}],"collection":[{"href":"https:\/\/interregva-bb-pl.eu\/pl\/wp-json\/wp\/v2\/pages"}],"about":[{"href":"https:\/\/interregva-bb-pl.eu\/pl\/wp-json\/wp\/v2\/types\/page"}],"author":[{"embeddable":true,"href":"https:\/\/interregva-bb-pl.eu\/pl\/wp-json\/wp\/v2\/users\/140"}],"replies":[{"embeddable":true,"href":"https:\/\/interregva-bb-pl.eu\/pl\/wp-json\/wp\/v2\/comments?post=14193"}],"version-history":[{"count":5,"href":"https:\/\/interregva-bb-pl.eu\/pl\/wp-json\/wp\/v2\/pages\/14193\/revisions"}],"predecessor-version":[{"id":18098,"href":"https:\/\/interregva-bb-pl.eu\/pl\/wp-json\/wp\/v2\/pages\/14193\/revisions\/18098"}],"wp:attachment":[{"href":"https:\/\/interregva-bb-pl.eu\/pl\/wp-json\/wp\/v2\/media?parent=14193"}],"curies":[{"name":"wp","href":"https:\/\/api.w.org\/{rel}","templated":true}]}}