{"id":14206,"date":"2021-02-25T08:03:33","date_gmt":"2021-02-25T15:03:33","guid":{"rendered":"https:\/\/interregva-bb-pl.eu\/?page_id=14206"},"modified":"2023-09-25T04:32:59","modified_gmt":"2023-09-25T11:32:59","slug":"85029050-2","status":"publish","type":"page","link":"https:\/\/interregva-bb-pl.eu\/pl\/85029050-2\/","title":{"rendered":"85029050"},"content":{"rendered":"<h3>Na szlaku wsp\u00f3lnej historii<\/h3>\n<p>&nbsp;<\/p>\n<p><strong><img loading=\"lazy\" decoding=\"async\" class=\"details-image alignleft\" draggable=\"false\" src=\"https:\/\/interregva-bb-pl.eu\/wp-content\/uploads\/2020\/11\/85029050_Website-Gesamtbild-539x1024.jpg\" alt=\"\" width=\"378\" height=\"718\" \/>Partnerzy projektu: <\/strong><br \/>\n&#8211; Mi\u0119dzyrzecki Rejon Umocniony \u2013 Muzeum Fortyfikacji i Nietoperzy w Pniewie (BW)<br \/>\n&#8211; Landkreis M\u00e4rkisch-Oderland \/ Powiat Marchia-Nadodrze<\/p>\n<p><strong>Dofinansowanie (EFRR): <\/strong>1.456.163,54 EUR<\/p>\n<p><strong>Okres realizacji: <\/strong>01.12.2019 &#8211; 31.08.2023<\/p>\n<p><strong>Cel:<\/strong><br \/>\nCelem projektu jest rozw\u00f3j i rozpowszechnianie wsp\u00f3lnych transgranicznych ofert maj\u0105cych na celu popraw\u0119 marketingu potencja\u0142u regionalnego mi\u0119dzy Muzeum Fortyfikacji i Nietoperzy w Pniewie a Miejscem Pami\u0119ci Wzg\u00f3rz Seelowskich w Seelow.<br \/>\nObaj partnerzy projektu poszerz\u0105 swoj\u0105 przestrze\u0144 wystawiennicz\u0105, aby pe\u0142niej wykorzysta\u0107 sw\u00f3j potencja\u0142. Stwarza to impulsy w dziedzinie turystyki i ochrony dziedzictwa naturalnego i kulturowego. W obu muzeach powstaj\u0105 nowe ekspozycje. Najwa\u017cniejsz\u0105 atrakcj\u0105 Pniewa s\u0105 obiekty fortyfikacyjne zwi\u0105zane systemem podziemnej komunikacji, kt\u00f3rego kluczowym elementem by\u0142a elektryczna kolejka. Dla u\u0142atwienia komunikacji mi\u0119dzy obiektami i jak najwierniejszego odwzorowania reali\u00f3w bytowania za\u0142ogi dawnego systemu umocnie\u0144 w ramach projektu nabyte zostan\u0105 i uruchomione odpowiednie lokomotywy i wagony, kt\u00f3re stan\u0105 si\u0119 cz\u0119\u015bci\u0105 rozbudowanej ekspozycji muzealnej. Kolejka obs\u0142ugiwa\u0107 b\u0119dzie zar\u00f3wno wycieczki, jak i s\u0142u\u017cy\u0107 lekcjom muzealnym.<br \/>\nJako wk\u0142ad w piel\u0119gnowanie europejskiej kultury pami\u0119ci opracowana zostanie przy udziale m\u0142odzie\u017cy szkolnej wsp\u00f3lna koncepcja dydaktyczna. W oparciu o ni\u0105 stworzony zostanie wsp\u00f3lny transgraniczny produkt turystyczny, kt\u00f3ry b\u0119dzie stanowi\u0142 ofert\u0119 obu obiekt\u00f3w, prezentowan\u0105 w kilku j\u0119zykach. Dzia\u0142ania partner\u00f3w maj\u0105 na celu umo\u017cliwienie zwiedzaj\u0105cym lepszego do\u015bwiadczenia historycznych miejsc i powi\u0105zanie ich z istniej\u0105cym dziedzictwem naturalnym i kulturowym. \u015aci\u015blejsze zwi\u0105zanie ze sob\u0105 miejsc pami\u0119ci po obu stronach Odry daje impuls do rozwoju zr\u00f3wnowa\u017conej turystyki.<\/p>\n<p><strong>Przyk\u0142ady dzia\u0142a\u0144:<\/strong><\/p>\n<ul>\n<li>Realizacja rob\u00f3t budowlanych w Seelow i w Pniewie, celem stworzenia dw\u00f3ch przestrzeni wystawowych na wsp\u00f3lne wystawy.<\/li>\n<li>Zakup taboru koleiki podziemnej na u\u017cytek Muzeum w Pniewie.<\/li>\n<li>Opracowanie za\u0142o\u017ce\u0144 wsp\u00f3lnej edukacyjnej koncepcji dla lekcji muzealnych.<\/li>\n<li>Wdro\u017cenie koncepcji z oko\u0142o 10 uczniami z regionu przygranicznego.<\/li>\n<li>Stworzenie w oparciu o wypracowan\u0105 przez m\u0142odzie\u017c koncepcj\u0119 produktu turystycznego, kt\u00f3ry stanowi\u0107 b\u0119dzie wsp\u00f3ln\u0105 ofert\u0119 dla m\u0142odzie\u017cy i doros\u0142ych obu Muze\u00f3w.<\/li>\n<li>Przygotowanie wieloj\u0119zycznych materia\u0142\u00f3w promocyjnych.<\/li>\n<li>Stworzenie wieloj\u0119zycznej aplikacji mobilnej, celem realizacji dzia\u0142a\u0144 informacyjno-promocyjnych zar\u00f3wno dla wsp\u00f3lnego produktu turystycznego, jak i celem promocji projektu.<\/li>\n<\/ul>\n","protected":false},"excerpt":{"rendered":"<p>Na szlaku wsp\u00f3lnej historii &nbsp; Partnerzy projektu: &#8211; Mi\u0119dzyrzecki Rejon Umocniony \u2013 Muzeum Fortyfikacji i Nietoperzy w Pniewie (BW) &#8211; Landkreis M\u00e4rkisch-Oderland \/ Powiat Marchia-Nadodrze Dofinansowanie (EFRR): 1.456.163,54 EUR Okres realizacji: 01.12.2019 &#8211; 31.08.2023 Cel: Celem projektu jest rozw\u00f3j i rozpowszechnianie wsp\u00f3lnych transgranicznych ofert maj\u0105cych na celu popraw\u0119 marketingu potencja\u0142u regionalnego mi\u0119dzy Muzeum Fortyfikacji i [&hellip;]<\/p>\n","protected":false},"author":140,"featured_media":0,"parent":0,"menu_order":0,"comment_status":"closed","ping_status":"closed","template":"","meta":{"site-sidebar-layout":"default","site-content-layout":"default","ast-site-content-layout":"default","site-content-style":"default","site-sidebar-style":"default","ast-global-header-display":"","ast-banner-title-visibility":"","ast-main-header-display":"","ast-hfb-above-header-display":"","ast-hfb-below-header-display":"","ast-hfb-mobile-header-display":"","site-post-title":"","ast-breadcrumbs-content":"","ast-featured-img":"","footer-sml-layout":"","theme-transparent-header-meta":"default","adv-header-id-meta":"","stick-header-meta":"","header-above-stick-meta":"","header-main-stick-meta":"","header-below-stick-meta":"","astra-migrate-meta-layouts":"set","ast-page-background-enabled":"default","ast-page-background-meta":{"desktop":{"background-color":"","background-image":"","background-repeat":"repeat","background-position":"center center","background-size":"auto","background-attachment":"scroll","background-type":"","background-media":"","overlay-type":"","overlay-color":"","overlay-opacity":"","overlay-gradient":""},"tablet":{"background-color":"","background-image":"","background-repeat":"repeat","background-position":"center center","background-size":"auto","background-attachment":"scroll","background-type":"","background-media":"","overlay-type":"","overlay-color":"","overlay-opacity":"","overlay-gradient":""},"mobile":{"background-color":"","background-image":"","background-repeat":"repeat","background-position":"center center","background-size":"auto","background-attachment":"scroll","background-type":"","background-media":"","overlay-type":"","overlay-color":"","overlay-opacity":"","overlay-gradient":""}},"ast-content-background-meta":{"desktop":{"background-color":"var(--ast-global-color-5)","background-image":"","background-repeat":"repeat","background-position":"center center","background-size":"auto","background-attachment":"scroll","background-type":"","background-media":"","overlay-type":"","overlay-color":"","overlay-opacity":"","overlay-gradient":""},"tablet":{"background-color":"var(--ast-global-color-5)","background-image":"","background-repeat":"repeat","background-position":"center center","background-size":"auto","background-attachment":"scroll","background-type":"","background-media":"","overlay-type":"","overlay-color":"","overlay-opacity":"","overlay-gradient":""},"mobile":{"background-color":"var(--ast-global-color-5)","background-image":"","background-repeat":"repeat","background-position":"center center","background-size":"auto","background-attachment":"scroll","background-type":"","background-media":"","overlay-type":"","overlay-color":"","overlay-opacity":"","overlay-gradient":""}},"footnotes":""},"class_list":["post-14206","page","type-page","status-publish","hentry"],"_links":{"self":[{"href":"https:\/\/interregva-bb-pl.eu\/pl\/wp-json\/wp\/v2\/pages\/14206"}],"collection":[{"href":"https:\/\/interregva-bb-pl.eu\/pl\/wp-json\/wp\/v2\/pages"}],"about":[{"href":"https:\/\/interregva-bb-pl.eu\/pl\/wp-json\/wp\/v2\/types\/page"}],"author":[{"embeddable":true,"href":"https:\/\/interregva-bb-pl.eu\/pl\/wp-json\/wp\/v2\/users\/140"}],"replies":[{"embeddable":true,"href":"https:\/\/interregva-bb-pl.eu\/pl\/wp-json\/wp\/v2\/comments?post=14206"}],"version-history":[{"count":5,"href":"https:\/\/interregva-bb-pl.eu\/pl\/wp-json\/wp\/v2\/pages\/14206\/revisions"}],"predecessor-version":[{"id":18104,"href":"https:\/\/interregva-bb-pl.eu\/pl\/wp-json\/wp\/v2\/pages\/14206\/revisions\/18104"}],"wp:attachment":[{"href":"https:\/\/interregva-bb-pl.eu\/pl\/wp-json\/wp\/v2\/media?parent=14206"}],"curies":[{"name":"wp","href":"https:\/\/api.w.org\/{rel}","templated":true}]}}