{"id":14249,"date":"2021-02-26T01:29:09","date_gmt":"2021-02-26T08:29:09","guid":{"rendered":"https:\/\/interregva-bb-pl.eu\/?page_id=14249"},"modified":"2021-02-26T01:29:09","modified_gmt":"2021-02-26T08:29:09","slug":"85011841-2","status":"publish","type":"page","link":"https:\/\/interregva-bb-pl.eu\/pl\/85011841-2\/","title":{"rendered":"85011841"},"content":{"rendered":"<h3>Poprawa transgranicznej sytuacji komunikacyjnej Euromiasta Gubin &#8211; Guben<\/h3>\n<p>&nbsp;<\/p>\n<p><strong>Partner:<\/strong><br \/>\n&#8211; Powiat Kro\u015bnie\u0144ski (BW)<br \/>\n&#8211; Wojew\u00f3dztwo Lubuskie (ZDW)<br \/>\n&#8211; Stadt \/ Miasto Guben<br \/>\n&#8211; Gmina Gubin<\/p>\n<p><strong>Okres realizacji<\/strong>: 1.04.2017- 31.08.2020<\/p>\n<p><strong>Dofinansowanie (EFRR): <\/strong>4.860.280,46 EUR<\/p>\n<p><strong>Cel:<\/strong><br \/>\nCelem projektu jest wi\u0119c poprawa dost\u0119pno\u015bci transgranicznej Euromiasta Gubin-Guben, wspieranie zr\u00f3wnowa\u017conego rozwoju poprzez stworzenie odpowiednich warunk\u00f3w infrastrukturalnych oraz usprawnienie mobilno\u015bci transgranicznej w regionie przygranicznym co wpisuje si\u0119 w 3 cel szczeg\u00f3\u0142owy Programu: \u201ePoprawa infrastruktury drogowej celem zwi\u0119kszenia dost\u0119pno\u015bci transgranicznej\u201d.<\/p>\n<p><strong>Przyk\u0142ady dzia\u0142a\u0144 w projekcie:<\/strong><\/p>\n<ul>\n<li>Budowa ulic \u20136,55 km<\/li>\n<li>Budowa rondo w miejscu istniej\u0105cego skrzy\u017cowania z sygnalizacj\u0105 \u015bwietln\u0105 &#8211; 1 szt. (Woj. Lubuskie)<\/li>\n<li>Budowa drogi rowerowej \u2013 4,38 km (Powiat Kro\u015bnie\u0144ski)<\/li>\n<li>przebudowane chodnika \u20134,21 km (3,31 km Powiat Kro\u015bnie\u0144ski, 0,9 Miasto Guben)<\/li>\n<li>Budowa miejsc parkingowych &#8211; 126 sztuk<\/li>\n<\/ul>\n<p>&nbsp;<\/p>\n","protected":false},"excerpt":{"rendered":"<p>Poprawa transgranicznej sytuacji komunikacyjnej Euromiasta Gubin &#8211; Guben &nbsp; Partner: &#8211; Powiat Kro\u015bnie\u0144ski (BW) &#8211; Wojew\u00f3dztwo Lubuskie (ZDW) &#8211; Stadt \/ Miasto Guben &#8211; Gmina Gubin Okres realizacji: 1.04.2017- 31.08.2020 Dofinansowanie (EFRR): 4.860.280,46 EUR Cel: Celem projektu jest wi\u0119c poprawa dost\u0119pno\u015bci transgranicznej Euromiasta Gubin-Guben, wspieranie zr\u00f3wnowa\u017conego rozwoju poprzez stworzenie odpowiednich warunk\u00f3w infrastrukturalnych oraz usprawnienie mobilno\u015bci [&hellip;]<\/p>\n","protected":false},"author":140,"featured_media":0,"parent":0,"menu_order":0,"comment_status":"closed","ping_status":"closed","template":"","meta":{"site-sidebar-layout":"default","site-content-layout":"default","ast-site-content-layout":"","site-content-style":"default","site-sidebar-style":"default","ast-global-header-display":"","ast-banner-title-visibility":"","ast-main-header-display":"","ast-hfb-above-header-display":"","ast-hfb-below-header-display":"","ast-hfb-mobile-header-display":"","site-post-title":"","ast-breadcrumbs-content":"","ast-featured-img":"","footer-sml-layout":"","theme-transparent-header-meta":"default","adv-header-id-meta":"","stick-header-meta":"","header-above-stick-meta":"","header-main-stick-meta":"","header-below-stick-meta":"","astra-migrate-meta-layouts":"default","ast-page-background-enabled":"default","ast-page-background-meta":{"desktop":{"background-color":"","background-image":"","background-repeat":"repeat","background-position":"center center","background-size":"auto","background-attachment":"scroll","background-type":"","background-media":"","overlay-type":"","overlay-color":"","overlay-opacity":"","overlay-gradient":""},"tablet":{"background-color":"","background-image":"","background-repeat":"repeat","background-position":"center center","background-size":"auto","background-attachment":"scroll","background-type":"","background-media":"","overlay-type":"","overlay-color":"","overlay-opacity":"","overlay-gradient":""},"mobile":{"background-color":"","background-image":"","background-repeat":"repeat","background-position":"center center","background-size":"auto","background-attachment":"scroll","background-type":"","background-media":"","overlay-type":"","overlay-color":"","overlay-opacity":"","overlay-gradient":""}},"ast-content-background-meta":{"desktop":{"background-color":"var(--ast-global-color-5)","background-image":"","background-repeat":"repeat","background-position":"center center","background-size":"auto","background-attachment":"scroll","background-type":"","background-media":"","overlay-type":"","overlay-color":"","overlay-opacity":"","overlay-gradient":""},"tablet":{"background-color":"var(--ast-global-color-5)","background-image":"","background-repeat":"repeat","background-position":"center center","background-size":"auto","background-attachment":"scroll","background-type":"","background-media":"","overlay-type":"","overlay-color":"","overlay-opacity":"","overlay-gradient":""},"mobile":{"background-color":"var(--ast-global-color-5)","background-image":"","background-repeat":"repeat","background-position":"center center","background-size":"auto","background-attachment":"scroll","background-type":"","background-media":"","overlay-type":"","overlay-color":"","overlay-opacity":"","overlay-gradient":""}},"footnotes":""},"class_list":["post-14249","page","type-page","status-publish","hentry"],"_links":{"self":[{"href":"https:\/\/interregva-bb-pl.eu\/pl\/wp-json\/wp\/v2\/pages\/14249"}],"collection":[{"href":"https:\/\/interregva-bb-pl.eu\/pl\/wp-json\/wp\/v2\/pages"}],"about":[{"href":"https:\/\/interregva-bb-pl.eu\/pl\/wp-json\/wp\/v2\/types\/page"}],"author":[{"embeddable":true,"href":"https:\/\/interregva-bb-pl.eu\/pl\/wp-json\/wp\/v2\/users\/140"}],"replies":[{"embeddable":true,"href":"https:\/\/interregva-bb-pl.eu\/pl\/wp-json\/wp\/v2\/comments?post=14249"}],"version-history":[{"count":1,"href":"https:\/\/interregva-bb-pl.eu\/pl\/wp-json\/wp\/v2\/pages\/14249\/revisions"}],"predecessor-version":[{"id":14250,"href":"https:\/\/interregva-bb-pl.eu\/pl\/wp-json\/wp\/v2\/pages\/14249\/revisions\/14250"}],"wp:attachment":[{"href":"https:\/\/interregva-bb-pl.eu\/pl\/wp-json\/wp\/v2\/media?parent=14249"}],"curies":[{"name":"wp","href":"https:\/\/api.w.org\/{rel}","templated":true}]}}