{"id":14255,"date":"2021-02-26T01:38:00","date_gmt":"2021-02-26T08:38:00","guid":{"rendered":"https:\/\/interregva-bb-pl.eu\/?page_id=14255"},"modified":"2022-09-29T02:32:03","modified_gmt":"2022-09-29T09:32:03","slug":"85021006-2","status":"publish","type":"page","link":"https:\/\/interregva-bb-pl.eu\/pl\/85021006-2\/","title":{"rendered":"85021006"},"content":{"rendered":"<h3>GUB-E-BUS &#8211; wsp\u00f3lna mobilno\u015b\u0107 transgraniczna w Euromie\u015bcie Guben-Gubin<\/h3>\n<p>&nbsp;<\/p>\n<p><strong><img loading=\"lazy\" decoding=\"async\" class=\"thumbnail alignleft\" src=\"https:\/\/interregva-bb-pl.eu\/wp-content\/uploads\/2021\/02\/85021006_WEB_Fot.png\" alt=\"\" width=\"500\" height=\"333\" \/>Partnerzy:<\/strong><br \/>\n&#8211; Stadt \/ Miasto Guben (BW)<br \/>\n&#8211; Miasto Gubin<\/p>\n<p><strong>Dofinansowanie (EFRR): <\/strong>614.449,78 EUR<\/p>\n<p><strong>Okres realizacji:\u00a0 <\/strong>01.01.2019- 31.05.2022<\/p>\n<p><strong> Cel:<\/strong><br \/>\nG\u0142\u00f3wnym celem projektu jest stworzenie podstawy dla poprawy transgranicznej (przyjaznej \u015brodowisku) mobilno\u015bci w miastach Guben i Gubinie. Efekty projektu maj\u0105 wp\u0142yn\u0105\u0107 na popraw\u0119 oferty transgranicznej komunikacji w ca\u0142ym obszarze wsparcia. Aktualnie w mie\u015bcie Guben i Gubinie istniej\u0105 dwa niezale\u017cne od siebie systemy komunikacji. Celem tego projektu jest zweryfikowanie obu system\u00f3w, poszukiwanie wsp\u00f3lnych punkt\u00f3w oraz podobie\u0144stw, przeanalizowanie obowi\u0105zuj\u0105cych europejskich oraz krajowych ram prawnych, a ostatecznie po\u0142\u0105czenie ze sob\u0105 obu system\u00f3w. Na podstawie tych dzia\u0142a\u0144 ma powsta\u0107 wsp\u00f3lna, jednolita oferta komunikacji miejskiej, kt\u00f3ra b\u0119dzie mog\u0142a by\u0107 wykorzystywana dla obu cz\u0119\u015bci Euromiasta Guben-Gubin. Poprzez to, \u017ce ten wsp\u00f3lny system zawiera\u0107 b\u0119dzie tak\u017ce po\u0142\u0105czenie przewoz\u00f3w kolejowych oraz autobusowych, to zestawienie przyczyni si\u0119 do rozszerzenia multimodalnej, transgranicznej oferty komunikacyjnej. Tak\u017ce uwzgl\u0119dnienie przy analizie transgranicznego ruchu rowerowego b\u0119dzie komponentem tego projektu. Przysz\u0142e ujednolicenie doprowadzi do wzmocnienia znaczenia przyjaznej \u015brodowisku komunikacji publicznej, co r\u00f3wnie\u017c pozytywnie wp\u0142ynie na wzrost liczby podr\u00f3\u017cnych korzystaj\u0105cych z transgranicznej komunikacji publicznej w Euromie\u015bcie Guben-Gubin, jak r\u00f3wnie\u017c w ca\u0142ym obszarze wsparcia.<\/p>\n<p><strong><img loading=\"lazy\" decoding=\"async\" class=\"thumbnail alignright\" src=\"https:\/\/interregva-bb-pl.eu\/wp-content\/uploads\/2021\/02\/85021006_WEB_Plan.png\" alt=\"\" width=\"500\" height=\"350\" \/>Przyk\u0142ady dzia\u0142a\u0144 w projekcie:<\/strong><\/p>\n<ul>\n<li>W celu poznawania przyk\u0142ad\u00f3w \u201edobrych praktyk\u201d w trakcie trwania projektu b\u0119d\u0105 organizowane odpowiednio wizyty, wzgl\u0119dnie wyjazdy studyjne do gmin\/region\u00f3w, w kt\u00f3rych podobne rozwi\u0105zania ju\u017c funkcjonuj\u0105.<\/li>\n<li>B\u0119d\u0105 wydawane polsko-niemieckie publikacje, kt\u00f3re b\u0119d\u0105 informowa\u0107 o stanie realizacji tego projektu. Planowane jest r\u00f3wnie\u017c wydanie dwuj\u0119zycznej publikacji przedstawiaj\u0105cej najwa\u017cniejsze wyniki projektu<\/li>\n<li>\u00a0Modernizacja 4 przystank\u00f3w autobusowych w Gubinie i dostosowanie ich do przysz\u0142ej transgranicznej oferty komunikacji publicznej<\/li>\n<li>W ramach tej aktywno\u015bci b\u0119d\u0105 tworzone wzgl\u0119dnie opracowywane pojedyncze transgraniczne koncepcje jak r\u00f3wnie\u017c wsp\u00f3lna Strategia Rozwoju Komunikacji Miejskiej<\/li>\n<\/ul>\n<p><strong>LINKI:<\/strong><\/p>\n<p><a href=\"https:\/\/www.lr-online.de\/lausitz\/guben\/guben-will-360-grad-verkehrskonzept_aid-31834365\" class=\"broken_link\">https:\/\/www.lr-online.de\/lausitz\/guben\/guben-will-360-grad-verkehrskonzept_aid-31834365<\/a><\/p>\n<p><a href=\"https:\/\/www.lr-online.de\/lausitz\/guben\/im-e-bus-ueber-die-grenze_aid-16866039\" class=\"broken_link\">https:\/\/www.lr-online.de\/lausitz\/guben\/im-e-bus-ueber-die-grenze_aid-16866039<\/a><\/p>\n<p><a href=\"https:\/\/www.lkspn.de\/aktuelles\/presse\/pressearchiv\/17711-opnv-ohne-grenzen-gemeinsame-guben-gubiner-buslinie-wird-eroffnet.html\">https:\/\/www.lkspn.de\/aktuelles\/presse\/pressearchiv\/17711-opnv-ohne-grenzen-gemeinsame-guben-gubiner-buslinie-wird-eroffnet.html<\/a><\/p>\n","protected":false},"excerpt":{"rendered":"<p>GUB-E-BUS &#8211; wsp\u00f3lna mobilno\u015b\u0107 transgraniczna w Euromie\u015bcie Guben-Gubin &nbsp; Partnerzy: &#8211; Stadt \/ Miasto Guben (BW) &#8211; Miasto Gubin Dofinansowanie (EFRR): 614.449,78 EUR Okres realizacji:\u00a0 01.01.2019- 31.05.2022 Cel: G\u0142\u00f3wnym celem projektu jest stworzenie podstawy dla poprawy transgranicznej (przyjaznej \u015brodowisku) mobilno\u015bci w miastach Guben i Gubinie. Efekty projektu maj\u0105 wp\u0142yn\u0105\u0107 na popraw\u0119 oferty transgranicznej komunikacji w [&hellip;]<\/p>\n","protected":false},"author":140,"featured_media":0,"parent":0,"menu_order":0,"comment_status":"closed","ping_status":"closed","template":"","meta":{"site-sidebar-layout":"default","site-content-layout":"default","ast-site-content-layout":"","site-content-style":"default","site-sidebar-style":"default","ast-global-header-display":"","ast-banner-title-visibility":"","ast-main-header-display":"","ast-hfb-above-header-display":"","ast-hfb-below-header-display":"","ast-hfb-mobile-header-display":"","site-post-title":"","ast-breadcrumbs-content":"","ast-featured-img":"","footer-sml-layout":"","theme-transparent-header-meta":"default","adv-header-id-meta":"","stick-header-meta":"","header-above-stick-meta":"","header-main-stick-meta":"","header-below-stick-meta":"","astra-migrate-meta-layouts":"default","ast-page-background-enabled":"default","ast-page-background-meta":{"desktop":{"background-color":"","background-image":"","background-repeat":"repeat","background-position":"center center","background-size":"auto","background-attachment":"scroll","background-type":"","background-media":"","overlay-type":"","overlay-color":"","overlay-opacity":"","overlay-gradient":""},"tablet":{"background-color":"","background-image":"","background-repeat":"repeat","background-position":"center center","background-size":"auto","background-attachment":"scroll","background-type":"","background-media":"","overlay-type":"","overlay-color":"","overlay-opacity":"","overlay-gradient":""},"mobile":{"background-color":"","background-image":"","background-repeat":"repeat","background-position":"center center","background-size":"auto","background-attachment":"scroll","background-type":"","background-media":"","overlay-type":"","overlay-color":"","overlay-opacity":"","overlay-gradient":""}},"ast-content-background-meta":{"desktop":{"background-color":"var(--ast-global-color-5)","background-image":"","background-repeat":"repeat","background-position":"center center","background-size":"auto","background-attachment":"scroll","background-type":"","background-media":"","overlay-type":"","overlay-color":"","overlay-opacity":"","overlay-gradient":""},"tablet":{"background-color":"var(--ast-global-color-5)","background-image":"","background-repeat":"repeat","background-position":"center center","background-size":"auto","background-attachment":"scroll","background-type":"","background-media":"","overlay-type":"","overlay-color":"","overlay-opacity":"","overlay-gradient":""},"mobile":{"background-color":"var(--ast-global-color-5)","background-image":"","background-repeat":"repeat","background-position":"center center","background-size":"auto","background-attachment":"scroll","background-type":"","background-media":"","overlay-type":"","overlay-color":"","overlay-opacity":"","overlay-gradient":""}},"footnotes":""},"class_list":["post-14255","page","type-page","status-publish","hentry"],"_links":{"self":[{"href":"https:\/\/interregva-bb-pl.eu\/pl\/wp-json\/wp\/v2\/pages\/14255"}],"collection":[{"href":"https:\/\/interregva-bb-pl.eu\/pl\/wp-json\/wp\/v2\/pages"}],"about":[{"href":"https:\/\/interregva-bb-pl.eu\/pl\/wp-json\/wp\/v2\/types\/page"}],"author":[{"embeddable":true,"href":"https:\/\/interregva-bb-pl.eu\/pl\/wp-json\/wp\/v2\/users\/140"}],"replies":[{"embeddable":true,"href":"https:\/\/interregva-bb-pl.eu\/pl\/wp-json\/wp\/v2\/comments?post=14255"}],"version-history":[{"count":9,"href":"https:\/\/interregva-bb-pl.eu\/pl\/wp-json\/wp\/v2\/pages\/14255\/revisions"}],"predecessor-version":[{"id":17278,"href":"https:\/\/interregva-bb-pl.eu\/pl\/wp-json\/wp\/v2\/pages\/14255\/revisions\/17278"}],"wp:attachment":[{"href":"https:\/\/interregva-bb-pl.eu\/pl\/wp-json\/wp\/v2\/media?parent=14255"}],"curies":[{"name":"wp","href":"https:\/\/api.w.org\/{rel}","templated":true}]}}