{"id":14276,"date":"2021-02-26T02:24:23","date_gmt":"2021-02-26T09:24:23","guid":{"rendered":"https:\/\/interregva-bb-pl.eu\/?page_id=14276"},"modified":"2022-08-28T23:19:46","modified_gmt":"2022-08-29T06:19:46","slug":"85020845-2","status":"publish","type":"page","link":"https:\/\/interregva-bb-pl.eu\/pl\/85020845-2\/","title":{"rendered":"85020845"},"content":{"rendered":"<h3>Rozw\u00f3j wa\u017cnych po\u0142\u0105cze\u0144 drogowych w sieci dr\u00f3g transgranicznych na obszarze Powiatu Odra-Sprewa i Powiatu Kro\u015bnie\u0144skiego<\/h3>\n<p>&nbsp;<\/p>\n<p><strong><img loading=\"lazy\" decoding=\"async\" class=\" wp-image-11083 alignleft\" src=\"https:\/\/interregva-bb-pl.eu\/wp-content\/uploads\/2019\/11\/2.jpg\" alt=\"\" width=\"350\" height=\"513\" srcset=\"https:\/\/interregva-bb-pl.eu\/wp-content\/uploads\/2019\/11\/2.jpg 265w, https:\/\/interregva-bb-pl.eu\/wp-content\/uploads\/2019\/11\/2-102x150.jpg 102w, https:\/\/interregva-bb-pl.eu\/wp-content\/uploads\/2019\/11\/2-205x300.jpg 205w\" sizes=\"(max-width: 350px) 100vw, 350px\" \/>Partnerzy<\/strong><strong>:<\/strong><br \/>\n&#8211; Landkreis \/ Powiat Oder-Spree<br \/>\n&#8211; Powiat Kro\u015bnie\u0144ski<br \/>\n&#8211; Wojew\u00f3dztwo Lubuskie<\/p>\n<p><strong>Dofinansowanie (EFRR)<\/strong><strong>: <\/strong>2.400.111,31 Euro<\/p>\n<p><strong>Okres realizacji<\/strong><strong>: <\/strong>01.11.2017 &#8211; 30.11.2022<\/p>\n<p><strong>Cel<\/strong><strong>:<\/strong><br \/>\nCelem projektu jest poprawa infrastruktury drogowej o znaczeniu transgranicznym i mi\u0119dzynarodowym poprzez przebudow\u0119 drogi powiatowej K6747, DP2607F ul. Kresowa w Gubinie oraz DW138 Jaromirowice-Wa\u0142owice.\u00a0 \u0141\u0105czna d\u0142ugo\u015b\u0107 przebudowanych dr\u00f3g wyniesie 6,429 km. Zaplanowane dzia\u0142ania zmierzaj\u0105 do lepszego skomunikowania obu Powiat\u00f3w ze sob\u0105 oraz z sieci\u0105 TEN-T i s\u0105 zgodne z Celem 3 Szczeg\u00f3\u0142owym Programu \u201ePoprawa infrastruktury drogowej celem zwi\u0119kszenia dost\u0119pno\u015bci transgranicznej\u201d.<\/p>\n<p>&nbsp;<\/p>\n<p>&nbsp;<\/p>\n","protected":false},"excerpt":{"rendered":"<p>Rozw\u00f3j wa\u017cnych po\u0142\u0105cze\u0144 drogowych w sieci dr\u00f3g transgranicznych na obszarze Powiatu Odra-Sprewa i Powiatu Kro\u015bnie\u0144skiego &nbsp; Partnerzy: &#8211; Landkreis \/ Powiat Oder-Spree &#8211; Powiat Kro\u015bnie\u0144ski &#8211; Wojew\u00f3dztwo Lubuskie Dofinansowanie (EFRR): 2.400.111,31 Euro Okres realizacji: 01.11.2017 &#8211; 30.11.2022 Cel: Celem projektu jest poprawa infrastruktury drogowej o znaczeniu transgranicznym i mi\u0119dzynarodowym poprzez przebudow\u0119 drogi powiatowej K6747, DP2607F [&hellip;]<\/p>\n","protected":false},"author":140,"featured_media":0,"parent":0,"menu_order":0,"comment_status":"closed","ping_status":"closed","template":"","meta":{"site-sidebar-layout":"default","site-content-layout":"default","ast-site-content-layout":"","site-content-style":"default","site-sidebar-style":"default","ast-global-header-display":"","ast-banner-title-visibility":"","ast-main-header-display":"","ast-hfb-above-header-display":"","ast-hfb-below-header-display":"","ast-hfb-mobile-header-display":"","site-post-title":"","ast-breadcrumbs-content":"","ast-featured-img":"","footer-sml-layout":"","theme-transparent-header-meta":"default","adv-header-id-meta":"","stick-header-meta":"","header-above-stick-meta":"","header-main-stick-meta":"","header-below-stick-meta":"","astra-migrate-meta-layouts":"default","ast-page-background-enabled":"default","ast-page-background-meta":{"desktop":{"background-color":"","background-image":"","background-repeat":"repeat","background-position":"center center","background-size":"auto","background-attachment":"scroll","background-type":"","background-media":"","overlay-type":"","overlay-color":"","overlay-opacity":"","overlay-gradient":""},"tablet":{"background-color":"","background-image":"","background-repeat":"repeat","background-position":"center center","background-size":"auto","background-attachment":"scroll","background-type":"","background-media":"","overlay-type":"","overlay-color":"","overlay-opacity":"","overlay-gradient":""},"mobile":{"background-color":"","background-image":"","background-repeat":"repeat","background-position":"center center","background-size":"auto","background-attachment":"scroll","background-type":"","background-media":"","overlay-type":"","overlay-color":"","overlay-opacity":"","overlay-gradient":""}},"ast-content-background-meta":{"desktop":{"background-color":"var(--ast-global-color-5)","background-image":"","background-repeat":"repeat","background-position":"center center","background-size":"auto","background-attachment":"scroll","background-type":"","background-media":"","overlay-type":"","overlay-color":"","overlay-opacity":"","overlay-gradient":""},"tablet":{"background-color":"var(--ast-global-color-5)","background-image":"","background-repeat":"repeat","background-position":"center center","background-size":"auto","background-attachment":"scroll","background-type":"","background-media":"","overlay-type":"","overlay-color":"","overlay-opacity":"","overlay-gradient":""},"mobile":{"background-color":"var(--ast-global-color-5)","background-image":"","background-repeat":"repeat","background-position":"center center","background-size":"auto","background-attachment":"scroll","background-type":"","background-media":"","overlay-type":"","overlay-color":"","overlay-opacity":"","overlay-gradient":""}},"footnotes":""},"class_list":["post-14276","page","type-page","status-publish","hentry"],"_links":{"self":[{"href":"https:\/\/interregva-bb-pl.eu\/pl\/wp-json\/wp\/v2\/pages\/14276"}],"collection":[{"href":"https:\/\/interregva-bb-pl.eu\/pl\/wp-json\/wp\/v2\/pages"}],"about":[{"href":"https:\/\/interregva-bb-pl.eu\/pl\/wp-json\/wp\/v2\/types\/page"}],"author":[{"embeddable":true,"href":"https:\/\/interregva-bb-pl.eu\/pl\/wp-json\/wp\/v2\/users\/140"}],"replies":[{"embeddable":true,"href":"https:\/\/interregva-bb-pl.eu\/pl\/wp-json\/wp\/v2\/comments?post=14276"}],"version-history":[{"count":5,"href":"https:\/\/interregva-bb-pl.eu\/pl\/wp-json\/wp\/v2\/pages\/14276\/revisions"}],"predecessor-version":[{"id":17173,"href":"https:\/\/interregva-bb-pl.eu\/pl\/wp-json\/wp\/v2\/pages\/14276\/revisions\/17173"}],"wp:attachment":[{"href":"https:\/\/interregva-bb-pl.eu\/pl\/wp-json\/wp\/v2\/media?parent=14276"}],"curies":[{"name":"wp","href":"https:\/\/api.w.org\/{rel}","templated":true}]}}