{"id":14320,"date":"2021-02-26T04:00:38","date_gmt":"2021-02-26T11:00:38","guid":{"rendered":"https:\/\/interregva-bb-pl.eu\/?page_id=14320"},"modified":"2023-04-18T02:48:55","modified_gmt":"2023-04-18T09:48:55","slug":"85016389-2","status":"publish","type":"page","link":"https:\/\/interregva-bb-pl.eu\/pl\/85016389-2\/","title":{"rendered":"85016389"},"content":{"rendered":"<h3>Razem dla pogranicza \u2013 poprawa infrastruktury\u00a0 edukacyjnej i rozwoju kompetencji transgranicznych<\/h3>\n<p>&nbsp;<\/p>\n<p><strong><img loading=\"lazy\" decoding=\"async\" class=\"size-full wp-image-9901 alignleft\" src=\"https:\/\/interregva-bb-pl.eu\/wp-content\/uploads\/2019\/07\/Intro-9.jpg\" alt=\"\" width=\"329\" height=\"663\" srcset=\"https:\/\/interregva-bb-pl.eu\/wp-content\/uploads\/2019\/07\/Intro-9.jpg 329w, https:\/\/interregva-bb-pl.eu\/wp-content\/uploads\/2019\/07\/Intro-9-74x150.jpg 74w, https:\/\/interregva-bb-pl.eu\/wp-content\/uploads\/2019\/07\/Intro-9-149x300.jpg 149w\" sizes=\"(max-width: 329px) 100vw, 329px\" \/>Partnerzy:<\/strong><br \/>\n&#8211; Powiat Nowosolski (LP\/BW)<br \/>\n&#8211; Centrum f\u00fcr Innovation und Technologie GmbH \/ Centrum Innowacji i Technologii Sp. z o.o.<\/p>\n<p><strong>Okres realizacji: <\/strong>01.04.2018 \u2013 31.03.2023<\/p>\n<p><strong>Dofinansowanie (EFRR)<\/strong>: 1.252.878,08 Euro<\/p>\n<p><strong>Cel:<\/strong><br \/>\nProjekt s\u0142u\u017cy regionalnemu i transgranicznemu wzmocnieniu oferty dot. edukacji zawodowej i dostosowaniu do wymog\u00f3w rynku pracy w obszarze polsko-niemieckiego obszaru wsparcia. Podstawowym celem projektu jest wyb\u00f3r najlepszych mo\u017cliwych dzia\u0142a\u0144 w zakresie wej\u015bcia na rynek pracy, dostosowanych do wymog\u00f3w obszaru przygranicznego oraz poprawy umiej\u0119tno\u015bci j\u0119zykowych jak r\u00f3wnie\u017c infrastruktury instytucji edukacyjnej polskiej szko\u0142y zawodowej w Nowej Soli (CKZiU).<\/p>\n<p><strong>Przyk\u0142ady dzia\u0142a\u0144 w projekcie:<\/strong><\/p>\n<p>Kursy dla polsko-niemieckich uczestnik\u00f3w:<\/p>\n<ul>\n<li>kurs programowania CNC w oparciu o o system MTS CNC CAD\/CAM<\/li>\n<li>kurs u\u017cytkowania obrabiarek numerycznych CNC z wykorzystaniem trena\u017cer\u00f3w<\/li>\n<li>kurs w zakresie zarz\u0105dzania urz\u0105dzeniami i systemami energetyki odnawialnej<\/li>\n<li>kurs napowietrznego monta\u017cu energetycznego<\/li>\n<li>kurs programowania CNC w oparciu o o system MTS CNC CAD\/CAM dla nauczycieli<\/li>\n<\/ul>\n<p>Konkurs umiej\u0119tno\u015bci technicznych z zakresu energetyki, mechatroniki, CNC<\/p>\n<p>przebudowa obiektu pod pracownie warsztatowe oraz remont i przebudowa istniej\u0105cych pomieszcze\u0144- pracowni dydaktycznych kszta\u0142cenia zawodowego i pomieszcze\u0144 przyleg\u0142ych w tym Przebudowa i doposa\u017cenie w ramach inwestycji korytarzy, ci\u0105g\u00f3w komunikacyjnych, wc, \u0142azienek, szatni<\/p>\n<p>Wyposa\u017cenie\/doposa\u017cenie 4 pracowni warsztatowych kszta\u0142cenia zawodowego<\/p>\n<p>Prezentacja \u2013 Targi IMPULS Cottbus<\/p>\n<p>Wyjazd studyjny \u2013 targi kariery w Dre\u017anie<\/p>\n<p>Wyjazd studyjny \u2013 targi CeBET w Hanowerze<\/p>\n","protected":false},"excerpt":{"rendered":"<p>Razem dla pogranicza \u2013 poprawa infrastruktury\u00a0 edukacyjnej i rozwoju kompetencji transgranicznych &nbsp; Partnerzy: &#8211; Powiat Nowosolski (LP\/BW) &#8211; Centrum f\u00fcr Innovation und Technologie GmbH \/ Centrum Innowacji i Technologii Sp. z o.o. Okres realizacji: 01.04.2018 \u2013 31.03.2023 Dofinansowanie (EFRR): 1.252.878,08 Euro Cel: Projekt s\u0142u\u017cy regionalnemu i transgranicznemu wzmocnieniu oferty dot. edukacji zawodowej i dostosowaniu do [&hellip;]<\/p>\n","protected":false},"author":140,"featured_media":0,"parent":0,"menu_order":0,"comment_status":"closed","ping_status":"closed","template":"","meta":{"site-sidebar-layout":"default","site-content-layout":"default","ast-site-content-layout":"","site-content-style":"default","site-sidebar-style":"default","ast-global-header-display":"","ast-banner-title-visibility":"","ast-main-header-display":"","ast-hfb-above-header-display":"","ast-hfb-below-header-display":"","ast-hfb-mobile-header-display":"","site-post-title":"","ast-breadcrumbs-content":"","ast-featured-img":"","footer-sml-layout":"","theme-transparent-header-meta":"default","adv-header-id-meta":"","stick-header-meta":"","header-above-stick-meta":"","header-main-stick-meta":"","header-below-stick-meta":"","astra-migrate-meta-layouts":"default","ast-page-background-enabled":"default","ast-page-background-meta":{"desktop":{"background-color":"","background-image":"","background-repeat":"repeat","background-position":"center center","background-size":"auto","background-attachment":"scroll","background-type":"","background-media":"","overlay-type":"","overlay-color":"","overlay-opacity":"","overlay-gradient":""},"tablet":{"background-color":"","background-image":"","background-repeat":"repeat","background-position":"center center","background-size":"auto","background-attachment":"scroll","background-type":"","background-media":"","overlay-type":"","overlay-color":"","overlay-opacity":"","overlay-gradient":""},"mobile":{"background-color":"","background-image":"","background-repeat":"repeat","background-position":"center center","background-size":"auto","background-attachment":"scroll","background-type":"","background-media":"","overlay-type":"","overlay-color":"","overlay-opacity":"","overlay-gradient":""}},"ast-content-background-meta":{"desktop":{"background-color":"var(--ast-global-color-5)","background-image":"","background-repeat":"repeat","background-position":"center center","background-size":"auto","background-attachment":"scroll","background-type":"","background-media":"","overlay-type":"","overlay-color":"","overlay-opacity":"","overlay-gradient":""},"tablet":{"background-color":"var(--ast-global-color-5)","background-image":"","background-repeat":"repeat","background-position":"center center","background-size":"auto","background-attachment":"scroll","background-type":"","background-media":"","overlay-type":"","overlay-color":"","overlay-opacity":"","overlay-gradient":""},"mobile":{"background-color":"var(--ast-global-color-5)","background-image":"","background-repeat":"repeat","background-position":"center center","background-size":"auto","background-attachment":"scroll","background-type":"","background-media":"","overlay-type":"","overlay-color":"","overlay-opacity":"","overlay-gradient":""}},"footnotes":""},"class_list":["post-14320","page","type-page","status-publish","hentry"],"_links":{"self":[{"href":"https:\/\/interregva-bb-pl.eu\/pl\/wp-json\/wp\/v2\/pages\/14320"}],"collection":[{"href":"https:\/\/interregva-bb-pl.eu\/pl\/wp-json\/wp\/v2\/pages"}],"about":[{"href":"https:\/\/interregva-bb-pl.eu\/pl\/wp-json\/wp\/v2\/types\/page"}],"author":[{"embeddable":true,"href":"https:\/\/interregva-bb-pl.eu\/pl\/wp-json\/wp\/v2\/users\/140"}],"replies":[{"embeddable":true,"href":"https:\/\/interregva-bb-pl.eu\/pl\/wp-json\/wp\/v2\/comments?post=14320"}],"version-history":[{"count":3,"href":"https:\/\/interregva-bb-pl.eu\/pl\/wp-json\/wp\/v2\/pages\/14320\/revisions"}],"predecessor-version":[{"id":17766,"href":"https:\/\/interregva-bb-pl.eu\/pl\/wp-json\/wp\/v2\/pages\/14320\/revisions\/17766"}],"wp:attachment":[{"href":"https:\/\/interregva-bb-pl.eu\/pl\/wp-json\/wp\/v2\/media?parent=14320"}],"curies":[{"name":"wp","href":"https:\/\/api.w.org\/{rel}","templated":true}]}}