{"id":14343,"date":"2021-02-26T05:58:53","date_gmt":"2021-02-26T12:58:53","guid":{"rendered":"https:\/\/interregva-bb-pl.eu\/?page_id=14343"},"modified":"2022-07-15T05:15:56","modified_gmt":"2022-07-15T12:15:56","slug":"85016185-2","status":"publish","type":"page","link":"https:\/\/interregva-bb-pl.eu\/pl\/85016185-2\/","title":{"rendered":"85016185"},"content":{"rendered":"<h3>Bez granic: nauka-praca-\u017cycie. Orientacja zawodowa na pograniczu polsko-niemieckim- rozwi\u0105zanie modelowe na przyk\u0142adzie Euroregionu PRO EUROPA VIADRINA<\/h3>\n<p>&nbsp;<\/p>\n<p><strong><img loading=\"lazy\" decoding=\"async\" class=\" wp-image-9906 alignleft\" src=\"https:\/\/interregva-bb-pl.eu\/wp-content\/uploads\/2019\/07\/Intro-10.jpg\" alt=\"\" width=\"347\" height=\"681\" srcset=\"https:\/\/interregva-bb-pl.eu\/wp-content\/uploads\/2019\/07\/Intro-10.jpg 375w, https:\/\/interregva-bb-pl.eu\/wp-content\/uploads\/2019\/07\/Intro-10-76x150.jpg 76w, https:\/\/interregva-bb-pl.eu\/wp-content\/uploads\/2019\/07\/Intro-10-153x300.jpg 153w\" sizes=\"(max-width: 347px) 100vw, 347px\" \/>Partnerzy<\/strong><strong>:<\/strong><br \/>\nIHK-Projektgesellschaft mbH \/ IHP Sp\u00f3\u0142ka Projektowa z o. o. (BW)<br \/>\nHandwerkskammer Frankfurt (Oder) \/ Izba Rzemie\u015blnicza we Frankfurcie nad Nad Odr\u0105<br \/>\nInstitut f\u00fcr \u00d6konomische Bildung in Oldenburg \/ Instytut Edukacji Ekonomicznej w Oldenburgu<br \/>\nLubuska Sie\u0107 Innowacji<br \/>\nZak\u0142ad Doskonalenia Zawodowego<br \/>\nGmina Strzelce Kraje\u0144skie<br \/>\nWojew\u00f3dzki O\u015brodek Metodyczny<\/p>\n<p><strong>Dofinansowanie (EFRR) \/ F\u00f6rderung (EFRE): <\/strong>1.211.019,45<\/p>\n<p><strong>Termin realizacji \/ Zeitraum:<\/strong> 01.08.2018 \u2013 28.02.2023<\/p>\n<p><strong>Cel<\/strong><strong>:<\/strong><br \/>\nPoprawa transgranicznych mo\u017cliwo\u015bci orientacji zawodowej dla dzieci i m\u0142odzie\u017cy.<\/p>\n<p><strong>Przyk\u0142ady dzia\u0142a\u0144 w projekcie:<\/strong><\/p>\n<ul>\n<li>Wymiana uczni\u00f3w z Polski i Niemiec<\/li>\n<li>Praktyczne, dwudniowe zaj\u0119cia z orientacji zawodowej w Centrum Kszta\u0142cenia (warsztatach) Izby Rzemie\u015blniczej w Hennickendorf i cykl zaj\u0119\u0107 laboratoryjnych z zakresu biologii, chemii, fizyki, cybernetyki i odnawialnych \u017ar\u00f3de\u0142 energii dla grup uczni\u00f3w z Polski i Niemiec w Stanowicach.<\/li>\n<li>Opracowanie metodycznego modelu orientacji zawodowej dla uczni\u00f3w z r\u00f3\u017cnych grup wiekowych i nauczycieli, transfer wypr\u00f3bowanych modeli do Euroregionu (\u201eDom m\u0142odych badaczy\u201d, \u201eFirst Lego League\u201d, \u201ePraca w zawodzie jest znowu w modzie\u201d) w celu umo\u017cliwienia transgranicznej orientacji zawodowej i promowania perspektywy europejskiej<\/li>\n<li>Konferencja fachowa dla nauczycieli: przedstawienie materia\u0142\u00f3w z pierwszymi wynikami projektu.<\/li>\n<li>Realizacja imprez informacyjnych<\/li>\n<li>Szkolenia dla nauczycieli oraz praktyczne pilotowanie za pomoc\u0105 warsztat\u00f3w z zakresu nauk przyrodniczych oraz rzemios\u0142a dla 40 uczni\u00f3w i 10 nauczycieli z ka\u017cdego kraju, ewentualna korekta b\u0105d\u017a optymalizacja metodyki.<\/li>\n<li>Rozszerzenie portalu euro-job.net o tematyk\u0119 orientacji zawodowej.<\/li>\n<\/ul>\n<p><strong>Linki<\/strong><br \/>\n<a href=\"https:\/\/bc.pressmatrix.com\/de\/profiles\/6b0f1aad0817\/editions\/cdb73c228aba02a3584b\/pages\/page\/7\">https:\/\/bc.pressmatrix.com\/de\/profiles\/6b0f1aad0817\/editions\/cdb73c228aba02a3584b\/pages\/page\/7<\/a> oder <a href=\"https:\/\/www.ihk-ostbrandenburg.de\/servicemarken\/Presse\/FORUM---Das-Brandenburger-Wirtschaftsmagazin\">https:\/\/www.ihk-ostbrandenburg.de\/servicemarken\/Presse\/FORUM&#8212;Das-Brandenburger-Wirtschaftsmagazin<\/a>\u00a0 <a href=\"https:\/\/bc.pressmatrix.com\/de\/profiles\/6b0f1aad0817\/editions\/cdb73c228aba02a3584b\/pages\">FORUM Ausgabe Mai 2019 | Bl\u00e4tter-PDF<\/a> Seite 13<br \/>\n<a href=\"http:\/\/www.euro-job.net\/news\/\">http:\/\/www.euro-job.net\/news\/<\/a><br \/>\n<a href=\"http:\/\/www.euro-job.net\/pl\/aktualnosci\/\">http:\/\/www.euro-job.net\/pl\/aktualnosci\/<\/a><\/p>\n","protected":false},"excerpt":{"rendered":"<p>Bez granic: nauka-praca-\u017cycie. Orientacja zawodowa na pograniczu polsko-niemieckim- rozwi\u0105zanie modelowe na przyk\u0142adzie Euroregionu PRO EUROPA VIADRINA &nbsp; Partnerzy: IHK-Projektgesellschaft mbH \/ IHP Sp\u00f3\u0142ka Projektowa z o. o. (BW) Handwerkskammer Frankfurt (Oder) \/ Izba Rzemie\u015blnicza we Frankfurcie nad Nad Odr\u0105 Institut f\u00fcr \u00d6konomische Bildung in Oldenburg \/ Instytut Edukacji Ekonomicznej w Oldenburgu Lubuska Sie\u0107 Innowacji Zak\u0142ad [&hellip;]<\/p>\n","protected":false},"author":140,"featured_media":0,"parent":0,"menu_order":0,"comment_status":"closed","ping_status":"closed","template":"","meta":{"site-sidebar-layout":"default","site-content-layout":"default","ast-site-content-layout":"","site-content-style":"default","site-sidebar-style":"default","ast-global-header-display":"","ast-banner-title-visibility":"","ast-main-header-display":"","ast-hfb-above-header-display":"","ast-hfb-below-header-display":"","ast-hfb-mobile-header-display":"","site-post-title":"","ast-breadcrumbs-content":"","ast-featured-img":"","footer-sml-layout":"","theme-transparent-header-meta":"default","adv-header-id-meta":"","stick-header-meta":"","header-above-stick-meta":"","header-main-stick-meta":"","header-below-stick-meta":"","astra-migrate-meta-layouts":"default","ast-page-background-enabled":"default","ast-page-background-meta":{"desktop":{"background-color":"","background-image":"","background-repeat":"repeat","background-position":"center center","background-size":"auto","background-attachment":"scroll","background-type":"","background-media":"","overlay-type":"","overlay-color":"","overlay-opacity":"","overlay-gradient":""},"tablet":{"background-color":"","background-image":"","background-repeat":"repeat","background-position":"center center","background-size":"auto","background-attachment":"scroll","background-type":"","background-media":"","overlay-type":"","overlay-color":"","overlay-opacity":"","overlay-gradient":""},"mobile":{"background-color":"","background-image":"","background-repeat":"repeat","background-position":"center center","background-size":"auto","background-attachment":"scroll","background-type":"","background-media":"","overlay-type":"","overlay-color":"","overlay-opacity":"","overlay-gradient":""}},"ast-content-background-meta":{"desktop":{"background-color":"var(--ast-global-color-5)","background-image":"","background-repeat":"repeat","background-position":"center center","background-size":"auto","background-attachment":"scroll","background-type":"","background-media":"","overlay-type":"","overlay-color":"","overlay-opacity":"","overlay-gradient":""},"tablet":{"background-color":"var(--ast-global-color-5)","background-image":"","background-repeat":"repeat","background-position":"center center","background-size":"auto","background-attachment":"scroll","background-type":"","background-media":"","overlay-type":"","overlay-color":"","overlay-opacity":"","overlay-gradient":""},"mobile":{"background-color":"var(--ast-global-color-5)","background-image":"","background-repeat":"repeat","background-position":"center center","background-size":"auto","background-attachment":"scroll","background-type":"","background-media":"","overlay-type":"","overlay-color":"","overlay-opacity":"","overlay-gradient":""}},"footnotes":""},"class_list":["post-14343","page","type-page","status-publish","hentry"],"_links":{"self":[{"href":"https:\/\/interregva-bb-pl.eu\/pl\/wp-json\/wp\/v2\/pages\/14343"}],"collection":[{"href":"https:\/\/interregva-bb-pl.eu\/pl\/wp-json\/wp\/v2\/pages"}],"about":[{"href":"https:\/\/interregva-bb-pl.eu\/pl\/wp-json\/wp\/v2\/types\/page"}],"author":[{"embeddable":true,"href":"https:\/\/interregva-bb-pl.eu\/pl\/wp-json\/wp\/v2\/users\/140"}],"replies":[{"embeddable":true,"href":"https:\/\/interregva-bb-pl.eu\/pl\/wp-json\/wp\/v2\/comments?post=14343"}],"version-history":[{"count":3,"href":"https:\/\/interregva-bb-pl.eu\/pl\/wp-json\/wp\/v2\/pages\/14343\/revisions"}],"predecessor-version":[{"id":17050,"href":"https:\/\/interregva-bb-pl.eu\/pl\/wp-json\/wp\/v2\/pages\/14343\/revisions\/17050"}],"wp:attachment":[{"href":"https:\/\/interregva-bb-pl.eu\/pl\/wp-json\/wp\/v2\/media?parent=14343"}],"curies":[{"name":"wp","href":"https:\/\/api.w.org\/{rel}","templated":true}]}}