{"id":14350,"date":"2021-02-26T06:17:42","date_gmt":"2021-02-26T13:17:42","guid":{"rendered":"https:\/\/interregva-bb-pl.eu\/?page_id=14350"},"modified":"2022-09-01T04:34:26","modified_gmt":"2022-09-01T11:34:26","slug":"85030030-2","status":"publish","type":"page","link":"https:\/\/interregva-bb-pl.eu\/pl\/85030030-2\/","title":{"rendered":"85030030"},"content":{"rendered":"<h3>Budujemy bez granic<\/h3>\n<p>&nbsp;<\/p>\n<p><strong><img loading=\"lazy\" decoding=\"async\" class=\"size-full wp-image-11079 alignleft\" src=\"https:\/\/interregva-bb-pl.eu\/wp-content\/uploads\/2019\/11\/Budujemy.jpg\" alt=\"\" width=\"265\" height=\"557\" srcset=\"https:\/\/interregva-bb-pl.eu\/wp-content\/uploads\/2019\/11\/Budujemy.jpg 265w, https:\/\/interregva-bb-pl.eu\/wp-content\/uploads\/2019\/11\/Budujemy-71x150.jpg 71w, https:\/\/interregva-bb-pl.eu\/wp-content\/uploads\/2019\/11\/Budujemy-143x300.jpg 143w\" sizes=\"(max-width: 265px) 100vw, 265px\" \/>Partnerzy<\/strong><strong>:<\/strong><br \/>\n&#8211; Miasto Gorz\u00f3w Wlkp.<br \/>\n&#8211; Berufsf\u00f6rderungswerk e.V. des Bauindustrieverbandes Berlin-Brandenburg e.V. \/ Zak\u0142ad Doskonalenia Zawodowego stow. rej. Zrzeszenia Przemys\u0142u Budowalanego w Berlinie-Brandenburgii stow. rej.<\/p>\n<p><strong>Dofinansowanie (EFRR)<\/strong><strong>: <\/strong>781.893,61 Euro<\/p>\n<p><strong>Okres realizacji<\/strong><strong>: <\/strong>01.01.2020 \u2013 31.08.2022<\/p>\n<p><strong>Cel<\/strong><strong>:<\/strong><br \/>\nG\u0142\u00f3wny cel projektu: rozszerzenie wsp\u00f3lnej transgranicznej oferty edukacyjnej i kszta\u0142cenia zadodowego bran\u017cy budowlanej na rzecz uczenia si\u0119 przez ca\u0142e \u017cycie w Gorzowie i Frankfurcie. Cel g\u0142\u00f3wny projektu wpisuje si\u0119 wprost w O\u015b Priorytetow\u0105 III (CT 10) \u201eWzmocnienie transgranicznych zdolno\u015bci i kompetencji\u201d.<\/p>\n<p><strong>Przyk\u0142ady dzia\u0142a\u0144 w projekcie:<\/strong><\/p>\n<ul>\n<li>Konferencje otwieraj\u0105ce i zamykaj\u0105ce projekt skutkuj\u0105ce wydaniem dwuj\u0119zycznego folderu ze wsp\u00f3ln\u0105 ofert\u0105 edukacyjn\u0105<\/li>\n<li>Spotkania ekspert\u00f3w i stworzenie modu\u0142\u00f3w kszta\u0142cenia umiej\u0119tno\u015bci zawodowych bran\u017cy budowlanej (brukarz, specjalista instalacji podziemnych i kana\u0142\u00f3w)<\/li>\n<li>Rozszerzenie wsp\u00f3lnej oferty kszta\u0142cenia &#8211; warsztaty zawodowe (praca w zespole, rozwi\u0105zywanie konflikt\u00f3w i problem\u00f3w, umiej\u0119tno\u015b\u0107 uczenia si\u0119 i motywacja do rozwoju)<\/li>\n<li>Kursy j\u0119zykowe (niemiecki dla \u015bredniozaawansowanych, angielski dla zaawansowanych)<\/li>\n<li>Pokazy umiej\u0119tno\u015bci zawodowych w w.w. modu\u0142ach (Gorz\u00f3w Wlkp.)<\/li>\n<li>Zaprojektowanie i stworzenie dydaktycznej symulacji rob\u00f3t instalacyjnych z instruktarzem w obu j\u0119zykach<\/li>\n<li>Wyposa\u017cenie pracowni zawodowej Centrum edukacji zawodowej i biznesu<\/li>\n<\/ul>\n","protected":false},"excerpt":{"rendered":"<p>Budujemy bez granic &nbsp; Partnerzy: &#8211; Miasto Gorz\u00f3w Wlkp. &#8211; Berufsf\u00f6rderungswerk e.V. des Bauindustrieverbandes Berlin-Brandenburg e.V. \/ Zak\u0142ad Doskonalenia Zawodowego stow. rej. Zrzeszenia Przemys\u0142u Budowalanego w Berlinie-Brandenburgii stow. rej. Dofinansowanie (EFRR): 781.893,61 Euro Okres realizacji: 01.01.2020 \u2013 31.08.2022 Cel: G\u0142\u00f3wny cel projektu: rozszerzenie wsp\u00f3lnej transgranicznej oferty edukacyjnej i kszta\u0142cenia zadodowego bran\u017cy budowlanej na rzecz uczenia [&hellip;]<\/p>\n","protected":false},"author":140,"featured_media":0,"parent":0,"menu_order":0,"comment_status":"closed","ping_status":"closed","template":"","meta":{"site-sidebar-layout":"default","site-content-layout":"default","ast-site-content-layout":"","site-content-style":"default","site-sidebar-style":"default","ast-global-header-display":"","ast-banner-title-visibility":"","ast-main-header-display":"","ast-hfb-above-header-display":"","ast-hfb-below-header-display":"","ast-hfb-mobile-header-display":"","site-post-title":"","ast-breadcrumbs-content":"","ast-featured-img":"","footer-sml-layout":"","theme-transparent-header-meta":"default","adv-header-id-meta":"","stick-header-meta":"","header-above-stick-meta":"","header-main-stick-meta":"","header-below-stick-meta":"","astra-migrate-meta-layouts":"default","ast-page-background-enabled":"default","ast-page-background-meta":{"desktop":{"background-color":"","background-image":"","background-repeat":"repeat","background-position":"center center","background-size":"auto","background-attachment":"scroll","background-type":"","background-media":"","overlay-type":"","overlay-color":"","overlay-opacity":"","overlay-gradient":""},"tablet":{"background-color":"","background-image":"","background-repeat":"repeat","background-position":"center center","background-size":"auto","background-attachment":"scroll","background-type":"","background-media":"","overlay-type":"","overlay-color":"","overlay-opacity":"","overlay-gradient":""},"mobile":{"background-color":"","background-image":"","background-repeat":"repeat","background-position":"center center","background-size":"auto","background-attachment":"scroll","background-type":"","background-media":"","overlay-type":"","overlay-color":"","overlay-opacity":"","overlay-gradient":""}},"ast-content-background-meta":{"desktop":{"background-color":"var(--ast-global-color-5)","background-image":"","background-repeat":"repeat","background-position":"center center","background-size":"auto","background-attachment":"scroll","background-type":"","background-media":"","overlay-type":"","overlay-color":"","overlay-opacity":"","overlay-gradient":""},"tablet":{"background-color":"var(--ast-global-color-5)","background-image":"","background-repeat":"repeat","background-position":"center center","background-size":"auto","background-attachment":"scroll","background-type":"","background-media":"","overlay-type":"","overlay-color":"","overlay-opacity":"","overlay-gradient":""},"mobile":{"background-color":"var(--ast-global-color-5)","background-image":"","background-repeat":"repeat","background-position":"center center","background-size":"auto","background-attachment":"scroll","background-type":"","background-media":"","overlay-type":"","overlay-color":"","overlay-opacity":"","overlay-gradient":""}},"footnotes":""},"class_list":["post-14350","page","type-page","status-publish","hentry"],"_links":{"self":[{"href":"https:\/\/interregva-bb-pl.eu\/pl\/wp-json\/wp\/v2\/pages\/14350"}],"collection":[{"href":"https:\/\/interregva-bb-pl.eu\/pl\/wp-json\/wp\/v2\/pages"}],"about":[{"href":"https:\/\/interregva-bb-pl.eu\/pl\/wp-json\/wp\/v2\/types\/page"}],"author":[{"embeddable":true,"href":"https:\/\/interregva-bb-pl.eu\/pl\/wp-json\/wp\/v2\/users\/140"}],"replies":[{"embeddable":true,"href":"https:\/\/interregva-bb-pl.eu\/pl\/wp-json\/wp\/v2\/comments?post=14350"}],"version-history":[{"count":2,"href":"https:\/\/interregva-bb-pl.eu\/pl\/wp-json\/wp\/v2\/pages\/14350\/revisions"}],"predecessor-version":[{"id":17190,"href":"https:\/\/interregva-bb-pl.eu\/pl\/wp-json\/wp\/v2\/pages\/14350\/revisions\/17190"}],"wp:attachment":[{"href":"https:\/\/interregva-bb-pl.eu\/pl\/wp-json\/wp\/v2\/media?parent=14350"}],"curies":[{"name":"wp","href":"https:\/\/api.w.org\/{rel}","templated":true}]}}