{"id":14363,"date":"2021-02-26T06:48:49","date_gmt":"2021-02-26T13:48:49","guid":{"rendered":"https:\/\/interregva-bb-pl.eu\/?page_id=14363"},"modified":"2021-02-26T06:48:49","modified_gmt":"2021-02-26T13:48:49","slug":"14363-2","status":"publish","type":"page","link":"https:\/\/interregva-bb-pl.eu\/pl\/14363-2\/","title":{"rendered":""},"content":{"rendered":"<h3>Transgraniczna akademia edukacji prewencji zdrowotnej i rehabilitacji<\/h3>\n<p>&nbsp;<\/p>\n<p><strong><img loading=\"lazy\" decoding=\"async\" class=\"details-image alignleft\" draggable=\"false\" src=\"https:\/\/interregva-bb-pl.eu\/wp-content\/uploads\/2020\/03\/85016298_Website-1-1024x768.jpg\" alt=\"\" width=\"406\" height=\"305\" \/>Partnerzy:\u00a0<\/strong><br \/>\n&#8211; Wojew\u00f3dzki O\u015brodek Sportu i Rekreacji im. Z.Majewskiego w Drzonkowie<br \/>\n&#8211; Europ\u00e4ische Sportakademie Land Brandenburg GmbH \/ Europejska Akademia Sportu Kr. Zw. Brandenburgia sp. z o. o.<\/p>\n<p><strong>Dofinansowanie (EFRR): <\/strong>370.119,25 EUR<\/p>\n<p><strong>Okres realizacji<\/strong>: 01.01.2020 \u2013 31.03.2022<\/p>\n<p><strong>Cel:<\/strong><br \/>\nCelem projektu jest rozszerzenie wsp\u00f3lnej oferty doskonalenia zawodowego w sporcie na rzecz uczenia si\u0119 przez ca\u0142e \u017cycie poprzez stworzenie wsp\u00f3lnego polsko-niemieckiego programu szkolenia \u201eSport w prewencji zdrowotnej i rehabilitacji\u201d wraz z opracowaniem materia-\u0142\u00f3w w obu j\u0119zykach oraz przeprowadzenie szkole\u0144 ze zintegrowanym modu\u0142em nauki j\u0119zyka kraju s\u0105siada po obu stronach granicy dla wskazanej grupy docelowej<\/p>\n<p><strong>Przyk\u0142ady dzia\u0142a\u0144 w projekcie:<\/strong><\/p>\n<ul>\n<li>Wymiana informacji i do\u015bwiadcze\u0144, transfer wiedzy: utworzenie polsko-niemieckiego zespo\u0142u ekspert\u00f3w<\/li>\n<li>Poszerzenie kwalifikacji j\u0119zykowych i zwi\u0119kszenie liczby os\u00f3b ucz\u0105cych si\u0119 j\u0119zyka kraju s\u0105siada: opracowanie s\u0142ownika terminologii bran\u017cowej dla uczestnik\u00f3w szkole\u0144<\/li>\n<li>Stworzenie warunk\u00f3w lokalowych<\/li>\n<li>Zwi\u0119kszenie transgranicznych kwalifikacji oraz mobilno\u015bci na rynku pracy s\u0105siada<\/li>\n<li>Promowanie projektu i informowanie<\/li>\n<\/ul>\n","protected":false},"excerpt":{"rendered":"<p>Transgraniczna akademia edukacji prewencji zdrowotnej i rehabilitacji &nbsp; Partnerzy:\u00a0 &#8211; Wojew\u00f3dzki O\u015brodek Sportu i Rekreacji im. Z.Majewskiego w Drzonkowie &#8211; Europ\u00e4ische Sportakademie Land Brandenburg GmbH \/ Europejska Akademia Sportu Kr. Zw. Brandenburgia sp. z o. o. Dofinansowanie (EFRR): 370.119,25 EUR Okres realizacji: 01.01.2020 \u2013 31.03.2022 Cel: Celem projektu jest rozszerzenie wsp\u00f3lnej oferty doskonalenia zawodowego w [&hellip;]<\/p>\n","protected":false},"author":140,"featured_media":0,"parent":0,"menu_order":0,"comment_status":"closed","ping_status":"closed","template":"","meta":{"site-sidebar-layout":"default","site-content-layout":"default","ast-site-content-layout":"","site-content-style":"default","site-sidebar-style":"default","ast-global-header-display":"","ast-banner-title-visibility":"","ast-main-header-display":"","ast-hfb-above-header-display":"","ast-hfb-below-header-display":"","ast-hfb-mobile-header-display":"","site-post-title":"","ast-breadcrumbs-content":"","ast-featured-img":"","footer-sml-layout":"","theme-transparent-header-meta":"default","adv-header-id-meta":"","stick-header-meta":"","header-above-stick-meta":"","header-main-stick-meta":"","header-below-stick-meta":"","astra-migrate-meta-layouts":"default","ast-page-background-enabled":"default","ast-page-background-meta":{"desktop":{"background-color":"","background-image":"","background-repeat":"repeat","background-position":"center center","background-size":"auto","background-attachment":"scroll","background-type":"","background-media":"","overlay-type":"","overlay-color":"","overlay-opacity":"","overlay-gradient":""},"tablet":{"background-color":"","background-image":"","background-repeat":"repeat","background-position":"center center","background-size":"auto","background-attachment":"scroll","background-type":"","background-media":"","overlay-type":"","overlay-color":"","overlay-opacity":"","overlay-gradient":""},"mobile":{"background-color":"","background-image":"","background-repeat":"repeat","background-position":"center center","background-size":"auto","background-attachment":"scroll","background-type":"","background-media":"","overlay-type":"","overlay-color":"","overlay-opacity":"","overlay-gradient":""}},"ast-content-background-meta":{"desktop":{"background-color":"var(--ast-global-color-5)","background-image":"","background-repeat":"repeat","background-position":"center center","background-size":"auto","background-attachment":"scroll","background-type":"","background-media":"","overlay-type":"","overlay-color":"","overlay-opacity":"","overlay-gradient":""},"tablet":{"background-color":"var(--ast-global-color-5)","background-image":"","background-repeat":"repeat","background-position":"center center","background-size":"auto","background-attachment":"scroll","background-type":"","background-media":"","overlay-type":"","overlay-color":"","overlay-opacity":"","overlay-gradient":""},"mobile":{"background-color":"var(--ast-global-color-5)","background-image":"","background-repeat":"repeat","background-position":"center center","background-size":"auto","background-attachment":"scroll","background-type":"","background-media":"","overlay-type":"","overlay-color":"","overlay-opacity":"","overlay-gradient":""}},"footnotes":""},"class_list":["post-14363","page","type-page","status-publish","hentry"],"_links":{"self":[{"href":"https:\/\/interregva-bb-pl.eu\/pl\/wp-json\/wp\/v2\/pages\/14363"}],"collection":[{"href":"https:\/\/interregva-bb-pl.eu\/pl\/wp-json\/wp\/v2\/pages"}],"about":[{"href":"https:\/\/interregva-bb-pl.eu\/pl\/wp-json\/wp\/v2\/types\/page"}],"author":[{"embeddable":true,"href":"https:\/\/interregva-bb-pl.eu\/pl\/wp-json\/wp\/v2\/users\/140"}],"replies":[{"embeddable":true,"href":"https:\/\/interregva-bb-pl.eu\/pl\/wp-json\/wp\/v2\/comments?post=14363"}],"version-history":[{"count":1,"href":"https:\/\/interregva-bb-pl.eu\/pl\/wp-json\/wp\/v2\/pages\/14363\/revisions"}],"predecessor-version":[{"id":14364,"href":"https:\/\/interregva-bb-pl.eu\/pl\/wp-json\/wp\/v2\/pages\/14363\/revisions\/14364"}],"wp:attachment":[{"href":"https:\/\/interregva-bb-pl.eu\/pl\/wp-json\/wp\/v2\/media?parent=14363"}],"curies":[{"name":"wp","href":"https:\/\/api.w.org\/{rel}","templated":true}]}}