{"id":14369,"date":"2021-02-26T07:00:09","date_gmt":"2021-02-26T14:00:09","guid":{"rendered":"https:\/\/interregva-bb-pl.eu\/?page_id=14369"},"modified":"2023-10-12T01:09:17","modified_gmt":"2023-10-12T08:09:17","slug":"85030249-2","status":"publish","type":"page","link":"https:\/\/interregva-bb-pl.eu\/pl\/85030249-2\/","title":{"rendered":"85030249"},"content":{"rendered":"<h3>Karuzela zawod\u00f3w &#8211; metody orientacji zawodowej w Polsce i Niemczech<strong>\u00a0<\/strong><\/h3>\n<p>&nbsp;<\/p>\n<p><strong><img loading=\"lazy\" decoding=\"async\" class=\"details-image alignleft\" draggable=\"false\" src=\"https:\/\/interregva-bb-pl.eu\/wp-content\/uploads\/2020\/11\/85030249_Titelbild-1024x768.jpg\" alt=\"\" width=\"507\" height=\"380\" \/>Partnerzy<\/strong><strong>:<\/strong><br \/>\n&#8211; Internationaler Bund Berlin Brandenburg GmbH \/ Zwi\u0105zek Mi\u0119dzynarodowy Berlina-Brandenburgii sp. z o. o.<br \/>\n&#8211; Fundacja Dobro Kultury<\/p>\n<p><strong>Dofinansowanie (EFRR): <\/strong>119.998,75 EUR<\/p>\n<p><strong>Zeitraum \/ Termin realizacji: <\/strong>01.05.2019 \u2013 30.06.2023<\/p>\n<p><strong>Cel: <\/strong><br \/>\nNawi\u0105zanie i wzmocnienie wsp\u00f3\u0142pracy pomi\u0119dzy przedsi\u0119biorstwami i podmiotami edukacyjnymi na rzecz koncepcji oferty dokszta\u0142cania w oparciu o zapotrzebowanie transgranicznego rynku pracy, poprzez wypracowanie, przetestowanie oraz wdro\u017cenie narz\u0119dzi i metod zwi\u0119kszaj\u0105cych mo\u017cliwo\u015b\u0107 zatrudnienia os\u00f3b m\u0142odych bez pracy, w tym os\u00f3b niepe\u0142nosprawnych, poprzez wymian\u0119 informacji i do\u015bwiadcze\u0144 pomi\u0119dzy partnerami oraz przygotowanie i przeprowadzenie pilota\u017cu modelu, polegaj\u0105cego na przygotowaniu m\u0142odych ludzi do kszta\u0142cenia zawodowego na obszarze obj\u0119tym wsparciem w okresie od maja 2019 do grudnia 2020.<br \/>\nGrup\u0105 docelow\u0105 projektu s\u0105 osoby korzystaj\u0105ce z polsko-niemieckich ofert edukacyjnych:<br \/>\n&#8211; kadra zarz\u0105dzaj\u0105ca w podmiotach dzia\u0142aj\u0105cych na rzecz aktywizacji edukacyjno-zawodowej oraz w uzasadnionych przypadkach w podmiotach dzia\u0142aj\u0105cych na rzecz integracji spo\u0142ecznej os\u00f3b m\u0142odych w wieku 15 \u2013 29 lat, kt\u00f3re wdro\u017c\u0105 i b\u0119d\u0105 stosowa\u0107 wypracowane\/zaadaptowane rozwi\u0105zania \u2013 bezpo\u015brednio 20 os\u00f3b, po\u015brednio ok 1000 os\u00f3b<br \/>\n&#8211; m\u0142odzie\u017c w wieku 15 \u2013 29 lat, bez pracy, nieuczestnicz\u0105ca w kszta\u0142ceniu i szkoleniu, maj\u0105ca problemy z wyborem \u015bcie\u017cki zawodowej \u2013 bezpo\u015brednio 40 os\u00f3b (20 PL, 20 DE), po\u015brednio 1000 os\u00f3b (m\u0142odzie\u017c uczestnicz\u0105ca w kszta\u0142ceniu zawodowym, \u015brednim, studenci, uczestnicy Targ\u00f3w Pracy)<br \/>\nBezpo\u015bredni\u0105 korzy\u015bci\u0105 dla obszaru wsparcia b\u0119dzie niwelowanie barier j\u0119zykowych, praktycznych poprzez pilota\u017c narz\u0119dzi w obszarze edukacji i szkolnictwa zawodowego. Poznanie i przetestowanie rozwi\u0105zania przyczyni si\u0119 do poszerzenia oferty edukacyjnej, nawi\u0105zania \u015bcis\u0142ych relacji pomi\u0119dzy plac\u00f3wkami edukacyjnymi, poprawi dost\u0119pno\u015b\u0107 oferty s\u0105siada w obszarze edukacji i szkolenia zawodowego. Transgraniczna wsp\u00f3\u0142praca w obszarze edukacji i rynku pracy, orientacji zawodowej, wzmocni dalsz\u0105 integracje lubusko-brandenburskiego obszaru wsparcia.<\/p>\n<p><strong>Przyk\u0142ady dzia\u0142a\u0144 w projekcie:<\/strong><\/p>\n<ul>\n<li>Dwa seminaria dotycz\u0105ce kszta\u0142cenia zawodowego na obszarze wsparcia, ka\u017cde dla ok. 20 os\u00f3b<\/li>\n<li>Przygotowanie stoisk informacyjnych i materia\u0142\u00f3w dla kadry instytucji edukacyjnych i integracyjnych, m\u0142odych ludzi. Udzia\u0142 w Targach Edukacji, Pracy i kariery, Bildungsforum, w sympozjach i konferencjach.<\/li>\n<li>Rekrutacja uczestnik\u00f3w: spotkania informacyjne w szko\u0142ach zawodowych, przygotowanie materia\u0142\u00f3w, formularzy zg\u0142oszeniowych, nawi\u0105zanie relacji z M\u0142odzie\u017cowym Centrum Kariery i Jobcenter, szeroka promocja w mediach polskich i niemieckich.<\/li>\n<li>Dwa miesi\u0119czne pobyty dla polskiej m\u0142odzie\u017cy w Niemczech, dwa dla niemieckiej w Polsce,\u00a0 wsp\u00f3lna nauka, integracja oraz pr\u00f3bowanie zawod\u00f3w.<\/li>\n<\/ul>\n","protected":false},"excerpt":{"rendered":"<p>Karuzela zawod\u00f3w &#8211; metody orientacji zawodowej w Polsce i Niemczech\u00a0 &nbsp; Partnerzy: &#8211; Internationaler Bund Berlin Brandenburg GmbH \/ Zwi\u0105zek Mi\u0119dzynarodowy Berlina-Brandenburgii sp. z o. o. &#8211; Fundacja Dobro Kultury Dofinansowanie (EFRR): 119.998,75 EUR Zeitraum \/ Termin realizacji: 01.05.2019 \u2013 30.06.2023 Cel: Nawi\u0105zanie i wzmocnienie wsp\u00f3\u0142pracy pomi\u0119dzy przedsi\u0119biorstwami i podmiotami edukacyjnymi na rzecz koncepcji oferty [&hellip;]<\/p>\n","protected":false},"author":140,"featured_media":0,"parent":0,"menu_order":0,"comment_status":"closed","ping_status":"closed","template":"","meta":{"site-sidebar-layout":"default","site-content-layout":"default","ast-site-content-layout":"default","site-content-style":"default","site-sidebar-style":"default","ast-global-header-display":"","ast-banner-title-visibility":"","ast-main-header-display":"","ast-hfb-above-header-display":"","ast-hfb-below-header-display":"","ast-hfb-mobile-header-display":"","site-post-title":"","ast-breadcrumbs-content":"","ast-featured-img":"","footer-sml-layout":"","theme-transparent-header-meta":"default","adv-header-id-meta":"","stick-header-meta":"","header-above-stick-meta":"","header-main-stick-meta":"","header-below-stick-meta":"","astra-migrate-meta-layouts":"set","ast-page-background-enabled":"default","ast-page-background-meta":{"desktop":{"background-color":"","background-image":"","background-repeat":"repeat","background-position":"center center","background-size":"auto","background-attachment":"scroll","background-type":"","background-media":"","overlay-type":"","overlay-color":"","overlay-opacity":"","overlay-gradient":""},"tablet":{"background-color":"","background-image":"","background-repeat":"repeat","background-position":"center center","background-size":"auto","background-attachment":"scroll","background-type":"","background-media":"","overlay-type":"","overlay-color":"","overlay-opacity":"","overlay-gradient":""},"mobile":{"background-color":"","background-image":"","background-repeat":"repeat","background-position":"center center","background-size":"auto","background-attachment":"scroll","background-type":"","background-media":"","overlay-type":"","overlay-color":"","overlay-opacity":"","overlay-gradient":""}},"ast-content-background-meta":{"desktop":{"background-color":"var(--ast-global-color-5)","background-image":"","background-repeat":"repeat","background-position":"center center","background-size":"auto","background-attachment":"scroll","background-type":"","background-media":"","overlay-type":"","overlay-color":"","overlay-opacity":"","overlay-gradient":""},"tablet":{"background-color":"var(--ast-global-color-5)","background-image":"","background-repeat":"repeat","background-position":"center center","background-size":"auto","background-attachment":"scroll","background-type":"","background-media":"","overlay-type":"","overlay-color":"","overlay-opacity":"","overlay-gradient":""},"mobile":{"background-color":"var(--ast-global-color-5)","background-image":"","background-repeat":"repeat","background-position":"center center","background-size":"auto","background-attachment":"scroll","background-type":"","background-media":"","overlay-type":"","overlay-color":"","overlay-opacity":"","overlay-gradient":""}},"footnotes":""},"class_list":["post-14369","page","type-page","status-publish","hentry"],"_links":{"self":[{"href":"https:\/\/interregva-bb-pl.eu\/pl\/wp-json\/wp\/v2\/pages\/14369"}],"collection":[{"href":"https:\/\/interregva-bb-pl.eu\/pl\/wp-json\/wp\/v2\/pages"}],"about":[{"href":"https:\/\/interregva-bb-pl.eu\/pl\/wp-json\/wp\/v2\/types\/page"}],"author":[{"embeddable":true,"href":"https:\/\/interregva-bb-pl.eu\/pl\/wp-json\/wp\/v2\/users\/140"}],"replies":[{"embeddable":true,"href":"https:\/\/interregva-bb-pl.eu\/pl\/wp-json\/wp\/v2\/comments?post=14369"}],"version-history":[{"count":6,"href":"https:\/\/interregva-bb-pl.eu\/pl\/wp-json\/wp\/v2\/pages\/14369\/revisions"}],"predecessor-version":[{"id":18149,"href":"https:\/\/interregva-bb-pl.eu\/pl\/wp-json\/wp\/v2\/pages\/14369\/revisions\/18149"}],"wp:attachment":[{"href":"https:\/\/interregva-bb-pl.eu\/pl\/wp-json\/wp\/v2\/media?parent=14369"}],"curies":[{"name":"wp","href":"https:\/\/api.w.org\/{rel}","templated":true}]}}