{"id":14377,"date":"2021-02-26T07:24:11","date_gmt":"2021-02-26T14:24:11","guid":{"rendered":"https:\/\/interregva-bb-pl.eu\/?page_id=14377"},"modified":"2022-11-14T09:01:28","modified_gmt":"2022-11-14T16:01:28","slug":"85038369-2","status":"publish","type":"page","link":"https:\/\/interregva-bb-pl.eu\/pl\/85038369-2\/","title":{"rendered":"85038369"},"content":{"rendered":"<h3>Wsp\u00f3lna wiedza, wsp\u00f3lny j\u0119zyk, wsp\u00f3lny cel &#8211; wsp\u00f3\u0142praca transgraniczna pomi\u0119dzy polskimi studentami i niemieckimi uczniami zawodu w dziedzinie ratownictwa<\/h3>\n<p>&nbsp;<\/p>\n<p><strong><img loading=\"lazy\" decoding=\"async\" class=\"details-image alignleft\" draggable=\"false\" src=\"https:\/\/interregva-bb-pl.eu\/wp-content\/uploads\/2020\/11\/85038369_Website-Gesamtbild-517x1024.jpg\" alt=\"\" width=\"313\" height=\"620\" \/>Partnerzy projektu:<\/strong><br \/>\n&#8211; Gemeinn\u00fctzige Rettungsdienst M\u00e4rkisch-Oderland GmbH \/ S\u0142u\u017cba Ratownicza Po\u017cytku Publicznego Powiatu Marchijsko-Odrza\u0144skiego sp. z o. o. (BW)<br \/>\n&#8211; Uniwersytet Zielonog\u00f3rski<br \/>\n&#8211; Lubuski Urz\u0105d Wojew\u00f3dzki<\/p>\n<p><strong>Dofinansowanie (EFRR): <\/strong>480.759,58 EUR<\/p>\n<p><strong>Okres realizacji: <\/strong>01.10.2019 &#8211; 31.03.2023<\/p>\n<p><strong>Cel:<\/strong><br \/>\nProjekt ma na celu wprowadzenie znajomo\u015bci j\u0119zyka, jako sta\u0142ego elementu wykszta\u0142cenia niemieckich i polskich s\u0142u\u017cb ratowniczych. Poprzez ukierunkowanie kszta\u0142cenia polskich student\u00f3w i niemieckich uczni\u00f3w zawodu nie tylko na przyswojenie wiedzy medycznej, ale r\u00f3wnie\u017c, uwzgl\u0119dniaj\u0105c potrzeb\u0119 wynikaj\u0105c\u0105 z po\u0142o\u017cenia w obszarze przygranicznym, na nauk\u0119 j\u0119zyka niemieckiego lub polskiego, mo\u017cliwa b\u0119dzie transgraniczna pomoc w nag\u0142ych wypadkach. Umiej\u0119tno\u015bci j\u0119zykowe s\u0105 absolutnie niezb\u0119dne dla przeprowadzenia wywiadu z pacjentem. Z dotychczasowych do\u015bwiadcze\u0144 wynika, \u017ce przekazanie wiedzy j\u0119zykowej ratownikom wykonuj\u0105cych zaw\u00f3d jest bardzo trudne, cz\u0119sto niemo\u017cliwe. Celem projektu jest przekazanie niemieckim uczniom zawodu ratownika medycznego, kszta\u0142conym w Gemeinn\u00fctzige Rettungsdienst MOL GmbH (GRMOG) oraz polskim studentom Wydzia\u0142u Lekarskiego i Nauk o Zdrowiu Uniwersytetu Zielonog\u00f3rskiego umiej\u0119tno\u015bci j\u0119zykowych do poziomu A2 lub B2. Projekt s\u0142u\u017cy\u0107 b\u0119dzie wypracowaniu odpowiedniej metody dydaktycznej w celu optymalizacji szkolenia j\u0119zykowego. Ze wzgl\u0119du na specyfik\u0119 kszta\u0142cenia s\u0142u\u017cb ratowniczych, sk\u0142adaj\u0105cego si\u0119 z cz\u0119\u015bci teoretycznej i praktycznej, maj\u0105cej miejsce w szpitalach i karetkach pogotowia ratunkowego, dodatkowe wprowadzenie nauki j\u0119zyka wymaga odpowiedniego dostosowana do harmonogramu zaj\u0119\u0107.<br \/>\nPonadto wsp\u00f3\u0142praca mi\u0119dzykulturowa b\u0119dzie wspierana poprzez uczestnictwo we wsp\u00f3lnych letnich i zimowych obozach treningowych. Obozy te nale\u017c\u0105 do obowi\u0105zkowych zaj\u0119\u0107 polskich student\u00f3w. Ich organizacja i przeprowadzenie b\u0119dzie zadaniem Uniwersytetu w Zielonej G\u00f3rze.\u00a0 Wsp\u00f3\u0142udzia\u0142 w nich niemieckich uczni\u00f3w zawodu stwarza doskona\u0142\u0105 okazj\u0119 do praktycznego wykorzystania nauczonego j\u0119zyka. Dodatkowo zorganizowana zostanie wizyta studyjna uczestnik\u00f3w projektu w Gorzowie Wielkopolskim. W trakcie wizyty uczestnicy zapoznaj\u0105 si\u0119 z funkcjonowaniem Dyspozytorni Medycznej w siedzibie Lubuskiego Urz\u0119du Wojew\u00f3dzkiego, Szpitalnego Oddzia\u0142u Ratunkowego w Wielospecjalistycznym Szpitalu Wojew\u00f3dzkim w Gorzowie Wlkp. Sp. z o.o. oraz zaprezentowany zostanie ambulans wykorzystywany w Systemie Pa\u0144stwowe Ratownictwo Medyczne na terenie wojew\u00f3dztwa lubuskiego oraz jego wyposa\u017cenie.<\/p>\n<p><strong>Przyk\u0142adowe dzia\u0142ania w projekcie:<\/strong><\/p>\n<ul>\n<li>Wsp\u00f3lne kszta\u0142cenie w ratownictwie medycznym, letnie i zimowe obozy dla student\u00f3w z Polski i uczni\u00f3w zawodu z Niemiec.<\/li>\n<li>Kursy j\u0119zykowe.<\/li>\n<\/ul>\n","protected":false},"excerpt":{"rendered":"<p>Wsp\u00f3lna wiedza, wsp\u00f3lny j\u0119zyk, wsp\u00f3lny cel &#8211; wsp\u00f3\u0142praca transgraniczna pomi\u0119dzy polskimi studentami i niemieckimi uczniami zawodu w dziedzinie ratownictwa &nbsp; Partnerzy projektu: &#8211; Gemeinn\u00fctzige Rettungsdienst M\u00e4rkisch-Oderland GmbH \/ S\u0142u\u017cba Ratownicza Po\u017cytku Publicznego Powiatu Marchijsko-Odrza\u0144skiego sp. z o. o. (BW) &#8211; Uniwersytet Zielonog\u00f3rski &#8211; Lubuski Urz\u0105d Wojew\u00f3dzki Dofinansowanie (EFRR): 480.759,58 EUR Okres realizacji: 01.10.2019 &#8211; 31.03.2023 [&hellip;]<\/p>\n","protected":false},"author":140,"featured_media":0,"parent":0,"menu_order":0,"comment_status":"closed","ping_status":"closed","template":"","meta":{"site-sidebar-layout":"default","site-content-layout":"default","ast-site-content-layout":"","site-content-style":"default","site-sidebar-style":"default","ast-global-header-display":"","ast-banner-title-visibility":"","ast-main-header-display":"","ast-hfb-above-header-display":"","ast-hfb-below-header-display":"","ast-hfb-mobile-header-display":"","site-post-title":"","ast-breadcrumbs-content":"","ast-featured-img":"","footer-sml-layout":"","theme-transparent-header-meta":"default","adv-header-id-meta":"","stick-header-meta":"","header-above-stick-meta":"","header-main-stick-meta":"","header-below-stick-meta":"","astra-migrate-meta-layouts":"default","ast-page-background-enabled":"default","ast-page-background-meta":{"desktop":{"background-color":"","background-image":"","background-repeat":"repeat","background-position":"center center","background-size":"auto","background-attachment":"scroll","background-type":"","background-media":"","overlay-type":"","overlay-color":"","overlay-opacity":"","overlay-gradient":""},"tablet":{"background-color":"","background-image":"","background-repeat":"repeat","background-position":"center center","background-size":"auto","background-attachment":"scroll","background-type":"","background-media":"","overlay-type":"","overlay-color":"","overlay-opacity":"","overlay-gradient":""},"mobile":{"background-color":"","background-image":"","background-repeat":"repeat","background-position":"center center","background-size":"auto","background-attachment":"scroll","background-type":"","background-media":"","overlay-type":"","overlay-color":"","overlay-opacity":"","overlay-gradient":""}},"ast-content-background-meta":{"desktop":{"background-color":"var(--ast-global-color-5)","background-image":"","background-repeat":"repeat","background-position":"center center","background-size":"auto","background-attachment":"scroll","background-type":"","background-media":"","overlay-type":"","overlay-color":"","overlay-opacity":"","overlay-gradient":""},"tablet":{"background-color":"var(--ast-global-color-5)","background-image":"","background-repeat":"repeat","background-position":"center center","background-size":"auto","background-attachment":"scroll","background-type":"","background-media":"","overlay-type":"","overlay-color":"","overlay-opacity":"","overlay-gradient":""},"mobile":{"background-color":"var(--ast-global-color-5)","background-image":"","background-repeat":"repeat","background-position":"center center","background-size":"auto","background-attachment":"scroll","background-type":"","background-media":"","overlay-type":"","overlay-color":"","overlay-opacity":"","overlay-gradient":""}},"footnotes":""},"class_list":["post-14377","page","type-page","status-publish","hentry"],"_links":{"self":[{"href":"https:\/\/interregva-bb-pl.eu\/pl\/wp-json\/wp\/v2\/pages\/14377"}],"collection":[{"href":"https:\/\/interregva-bb-pl.eu\/pl\/wp-json\/wp\/v2\/pages"}],"about":[{"href":"https:\/\/interregva-bb-pl.eu\/pl\/wp-json\/wp\/v2\/types\/page"}],"author":[{"embeddable":true,"href":"https:\/\/interregva-bb-pl.eu\/pl\/wp-json\/wp\/v2\/users\/140"}],"replies":[{"embeddable":true,"href":"https:\/\/interregva-bb-pl.eu\/pl\/wp-json\/wp\/v2\/comments?post=14377"}],"version-history":[{"count":3,"href":"https:\/\/interregva-bb-pl.eu\/pl\/wp-json\/wp\/v2\/pages\/14377\/revisions"}],"predecessor-version":[{"id":17364,"href":"https:\/\/interregva-bb-pl.eu\/pl\/wp-json\/wp\/v2\/pages\/14377\/revisions\/17364"}],"wp:attachment":[{"href":"https:\/\/interregva-bb-pl.eu\/pl\/wp-json\/wp\/v2\/media?parent=14377"}],"curies":[{"name":"wp","href":"https:\/\/api.w.org\/{rel}","templated":true}]}}