{"id":14386,"date":"2021-02-26T07:35:33","date_gmt":"2021-02-26T14:35:33","guid":{"rendered":"https:\/\/interregva-bb-pl.eu\/?page_id=14386"},"modified":"2023-09-20T05:27:41","modified_gmt":"2023-09-20T12:27:41","slug":"85038490-2","status":"publish","type":"page","link":"https:\/\/interregva-bb-pl.eu\/pl\/85038490-2\/","title":{"rendered":"85038490"},"content":{"rendered":"<h3>Nowoczesne metody magazynowania energii w regionie Szprewa-Nysa-B\u00f3br<\/h3>\n<p>&nbsp;<\/p>\n<p><strong><img loading=\"lazy\" decoding=\"async\" class=\"details-image alignleft\" draggable=\"false\" src=\"https:\/\/interregva-bb-pl.eu\/wp-content\/uploads\/2020\/11\/85038490_Website-Gesamtbild-1-496x1024.jpg\" alt=\"\" width=\"366\" height=\"756\" \/>Projektpartner \/ Partnerzy projektu:<\/strong><br \/>\n&#8211; CEBra \u2013 Centrum f\u00fcr Energietechnologie Brandenburg e.V. \/ Brandenburskie Centrum Technologii Energetycznych stow. rej. (BW)<br \/>\n&#8211; Uniwersytet Zielonog\u00f3rski<br \/>\n&#8211; Brandenburgische Technische Universit\u00e4t Cottbus-Senfteberg \/ Politechnika Brandenburska Cottbus-Senfteberg<br \/>\n&#8211; Miasto\u00a0 Zielona G\u00f3ra<\/p>\n<p><strong>Dofinansowanie (EFRR): <\/strong>614.773,93 EUR<\/p>\n<p><strong>Okres realizacji: <\/strong>01.01.2020 \u2013 30.11.2023<strong><br \/>\n<\/strong><\/p>\n<p><strong>Cel:<\/strong><br \/>\nCelem projektu jest wzmocnienie kooperacji partner\u00f3w nauk. w zakresie kszta\u0142cenia i wymiany wiedzy poprzez utworzenie nowych dodatkowych mo\u017cliwo\u015bci przeprowadzenia kszta\u0142cenia (12 stanowisk szkoleniowych) i przygotowanie\/realizacja bardziej specjalistycznych\/pog\u0142\u0119bionych ofert kszta\u0142cenia w dz. kluczowych technologii prorozwojowych w obszarze energii. Projekt wspiera zmiany strukturalne w regionie poprzez konkretne tematyczne zagadnienia w celu zapewnienia wykwalifikowanych pracownik\u00f3w. Grup\u0105 docelow\u0105 w projekcie s\u0105 w pierwszej linii studenci. UZ posiada obecnie 13.000 student\u00f3w, a BTU 7.000 student\u00f3w. Z transgranicznej oferty edukacyjnej i kszta\u0142cenia zawoowego. skorzystaj\u0105 r\u00f3wnie\u017c w dalszej kolejno\u015bci uczniowie, pedagodzy i nauczyciele akademiccy. Projekt przyczyni si\u0119 do polepszenia dost\u0119pu do konkretnych nowych ofert edukacyjnych w pa\u0144stwie s\u0105siednim i zawiera inwestycje na rzecz wprowadzenia trwa\u0142ych transgranicznych dodatkowych ofert kszta\u0142cenia. Tym samym zostanie r\u00f3wnie\u017c zrealizowana programowa wytyczna dot. priorytetu III. Dzi\u0119ki realizacji projektu studenci otrzymaj\u0105 dost\u0119p i mo\u017cliwo\u015b\u0107 udzia\u0142u we wsp\u00f3lnych ofertach edukacyjnych. Przewidziane s\u0105 tematyczne technologiczne priorytety, np.: fotowoltanika, energetyka s\u0142oneczna, elektroliza, e-mobilno\u015b\u0107, wykorzystanie materia\u0142\u00f3w zmiennofazowych i nowych materia\u0142\u00f3w np. budowlanych w celu magazynowania energii cieplnej.<\/p>\n<p><strong>Przyk\u0142ady dzia\u0142a\u0144 w projekcie:<\/strong><\/p>\n<ul>\n<li>Przygotowanie stanowisk szkoleniowych: ustalenia dotycz\u0105ce tre\u015bci kszta\u0142cenia i koncepcji dydaktycznej dla pojedynczych stanowisk szkoleniowych<\/li>\n<li>Okre\u015blenie cel\u00f3w koncepcyjnych, tre\u015bci i metodyki; zabezpieczenie koncepcji technicznej, w tym ochrony danych<\/li>\n<li>Konferencja otwieraj\u0105ca projekt<\/li>\n<li>Wyposa\u017cenie z wymaganym inwentarzem (wykazem) i technicznym sprz\u0119tem oraz po\u0142\u0105czenie sieciowe 12 stanowisk szkoleniowych<\/li>\n<li>Opracowanie i przetestowanie podr\u0119cznik\u00f3w do kszta\u0142cenia, szczeg\u00f3lnie na u\u017cytek zaj\u0119\u0107 praktycznych<\/li>\n<li>Ustalenia merytoryczne z partnerami: wykorzystanie Parku Naukowo-Technologicznego i Laboratori\u00f3w BTU C-S jak r\u00f3wnie\u017c nowych stanowisk szkoleniowych<\/li>\n<li>Bior\u0105c pod uwag\u0119 do\u015bwiadczenia z fazy testowania r\u00f3wnie\u017c doposa\u017cenie stanowisk szkoleniowych \/ kszta\u0142cenia<\/li>\n<li>Pog\u0142\u0119bione tematyczne kursy specjalistyczne (kilkudniowe) dla 38 uczestnik\u00f3w<\/li>\n<li>Specjalistyczne wyjazdy edukacyjne dla 300 uczestnik\u00f3w<\/li>\n<\/ul>\n","protected":false},"excerpt":{"rendered":"<p>Nowoczesne metody magazynowania energii w regionie Szprewa-Nysa-B\u00f3br &nbsp; Projektpartner \/ Partnerzy projektu: &#8211; CEBra \u2013 Centrum f\u00fcr Energietechnologie Brandenburg e.V. \/ Brandenburskie Centrum Technologii Energetycznych stow. rej. (BW) &#8211; Uniwersytet Zielonog\u00f3rski &#8211; Brandenburgische Technische Universit\u00e4t Cottbus-Senfteberg \/ Politechnika Brandenburska Cottbus-Senfteberg &#8211; Miasto\u00a0 Zielona G\u00f3ra Dofinansowanie (EFRR): 614.773,93 EUR Okres realizacji: 01.01.2020 \u2013 30.11.2023 Cel: Celem [&hellip;]<\/p>\n","protected":false},"author":140,"featured_media":0,"parent":0,"menu_order":0,"comment_status":"closed","ping_status":"closed","template":"","meta":{"site-sidebar-layout":"default","site-content-layout":"default","ast-site-content-layout":"default","site-content-style":"default","site-sidebar-style":"default","ast-global-header-display":"","ast-banner-title-visibility":"","ast-main-header-display":"","ast-hfb-above-header-display":"","ast-hfb-below-header-display":"","ast-hfb-mobile-header-display":"","site-post-title":"","ast-breadcrumbs-content":"","ast-featured-img":"","footer-sml-layout":"","theme-transparent-header-meta":"default","adv-header-id-meta":"","stick-header-meta":"","header-above-stick-meta":"","header-main-stick-meta":"","header-below-stick-meta":"","astra-migrate-meta-layouts":"set","ast-page-background-enabled":"default","ast-page-background-meta":{"desktop":{"background-color":"","background-image":"","background-repeat":"repeat","background-position":"center center","background-size":"auto","background-attachment":"scroll","background-type":"","background-media":"","overlay-type":"","overlay-color":"","overlay-opacity":"","overlay-gradient":""},"tablet":{"background-color":"","background-image":"","background-repeat":"repeat","background-position":"center center","background-size":"auto","background-attachment":"scroll","background-type":"","background-media":"","overlay-type":"","overlay-color":"","overlay-opacity":"","overlay-gradient":""},"mobile":{"background-color":"","background-image":"","background-repeat":"repeat","background-position":"center center","background-size":"auto","background-attachment":"scroll","background-type":"","background-media":"","overlay-type":"","overlay-color":"","overlay-opacity":"","overlay-gradient":""}},"ast-content-background-meta":{"desktop":{"background-color":"var(--ast-global-color-5)","background-image":"","background-repeat":"repeat","background-position":"center center","background-size":"auto","background-attachment":"scroll","background-type":"","background-media":"","overlay-type":"","overlay-color":"","overlay-opacity":"","overlay-gradient":""},"tablet":{"background-color":"var(--ast-global-color-5)","background-image":"","background-repeat":"repeat","background-position":"center center","background-size":"auto","background-attachment":"scroll","background-type":"","background-media":"","overlay-type":"","overlay-color":"","overlay-opacity":"","overlay-gradient":""},"mobile":{"background-color":"var(--ast-global-color-5)","background-image":"","background-repeat":"repeat","background-position":"center center","background-size":"auto","background-attachment":"scroll","background-type":"","background-media":"","overlay-type":"","overlay-color":"","overlay-opacity":"","overlay-gradient":""}},"footnotes":""},"class_list":["post-14386","page","type-page","status-publish","hentry"],"_links":{"self":[{"href":"https:\/\/interregva-bb-pl.eu\/pl\/wp-json\/wp\/v2\/pages\/14386"}],"collection":[{"href":"https:\/\/interregva-bb-pl.eu\/pl\/wp-json\/wp\/v2\/pages"}],"about":[{"href":"https:\/\/interregva-bb-pl.eu\/pl\/wp-json\/wp\/v2\/types\/page"}],"author":[{"embeddable":true,"href":"https:\/\/interregva-bb-pl.eu\/pl\/wp-json\/wp\/v2\/users\/140"}],"replies":[{"embeddable":true,"href":"https:\/\/interregva-bb-pl.eu\/pl\/wp-json\/wp\/v2\/comments?post=14386"}],"version-history":[{"count":6,"href":"https:\/\/interregva-bb-pl.eu\/pl\/wp-json\/wp\/v2\/pages\/14386\/revisions"}],"predecessor-version":[{"id":18093,"href":"https:\/\/interregva-bb-pl.eu\/pl\/wp-json\/wp\/v2\/pages\/14386\/revisions\/18093"}],"wp:attachment":[{"href":"https:\/\/interregva-bb-pl.eu\/pl\/wp-json\/wp\/v2\/media?parent=14386"}],"curies":[{"name":"wp","href":"https:\/\/api.w.org\/{rel}","templated":true}]}}