{"id":14399,"date":"2021-02-26T07:55:19","date_gmt":"2021-02-26T14:55:19","guid":{"rendered":"https:\/\/interregva-bb-pl.eu\/?page_id=14399"},"modified":"2023-07-06T02:10:38","modified_gmt":"2023-07-06T09:10:38","slug":"85038905-2","status":"publish","type":"page","link":"https:\/\/interregva-bb-pl.eu\/pl\/85038905-2\/","title":{"rendered":"85038905"},"content":{"rendered":"<h3>Do\u015bwiadczy\u0107 Dwumiasta. W\u0142\u0105czenie tematyki Dwumiasta S\u0142ubice \u2013 Frankfurt nad Odr\u0105 do procesu kszta\u0142cenia<\/h3>\n<p>&nbsp;<\/p>\n<p><strong><img loading=\"lazy\" decoding=\"async\" class=\"details-image alignleft\" draggable=\"false\" src=\"https:\/\/interregva-bb-pl.eu\/wp-content\/uploads\/2020\/12\/85038905_Gesamtbild-571x1024.jpg\" alt=\"\" width=\"390\" height=\"700\" \/>Partnerzy projektu:<\/strong><br \/>\n&#8211; Stadt \/ Miasto Frankfurt (Oder) (BW)<br \/>\n&#8211; Gmina S\u0142ubice<\/p>\n<p><strong>Dofinansowanie (EFRR): <\/strong>153.463,63 EUR<\/p>\n<p><strong>Okres realizacji: <\/strong><br \/>\n01.01.2021 \u2013 18.08.2023<\/p>\n<p><strong>Cel:<\/strong><br \/>\nG\u0142\u00f3wnym celem projektu jest wykorzystanie Dwumiasta jako miejsca kszta\u0142cenia, zwi\u0119kszenie identyfikacji obywateli z regionem przygranicznym, jak r\u00f3wnie\u017c ich wiedzy na temat wsp\u00f3lnego regionu. Jednocze\u015bnie powinno si\u0119 umacnia\u0107 postrzeganie Dwumiasta jako miejsca integracji europejskiej w\u015br\u00f3d obywateli oraz rozszerza\u0107 kompetencje mi\u0119dzykulturowe. W tym celu nale\u017cy zintensyfikowa\u0107 wsp\u00f3\u0142prac\u0119 instytucji edukacyjnych z obu miast w rozumieniu uczenia si\u0119 przez ca\u0142e \u017cycie oraz poprawi\u0107 dost\u0119p do pozaszkolnych ofert kszta\u0142cenia w kraju s\u0105siada. W ten spos\u00f3b projekt przyczynia si\u0119 do realizacji cel\u00f3w w dziedzinie ksztalcenia zgodnie z Programem Wsp\u00f3\u0142pracy Brandenburgia &#8211; Lubuskie. Wsp\u00f3lna praca w zakresie kszta\u0142cenia obejmuje wsp\u00f3lnie opracowane, innowacyjne koncepcje nauczania i uczenia si\u0119 w celu integracji Dwumiasta jako tematu w procesie kszta\u0142cenia.<br \/>\nDo grupy docelowej nale\u017c\u0105 uczestnicy procesu kszta\u0142cenia we Frankfurcie nad Odr\u0105 i w S\u0142ubicach, w tym dzieci w wieku przedszkolnym, uczniowie i doro\u015bli. Zak\u0142ada si\u0119, \u017ce 75 uczestnik\u00f3w przez d\u0142u\u017cszy okres czasu b\u0119dzie zdobywa\u0142o kwalifikacje w temacie Dwumiasta, co po\u015bwiadcz\u0105 partnerzy projektu wraz ze wsp\u00f3\u0142pracuj\u0105c\u0105 instytucj\u0105. Projekt skierowany jest ponadto do kadry pedagogicznej w przedszkolach, szko\u0142ach i instytucjach kszta\u0142cenia zawodowych, a tak\u017ce do multiplikator\u00f3w w nieformalnych instytucjach kszta\u0142cenia, takich jak muzea, biblioteki czy stowarzyszenia o charakterze edukacyjnym. Trzeci\u0105 grup\u0105 docelow\u0105 stanowi\u0105 osoby spoza Dwumiasta, kt\u00f3re korzystaj\u0105 z ofert kszta\u0142cenia, na przyk\u0142ad w ramach podr\u00f3\u017cy i wycieczek o charakterze edukacyjnym &#8211; spodziewanych jest oko\u0142o 80 uczestnik\u00f3w z zewn\u0119trznych.<br \/>\nW ramach projektu koordynatorzy projektu wraz z kadr\u0105 pedagogiczn\u0105 i multiplikatorami b\u0105d\u017a ekspertami w poszczeg\u00f3lnych dziedzinach wypracowuj\u0105 oferty kszta\u0142cenia dla r\u00f3\u017cnych grup wiekowych w odniesieniu do Dwumiasta i wsp\u00f3lnie zrealizuj\u0105 je w ramach warsztat\u00f3w. Obejmuje to dwuj\u0119zyczne materia\u0142y dydaktyczne i edukacyjne oraz zwi\u0105zane z nimi interaktywne formaty, takie jak gry symulacyjne lub dzia\u0142ania w przestrzeni miejskiej. Do wykorzystania w przedszkolach i szko\u0142ach podstawowych zostan\u0105 wypracowywane oferty w formie zabaw maj\u0105ce na celu poznanie Dwumiasta. Projekty pilota\u017cowe podczas wydarze\u0144 organizowanych w przestrzeni miejskiej umo\u017cliwiaj\u0105 szerokiej grupie docelowej poznanie Dwumiasta.<br \/>\nWsp\u00f3lne gremia i wydarzenia &#8211; Rada ds. kszta\u0142cenia, wewn\u0119trzna Grupa robocza ds. kszta\u0142cenia i Forum Kszta\u0142cenia &#8211; wzmacniaj\u0105 wsp\u00f3\u0142prac\u0119 pomi\u0119dzy podmiotami zajmuj\u0105cymi si\u0119 kszta\u0142ceniem. Oferty powinny by\u0107 stworzone w taki spos\u00f3b, aby mog\u0142y by\u0107 r\u00f3wnie\u017c wykorzystywane i rozszerzane niezale\u017cnie i d\u0142ugoterminowo w instytucjach edukacyjnych po zako\u0144czeniu projektu. W dalszej perspektywie ma zosta\u0107 opracowany &#8220;Program nauczania Dwumiasta&#8221;.<\/p>\n<p><strong>Przyk\u0142adowe dzia\u0142ania w projekcie:<\/strong><\/p>\n<ul>\n<li>Warsztaty grup tematycznych w celu ustalenia tre\u015bci i temat\u00f3w odnosz\u0105cych si\u0119 do Dwumiasta z pedagogami i ekspertami\/instytucjami partnerskimi.<\/li>\n<li>Opracowanie tematycznych pomocy dydaktycznych i interaktywnych format\u00f3w edukacyjnych na temat Dwumiasta.<\/li>\n<li>Stworzenie aplikacji mobilnej \u201ee-Paszport Dwumiasta\u201d.<\/li>\n<li>Stworzenie wydajnego systemu IT do konferencji online.<\/li>\n<li>Zakup dw\u00f3ch zestaw\u00f3w do konferencji online.<\/li>\n<li>Zaj\u0119cia dla uczni\u00f3w szk\u00f3\u0142 podstawowych z obu miast umo\u017cliwiaj\u0105ce poznanie Dwumiasta poprzez zabaw\u0119<\/li>\n<li>Wdra\u017canie tematycznych ofert edukacyjnych (historia, kultura, polityka&amp;Europa oraz przyroda) z odniesieniem do Dwumiasta dla uczni\u00f3w szk\u00f3\u0142 podstawowych z obu miast.<\/li>\n<li>Zaj\u0119cia z doskonalenia zawodowego dla nauczycieli z obu miast prowadzone przez autor\u00f3w pomocy dydaktycznych i format\u00f3w interaktywnych wypracowanych w ramach.<\/li>\n<li>Wdra\u017canie ofert edukacyjnych dotycz\u0105cych Dwumiasta dla zewn\u0119trznych uczestnik\u00f3w edukacji poprzez dzia\u0142ania edukacyjne (oprowadzenie z przewodnikiem).<\/li>\n<li>W\u0142\u0105czenie projekt\u00f3w pilota\u017cowych do imprez publicznych w obu miastach<\/li>\n<li>Wsp\u00f3lne projekty uczni\u00f3w niemieckich i polskich z odniesieniem do Dwumiasta.<\/li>\n<\/ul>\n","protected":false},"excerpt":{"rendered":"<p>Do\u015bwiadczy\u0107 Dwumiasta. W\u0142\u0105czenie tematyki Dwumiasta S\u0142ubice \u2013 Frankfurt nad Odr\u0105 do procesu kszta\u0142cenia &nbsp; Partnerzy projektu: &#8211; Stadt \/ Miasto Frankfurt (Oder) (BW) &#8211; Gmina S\u0142ubice Dofinansowanie (EFRR): 153.463,63 EUR Okres realizacji: 01.01.2021 \u2013 18.08.2023 Cel: G\u0142\u00f3wnym celem projektu jest wykorzystanie Dwumiasta jako miejsca kszta\u0142cenia, zwi\u0119kszenie identyfikacji obywateli z regionem przygranicznym, jak r\u00f3wnie\u017c ich wiedzy [&hellip;]<\/p>\n","protected":false},"author":140,"featured_media":0,"parent":0,"menu_order":0,"comment_status":"closed","ping_status":"closed","template":"","meta":{"site-sidebar-layout":"default","site-content-layout":"default","ast-site-content-layout":"","site-content-style":"default","site-sidebar-style":"default","ast-global-header-display":"","ast-banner-title-visibility":"","ast-main-header-display":"","ast-hfb-above-header-display":"","ast-hfb-below-header-display":"","ast-hfb-mobile-header-display":"","site-post-title":"","ast-breadcrumbs-content":"","ast-featured-img":"","footer-sml-layout":"","theme-transparent-header-meta":"default","adv-header-id-meta":"","stick-header-meta":"","header-above-stick-meta":"","header-main-stick-meta":"","header-below-stick-meta":"","astra-migrate-meta-layouts":"default","ast-page-background-enabled":"default","ast-page-background-meta":{"desktop":{"background-color":"","background-image":"","background-repeat":"repeat","background-position":"center center","background-size":"auto","background-attachment":"scroll","background-type":"","background-media":"","overlay-type":"","overlay-color":"","overlay-opacity":"","overlay-gradient":""},"tablet":{"background-color":"","background-image":"","background-repeat":"repeat","background-position":"center center","background-size":"auto","background-attachment":"scroll","background-type":"","background-media":"","overlay-type":"","overlay-color":"","overlay-opacity":"","overlay-gradient":""},"mobile":{"background-color":"","background-image":"","background-repeat":"repeat","background-position":"center center","background-size":"auto","background-attachment":"scroll","background-type":"","background-media":"","overlay-type":"","overlay-color":"","overlay-opacity":"","overlay-gradient":""}},"ast-content-background-meta":{"desktop":{"background-color":"var(--ast-global-color-5)","background-image":"","background-repeat":"repeat","background-position":"center center","background-size":"auto","background-attachment":"scroll","background-type":"","background-media":"","overlay-type":"","overlay-color":"","overlay-opacity":"","overlay-gradient":""},"tablet":{"background-color":"var(--ast-global-color-5)","background-image":"","background-repeat":"repeat","background-position":"center center","background-size":"auto","background-attachment":"scroll","background-type":"","background-media":"","overlay-type":"","overlay-color":"","overlay-opacity":"","overlay-gradient":""},"mobile":{"background-color":"var(--ast-global-color-5)","background-image":"","background-repeat":"repeat","background-position":"center center","background-size":"auto","background-attachment":"scroll","background-type":"","background-media":"","overlay-type":"","overlay-color":"","overlay-opacity":"","overlay-gradient":""}},"footnotes":""},"class_list":["post-14399","page","type-page","status-publish","hentry"],"_links":{"self":[{"href":"https:\/\/interregva-bb-pl.eu\/pl\/wp-json\/wp\/v2\/pages\/14399"}],"collection":[{"href":"https:\/\/interregva-bb-pl.eu\/pl\/wp-json\/wp\/v2\/pages"}],"about":[{"href":"https:\/\/interregva-bb-pl.eu\/pl\/wp-json\/wp\/v2\/types\/page"}],"author":[{"embeddable":true,"href":"https:\/\/interregva-bb-pl.eu\/pl\/wp-json\/wp\/v2\/users\/140"}],"replies":[{"embeddable":true,"href":"https:\/\/interregva-bb-pl.eu\/pl\/wp-json\/wp\/v2\/comments?post=14399"}],"version-history":[{"count":6,"href":"https:\/\/interregva-bb-pl.eu\/pl\/wp-json\/wp\/v2\/pages\/14399\/revisions"}],"predecessor-version":[{"id":18043,"href":"https:\/\/interregva-bb-pl.eu\/pl\/wp-json\/wp\/v2\/pages\/14399\/revisions\/18043"}],"wp:attachment":[{"href":"https:\/\/interregva-bb-pl.eu\/pl\/wp-json\/wp\/v2\/media?parent=14399"}],"curies":[{"name":"wp","href":"https:\/\/api.w.org\/{rel}","templated":true}]}}