{"id":14411,"date":"2021-02-26T08:11:49","date_gmt":"2021-02-26T15:11:49","guid":{"rendered":"https:\/\/interregva-bb-pl.eu\/?page_id=14411"},"modified":"2021-02-26T08:19:06","modified_gmt":"2021-02-26T15:19:06","slug":"85012989-2","status":"publish","type":"page","link":"https:\/\/interregva-bb-pl.eu\/pl\/85012989-2\/","title":{"rendered":"85012989"},"content":{"rendered":"<p><strong><img loading=\"lazy\" decoding=\"async\" class=\"size-full wp-image-9844 alignleft\" src=\"https:\/\/interregva-bb-pl.eu\/wp-content\/uploads\/2019\/07\/2_introbild.jpg\" alt=\"\" width=\"285\" height=\"780\" srcset=\"https:\/\/interregva-bb-pl.eu\/wp-content\/uploads\/2019\/07\/2_introbild.jpg 285w, https:\/\/interregva-bb-pl.eu\/wp-content\/uploads\/2019\/07\/2_introbild-55x150.jpg 55w, https:\/\/interregva-bb-pl.eu\/wp-content\/uploads\/2019\/07\/2_introbild-110x300.jpg 110w\" sizes=\"(max-width: 285px) 100vw, 285px\" \/>Partnerzy projektu:<\/strong><br \/>\n&#8211; Euroregion Pro-Europa-Viadrina (BW)<br \/>\n&#8211; Euroregion Sprewa-Nysa-B\u00f3br<\/p>\n<p><strong>Okres realizacji: <\/strong>01.03.2017 \u2013 30.06.2020<\/p>\n<p><strong>Dofinansowanie (EFRR): <\/strong>1.095.222,47 EUR<\/p>\n<p><strong>Cel:<\/strong><br \/>\nNadrz\u0119dnym celem projektu jest transgraniczny DIALOG pomi\u0119dzy instytucjami oraz organizacjami wsp\u00f3\u0142pracy polsko-niemieckiej na pograniczu brandenbursko-lubuskim, jak r\u00f3wnie\u017c kwalifikowanie oraz uwra\u017cliwienie i dokszta\u0142canie os\u00f3b z Polski i Niemiec, zajmuj\u0105cych si\u0119 w swoich instytucjach na co dzie\u0144 w praktyce wsp\u00f3\u0142prac\u0105 i tematyk\u0105 transgraniczn\u0105.<\/p>\n<p><strong>Przyk\u0142ady dzia\u0142a\u0144 w projekcie:<\/strong><\/p>\n<p>&#8211; kursy j\u0119zykowe<\/p>\n<p>&#8211; warsztaty interkulturowe<\/p>\n<p>&#8211; treningi interkulturowe<\/p>\n<p>&#8211; seminaria: struktury administracyjne DE&lt;=&gt;PL<\/p>\n<p>&#8211; wizyty studyjne<\/p>\n<p>&#8211; hospitacje<\/p>\n<style id=\"bwg-style-0\">    #bwg_container1_0 #bwg_container2_0 .bwg-container-0.bwg-standard-thumbnails {      width: 1004px;              justify-content: center;        margin:0 auto !important;              background-color: rgba(255, 255, 255, 0.00);            padding-left: 4px;      padding-top: 4px;      max-width: 100%;            }        #bwg_container1_0 #bwg_container2_0 .bwg-container-0.bwg-standard-thumbnails .bwg-item {    justify-content: flex-start;      max-width: 200px;            width: 200px !important;          }    #bwg_container1_0 #bwg_container2_0 .bwg-container-0.bwg-standard-thumbnails .bwg-item a {       margin-right: 4px;       margin-bottom: 4px;    }    #bwg_container1_0 #bwg_container2_0 .bwg-container-0.bwg-standard-thumbnails .bwg-item0 {      padding: 0px;            background-color:rgba(255,255,255, 0.30);      border: 0px none #CCCCCC;      opacity: 1.00;      border-radius: 0;      box-shadow: 0px 0px 0px #888888;    }    #bwg_container1_0 #bwg_container2_0 .bwg-container-0.bwg-standard-thumbnails .bwg-item1 img {      max-height: none;      max-width: none;      padding: 0 !important;    }        @media only screen and (min-width: 480px) {      #bwg_container1_0 #bwg_container2_0 .bwg-container-0.bwg-standard-thumbnails .bwg-item0 {        transition: all 0.3s ease 0s;-webkit-transition: all 0.3s ease 0s;      }      #bwg_container1_0 #bwg_container2_0 .bwg-container-0.bwg-standard-thumbnails .bwg-item0:hover {        -ms-transform: scale(1.1);        -webkit-transform: scale(1.1);        transform: scale(1.1);      }    }          #bwg_container1_0 #bwg_container2_0 .bwg-container-0.bwg-standard-thumbnails .bwg-item1 {      padding-top: 50%;    }        #bwg_container1_0 #bwg_container2_0 .bwg-container-0.bwg-standard-thumbnails .bwg-title2,    #bwg_container1_0 #bwg_container2_0 .bwg-container-0.bwg-standard-thumbnails .bwg-ecommerce2 {      color: #CCCCCC;      font-family: segoe ui;      font-size: 16px;      font-weight: bold;      padding: 2px;      text-shadow: 0px 0px 0px #888888;      max-height: 100%;    }    #bwg_container1_0 #bwg_container2_0 .bwg-container-0.bwg-standard-thumbnails .bwg-thumb-description span {    color: #323A45;    font-family: Ubuntu;    font-size: 12px;    max-height: 100%;    word-wrap: break-word;    }    #bwg_container1_0 #bwg_container2_0 .bwg-container-0.bwg-standard-thumbnails .bwg-play-icon2 {      font-size: 32px;    }    #bwg_container1_0 #bwg_container2_0 .bwg-container-0.bwg-standard-thumbnails .bwg-ecommerce2 {      font-size: 19.2px;      color: #CCCCCC;    }    <\/style>    <div id=\"bwg_container1_0\"         class=\"bwg_container bwg_thumbnail bwg_thumbnails \"         data-right-click-protection=\"0\"         data-bwg=\"0\"         data-scroll=\"0\"         data-gallery-type=\"thumbnails\"         data-gallery-view-type=\"thumbnails\"         data-current-url=\"\/pl\/wp-json\/wp\/v2\/pages\/14411\"         data-lightbox-url=\"https:\/\/interregva-bb-pl.eu\/wp-admin\/admin-ajax.php?action=GalleryBox&#038;current_view=0&#038;gallery_id=27&#038;tag=0&#038;theme_id=1&#038;shortcode_id=73&#038;sort_by=order&#038;order_by=asc&#038;current_url=%2Fpl%2Fwp-json%2Fwp%2Fv2%2Fpages%2F14411\"         data-gallery-id=\"27\"         data-popup-width=\"800\"         data-popup-height=\"500\"         data-is-album=\"gallery\"         data-buttons-position=\"bottom\">      <div id=\"bwg_container2_0\">             <div id=\"ajax_loading_0\" class=\"bwg_loading_div_1\">      <div class=\"bwg_loading_div_2\">        <div class=\"bwg_loading_div_3\">          <div id=\"loading_div_0\" class=\"bwg_spider_ajax_loading\">          <\/div>        <\/div>      <\/div>    <\/div>            <form id=\"gal_front_form_0\"              class=\"bwg-hidden\"              method=\"post\"              action=\"#\"              data-current=\"0\"              data-shortcode-id=\"73\"              data-gallery-type=\"thumbnails\"              data-gallery-id=\"27\"              data-tag=\"0\"              data-album-id=\"0\"              data-theme-id=\"1\"              data-ajax-url=\"https:\/\/interregva-bb-pl.eu\/wp-admin\/admin-ajax.php?action=bwg_frontend_data\">          <div id=\"bwg_container3_0\" class=\"bwg-background bwg-background-0\">                <div data-max-count=\"5\"         data-thumbnail-width=\"200\"         data-bwg=\"0\"         data-gallery-id=\"27\"         data-lightbox-url=\"https:\/\/interregva-bb-pl.eu\/wp-admin\/admin-ajax.php?action=GalleryBox&amp;current_view=0&amp;gallery_id=27&amp;tag=0&amp;theme_id=1&amp;shortcode_id=73&amp;sort_by=order&amp;order_by=asc&amp;current_url=%2Fpl%2Fwp-json%2Fwp%2Fv2%2Fpages%2F14411\"         id=\"bwg_thumbnails_0\"         class=\"bwg-container-0 bwg-thumbnails bwg-standard-thumbnails bwg-container bwg-border-box\">            <div class=\"bwg-item\">        <a class=\"bwg-a  bwg_lightbox\"  data-image-id=\"256\" href=\"https:\/\/interregva-bb-pl.eu\/wp-content\/uploads\/photo-gallery\/Studienreise.jpeg?bwg=1563203365\" data-elementor-open-lightbox=\"no\">                <div class=\"bwg-item0 \">          <div class=\"bwg-item1 \">            <div class=\"bwg-item2\">              <img decoding=\"async\" class=\"skip-lazy bwg_standart_thumb_img_0 \"                   data-id=\"256\"                   data-width=\"225\"                   data-height=\"300\"                   data-src=\"https:\/\/interregva-bb-pl.eu\/wp-content\/uploads\/photo-gallery\/thumb\/Studienreise.jpeg?bwg=1563203365\"                   src=\"https:\/\/interregva-bb-pl.eu\/wp-content\/uploads\/photo-gallery\/thumb\/Studienreise.jpeg?bwg=1563203365\"                   alt=\"Studienreise\"                   title=\"Studienreise\" \/>            <\/div>            <div class=\"\">                                                      <\/div>          <\/div>        <\/div>                        <\/a>              <\/div>            <div class=\"bwg-item\">        <a class=\"bwg-a  bwg_lightbox\"  data-image-id=\"255\" href=\"https:\/\/interregva-bb-pl.eu\/wp-content\/uploads\/photo-gallery\/Schultour_in_der_Kooperation_mit_EDIC_GubenZajecia_w_szkole_we_wsp\u00f3\u0142pracy_z_EDIC__24.05.2019_Krabat-Grundschule_J\u00e4nschwalde_2.jpg?bwg=1563203365\" data-elementor-open-lightbox=\"no\">                <div class=\"bwg-item0 \">          <div class=\"bwg-item1 \">            <div class=\"bwg-item2\">              <img decoding=\"async\" class=\"skip-lazy bwg_standart_thumb_img_0 \"                   data-id=\"255\"                   data-width=\"300\"                   data-height=\"172\"                   data-src=\"https:\/\/interregva-bb-pl.eu\/wp-content\/uploads\/photo-gallery\/thumb\/Schultour_in_der_Kooperation_mit_EDIC_GubenZajecia_w_szkole_we_wsp\u00f3\u0142pracy_z_EDIC__24.05.2019_Krabat-Grundschule_J\u00e4nschwalde_2.jpg?bwg=1563203365\"                   src=\"https:\/\/interregva-bb-pl.eu\/wp-content\/uploads\/photo-gallery\/thumb\/Schultour_in_der_Kooperation_mit_EDIC_GubenZajecia_w_szkole_we_wsp\u00f3\u0142pracy_z_EDIC__24.05.2019_Krabat-Grundschule_J\u00e4nschwalde_2.jpg?bwg=1563203365\"                   alt=\"Schultour in der Kooperation mit EDIC GubenZajecia w szkole we wsp\u00f3\u0142pracy z EDIC  24.05.2019 Krabat-Grundschule J\u00e4nschwalde 2\"                   title=\"Schultour in der Kooperation mit EDIC GubenZajecia w szkole we wsp\u00f3\u0142pracy z EDIC  24.05.2019 Krabat-Grundschule J\u00e4nschwalde 2\" \/>            <\/div>            <div class=\"\">                                                      <\/div>          <\/div>        <\/div>                        <\/a>              <\/div>            <div class=\"bwg-item\">        <a class=\"bwg-a  bwg_lightbox\"  data-image-id=\"254\" href=\"https:\/\/interregva-bb-pl.eu\/wp-content\/uploads\/photo-gallery\/Studienreise_zum_Landtag_in_Potsdam_27.03.2019,Wizyta_studyjna_w_Landtagu_w_Poczdamie_27.03.2019.jpg?bwg=1563203365\" data-elementor-open-lightbox=\"no\">                <div class=\"bwg-item0 \">          <div class=\"bwg-item1 \">            <div class=\"bwg-item2\">              <img decoding=\"async\" class=\"skip-lazy bwg_standart_thumb_img_0 \"                   data-id=\"254\"                   data-width=\"300\"                   data-height=\"200\"                   data-src=\"https:\/\/interregva-bb-pl.eu\/wp-content\/uploads\/photo-gallery\/thumb\/Studienreise_zum_Landtag_in_Potsdam_27.03.2019,Wizyta_studyjna_w_Landtagu_w_Poczdamie_27.03.2019.jpg?bwg=1563203365\"                   src=\"https:\/\/interregva-bb-pl.eu\/wp-content\/uploads\/photo-gallery\/thumb\/Studienreise_zum_Landtag_in_Potsdam_27.03.2019,Wizyta_studyjna_w_Landtagu_w_Poczdamie_27.03.2019.jpg?bwg=1563203365\"                   alt=\"Studienreise zum Landtag in Potsdam 27.03.2019,Wizyta studyjna w Landtagu w Poczdamie 27.03.2019\"                   title=\"Studienreise zum Landtag in Potsdam 27.03.2019,Wizyta studyjna w Landtagu w Poczdamie 27.03.2019\" \/>            <\/div>            <div class=\"\">                                                      <\/div>          <\/div>        <\/div>                        <\/a>              <\/div>            <div class=\"bwg-item\">        <a class=\"bwg-a  bwg_lightbox\"  data-image-id=\"253\" href=\"https:\/\/interregva-bb-pl.eu\/wp-content\/uploads\/photo-gallery\/Schultour_in_der_Kooperation_mit_EDIC_GubenZajecia_w_szkole_we_wsp\u00f3\u0142pracy_z_EDIC_Guben_27.02.2019,_Friedensschule_Guben.jpg?bwg=1563203365\" data-elementor-open-lightbox=\"no\">                <div class=\"bwg-item0 \">          <div class=\"bwg-item1 \">            <div class=\"bwg-item2\">              <img decoding=\"async\" class=\"skip-lazy bwg_standart_thumb_img_0 \"                   data-id=\"253\"                   data-width=\"300\"                   data-height=\"200\"                   data-src=\"https:\/\/interregva-bb-pl.eu\/wp-content\/uploads\/photo-gallery\/thumb\/Schultour_in_der_Kooperation_mit_EDIC_GubenZajecia_w_szkole_we_wsp\u00f3\u0142pracy_z_EDIC_Guben_27.02.2019,_Friedensschule_Guben.jpg?bwg=1563203365\"                   src=\"https:\/\/interregva-bb-pl.eu\/wp-content\/uploads\/photo-gallery\/thumb\/Schultour_in_der_Kooperation_mit_EDIC_GubenZajecia_w_szkole_we_wsp\u00f3\u0142pracy_z_EDIC_Guben_27.02.2019,_Friedensschule_Guben.jpg?bwg=1563203365\"                   alt=\"Schultour in der Kooperation mit EDIC GubenZajecia w szkole we wsp\u00f3\u0142pracy z EDIC Guben 27.02.2019, Friedensschule Guben\"                   title=\"Schultour in der Kooperation mit EDIC GubenZajecia w szkole we wsp\u00f3\u0142pracy z EDIC Guben 27.02.2019, Friedensschule Guben\" \/>            <\/div>            <div class=\"\">                                                      <\/div>          <\/div>        <\/div>                        <\/a>              <\/div>            <div class=\"bwg-item\">        <a class=\"bwg-a  bwg_lightbox\"  data-image-id=\"252\" href=\"https:\/\/interregva-bb-pl.eu\/wp-content\/uploads\/photo-gallery\/DEPL_Interkultureller_Workshop_f\u00fcr_Verwaltungsangestellte_Warsztaty_interkulturowe_dla_pracownik\u00f3w_administracji_14.05.2019.jpg?bwg=1563202949\" data-elementor-open-lightbox=\"no\">                <div class=\"bwg-item0 \">          <div class=\"bwg-item1 \">            <div class=\"bwg-item2\">              <img decoding=\"async\" class=\"skip-lazy bwg_standart_thumb_img_0 \"                   data-id=\"252\"                   data-width=\"300\"                   data-height=\"200\"                   data-src=\"https:\/\/interregva-bb-pl.eu\/wp-content\/uploads\/photo-gallery\/thumb\/DEPL_Interkultureller_Workshop_f\u00fcr_Verwaltungsangestellte_Warsztaty_interkulturowe_dla_pracownik\u00f3w_administracji_14.05.2019.jpg?bwg=1563202949\"                   src=\"https:\/\/interregva-bb-pl.eu\/wp-content\/uploads\/photo-gallery\/thumb\/DEPL_Interkultureller_Workshop_f\u00fcr_Verwaltungsangestellte_Warsztaty_interkulturowe_dla_pracownik\u00f3w_administracji_14.05.2019.jpg?bwg=1563202949\"                   alt=\"DEPL Interkultureller Workshop f\u00fcr Verwaltungsangestellte Warsztaty interkulturowe dla pracownik\u00f3w administracji 14.05.2019\"                   title=\"DEPL Interkultureller Workshop f\u00fcr Verwaltungsangestellte Warsztaty interkulturowe dla pracownik\u00f3w administracji 14.05.2019\" \/>            <\/div>            <div class=\"\">                                                      <\/div>          <\/div>        <\/div>                        <\/a>              <\/div>            <div class=\"bwg-item\">        <a class=\"bwg-a  bwg_lightbox\"  data-image-id=\"250\" href=\"https:\/\/interregva-bb-pl.eu\/wp-content\/uploads\/photo-gallery\/Deutsch-Polnisches_Rettungsdienstsymposium_Polsko_\u2013_Niemieckie_sympozjum_nt._ratownictwa_medycznego_21.02.-22.02.2019_inw_Guben_(2).jpg?bwg=1563202949\" data-elementor-open-lightbox=\"no\">                <div class=\"bwg-item0 \">          <div class=\"bwg-item1 \">            <div class=\"bwg-item2\">              <img decoding=\"async\" class=\"skip-lazy bwg_standart_thumb_img_0 \"                   data-id=\"250\"                   data-width=\"300\"                   data-height=\"199\"                   data-src=\"https:\/\/interregva-bb-pl.eu\/wp-content\/uploads\/photo-gallery\/thumb\/Deutsch-Polnisches_Rettungsdienstsymposium_Polsko_\u2013_Niemieckie_sympozjum_nt._ratownictwa_medycznego_21.02.-22.02.2019_inw_Guben_(2).jpg?bwg=1563202949\"                   src=\"https:\/\/interregva-bb-pl.eu\/wp-content\/uploads\/photo-gallery\/thumb\/Deutsch-Polnisches_Rettungsdienstsymposium_Polsko_\u2013_Niemieckie_sympozjum_nt._ratownictwa_medycznego_21.02.-22.02.2019_inw_Guben_(2).jpg?bwg=1563202949\"                   alt=\"Deutsch-Polnisches Rettungsdienstsymposium Polsko \u2013 Niemieckie sympozjum nt. ratownictwa medycznego 21.02.-22.02.2019 inw Guben (2)\"                   title=\"Deutsch-Polnisches Rettungsdienstsymposium Polsko \u2013 Niemieckie sympozjum nt. ratownictwa medycznego 21.02.-22.02.2019 inw Guben (2)\" \/>            <\/div>            <div class=\"\">                                                      <\/div>          <\/div>        <\/div>                        <\/a>              <\/div>          <\/div>    <style>      \/*pagination styles*\/      #bwg_container1_0 #bwg_container2_0 .tablenav-pages_0 {\t\t\t\ttext-align: center;\t\t\t\tfont-size: 12px;\t\t\t\tfont-family: segoe ui;\t\t\t\tfont-weight: bold;\t\t\t\tcolor: #666666;\t\t\t\tmargin: 6px 0 4px;\t\t\t\tdisplay: block;      }      @media only screen and (max-width : 320px) {      #bwg_container1_0 #bwg_container2_0 .displaying-num_0 {     \t display: none;      }      }      #bwg_container1_0 #bwg_container2_0 .displaying-num_0 {\t\t\t\tfont-size: 12px;\t\t\t\tfont-family: segoe ui;\t\t\t\tfont-weight: bold;\t\t\t\tcolor: #666666;\t\t\t\tmargin-right: 10px;\t\t\t\tvertical-align: middle;      }      #bwg_container1_0 #bwg_container2_0 .paging-input_0 {\t\t\t\tfont-size: 12px;\t\t\t\tfont-family: segoe ui;\t\t\t\tfont-weight: bold;\t\t\t\tcolor: #666666;\t\t\t\tvertical-align: middle;      }      #bwg_container1_0 #bwg_container2_0 .tablenav-pages_0 a.disabled,      #bwg_container1_0 #bwg_container2_0 .tablenav-pages_0 a.disabled:hover,      #bwg_container1_0 #bwg_container2_0 .tablenav-pages_0 a.disabled:focus,\t\t\t#bwg_container1_0 #bwg_container2_0 .tablenav-pages_0 input.bwg_current_page {\t\t\t\tcursor: default;\t\t\t\tcolor: rgba(102, 102, 102, 0.5);      }      #bwg_container1_0 #bwg_container2_0 .tablenav-pages_0 a,      #bwg_container1_0 #bwg_container2_0 .tablenav-pages_0 input.bwg_current_page {\t\t\t\tcursor: pointer;\t\t\t\ttext-align: center;\t\t\t\tfont-size: 12px;\t\t\t\tfont-family: segoe ui;\t\t\t\tfont-weight: bold;\t\t\t\tcolor: #666666;\t\t\t\ttext-decoration: none;\t\t\t\tpadding: 3px 6px;\t\t\t\tmargin: 0;\t\t\t\tborder-radius: 0;\t\t\t\tborder-style: solid;\t\t\t\tborder-width: 1px;\t\t\t\tborder-color: #E3E3E3;\t\t\t\t\t\t\t\tbackground-color: rgba(255, 255, 255, 1.00);\t\t\t\tbox-shadow: 0;\t\t\t\ttransition: all 0.3s ease 0s;-webkit-transition: all 0.3s ease 0s;      }      <\/style>      <span class=\"bwg_nav_cont_0\">              <div class=\"tablenav-pages_0\">                  <\/div>                <input type=\"hidden\" id=\"page_number_0\" name=\"page_number_0\" value=\"1\" \/>      <script type=\"text\/javascript\">        if( jQuery('.bwg_nav_cont_0').length > 1 ) {          jQuery('.bwg_nav_cont_0').first().remove()        }        function spider_page_0(cur, x, y, load_more) {          if (typeof load_more == \"undefined\") {            var load_more = false;          }          if (jQuery(cur).hasClass('disabled')) {            return false;          }          var items_county_0 = 1;          switch (y) {            case 1:              if (x >= items_county_0) {                document.getElementById('page_number_0').value = items_county_0;              }              else {                document.getElementById('page_number_0').value = x + 1;              }              break;            case 2:              document.getElementById('page_number_0').value = items_county_0;              break;            case -1:              if (x == 1) {                document.getElementById('page_number_0').value = 1;              }              else {                document.getElementById('page_number_0').value = x - 1;              }              break;            case -2:              document.getElementById('page_number_0').value = 1;              break;\t\t\t\t\t\tcase 0:              document.getElementById('page_number_0').value = x;              break;            default:              document.getElementById('page_number_0').value = 1;          }          bwg_ajax('gal_front_form_0', '0', 'bwg_thumbnails_0', '0', '', 'gallery', 0, '', '', load_more, '', 1);        }                    jQuery('.first-page-0').on('click', function () {              spider_page_0(this, 1, -2, 'numeric');              return false;            });            jQuery('.prev-page-0').on('click', function () {              spider_page_0(this, 1, -1, 'numeric');              return false;            });            jQuery('.next-page-0').on('click', function () {              spider_page_0(this, 1, 1, 'numeric');              return false;            });            jQuery('.last-page-0').on('click', function () {              spider_page_0(this, 1, 2, 'numeric');              return false;            });        \t\t\t\t\/* Change page on input enter. *\/        function bwg_change_page_0( e, that ) {          if (  e.key == 'Enter' ) {            var to_page = parseInt(jQuery(that).val());            var pages_count = jQuery(that).parents(\".pagination-links\").data(\"pages-count\");            var current_url_param = jQuery(that).attr('data-url-info');            if (to_page > pages_count) {              to_page = 1;            }\t \t\t\t\t\t\t\t\t\t\t\t\tspider_page_0(this, to_page, 0, 'numeric');\t\t\t\t\t\t\treturn false;\t\t\t\t\t\t          }          return true;        }        jQuery('.bwg_load_btn_0').on('click', function () {            spider_page_0(this, 1, 1, true);            return false;        });      <\/script>      <\/span>                <\/div>        <\/form>        <style>          #bwg_container1_0 #bwg_container2_0 #spider_popup_overlay_0 {          background-color: #000000;          opacity: 0.70;          }          <\/style>        <div id=\"bwg_spider_popup_loading_0\" class=\"bwg_spider_popup_loading\"><\/div>        <div id=\"spider_popup_overlay_0\" class=\"spider_popup_overlay\" onclick=\"spider_destroypopup(1000)\"><\/div>        <input type=\"hidden\" id=\"bwg_random_seed_0\" value=\"1749462355\">                <\/div>    <\/div>    <script>      if (document.readyState === 'complete') {        if( typeof bwg_main_ready == 'function' ) {          if ( jQuery(\"#bwg_container1_0\").height() ) {            bwg_main_ready(jQuery(\"#bwg_container1_0\"));          }        }      } else {        document.addEventListener('DOMContentLoaded', function() {          if( typeof bwg_main_ready == 'function' ) {            if ( jQuery(\"#bwg_container1_0\").height() ) {             bwg_main_ready(jQuery(\"#bwg_container1_0\"));            }          }        });      }    <\/script>    \n<p><strong>Strony internetowe:<\/strong><\/p>\n<p><a href=\"http:\/\/euroregion-snb.pl\/program\/interreg\/dialog\">http:\/\/euroregion-snb.pl\/program\/interreg\/dialog<\/a><\/p>\n<p><a href=\"https:\/\/euroregion-snb.de\/176\/neisse\/dialog\" class=\"broken_link\">https:\/\/euroregion-snb.de\/176\/neisse\/dialog<\/a><\/p>\n<p><a href=\"https:\/\/www.facebook.com\/EuroregionSpreeNeisseBober\/\">https:\/\/www.facebook.com\/EuroregionSpreeNeisseBober\/<\/a><\/p>\n","protected":false},"excerpt":{"rendered":"<p>Partnerzy projektu: &#8211; Euroregion Pro-Europa-Viadrina (BW) &#8211; Euroregion Sprewa-Nysa-B\u00f3br Okres realizacji: 01.03.2017 \u2013 30.06.2020 Dofinansowanie (EFRR): 1.095.222,47 EUR Cel: Nadrz\u0119dnym celem projektu jest transgraniczny DIALOG pomi\u0119dzy instytucjami oraz organizacjami wsp\u00f3\u0142pracy polsko-niemieckiej na pograniczu brandenbursko-lubuskim, jak r\u00f3wnie\u017c kwalifikowanie oraz uwra\u017cliwienie i dokszta\u0142canie os\u00f3b z Polski i Niemiec, zajmuj\u0105cych si\u0119 w swoich instytucjach na co dzie\u0144 w [&hellip;]<\/p>\n","protected":false},"author":140,"featured_media":0,"parent":0,"menu_order":0,"comment_status":"closed","ping_status":"closed","template":"","meta":{"site-sidebar-layout":"default","site-content-layout":"default","ast-site-content-layout":"","site-content-style":"default","site-sidebar-style":"default","ast-global-header-display":"","ast-banner-title-visibility":"","ast-main-header-display":"","ast-hfb-above-header-display":"","ast-hfb-below-header-display":"","ast-hfb-mobile-header-display":"","site-post-title":"","ast-breadcrumbs-content":"","ast-featured-img":"","footer-sml-layout":"","theme-transparent-header-meta":"default","adv-header-id-meta":"","stick-header-meta":"","header-above-stick-meta":"","header-main-stick-meta":"","header-below-stick-meta":"","astra-migrate-meta-layouts":"default","ast-page-background-enabled":"default","ast-page-background-meta":{"desktop":{"background-color":"","background-image":"","background-repeat":"repeat","background-position":"center center","background-size":"auto","background-attachment":"scroll","background-type":"","background-media":"","overlay-type":"","overlay-color":"","overlay-opacity":"","overlay-gradient":""},"tablet":{"background-color":"","background-image":"","background-repeat":"repeat","background-position":"center center","background-size":"auto","background-attachment":"scroll","background-type":"","background-media":"","overlay-type":"","overlay-color":"","overlay-opacity":"","overlay-gradient":""},"mobile":{"background-color":"","background-image":"","background-repeat":"repeat","background-position":"center center","background-size":"auto","background-attachment":"scroll","background-type":"","background-media":"","overlay-type":"","overlay-color":"","overlay-opacity":"","overlay-gradient":""}},"ast-content-background-meta":{"desktop":{"background-color":"var(--ast-global-color-5)","background-image":"","background-repeat":"repeat","background-position":"center center","background-size":"auto","background-attachment":"scroll","background-type":"","background-media":"","overlay-type":"","overlay-color":"","overlay-opacity":"","overlay-gradient":""},"tablet":{"background-color":"var(--ast-global-color-5)","background-image":"","background-repeat":"repeat","background-position":"center center","background-size":"auto","background-attachment":"scroll","background-type":"","background-media":"","overlay-type":"","overlay-color":"","overlay-opacity":"","overlay-gradient":""},"mobile":{"background-color":"var(--ast-global-color-5)","background-image":"","background-repeat":"repeat","background-position":"center center","background-size":"auto","background-attachment":"scroll","background-type":"","background-media":"","overlay-type":"","overlay-color":"","overlay-opacity":"","overlay-gradient":""}},"footnotes":""},"class_list":["post-14411","page","type-page","status-publish","hentry"],"_links":{"self":[{"href":"https:\/\/interregva-bb-pl.eu\/pl\/wp-json\/wp\/v2\/pages\/14411"}],"collection":[{"href":"https:\/\/interregva-bb-pl.eu\/pl\/wp-json\/wp\/v2\/pages"}],"about":[{"href":"https:\/\/interregva-bb-pl.eu\/pl\/wp-json\/wp\/v2\/types\/page"}],"author":[{"embeddable":true,"href":"https:\/\/interregva-bb-pl.eu\/pl\/wp-json\/wp\/v2\/users\/140"}],"replies":[{"embeddable":true,"href":"https:\/\/interregva-bb-pl.eu\/pl\/wp-json\/wp\/v2\/comments?post=14411"}],"version-history":[{"count":2,"href":"https:\/\/interregva-bb-pl.eu\/pl\/wp-json\/wp\/v2\/pages\/14411\/revisions"}],"predecessor-version":[{"id":14416,"href":"https:\/\/interregva-bb-pl.eu\/pl\/wp-json\/wp\/v2\/pages\/14411\/revisions\/14416"}],"wp:attachment":[{"href":"https:\/\/interregva-bb-pl.eu\/pl\/wp-json\/wp\/v2\/media?parent=14411"}],"curies":[{"name":"wp","href":"https:\/\/api.w.org\/{rel}","templated":true}]}}