{"id":14453,"date":"2021-03-01T08:10:40","date_gmt":"2021-03-01T15:10:40","guid":{"rendered":"https:\/\/interregva-bb-pl.eu\/?page_id=14453"},"modified":"2023-06-01T01:10:21","modified_gmt":"2023-06-01T08:10:21","slug":"85012317-2","status":"publish","type":"page","link":"https:\/\/interregva-bb-pl.eu\/pl\/85012317-2\/","title":{"rendered":"85012317"},"content":{"rendered":"<h3>Zdrowie bez granic w Euromie\u015bcie Gubin-Guben<\/h3>\n<p>&nbsp;<\/p>\n<p><strong><img loading=\"lazy\" decoding=\"async\" class=\"size-full wp-image-9875 alignleft\" src=\"https:\/\/interregva-bb-pl.eu\/wp-content\/uploads\/2019\/07\/INTRO_JPG.jpg\" alt=\"\" width=\"363\" height=\"587\" srcset=\"https:\/\/interregva-bb-pl.eu\/wp-content\/uploads\/2019\/07\/INTRO_JPG.jpg 363w, https:\/\/interregva-bb-pl.eu\/wp-content\/uploads\/2019\/07\/INTRO_JPG-93x150.jpg 93w, https:\/\/interregva-bb-pl.eu\/wp-content\/uploads\/2019\/07\/INTRO_JPG-186x300.jpg 186w\" sizes=\"(max-width: 363px) 100vw, 363px\" \/>Partnerzy:<\/strong><br \/>\n&#8211; Naemi-Wilke-Stift (Krankenhaus\/Szpital) (BW)<br \/>\n&#8211; Stadt \/ Miasto Guben<br \/>\n&#8211; Gmina Gubin o statusie miejskim<\/p>\n<p><strong>Dofinansowanie (EFRR): <\/strong>415 055,00 Euro<\/p>\n<p><strong>Okres realizacji:<\/strong> 01.04.2017 \u2013 31.03.2023<\/p>\n<p><strong>Cel:<\/strong><br \/>\nCelem projektu jest wzmocnienie wsp\u00f3\u0142pracy transgranicznej pol. i niem. urz\u0119d\u00f3w, instytucji, personelu medycznego, polityk\u00f3w i przede wszystkim mieszka\u0144c\u00f3w w zakresie s\u0142u\u017cby zdrowia, tak aby w pe\u0142ni funkcjonowa\u0142a transgraniczna opieka zdrowotna, a w szczeg\u00f3lno\u015bci pomoc medyczna w nag\u0142ych przypadkach.<\/p>\n<p><strong>Przyk\u0142ady dzia\u0142a\u0144 w projekcie:<\/strong><\/p>\n<ul>\n<li>Wzmocnienie wsp\u00f3\u0142pracy polsko-niemieckiej w obszarze opieki zdrowotnej i polepszenie jako\u015bci \u017cycia mieszka\u0144c\u00f3w poprzez lepszy dost\u0119p do transgranicznej s\u0142u\u017cby zdro-wia<\/li>\n<li>Wspieranie dwuj\u0119zyczno\u015bci poprzez kursy j\u0119zykowe dla pracownik\u00f3w s\u0142u\u017cby zdrowia, dwuj\u0119zyczne materia\u0142y informacyjne, us\u0142ugi t\u0142umaczeniowe dla pacjent\u00f3w, t\u0142umaczenia formularzy szpitalnych, wieloj\u0119zyczny system oznakowania szpitala oraz biuro koordynacji polsko-niemieckiej<\/li>\n<li>Wymiana do\u015bwiadcze\u0144 i stworzenie sieci wsp\u00f3\u0142pracy w dziedzinie s\u0142u\u017cby zdrowia (warsztaty, wyjazdy studyjne, konferencje)<\/li>\n<li>Stworzenie studium wykonalno\u015bci dot. transgranicznej opieki zdrowotnej z konkretnymi rozwi\u0105zaniami dla praktycznego wdro\u017cenia polsko-niemieckiej opieki medycznej w regionie przygranicznym<\/li>\n<\/ul>\n<p><strong>Strona internetowa:<\/strong> <a href=\"https:\/\/www.naemi-wilke-stift.de\/de\/eu-projekte\/gesundheit-ohne-grenzen\/beschreibung.html\" class=\"broken_link\">https:\/\/www.naemi-wilke-stift.de\/de\/eu-projekte\/gesundheit-ohne-grenzen\/beschreibung.html<\/a><\/p>\n","protected":false},"excerpt":{"rendered":"<p>Zdrowie bez granic w Euromie\u015bcie Gubin-Guben &nbsp; Partnerzy: &#8211; Naemi-Wilke-Stift (Krankenhaus\/Szpital) (BW) &#8211; Stadt \/ Miasto Guben &#8211; Gmina Gubin o statusie miejskim Dofinansowanie (EFRR): 415 055,00 Euro Okres realizacji: 01.04.2017 \u2013 31.03.2023 Cel: Celem projektu jest wzmocnienie wsp\u00f3\u0142pracy transgranicznej pol. i niem. urz\u0119d\u00f3w, instytucji, personelu medycznego, polityk\u00f3w i przede wszystkim mieszka\u0144c\u00f3w w zakresie s\u0142u\u017cby [&hellip;]<\/p>\n","protected":false},"author":140,"featured_media":0,"parent":0,"menu_order":0,"comment_status":"closed","ping_status":"closed","template":"","meta":{"site-sidebar-layout":"default","site-content-layout":"default","ast-site-content-layout":"","site-content-style":"default","site-sidebar-style":"default","ast-global-header-display":"","ast-banner-title-visibility":"","ast-main-header-display":"","ast-hfb-above-header-display":"","ast-hfb-below-header-display":"","ast-hfb-mobile-header-display":"","site-post-title":"","ast-breadcrumbs-content":"","ast-featured-img":"","footer-sml-layout":"","theme-transparent-header-meta":"default","adv-header-id-meta":"","stick-header-meta":"","header-above-stick-meta":"","header-main-stick-meta":"","header-below-stick-meta":"","astra-migrate-meta-layouts":"default","ast-page-background-enabled":"default","ast-page-background-meta":{"desktop":{"background-color":"","background-image":"","background-repeat":"repeat","background-position":"center center","background-size":"auto","background-attachment":"scroll","background-type":"","background-media":"","overlay-type":"","overlay-color":"","overlay-opacity":"","overlay-gradient":""},"tablet":{"background-color":"","background-image":"","background-repeat":"repeat","background-position":"center center","background-size":"auto","background-attachment":"scroll","background-type":"","background-media":"","overlay-type":"","overlay-color":"","overlay-opacity":"","overlay-gradient":""},"mobile":{"background-color":"","background-image":"","background-repeat":"repeat","background-position":"center center","background-size":"auto","background-attachment":"scroll","background-type":"","background-media":"","overlay-type":"","overlay-color":"","overlay-opacity":"","overlay-gradient":""}},"ast-content-background-meta":{"desktop":{"background-color":"var(--ast-global-color-5)","background-image":"","background-repeat":"repeat","background-position":"center center","background-size":"auto","background-attachment":"scroll","background-type":"","background-media":"","overlay-type":"","overlay-color":"","overlay-opacity":"","overlay-gradient":""},"tablet":{"background-color":"var(--ast-global-color-5)","background-image":"","background-repeat":"repeat","background-position":"center center","background-size":"auto","background-attachment":"scroll","background-type":"","background-media":"","overlay-type":"","overlay-color":"","overlay-opacity":"","overlay-gradient":""},"mobile":{"background-color":"var(--ast-global-color-5)","background-image":"","background-repeat":"repeat","background-position":"center center","background-size":"auto","background-attachment":"scroll","background-type":"","background-media":"","overlay-type":"","overlay-color":"","overlay-opacity":"","overlay-gradient":""}},"footnotes":""},"class_list":["post-14453","page","type-page","status-publish","hentry"],"_links":{"self":[{"href":"https:\/\/interregva-bb-pl.eu\/pl\/wp-json\/wp\/v2\/pages\/14453"}],"collection":[{"href":"https:\/\/interregva-bb-pl.eu\/pl\/wp-json\/wp\/v2\/pages"}],"about":[{"href":"https:\/\/interregva-bb-pl.eu\/pl\/wp-json\/wp\/v2\/types\/page"}],"author":[{"embeddable":true,"href":"https:\/\/interregva-bb-pl.eu\/pl\/wp-json\/wp\/v2\/users\/140"}],"replies":[{"embeddable":true,"href":"https:\/\/interregva-bb-pl.eu\/pl\/wp-json\/wp\/v2\/comments?post=14453"}],"version-history":[{"count":5,"href":"https:\/\/interregva-bb-pl.eu\/pl\/wp-json\/wp\/v2\/pages\/14453\/revisions"}],"predecessor-version":[{"id":17954,"href":"https:\/\/interregva-bb-pl.eu\/pl\/wp-json\/wp\/v2\/pages\/14453\/revisions\/17954"}],"wp:attachment":[{"href":"https:\/\/interregva-bb-pl.eu\/pl\/wp-json\/wp\/v2\/media?parent=14453"}],"curies":[{"name":"wp","href":"https:\/\/api.w.org\/{rel}","templated":true}]}}