{"id":14465,"date":"2021-03-01T08:34:58","date_gmt":"2021-03-01T15:34:58","guid":{"rendered":"https:\/\/interregva-bb-pl.eu\/?page_id=14465"},"modified":"2021-03-01T08:39:52","modified_gmt":"2021-03-01T15:39:52","slug":"85011249-2","status":"publish","type":"page","link":"https:\/\/interregva-bb-pl.eu\/pl\/85011249-2\/","title":{"rendered":"85011249"},"content":{"rendered":"<h3><strong>EuRegioNet: <\/strong><strong>internacjonalizacja sieci i klastr\u00f3w (SK)<\/strong><\/h3>\n<p><strong>\u00a0<\/strong><\/p>\n<p><strong><img loading=\"lazy\" decoding=\"async\" class=\"size-full wp-image-9969 alignleft\" src=\"https:\/\/interregva-bb-pl.eu\/wp-content\/uploads\/2019\/07\/Intro-15.jpg\" alt=\"\" width=\"289\" height=\"777\" srcset=\"https:\/\/interregva-bb-pl.eu\/wp-content\/uploads\/2019\/07\/Intro-15.jpg 289w, https:\/\/interregva-bb-pl.eu\/wp-content\/uploads\/2019\/07\/Intro-15-56x150.jpg 56w, https:\/\/interregva-bb-pl.eu\/wp-content\/uploads\/2019\/07\/Intro-15-112x300.jpg 112w\" sizes=\"(max-width: 289px) 100vw, 289px\" \/>Partnerzy:<\/strong><br \/>\n&#8211; Business and Innovation Centre Frankfurt (Oder) (BW)<br \/>\n&#8211; Lubuska Organizaja\u00a0 Pracodawc\u00f3w<br \/>\n&#8211; Centrum f\u00fcr Innovation und Technologie GmbH (Centrum Innowacji i Technnologii sp. z o. o.)<br \/>\n&#8211; Euroregion \u201eSprewa-Nysa-B\u00f3br&#8221;<\/p>\n<p><strong>Dofinansowanie (EFRR): <\/strong>678.915 \u20ac<\/p>\n<p><strong>Okres realizacji:<\/strong> 01.04.2017 \u2013 31.08.2020<\/p>\n<p><strong>Cel<\/strong><strong>: <\/strong>wzmocnienie, inteligentna specjalizacja, kooperacja transgraniczna sieci i klastr\u00f3w<\/p>\n<p><strong>Przyk\u0142ady dzia\u0142a\u0144 w projekcie:<\/strong><\/p>\n<ul>\n<li>\u00a0rozszerzenie\/usieciowienie\/internacjonalizacj\u0119 8 sieci klastr\u00f3w (SK)<\/li>\n<li>\u00a0inteligentn\u0105 specjalizacj\u0119 &#8211; w\u0142\u0105czenie instytucji naukowych jako dalszych partner\u00f3w powi\u0105zanych<\/li>\n<li>podwy\u017cszenie poziomu kwalifikacji cz\u0142onk\u00f3w SK<\/li>\n<li>rozwijanie\/rozbudowa \u0142a\u0144cuch\u00f3w produkt\u00f3w i warto\u015bci dodanych, wsp\u00f3lny marketing<\/li>\n<li>rozwijanie nowych projekt\u00f3w, przedsi\u0119wzi\u0119\u0107 i inwestycji przez SK<\/li>\n<li>identyfikacj\u0119 potrzeb, potencja\u0142\u00f3w, innowacyjne idee dla 2nowych SK<\/li>\n<li>rozwini\u0119cie zwi\u0105zanej z SK, polsko-niemieckiej sieci us\u0142ug, kt\u00f3ra przejmie jako strategi\u0119 i swoje zadanie wspieranie kooperacji transgranicznych,<\/li>\n<li>utworzenie 2 PL-DE marek klastrowych &#8211; cz\u0119\u015b\u0107 sk\u0142adowa marketingu lokalnego.<\/li>\n<\/ul>\n<p>&nbsp;<\/p>\n","protected":false},"excerpt":{"rendered":"<p>EuRegioNet: internacjonalizacja sieci i klastr\u00f3w (SK) \u00a0 Partnerzy: &#8211; Business and Innovation Centre Frankfurt (Oder) (BW) &#8211; Lubuska Organizaja\u00a0 Pracodawc\u00f3w &#8211; Centrum f\u00fcr Innovation und Technologie GmbH (Centrum Innowacji i Technnologii sp. z o. o.) &#8211; Euroregion \u201eSprewa-Nysa-B\u00f3br&#8221; Dofinansowanie (EFRR): 678.915 \u20ac Okres realizacji: 01.04.2017 \u2013 31.08.2020 Cel: wzmocnienie, inteligentna specjalizacja, kooperacja transgraniczna sieci i [&hellip;]<\/p>\n","protected":false},"author":140,"featured_media":0,"parent":0,"menu_order":0,"comment_status":"closed","ping_status":"closed","template":"","meta":{"site-sidebar-layout":"default","site-content-layout":"default","ast-site-content-layout":"","site-content-style":"default","site-sidebar-style":"default","ast-global-header-display":"","ast-banner-title-visibility":"","ast-main-header-display":"","ast-hfb-above-header-display":"","ast-hfb-below-header-display":"","ast-hfb-mobile-header-display":"","site-post-title":"","ast-breadcrumbs-content":"","ast-featured-img":"","footer-sml-layout":"","theme-transparent-header-meta":"default","adv-header-id-meta":"","stick-header-meta":"","header-above-stick-meta":"","header-main-stick-meta":"","header-below-stick-meta":"","astra-migrate-meta-layouts":"default","ast-page-background-enabled":"default","ast-page-background-meta":{"desktop":{"background-color":"","background-image":"","background-repeat":"repeat","background-position":"center center","background-size":"auto","background-attachment":"scroll","background-type":"","background-media":"","overlay-type":"","overlay-color":"","overlay-opacity":"","overlay-gradient":""},"tablet":{"background-color":"","background-image":"","background-repeat":"repeat","background-position":"center center","background-size":"auto","background-attachment":"scroll","background-type":"","background-media":"","overlay-type":"","overlay-color":"","overlay-opacity":"","overlay-gradient":""},"mobile":{"background-color":"","background-image":"","background-repeat":"repeat","background-position":"center center","background-size":"auto","background-attachment":"scroll","background-type":"","background-media":"","overlay-type":"","overlay-color":"","overlay-opacity":"","overlay-gradient":""}},"ast-content-background-meta":{"desktop":{"background-color":"var(--ast-global-color-5)","background-image":"","background-repeat":"repeat","background-position":"center center","background-size":"auto","background-attachment":"scroll","background-type":"","background-media":"","overlay-type":"","overlay-color":"","overlay-opacity":"","overlay-gradient":""},"tablet":{"background-color":"var(--ast-global-color-5)","background-image":"","background-repeat":"repeat","background-position":"center center","background-size":"auto","background-attachment":"scroll","background-type":"","background-media":"","overlay-type":"","overlay-color":"","overlay-opacity":"","overlay-gradient":""},"mobile":{"background-color":"var(--ast-global-color-5)","background-image":"","background-repeat":"repeat","background-position":"center center","background-size":"auto","background-attachment":"scroll","background-type":"","background-media":"","overlay-type":"","overlay-color":"","overlay-opacity":"","overlay-gradient":""}},"footnotes":""},"class_list":["post-14465","page","type-page","status-publish","hentry"],"_links":{"self":[{"href":"https:\/\/interregva-bb-pl.eu\/pl\/wp-json\/wp\/v2\/pages\/14465"}],"collection":[{"href":"https:\/\/interregva-bb-pl.eu\/pl\/wp-json\/wp\/v2\/pages"}],"about":[{"href":"https:\/\/interregva-bb-pl.eu\/pl\/wp-json\/wp\/v2\/types\/page"}],"author":[{"embeddable":true,"href":"https:\/\/interregva-bb-pl.eu\/pl\/wp-json\/wp\/v2\/users\/140"}],"replies":[{"embeddable":true,"href":"https:\/\/interregva-bb-pl.eu\/pl\/wp-json\/wp\/v2\/comments?post=14465"}],"version-history":[{"count":4,"href":"https:\/\/interregva-bb-pl.eu\/pl\/wp-json\/wp\/v2\/pages\/14465\/revisions"}],"predecessor-version":[{"id":14471,"href":"https:\/\/interregva-bb-pl.eu\/pl\/wp-json\/wp\/v2\/pages\/14465\/revisions\/14471"}],"wp:attachment":[{"href":"https:\/\/interregva-bb-pl.eu\/pl\/wp-json\/wp\/v2\/media?parent=14465"}],"curies":[{"name":"wp","href":"https:\/\/api.w.org\/{rel}","templated":true}]}}