{"id":14488,"date":"2021-03-02T00:53:47","date_gmt":"2021-03-02T07:53:47","guid":{"rendered":"https:\/\/interregva-bb-pl.eu\/?page_id=14488"},"modified":"2023-09-25T04:22:04","modified_gmt":"2023-09-25T11:22:04","slug":"82012969-2","status":"publish","type":"page","link":"https:\/\/interregva-bb-pl.eu\/pl\/82012969-2\/","title":{"rendered":"82012969"},"content":{"rendered":"<h3>Realizacja Funduszu Ma\u0142ych Projekt\u00f3w w Euroregionie PRO EUROPA VIADRINA<\/h3>\n<p>&nbsp;<\/p>\n<p><strong><img loading=\"lazy\" decoding=\"async\" class=\"size-full wp-image-9924 alignleft\" src=\"https:\/\/interregva-bb-pl.eu\/wp-content\/uploads\/2019\/07\/Intro-13.jpg\" alt=\"\" width=\"258\" height=\"751\" srcset=\"https:\/\/interregva-bb-pl.eu\/wp-content\/uploads\/2019\/07\/Intro-13.jpg 258w, https:\/\/interregva-bb-pl.eu\/wp-content\/uploads\/2019\/07\/Intro-13-52x150.jpg 52w, https:\/\/interregva-bb-pl.eu\/wp-content\/uploads\/2019\/07\/Intro-13-103x300.jpg 103w\" sizes=\"(max-width: 258px) 100vw, 258px\" \/>Partnerzy:<\/strong><br \/>\n&#8211; Mittlere Oder e.V. (BW)<br \/>\n&#8211; Stowarzyszenie Gmin Polskich Euroregionu &#8220;Pro Europa Viadrina&#8221;<\/p>\n<p><strong>Dofinansowanie (EFRR): <\/strong>9.670.000,00 EUR<\/p>\n<p><strong>Okres realizacji<\/strong><strong>: <\/strong>01.02.2016 \u2013 31.12.2023<\/p>\n<p><strong>Cel<\/strong><strong>:<\/strong><br \/>\nCelem FMP jest wspieranie dalszego rozwoju i pog\u0142\u0119bianie wsp\u00f3\u0142pracy partnerskiej w Euroregionie PRO EUROPA VIADRINA w celu wzmacniania wzajemnego zaufania i pokonywania mentalnych, kulturowych oraz j\u0119zykowych barier. Projekt zak\u0142ada osi\u0105gni\u0119cie cel\u00f3w projektu poprzez dzia\u0142ania dotycz\u0105ce spotka\u0144 ludzi z obu stron granicy oraz tworzenie trwa\u0142ych podstaw wsp\u00f3\u0142pracy.<\/p>\n<p><strong>Kontakt:<\/strong><\/p>\n<p>info@euroregion-viadrina.eu<\/p>\n<p>info@euroregion-viadrina.pl<\/p>\n<p><strong>Webseite:<\/strong><\/p>\n<p><a href=\"http:\/\/www.euroregion-viadrina.pl\/fundusz-malych-projektow-interreg-va.html\">http:\/\/www.euroregion-viadrina.pl\/fundusz-malych-projektow-interreg-va.html<\/a><\/p>\n<p>https:\/\/www.euroregion-viadrina.de\/ueber-kpf-2014-2020\/<\/p>\n","protected":false},"excerpt":{"rendered":"<p>Realizacja Funduszu Ma\u0142ych Projekt\u00f3w w Euroregionie PRO EUROPA VIADRINA &nbsp; Partnerzy: &#8211; Mittlere Oder e.V. (BW) &#8211; Stowarzyszenie Gmin Polskich Euroregionu &#8220;Pro Europa Viadrina&#8221; Dofinansowanie (EFRR): 9.670.000,00 EUR Okres realizacji: 01.02.2016 \u2013 31.12.2023 Cel: Celem FMP jest wspieranie dalszego rozwoju i pog\u0142\u0119bianie wsp\u00f3\u0142pracy partnerskiej w Euroregionie PRO EUROPA VIADRINA w celu wzmacniania wzajemnego zaufania i [&hellip;]<\/p>\n","protected":false},"author":140,"featured_media":0,"parent":0,"menu_order":0,"comment_status":"closed","ping_status":"closed","template":"","meta":{"site-sidebar-layout":"default","site-content-layout":"default","ast-site-content-layout":"default","site-content-style":"default","site-sidebar-style":"default","ast-global-header-display":"","ast-banner-title-visibility":"","ast-main-header-display":"","ast-hfb-above-header-display":"","ast-hfb-below-header-display":"","ast-hfb-mobile-header-display":"","site-post-title":"","ast-breadcrumbs-content":"","ast-featured-img":"","footer-sml-layout":"","theme-transparent-header-meta":"default","adv-header-id-meta":"","stick-header-meta":"","header-above-stick-meta":"","header-main-stick-meta":"","header-below-stick-meta":"","astra-migrate-meta-layouts":"set","ast-page-background-enabled":"default","ast-page-background-meta":{"desktop":{"background-color":"","background-image":"","background-repeat":"repeat","background-position":"center center","background-size":"auto","background-attachment":"scroll","background-type":"","background-media":"","overlay-type":"","overlay-color":"","overlay-opacity":"","overlay-gradient":""},"tablet":{"background-color":"","background-image":"","background-repeat":"repeat","background-position":"center center","background-size":"auto","background-attachment":"scroll","background-type":"","background-media":"","overlay-type":"","overlay-color":"","overlay-opacity":"","overlay-gradient":""},"mobile":{"background-color":"","background-image":"","background-repeat":"repeat","background-position":"center center","background-size":"auto","background-attachment":"scroll","background-type":"","background-media":"","overlay-type":"","overlay-color":"","overlay-opacity":"","overlay-gradient":""}},"ast-content-background-meta":{"desktop":{"background-color":"var(--ast-global-color-5)","background-image":"","background-repeat":"repeat","background-position":"center center","background-size":"auto","background-attachment":"scroll","background-type":"","background-media":"","overlay-type":"","overlay-color":"","overlay-opacity":"","overlay-gradient":""},"tablet":{"background-color":"var(--ast-global-color-5)","background-image":"","background-repeat":"repeat","background-position":"center center","background-size":"auto","background-attachment":"scroll","background-type":"","background-media":"","overlay-type":"","overlay-color":"","overlay-opacity":"","overlay-gradient":""},"mobile":{"background-color":"var(--ast-global-color-5)","background-image":"","background-repeat":"repeat","background-position":"center center","background-size":"auto","background-attachment":"scroll","background-type":"","background-media":"","overlay-type":"","overlay-color":"","overlay-opacity":"","overlay-gradient":""}},"footnotes":""},"class_list":["post-14488","page","type-page","status-publish","hentry"],"_links":{"self":[{"href":"https:\/\/interregva-bb-pl.eu\/pl\/wp-json\/wp\/v2\/pages\/14488"}],"collection":[{"href":"https:\/\/interregva-bb-pl.eu\/pl\/wp-json\/wp\/v2\/pages"}],"about":[{"href":"https:\/\/interregva-bb-pl.eu\/pl\/wp-json\/wp\/v2\/types\/page"}],"author":[{"embeddable":true,"href":"https:\/\/interregva-bb-pl.eu\/pl\/wp-json\/wp\/v2\/users\/140"}],"replies":[{"embeddable":true,"href":"https:\/\/interregva-bb-pl.eu\/pl\/wp-json\/wp\/v2\/comments?post=14488"}],"version-history":[{"count":5,"href":"https:\/\/interregva-bb-pl.eu\/pl\/wp-json\/wp\/v2\/pages\/14488\/revisions"}],"predecessor-version":[{"id":18101,"href":"https:\/\/interregva-bb-pl.eu\/pl\/wp-json\/wp\/v2\/pages\/14488\/revisions\/18101"}],"wp:attachment":[{"href":"https:\/\/interregva-bb-pl.eu\/pl\/wp-json\/wp\/v2\/media?parent=14488"}],"curies":[{"name":"wp","href":"https:\/\/api.w.org\/{rel}","templated":true}]}}