{"id":14496,"date":"2021-03-02T01:31:02","date_gmt":"2021-03-02T08:31:02","guid":{"rendered":"https:\/\/interregva-bb-pl.eu\/?page_id=14496"},"modified":"2023-10-09T07:28:48","modified_gmt":"2023-10-09T14:28:48","slug":"85013349-2","status":"publish","type":"page","link":"https:\/\/interregva-bb-pl.eu\/pl\/85013349-2\/","title":{"rendered":"85013349"},"content":{"rendered":"<h3>Realizacja Funduszu Ma\u0142ych Projekt\u00f3w w Euroregionie \u201eSprewa \u2013 Nysa \u2013 B\u00f3br\u201c<\/h3>\n<p>&nbsp;<\/p>\n<p><strong><img loading=\"lazy\" decoding=\"async\" class=\"size-full wp-image-10370 alignleft\" src=\"https:\/\/interregva-bb-pl.eu\/wp-content\/uploads\/2019\/08\/SNB.jpg\" alt=\"\" width=\"399\" height=\"757\" srcset=\"https:\/\/interregva-bb-pl.eu\/wp-content\/uploads\/2019\/08\/SNB.jpg 399w, https:\/\/interregva-bb-pl.eu\/wp-content\/uploads\/2019\/08\/SNB-79x150.jpg 79w, https:\/\/interregva-bb-pl.eu\/wp-content\/uploads\/2019\/08\/SNB-158x300.jpg 158w\" sizes=\"(max-width: 399px) 100vw, 399px\" \/>Partnerzy:<\/strong><br \/>\n&#8211; Stowarzyszenie Gmin RP Euroregion &#8220;Sprewa-Nysa-B\u00f3br&#8221;\u00a0 (BW)<br \/>\n&#8211; Euroregion Spree-Neisse-Bober e.V.<\/p>\n<p><strong>Dofinansowanie (EFRR): <\/strong>9.952.162,50 EUR<\/p>\n<p><strong>Okres realizacji<\/strong>: 26.08.2016 &#8211; 30.11.2023<\/p>\n<p><strong>Cel:<\/strong><br \/>\nFundusz Ma\u0142ych Projekt\u00f3w (FMP) ma na celu zacie\u015bnianie istniej\u0105cych oraz nawi\u0105zanie nowych kontakt\u00f3w transgranicznych, kt\u00f3re przyczyni\u0105 si\u0119 do poprawy wzajemnego zrozumienia oraz stworzenia podstawy do rozwoju stabilnej wsp\u00f3\u0142pracy. FMP finansuje przedsi\u0119wzi\u0119cia realizowane przez lokalne samorz\u0105dy i organizacje pozarz\u0105dowe z partnerami zza granicy. W projekcie zawarte s\u0105 koszty wspierania dzia\u0142a\u0144 zwi\u0105zanych zar\u00f3wno z realizacj\u0105 ma\u0142ych projekt\u00f3w jak i zarz\u0105dzaniem (wspieranie wnioskodawc\u00f3w od pomys\u0142u na projekt przez z\u0142o\u017cenie wniosku, zatwierdzenie przez Euroregionaln\u0105 Komisj\u0119 Oceniaj\u0105c\u0105 po realizacj\u0119, ich weryfikacj\u0119 i wyp\u0142at\u0119 \u015brodk\u00f3w).<\/p>\n<style id=\"bwg-style-0\">    #bwg_container1_0 #bwg_container2_0 .bwg-container-0.bwg-standard-thumbnails {      width: 1004px;              justify-content: center;        margin:0 auto !important;              background-color: rgba(255, 255, 255, 0.00);            padding-left: 4px;      padding-top: 4px;      max-width: 100%;            }        #bwg_container1_0 #bwg_container2_0 .bwg-container-0.bwg-standard-thumbnails .bwg-item {    justify-content: flex-start;      max-width: 200px;            width: 200px !important;          }    #bwg_container1_0 #bwg_container2_0 .bwg-container-0.bwg-standard-thumbnails .bwg-item a {       margin-right: 4px;       margin-bottom: 4px;    }    #bwg_container1_0 #bwg_container2_0 .bwg-container-0.bwg-standard-thumbnails .bwg-item0 {      padding: 0px;            background-color:rgba(255,255,255, 0.30);      border: 0px none #CCCCCC;      opacity: 1.00;      border-radius: 0;      box-shadow: 0px 0px 0px #888888;    }    #bwg_container1_0 #bwg_container2_0 .bwg-container-0.bwg-standard-thumbnails .bwg-item1 img {      max-height: none;      max-width: none;      padding: 0 !important;    }        @media only screen and (min-width: 480px) {      #bwg_container1_0 #bwg_container2_0 .bwg-container-0.bwg-standard-thumbnails .bwg-item0 {        transition: all 0.3s ease 0s;-webkit-transition: all 0.3s ease 0s;      }      #bwg_container1_0 #bwg_container2_0 .bwg-container-0.bwg-standard-thumbnails .bwg-item0:hover {        -ms-transform: scale(1.1);        -webkit-transform: scale(1.1);        transform: scale(1.1);      }    }          #bwg_container1_0 #bwg_container2_0 .bwg-container-0.bwg-standard-thumbnails .bwg-item1 {      padding-top: 50%;    }        #bwg_container1_0 #bwg_container2_0 .bwg-container-0.bwg-standard-thumbnails .bwg-title2,    #bwg_container1_0 #bwg_container2_0 .bwg-container-0.bwg-standard-thumbnails .bwg-ecommerce2 {      color: #CCCCCC;      font-family: segoe ui;      font-size: 16px;      font-weight: bold;      padding: 2px;      text-shadow: 0px 0px 0px #888888;      max-height: 100%;    }    #bwg_container1_0 #bwg_container2_0 .bwg-container-0.bwg-standard-thumbnails .bwg-thumb-description span {    color: #323A45;    font-family: Ubuntu;    font-size: 12px;    max-height: 100%;    word-wrap: break-word;    }    #bwg_container1_0 #bwg_container2_0 .bwg-container-0.bwg-standard-thumbnails .bwg-play-icon2 {      font-size: 32px;    }    #bwg_container1_0 #bwg_container2_0 .bwg-container-0.bwg-standard-thumbnails .bwg-ecommerce2 {      font-size: 19.2px;      color: #CCCCCC;    }    <\/style>    <div id=\"bwg_container1_0\"         class=\"bwg_container bwg_thumbnail bwg_thumbnails \"         data-right-click-protection=\"0\"         data-bwg=\"0\"         data-scroll=\"0\"         data-gallery-type=\"thumbnails\"         data-gallery-view-type=\"thumbnails\"         data-current-url=\"\/pl\/wp-json\/wp\/v2\/pages\/14496\"         data-lightbox-url=\"https:\/\/interregva-bb-pl.eu\/wp-admin\/admin-ajax.php?action=GalleryBox&#038;current_view=0&#038;gallery_id=35&#038;tag=0&#038;theme_id=1&#038;shortcode_id=91&#038;sort_by=order&#038;order_by=asc&#038;current_url=%2Fpl%2Fwp-json%2Fwp%2Fv2%2Fpages%2F14496\"         data-gallery-id=\"35\"         data-popup-width=\"800\"         data-popup-height=\"500\"         data-is-album=\"gallery\"         data-buttons-position=\"bottom\">      <div id=\"bwg_container2_0\">             <div id=\"ajax_loading_0\" class=\"bwg_loading_div_1\">      <div class=\"bwg_loading_div_2\">        <div class=\"bwg_loading_div_3\">          <div id=\"loading_div_0\" class=\"bwg_spider_ajax_loading\">          <\/div>        <\/div>      <\/div>    <\/div>            <form id=\"gal_front_form_0\"              class=\"bwg-hidden\"              method=\"post\"              action=\"#\"              data-current=\"0\"              data-shortcode-id=\"91\"              data-gallery-type=\"thumbnails\"              data-gallery-id=\"35\"              data-tag=\"0\"              data-album-id=\"0\"              data-theme-id=\"1\"              data-ajax-url=\"https:\/\/interregva-bb-pl.eu\/wp-admin\/admin-ajax.php?action=bwg_frontend_data\">          <div id=\"bwg_container3_0\" class=\"bwg-background bwg-background-0\">                <div data-max-count=\"5\"         data-thumbnail-width=\"200\"         data-bwg=\"0\"         data-gallery-id=\"35\"         data-lightbox-url=\"https:\/\/interregva-bb-pl.eu\/wp-admin\/admin-ajax.php?action=GalleryBox&amp;current_view=0&amp;gallery_id=35&amp;tag=0&amp;theme_id=1&amp;shortcode_id=91&amp;sort_by=order&amp;order_by=asc&amp;current_url=%2Fpl%2Fwp-json%2Fwp%2Fv2%2Fpages%2F14496\"         id=\"bwg_thumbnails_0\"         class=\"bwg-container-0 bwg-thumbnails bwg-standard-thumbnails bwg-container bwg-border-box\">            <div class=\"bwg-item\">        <a class=\"bwg-a  bwg_lightbox\"  data-image-id=\"320\" href=\"https:\/\/interregva-bb-pl.eu\/wp-content\/uploads\/photo-gallery\/Bild_4.jpg?bwg=1565080602\" data-elementor-open-lightbox=\"no\">                <div class=\"bwg-item0 \">          <div class=\"bwg-item1 \">            <div class=\"bwg-item2\">              <img decoding=\"async\" class=\"skip-lazy bwg_standart_thumb_img_0 \"                   data-id=\"320\"                   data-width=\"300\"                   data-height=\"191\"                   data-src=\"https:\/\/interregva-bb-pl.eu\/wp-content\/uploads\/photo-gallery\/thumb\/Bild_4.jpg?bwg=1565080602\"                   src=\"https:\/\/interregva-bb-pl.eu\/wp-content\/uploads\/photo-gallery\/thumb\/Bild_4.jpg?bwg=1565080602\"                   alt=\"\"                   title=\"\" \/>            <\/div>            <div class=\"\">                                                      <\/div>          <\/div>        <\/div>                        <\/a>              <\/div>            <div class=\"bwg-item\">        <a class=\"bwg-a  bwg_lightbox\"  data-image-id=\"319\" href=\"https:\/\/interregva-bb-pl.eu\/wp-content\/uploads\/photo-gallery\/Bild_2.jpg?bwg=1565080602\" data-elementor-open-lightbox=\"no\">                <div class=\"bwg-item0 \">          <div class=\"bwg-item1 \">            <div class=\"bwg-item2\">              <img decoding=\"async\" class=\"skip-lazy bwg_standart_thumb_img_0 \"                   data-id=\"319\"                   data-width=\"300\"                   data-height=\"202\"                   data-src=\"https:\/\/interregva-bb-pl.eu\/wp-content\/uploads\/photo-gallery\/thumb\/Bild_2.jpg?bwg=1565080602\"                   src=\"https:\/\/interregva-bb-pl.eu\/wp-content\/uploads\/photo-gallery\/thumb\/Bild_2.jpg?bwg=1565080602\"                   alt=\"\"                   title=\"\" \/>            <\/div>            <div class=\"\">                                                      <\/div>          <\/div>        <\/div>                        <\/a>              <\/div>            <div class=\"bwg-item\">        <a class=\"bwg-a  bwg_lightbox\"  data-image-id=\"318\" href=\"https:\/\/interregva-bb-pl.eu\/wp-content\/uploads\/photo-gallery\/Bild_1.jpg?bwg=1565080602\" data-elementor-open-lightbox=\"no\">                <div class=\"bwg-item0 \">          <div class=\"bwg-item1 \">            <div class=\"bwg-item2\">              <img decoding=\"async\" class=\"skip-lazy bwg_standart_thumb_img_0 \"                   data-id=\"318\"                   data-width=\"300\"                   data-height=\"200\"                   data-src=\"https:\/\/interregva-bb-pl.eu\/wp-content\/uploads\/photo-gallery\/thumb\/Bild_1.jpg?bwg=1565080602\"                   src=\"https:\/\/interregva-bb-pl.eu\/wp-content\/uploads\/photo-gallery\/thumb\/Bild_1.jpg?bwg=1565080602\"                   alt=\"Bild 1\"                   title=\"Bild 1\" \/>            <\/div>            <div class=\"\">                                                      <\/div>          <\/div>        <\/div>                        <\/a>              <\/div>            <div class=\"bwg-item\">        <a class=\"bwg-a  bwg_lightbox\"  data-image-id=\"317\" href=\"https:\/\/interregva-bb-pl.eu\/wp-content\/uploads\/photo-gallery\/Bild_5.jpg?bwg=1565080602\" data-elementor-open-lightbox=\"no\">                <div class=\"bwg-item0 \">          <div class=\"bwg-item1 \">            <div class=\"bwg-item2\">              <img decoding=\"async\" class=\"skip-lazy bwg_standart_thumb_img_0 \"                   data-id=\"317\"                   data-width=\"300\"                   data-height=\"200\"                   data-src=\"https:\/\/interregva-bb-pl.eu\/wp-content\/uploads\/photo-gallery\/thumb\/Bild_5.jpg?bwg=1565080602\"                   src=\"https:\/\/interregva-bb-pl.eu\/wp-content\/uploads\/photo-gallery\/thumb\/Bild_5.jpg?bwg=1565080602\"                   alt=\"Bild 5\"                   title=\"Bild 5\" \/>            <\/div>            <div class=\"\">                                                      <\/div>          <\/div>        <\/div>                        <\/a>              <\/div>            <div class=\"bwg-item\">        <a class=\"bwg-a  bwg_lightbox\"  data-image-id=\"316\" href=\"https:\/\/interregva-bb-pl.eu\/wp-content\/uploads\/photo-gallery\/Bild_3.jpg?bwg=1565080602\" data-elementor-open-lightbox=\"no\">                <div class=\"bwg-item0 \">          <div class=\"bwg-item1 \">            <div class=\"bwg-item2\">              <img decoding=\"async\" class=\"skip-lazy bwg_standart_thumb_img_0 \"                   data-id=\"316\"                   data-width=\"300\"                   data-height=\"200\"                   data-src=\"https:\/\/interregva-bb-pl.eu\/wp-content\/uploads\/photo-gallery\/thumb\/Bild_3.jpg?bwg=1565080602\"                   src=\"https:\/\/interregva-bb-pl.eu\/wp-content\/uploads\/photo-gallery\/thumb\/Bild_3.jpg?bwg=1565080602\"                   alt=\"Bild 3\"                   title=\"Bild 3\" \/>            <\/div>            <div class=\"\">                                                      <\/div>          <\/div>        <\/div>                        <\/a>              <\/div>            <div class=\"bwg-item\">        <a class=\"bwg-a  bwg_lightbox\"  data-image-id=\"315\" href=\"https:\/\/interregva-bb-pl.eu\/wp-content\/uploads\/photo-gallery\/Bild_6.jpg?bwg=1565080602\" data-elementor-open-lightbox=\"no\">                <div class=\"bwg-item0 \">          <div class=\"bwg-item1 \">            <div class=\"bwg-item2\">              <img decoding=\"async\" class=\"skip-lazy bwg_standart_thumb_img_0 \"                   data-id=\"315\"                   data-width=\"300\"                   data-height=\"200\"                   data-src=\"https:\/\/interregva-bb-pl.eu\/wp-content\/uploads\/photo-gallery\/thumb\/Bild_6.jpg?bwg=1565080602\"                   src=\"https:\/\/interregva-bb-pl.eu\/wp-content\/uploads\/photo-gallery\/thumb\/Bild_6.jpg?bwg=1565080602\"                   alt=\"Bild 6\"                   title=\"Bild 6\" \/>            <\/div>            <div class=\"\">                                                      <\/div>          <\/div>        <\/div>                        <\/a>              <\/div>          <\/div>    <style>      \/*pagination styles*\/      #bwg_container1_0 #bwg_container2_0 .tablenav-pages_0 {\t\t\t\ttext-align: center;\t\t\t\tfont-size: 12px;\t\t\t\tfont-family: segoe ui;\t\t\t\tfont-weight: bold;\t\t\t\tcolor: #666666;\t\t\t\tmargin: 6px 0 4px;\t\t\t\tdisplay: block;      }      @media only screen and (max-width : 320px) {      #bwg_container1_0 #bwg_container2_0 .displaying-num_0 {     \t display: none;      }      }      #bwg_container1_0 #bwg_container2_0 .displaying-num_0 {\t\t\t\tfont-size: 12px;\t\t\t\tfont-family: segoe ui;\t\t\t\tfont-weight: bold;\t\t\t\tcolor: #666666;\t\t\t\tmargin-right: 10px;\t\t\t\tvertical-align: middle;      }      #bwg_container1_0 #bwg_container2_0 .paging-input_0 {\t\t\t\tfont-size: 12px;\t\t\t\tfont-family: segoe ui;\t\t\t\tfont-weight: bold;\t\t\t\tcolor: #666666;\t\t\t\tvertical-align: middle;      }      #bwg_container1_0 #bwg_container2_0 .tablenav-pages_0 a.disabled,      #bwg_container1_0 #bwg_container2_0 .tablenav-pages_0 a.disabled:hover,      #bwg_container1_0 #bwg_container2_0 .tablenav-pages_0 a.disabled:focus,\t\t\t#bwg_container1_0 #bwg_container2_0 .tablenav-pages_0 input.bwg_current_page {\t\t\t\tcursor: default;\t\t\t\tcolor: rgba(102, 102, 102, 0.5);      }      #bwg_container1_0 #bwg_container2_0 .tablenav-pages_0 a,      #bwg_container1_0 #bwg_container2_0 .tablenav-pages_0 input.bwg_current_page {\t\t\t\tcursor: pointer;\t\t\t\ttext-align: center;\t\t\t\tfont-size: 12px;\t\t\t\tfont-family: segoe ui;\t\t\t\tfont-weight: bold;\t\t\t\tcolor: #666666;\t\t\t\ttext-decoration: none;\t\t\t\tpadding: 3px 6px;\t\t\t\tmargin: 0;\t\t\t\tborder-radius: 0;\t\t\t\tborder-style: solid;\t\t\t\tborder-width: 1px;\t\t\t\tborder-color: #E3E3E3;\t\t\t\t\t\t\t\tbackground-color: rgba(255, 255, 255, 1.00);\t\t\t\tbox-shadow: 0;\t\t\t\ttransition: all 0.3s ease 0s;-webkit-transition: all 0.3s ease 0s;      }      <\/style>      <span class=\"bwg_nav_cont_0\">              <div class=\"tablenav-pages_0\">                  <\/div>                <input type=\"hidden\" id=\"page_number_0\" name=\"page_number_0\" value=\"1\" \/>      <script type=\"text\/javascript\">        if( jQuery('.bwg_nav_cont_0').length > 1 ) {          jQuery('.bwg_nav_cont_0').first().remove()        }        function spider_page_0(cur, x, y, load_more) {          if (typeof load_more == \"undefined\") {            var load_more = false;          }          if (jQuery(cur).hasClass('disabled')) {            return false;          }          var items_county_0 = 1;          switch (y) {            case 1:              if (x >= items_county_0) {                document.getElementById('page_number_0').value = items_county_0;              }              else {                document.getElementById('page_number_0').value = x + 1;              }              break;            case 2:              document.getElementById('page_number_0').value = items_county_0;              break;            case -1:              if (x == 1) {                document.getElementById('page_number_0').value = 1;              }              else {                document.getElementById('page_number_0').value = x - 1;              }              break;            case -2:              document.getElementById('page_number_0').value = 1;              break;\t\t\t\t\t\tcase 0:              document.getElementById('page_number_0').value = x;              break;            default:              document.getElementById('page_number_0').value = 1;          }          bwg_ajax('gal_front_form_0', '0', 'bwg_thumbnails_0', '0', '', 'gallery', 0, '', '', load_more, '', 1);        }                    jQuery('.first-page-0').on('click', function () {              spider_page_0(this, 1, -2, 'numeric');              return false;            });            jQuery('.prev-page-0').on('click', function () {              spider_page_0(this, 1, -1, 'numeric');              return false;            });            jQuery('.next-page-0').on('click', function () {              spider_page_0(this, 1, 1, 'numeric');              return false;            });            jQuery('.last-page-0').on('click', function () {              spider_page_0(this, 1, 2, 'numeric');              return false;            });        \t\t\t\t\/* Change page on input enter. *\/        function bwg_change_page_0( e, that ) {          if (  e.key == 'Enter' ) {            var to_page = parseInt(jQuery(that).val());            var pages_count = jQuery(that).parents(\".pagination-links\").data(\"pages-count\");            var current_url_param = jQuery(that).attr('data-url-info');            if (to_page > pages_count) {              to_page = 1;            }\t \t\t\t\t\t\t\t\t\t\t\t\tspider_page_0(this, to_page, 0, 'numeric');\t\t\t\t\t\t\treturn false;\t\t\t\t\t\t          }          return true;        }        jQuery('.bwg_load_btn_0').on('click', function () {            spider_page_0(this, 1, 1, true);            return false;        });      <\/script>      <\/span>                <\/div>        <\/form>        <style>          #bwg_container1_0 #bwg_container2_0 #spider_popup_overlay_0 {          background-color: #000000;          opacity: 0.70;          }          <\/style>        <div id=\"bwg_spider_popup_loading_0\" class=\"bwg_spider_popup_loading\"><\/div>        <div id=\"spider_popup_overlay_0\" class=\"spider_popup_overlay\" onclick=\"spider_destroypopup(1000)\"><\/div>        <input type=\"hidden\" id=\"bwg_random_seed_0\" value=\"2024385091\">                <\/div>    <\/div>    <script>      if (document.readyState === 'complete') {        if( typeof bwg_main_ready == 'function' ) {          if ( jQuery(\"#bwg_container1_0\").height() ) {            bwg_main_ready(jQuery(\"#bwg_container1_0\"));          }        }      } else {        document.addEventListener('DOMContentLoaded', function() {          if( typeof bwg_main_ready == 'function' ) {            if ( jQuery(\"#bwg_container1_0\").height() ) {             bwg_main_ready(jQuery(\"#bwg_container1_0\"));            }          }        });      }    <\/script>    \n<p><strong>Strony internetowe:<\/strong><\/p>\n<p><a href=\"https:\/\/euroregion-snb.de\/\">https:\/\/euroregion-snb.de\/<\/a><\/p>\n<p><a href=\"http:\/\/euroregion-snb.pl\/\">http:\/\/euroregion-snb.pl\/<\/a><\/p>\n","protected":false},"excerpt":{"rendered":"<p>Realizacja Funduszu Ma\u0142ych Projekt\u00f3w w Euroregionie \u201eSprewa \u2013 Nysa \u2013 B\u00f3br\u201c &nbsp; Partnerzy: &#8211; Stowarzyszenie Gmin RP Euroregion &#8220;Sprewa-Nysa-B\u00f3br&#8221;\u00a0 (BW) &#8211; Euroregion Spree-Neisse-Bober e.V. Dofinansowanie (EFRR): 9.952.162,50 EUR Okres realizacji: 26.08.2016 &#8211; 30.11.2023 Cel: Fundusz Ma\u0142ych Projekt\u00f3w (FMP) ma na celu zacie\u015bnianie istniej\u0105cych oraz nawi\u0105zanie nowych kontakt\u00f3w transgranicznych, kt\u00f3re przyczyni\u0105 si\u0119 do poprawy wzajemnego zrozumienia [&hellip;]<\/p>\n","protected":false},"author":140,"featured_media":0,"parent":0,"menu_order":0,"comment_status":"closed","ping_status":"closed","template":"","meta":{"site-sidebar-layout":"default","site-content-layout":"default","ast-site-content-layout":"default","site-content-style":"default","site-sidebar-style":"default","ast-global-header-display":"","ast-banner-title-visibility":"","ast-main-header-display":"","ast-hfb-above-header-display":"","ast-hfb-below-header-display":"","ast-hfb-mobile-header-display":"","site-post-title":"","ast-breadcrumbs-content":"","ast-featured-img":"","footer-sml-layout":"","theme-transparent-header-meta":"default","adv-header-id-meta":"","stick-header-meta":"","header-above-stick-meta":"","header-main-stick-meta":"","header-below-stick-meta":"","astra-migrate-meta-layouts":"set","ast-page-background-enabled":"default","ast-page-background-meta":{"desktop":{"background-color":"","background-image":"","background-repeat":"repeat","background-position":"center center","background-size":"auto","background-attachment":"scroll","background-type":"","background-media":"","overlay-type":"","overlay-color":"","overlay-opacity":"","overlay-gradient":""},"tablet":{"background-color":"","background-image":"","background-repeat":"repeat","background-position":"center center","background-size":"auto","background-attachment":"scroll","background-type":"","background-media":"","overlay-type":"","overlay-color":"","overlay-opacity":"","overlay-gradient":""},"mobile":{"background-color":"","background-image":"","background-repeat":"repeat","background-position":"center center","background-size":"auto","background-attachment":"scroll","background-type":"","background-media":"","overlay-type":"","overlay-color":"","overlay-opacity":"","overlay-gradient":""}},"ast-content-background-meta":{"desktop":{"background-color":"var(--ast-global-color-5)","background-image":"","background-repeat":"repeat","background-position":"center center","background-size":"auto","background-attachment":"scroll","background-type":"","background-media":"","overlay-type":"","overlay-color":"","overlay-opacity":"","overlay-gradient":""},"tablet":{"background-color":"var(--ast-global-color-5)","background-image":"","background-repeat":"repeat","background-position":"center center","background-size":"auto","background-attachment":"scroll","background-type":"","background-media":"","overlay-type":"","overlay-color":"","overlay-opacity":"","overlay-gradient":""},"mobile":{"background-color":"var(--ast-global-color-5)","background-image":"","background-repeat":"repeat","background-position":"center center","background-size":"auto","background-attachment":"scroll","background-type":"","background-media":"","overlay-type":"","overlay-color":"","overlay-opacity":"","overlay-gradient":""}},"footnotes":""},"class_list":["post-14496","page","type-page","status-publish","hentry"],"_links":{"self":[{"href":"https:\/\/interregva-bb-pl.eu\/pl\/wp-json\/wp\/v2\/pages\/14496"}],"collection":[{"href":"https:\/\/interregva-bb-pl.eu\/pl\/wp-json\/wp\/v2\/pages"}],"about":[{"href":"https:\/\/interregva-bb-pl.eu\/pl\/wp-json\/wp\/v2\/types\/page"}],"author":[{"embeddable":true,"href":"https:\/\/interregva-bb-pl.eu\/pl\/wp-json\/wp\/v2\/users\/140"}],"replies":[{"embeddable":true,"href":"https:\/\/interregva-bb-pl.eu\/pl\/wp-json\/wp\/v2\/comments?post=14496"}],"version-history":[{"count":6,"href":"https:\/\/interregva-bb-pl.eu\/pl\/wp-json\/wp\/v2\/pages\/14496\/revisions"}],"predecessor-version":[{"id":18141,"href":"https:\/\/interregva-bb-pl.eu\/pl\/wp-json\/wp\/v2\/pages\/14496\/revisions\/18141"}],"wp:attachment":[{"href":"https:\/\/interregva-bb-pl.eu\/pl\/wp-json\/wp\/v2\/media?parent=14496"}],"curies":[{"name":"wp","href":"https:\/\/api.w.org\/{rel}","templated":true}]}}