{"id":14512,"date":"2021-03-02T02:15:04","date_gmt":"2021-03-02T09:15:04","guid":{"rendered":"https:\/\/interregva-bb-pl.eu\/?page_id=14512"},"modified":"2023-06-20T05:05:18","modified_gmt":"2023-06-20T12:05:18","slug":"85029852-2","status":"publish","type":"page","link":"https:\/\/interregva-bb-pl.eu\/pl\/85029852-2\/","title":{"rendered":"85029852"},"content":{"rendered":"<h3>Modelowe wsparcie os\u00f3b niepe\u0142nosprawnych i senior\u00f3w<\/h3>\n<p>&nbsp;<\/p>\n<p><strong><img loading=\"lazy\" decoding=\"async\" class=\"thumbnail alignleft\" src=\"https:\/\/interregva-bb-pl.eu\/wp-content\/uploads\/2021\/03\/85029852_WEB_Fot.png\" alt=\"\" width=\"451\" height=\"264\" \/>Partnerzy:<\/strong><br \/>\n&#8211; Miasto Zielona G\u00f3ra (BW)<br \/>\n&#8211; Stadt \/ Miasto Cottbus<br \/>\n&#8211; Aeroklub Ziemi Lubuskiej<\/p>\n<p><strong>Dofinansowanie (EFRR)<\/strong>: 652.790,02 EUR<\/p>\n<p><strong>Okres realizacji<\/strong>: 01.07.2020 &#8211; 30.06.2023<\/p>\n<p>&nbsp;<\/p>\n<p><strong>Cel: <\/strong>G\u0142\u00f3wnym celem projektu jest rozbudowa sieci wsp\u00f3\u0142pracy \u015brodowisk os\u00f3b niepe\u0142nosprawnych i senior\u00f3w z Polski i Niemiec.<\/p>\n<p><strong><img loading=\"lazy\" decoding=\"async\" class=\"thumbnail alignright\" src=\"https:\/\/interregva-bb-pl.eu\/wp-content\/uploads\/2021\/03\/85029852_WEB_Fot2.png\" alt=\"\" width=\"450\" height=\"252\" \/>Przyk\u0142ady dzia\u0142a\u0144 w projekcie:<\/strong><\/p>\n<ul>\n<li>Organizacja warsztat\u00f3w polsko-niemieckich<\/li>\n<li>Organizacja wyjazd\u00f3w studyjnych<\/li>\n<li>Organizacja konferencji specjalistycznej<\/li>\n<li>Organizacja konferencji dla samorz\u0105dowc\u00f3w<\/li>\n<\/ul>\n","protected":false},"excerpt":{"rendered":"<p>Modelowe wsparcie os\u00f3b niepe\u0142nosprawnych i senior\u00f3w &nbsp; Partnerzy: &#8211; Miasto Zielona G\u00f3ra (BW) &#8211; Stadt \/ Miasto Cottbus &#8211; Aeroklub Ziemi Lubuskiej Dofinansowanie (EFRR): 652.790,02 EUR Okres realizacji: 01.07.2020 &#8211; 30.06.2023 &nbsp; Cel: G\u0142\u00f3wnym celem projektu jest rozbudowa sieci wsp\u00f3\u0142pracy \u015brodowisk os\u00f3b niepe\u0142nosprawnych i senior\u00f3w z Polski i Niemiec. Przyk\u0142ady dzia\u0142a\u0144 w projekcie: Organizacja warsztat\u00f3w [&hellip;]<\/p>\n","protected":false},"author":140,"featured_media":0,"parent":0,"menu_order":0,"comment_status":"closed","ping_status":"closed","template":"","meta":{"site-sidebar-layout":"default","site-content-layout":"default","ast-site-content-layout":"","site-content-style":"default","site-sidebar-style":"default","ast-global-header-display":"","ast-banner-title-visibility":"","ast-main-header-display":"","ast-hfb-above-header-display":"","ast-hfb-below-header-display":"","ast-hfb-mobile-header-display":"","site-post-title":"","ast-breadcrumbs-content":"","ast-featured-img":"","footer-sml-layout":"","theme-transparent-header-meta":"default","adv-header-id-meta":"","stick-header-meta":"","header-above-stick-meta":"","header-main-stick-meta":"","header-below-stick-meta":"","astra-migrate-meta-layouts":"default","ast-page-background-enabled":"default","ast-page-background-meta":{"desktop":{"background-color":"","background-image":"","background-repeat":"repeat","background-position":"center center","background-size":"auto","background-attachment":"scroll","background-type":"","background-media":"","overlay-type":"","overlay-color":"","overlay-opacity":"","overlay-gradient":""},"tablet":{"background-color":"","background-image":"","background-repeat":"repeat","background-position":"center center","background-size":"auto","background-attachment":"scroll","background-type":"","background-media":"","overlay-type":"","overlay-color":"","overlay-opacity":"","overlay-gradient":""},"mobile":{"background-color":"","background-image":"","background-repeat":"repeat","background-position":"center center","background-size":"auto","background-attachment":"scroll","background-type":"","background-media":"","overlay-type":"","overlay-color":"","overlay-opacity":"","overlay-gradient":""}},"ast-content-background-meta":{"desktop":{"background-color":"var(--ast-global-color-5)","background-image":"","background-repeat":"repeat","background-position":"center center","background-size":"auto","background-attachment":"scroll","background-type":"","background-media":"","overlay-type":"","overlay-color":"","overlay-opacity":"","overlay-gradient":""},"tablet":{"background-color":"var(--ast-global-color-5)","background-image":"","background-repeat":"repeat","background-position":"center center","background-size":"auto","background-attachment":"scroll","background-type":"","background-media":"","overlay-type":"","overlay-color":"","overlay-opacity":"","overlay-gradient":""},"mobile":{"background-color":"var(--ast-global-color-5)","background-image":"","background-repeat":"repeat","background-position":"center center","background-size":"auto","background-attachment":"scroll","background-type":"","background-media":"","overlay-type":"","overlay-color":"","overlay-opacity":"","overlay-gradient":""}},"footnotes":""},"class_list":["post-14512","page","type-page","status-publish","hentry"],"_links":{"self":[{"href":"https:\/\/interregva-bb-pl.eu\/pl\/wp-json\/wp\/v2\/pages\/14512"}],"collection":[{"href":"https:\/\/interregva-bb-pl.eu\/pl\/wp-json\/wp\/v2\/pages"}],"about":[{"href":"https:\/\/interregva-bb-pl.eu\/pl\/wp-json\/wp\/v2\/types\/page"}],"author":[{"embeddable":true,"href":"https:\/\/interregva-bb-pl.eu\/pl\/wp-json\/wp\/v2\/users\/140"}],"replies":[{"embeddable":true,"href":"https:\/\/interregva-bb-pl.eu\/pl\/wp-json\/wp\/v2\/comments?post=14512"}],"version-history":[{"count":4,"href":"https:\/\/interregva-bb-pl.eu\/pl\/wp-json\/wp\/v2\/pages\/14512\/revisions"}],"predecessor-version":[{"id":17976,"href":"https:\/\/interregva-bb-pl.eu\/pl\/wp-json\/wp\/v2\/pages\/14512\/revisions\/17976"}],"wp:attachment":[{"href":"https:\/\/interregva-bb-pl.eu\/pl\/wp-json\/wp\/v2\/media?parent=14512"}],"curies":[{"name":"wp","href":"https:\/\/api.w.org\/{rel}","templated":true}]}}