{"id":14524,"date":"2021-03-02T02:27:49","date_gmt":"2021-03-02T09:27:49","guid":{"rendered":"https:\/\/interregva-bb-pl.eu\/?page_id=14524"},"modified":"2022-09-16T03:19:11","modified_gmt":"2022-09-16T10:19:11","slug":"85029503-2","status":"publish","type":"page","link":"https:\/\/interregva-bb-pl.eu\/pl\/85029503-2\/","title":{"rendered":"85029503"},"content":{"rendered":"<h3>Wsp\u00f3lny polsko \u2013 niemiecki zesp\u00f3\u0142 policyjny w Guben\/Gubinie<\/h3>\n<p>&nbsp;<\/p>\n<p><img loading=\"lazy\" decoding=\"async\" class=\"size-full wp-image-11087 alignleft\" src=\"https:\/\/interregva-bb-pl.eu\/wp-content\/uploads\/2019\/11\/Polizei.jpg\" alt=\"\" width=\"313\" height=\"642\" srcset=\"https:\/\/interregva-bb-pl.eu\/wp-content\/uploads\/2019\/11\/Polizei.jpg 313w, https:\/\/interregva-bb-pl.eu\/wp-content\/uploads\/2019\/11\/Polizei-73x150.jpg 73w, https:\/\/interregva-bb-pl.eu\/wp-content\/uploads\/2019\/11\/Polizei-146x300.jpg 146w\" sizes=\"(max-width: 313px) 100vw, 313px\" \/><strong>Partnerzy<\/strong><strong>:<\/strong><br \/>\n&#8211; Polizeidirektion S\u00fcd (Dyrekcja Policji Po\u0142udnie) (BW)<br \/>\n&#8211; Komenda Wojew\u00f3dzka Policji Gorz\u00f3w Wlkp.<\/p>\n<p><strong>Dofinansowanie (EFRR)<\/strong><strong> \/ F\u00f6rderung (EFRE): <\/strong>252.367,38 EUR<\/p>\n<p><strong>Okres realizacji<\/strong><strong>:\u00a0<\/strong>01.04.2019 &#8211; 31.10.2022<\/p>\n<p><strong>Cel:<\/strong><br \/>\nG\u0142\u00f3wnym celem projektu jest podniesienie wsp\u00f3\u0142pracy instytucjonalnej policji niemieckiej i polskiej w obszarze przygranicznym, a w szczeg\u00f3lno\u015bci w Guben i Gubinie, na nowy poziom. W tym celu tworzony jest wsp\u00f3lny polsko-niemiecki zesp\u00f3\u0142 policyjny, w kt\u00f3rym wszyscy zaanga\u017cowani policjanci b\u0119d\u0105 pe\u0142ni\u0107 s\u0142u\u017cb\u0119 w dwu j\u0119zykach, posiadaj\u0105c wszechstronn\u0105 wiedz\u0119 zar\u00f3wno o sytuacji prawnej, jak i ustawowej obu kraj\u00f3w oraz wiedz\u0119 o r\u00f3\u017cnicach w kulturze niemieckiej i polskiej.<\/p>\n<p><strong>Przyk\u0142ady dzia\u0142a\u0144 w projekcie:<\/strong><\/p>\n<p>Opr\u00f3cz\u00a0 dzia\u0142alno\u015bci patrolowej funkcjonariusze policji maj\u0105 podczas projektu<\/p>\n<ul>\n<li>na intensywnych kursach nauczy\u0107 si\u0119 j\u0119zyka kraju s\u0105siada,<\/li>\n<li>\u00a0na kursach mi\u0119dzykulturowych pozna\u0107 partnera patrolowego, ludno\u015b\u0107 s\u0105siedniego kraju i policj\u0119, oraz<\/li>\n<li>\u00a0w ramach kurs\u00f3w prawniczych uzyska\u0107 wgl\u0105d w sytuacj\u0119 prawn\u0105 obu kraj\u00f3w i znajomo\u015b\u0107 wsp\u00f3lnego dzia\u0142ania, zw\u0142aszcza na podstawie polsko-niemieckiej umowy o wsp\u00f3\u0142pracy policji.<\/li>\n<\/ul>\n","protected":false},"excerpt":{"rendered":"<p>Wsp\u00f3lny polsko \u2013 niemiecki zesp\u00f3\u0142 policyjny w Guben\/Gubinie &nbsp; Partnerzy: &#8211; Polizeidirektion S\u00fcd (Dyrekcja Policji Po\u0142udnie) (BW) &#8211; Komenda Wojew\u00f3dzka Policji Gorz\u00f3w Wlkp. Dofinansowanie (EFRR) \/ F\u00f6rderung (EFRE): 252.367,38 EUR Okres realizacji:\u00a001.04.2019 &#8211; 31.10.2022 Cel: G\u0142\u00f3wnym celem projektu jest podniesienie wsp\u00f3\u0142pracy instytucjonalnej policji niemieckiej i polskiej w obszarze przygranicznym, a w szczeg\u00f3lno\u015bci w Guben i [&hellip;]<\/p>\n","protected":false},"author":140,"featured_media":0,"parent":0,"menu_order":0,"comment_status":"closed","ping_status":"closed","template":"","meta":{"site-sidebar-layout":"default","site-content-layout":"default","ast-site-content-layout":"","site-content-style":"default","site-sidebar-style":"default","ast-global-header-display":"","ast-banner-title-visibility":"","ast-main-header-display":"","ast-hfb-above-header-display":"","ast-hfb-below-header-display":"","ast-hfb-mobile-header-display":"","site-post-title":"","ast-breadcrumbs-content":"","ast-featured-img":"","footer-sml-layout":"","theme-transparent-header-meta":"default","adv-header-id-meta":"","stick-header-meta":"","header-above-stick-meta":"","header-main-stick-meta":"","header-below-stick-meta":"","astra-migrate-meta-layouts":"default","ast-page-background-enabled":"default","ast-page-background-meta":{"desktop":{"background-color":"","background-image":"","background-repeat":"repeat","background-position":"center center","background-size":"auto","background-attachment":"scroll","background-type":"","background-media":"","overlay-type":"","overlay-color":"","overlay-opacity":"","overlay-gradient":""},"tablet":{"background-color":"","background-image":"","background-repeat":"repeat","background-position":"center center","background-size":"auto","background-attachment":"scroll","background-type":"","background-media":"","overlay-type":"","overlay-color":"","overlay-opacity":"","overlay-gradient":""},"mobile":{"background-color":"","background-image":"","background-repeat":"repeat","background-position":"center center","background-size":"auto","background-attachment":"scroll","background-type":"","background-media":"","overlay-type":"","overlay-color":"","overlay-opacity":"","overlay-gradient":""}},"ast-content-background-meta":{"desktop":{"background-color":"var(--ast-global-color-5)","background-image":"","background-repeat":"repeat","background-position":"center center","background-size":"auto","background-attachment":"scroll","background-type":"","background-media":"","overlay-type":"","overlay-color":"","overlay-opacity":"","overlay-gradient":""},"tablet":{"background-color":"var(--ast-global-color-5)","background-image":"","background-repeat":"repeat","background-position":"center center","background-size":"auto","background-attachment":"scroll","background-type":"","background-media":"","overlay-type":"","overlay-color":"","overlay-opacity":"","overlay-gradient":""},"mobile":{"background-color":"var(--ast-global-color-5)","background-image":"","background-repeat":"repeat","background-position":"center center","background-size":"auto","background-attachment":"scroll","background-type":"","background-media":"","overlay-type":"","overlay-color":"","overlay-opacity":"","overlay-gradient":""}},"footnotes":""},"class_list":["post-14524","page","type-page","status-publish","hentry"],"_links":{"self":[{"href":"https:\/\/interregva-bb-pl.eu\/pl\/wp-json\/wp\/v2\/pages\/14524"}],"collection":[{"href":"https:\/\/interregva-bb-pl.eu\/pl\/wp-json\/wp\/v2\/pages"}],"about":[{"href":"https:\/\/interregva-bb-pl.eu\/pl\/wp-json\/wp\/v2\/types\/page"}],"author":[{"embeddable":true,"href":"https:\/\/interregva-bb-pl.eu\/pl\/wp-json\/wp\/v2\/users\/140"}],"replies":[{"embeddable":true,"href":"https:\/\/interregva-bb-pl.eu\/pl\/wp-json\/wp\/v2\/comments?post=14524"}],"version-history":[{"count":4,"href":"https:\/\/interregva-bb-pl.eu\/pl\/wp-json\/wp\/v2\/pages\/14524\/revisions"}],"predecessor-version":[{"id":17231,"href":"https:\/\/interregva-bb-pl.eu\/pl\/wp-json\/wp\/v2\/pages\/14524\/revisions\/17231"}],"wp:attachment":[{"href":"https:\/\/interregva-bb-pl.eu\/pl\/wp-json\/wp\/v2\/media?parent=14524"}],"curies":[{"name":"wp","href":"https:\/\/api.w.org\/{rel}","templated":true}]}}