{"id":14532,"date":"2021-03-02T02:42:42","date_gmt":"2021-03-02T09:42:42","guid":{"rendered":"https:\/\/interregva-bb-pl.eu\/?page_id=14532"},"modified":"2024-04-15T04:03:49","modified_gmt":"2024-04-15T11:03:49","slug":"85029895-2","status":"publish","type":"page","link":"https:\/\/interregva-bb-pl.eu\/pl\/85029895-2\/","title":{"rendered":"85029892"},"content":{"rendered":"<h3>SmartRiver: Inteligentne Nadodrze<\/h3>\n<p>&nbsp;<\/p>\n<p><strong>Partnerzy<\/strong><strong>: <\/strong><br \/>\n&#8211; IHP GmbH \u2013 Leibnitz\u2013Institut f\u00fcr Innovative Mikroelektronik (IHP sp. z o. o. &#8211; Instytut Leibniza Innowacyjnej Mikroelektroniki)<br \/>\n&#8211; Uniwersytet Zielonog\u00f3rski<\/p>\n<p><strong>Dofinansowanie (EFRR<\/strong><strong>: <\/strong>1.142.306,91 EUR<\/p>\n<p><strong>Termin realizacji<\/strong><strong> \/ Zeitraum:\u00a0<\/strong> 01.07.2019 &#8211; 31.08.2023<\/p>\n<p><strong>Cel<\/strong><strong>:<\/strong><br \/>\nCelem projektu jest wsparcie ochrony przeciwpowodziowej dla mieszka\u0144c\u00f3w S\u0142ubic i Frankfurcie nad Odr\u0105. Planowany projekt to projekt naukowo-badawczy, w kt\u00f3rym ma by\u0107 zrealizowany transgraniczny, inteligentny system monitoringu stanu wal\u00f3w przeciwpowodziowych i obszar\u00f3w Nadodrza (Platforma). Celem projektu jest r\u00f3wnie\u017c pog\u0142\u0119bienie wsp\u00f3\u0142pracy naukowej miedzy Uniwersytetem Zielonog\u00f3rskim oraz instytutem badawczym IHP we Frankfurcie nad Odra. W ramach projektu jest ona szczeg\u00f3lnie ukierunkowana na usystematyzowanie prac zorientowanych na wsp\u00f3lny rozw\u00f3j technologii zwi\u0105zanej z algorytmami i rozwi\u0105zaniami zwi\u0105zanymi z sieciami sensor\u00f3w bezprzewodowych oraz Smart City.<\/p>\n<p><img loading=\"lazy\" decoding=\"async\" class=\"alignnone size-full wp-image-11132\" src=\"https:\/\/interregva-bb-pl.eu\/wp-content\/uploads\/2019\/11\/smartriver.jpg\" alt=\"\" width=\"987\" height=\"475\" srcset=\"https:\/\/interregva-bb-pl.eu\/wp-content\/uploads\/2019\/11\/smartriver.jpg 987w, https:\/\/interregva-bb-pl.eu\/wp-content\/uploads\/2019\/11\/smartriver-150x72.jpg 150w, https:\/\/interregva-bb-pl.eu\/wp-content\/uploads\/2019\/11\/smartriver-300x144.jpg 300w, https:\/\/interregva-bb-pl.eu\/wp-content\/uploads\/2019\/11\/smartriver-768x370.jpg 768w\" sizes=\"(max-width: 987px) 100vw, 987px\" \/><\/p>\n<p><strong>\u00a0<\/strong><strong>Przyk\u0142ady dzia\u0142a\u0144 w projekcie:<\/strong><\/p>\n<p>System monitoringu (Platforma) b\u0119dzie realizowany etapowo. Kolejne etapy b\u0119d\u0105 prowadzi\u0142y do ni\u017cej wymienionych cel\u00f3w szczeg\u00f3\u0142owych i b\u0119dzie realizowany przez wszystkich partner\u00f3w konsorcjum:<\/p>\n<ol>\n<li>Specyfikacja Systemu Monitoringu (wszystkie dzia\u0142ania b\u0119d\u0105 realizowane w siedzibach partner\u00f3w).<\/li>\n<\/ol>\n<p>Ten cel szczeg\u00f3\u0142owy b\u0119dzie realizowany w ramach nast\u0119puj\u0105cych dzia\u0142a\u0144:<\/p>\n<ul>\n<li>Specyfikacja scenariuszy u\u017cycia &#8211; opisuj\u0105, w jaki spos\u00f3b system ma si\u0119 zachowywa\u0107 w celu wype\u0142nienia konkretnych zada\u0144.<\/li>\n<li>Specyfikacja wymaga\u0144 systemu &#8211; zidentyfikowane zostan\u0105 wymagania dla proponowanego systemu, co umo\u017cliwi opisanie po\u017c\u0105danego zachowania systemu. Po identyfikacji wymaga\u0144 zostanie przeprowadzona ich analiza celem uszczeg\u00f3\u0142owienia, ewentualnego odrzucenia wymaga\u0144 sprzecznych oraz okre\u015blenia wymaga\u0144 priorytetowych.<\/li>\n<li>Specyfikacja Architektury systemu &#8211; wymagania systemu zostan\u0105 przeniesione na architektur\u0119 systemu. Wszystkie komponenty rozwijane w ramach projektu b\u0119d\u0105 scalane w proponowana architektur\u0119.<\/li>\n<\/ul>\n<ol start=\"2\">\n<li>Budowa Systemu Monitoringu (wszystkie dzia\u0142ania b\u0119d\u0105 realizowane w siedzibach partner\u00f3w).<\/li>\n<\/ol>\n<p>Ten cel szczeg\u00f3\u0142owy b\u0119dzie realizowany w ramach nast\u0119puj\u0105cych dzia\u0142a\u0144:<\/p>\n<ul>\n<li>Wyb\u00f3r sensor\u00f3w \u2013 czujniki zostan\u0105 wybrane z dost\u0119pnych na rynku, b\u0105d\u017a przygotowane przez partner\u00f3w projektu. B\u0119d\u0105 one u\u017cyte w bezprzewodowej sieci sensor\u00f3w. Wyb\u00f3r czujnik\u00f3w b\u0119dzie opiera\u0142 si\u0119 na zdefiniowanych wymaganiach systemu.<\/li>\n<li>Budowa Bezprzewodowej Sieci Sensor\u00f3w &#8211; zostanie zaprojektowana, wykonana i przetestowana bezprzewodowa siec sensor\u00f3w, kt\u00f3ra b\u0119dzie zbiera\u0107 dane z czujnik\u00f3w.<\/li>\n<li>Stworzenie oprogramowania dla gromadzenia i przetwarzania danych &#8211; zostanie wybrane, zaimplementowane i przetestowane rozwi\u0105zanie gwarantuj\u0105ce zbieranie danych oraz analizowanie i prezentowanie ich w systemie.<\/li>\n<li>Stworzenie oprogramowania zapewniaj\u0105cego bezpiecze\u0144stwo danych &#8211; zostan\u0105 wybrane, zaimplementowane i przetestowane rozwi\u0105zania gwarantuj\u0105ce bezpiecze\u0144stwo danych zbieranych, analizowanych i prezentowanych przez system.<\/li>\n<li>Stworzenie graficznych interfejs\u00f3w u\u017cytkownika &#8211; zostan\u0105 zaimplementowane i przetestowane interfejsy u\u017cytkownik\u00f3w powi\u0105zane z tymi komponentami systemu, kt\u00f3re b\u0119d\u0105 wymaga\u0142y po\u0142\u0105czenia z u\u017cytkownikami ko\u0144cowymi.<\/li>\n<li>Integracja i testy systemu &#8211; komponenty wykonane w projekcie zostan\u0105 zintegrowane w kompletny system. Zintegrowane komponenty zostan\u0105 przetestowane pod k\u0105tem interakcji zdefiniowanych w architekturze systemu. Testy pozwol\u0105 wykry\u0107 ewentualne b\u0142\u0119dy w dzia\u0142aniu poszczeg\u00f3lnych komponent\u00f3w i naprawi\u0107 je przed zainstalowaniem demonstrator\u00f3w.<\/li>\n<\/ul>\n<ol start=\"3\">\n<li>Rozmieszczenie i Ewaluacja Systemu Monitoringu (dzia\u0142ania b\u0119d\u0105 realizowane w miejscach zaplanowanych jako demonstracyjne, w siedzibach odbiorc\u00f3w systemu oraz u partner\u00f3w projektu).<\/li>\n<\/ol>\n<ul>\n<li>Definicja demonstrator\u00f3w &#8211; zostan\u0105 szczeg\u00f3\u0142owo zdefiniowane demonstratory, kt\u00f3re zostan\u0105 rozmieszczone w wyznaczonych cz\u0119\u015bciach Dwumiasta.<\/li>\n<li>Rozmieszczenie, testy i ewaluacja systemu &#8211; komponenty zintegrowane i przetestowane w Dzia\u0142aniu \u201eIntegracja i testy systemu\u201d zostan\u0105 rozmieszczone i przetestowane w rzeczywistych warunkach w ramach planowanych demonstrator\u00f3w. Praca systemu w rzeczywistych warunkach zostanie poddana ocenie, co umo\u017cliwi ewentualne korekty. Produktem tego dzia\u0142ania b\u0119dzie kompletny system rozmieszczony na testowych obszarach.<\/li>\n<\/ul>\n<ol start=\"4\">\n<li>Promocja i Rozpowszechnianie Systemu Monitoringu (dzia\u0142ania b\u0119d\u0105 realizowane przy u\u017cyciu r\u00f3\u017cnego rodzaju medi\u00f3w \u2013 tv, radio, prasa, Internet oraz podczas planowanych spotka\u0144 promuj\u0105cych projekt \u2013 S\u0142ubice, Frankfurt nad Odr\u0105, Zielona G\u00f3ra).<\/li>\n<\/ol>\n<ul>\n<li>Rozpowszechnianie wynik\u00f3w projektu &#8211; rozpowszechnianie wszelkich informacji na temat projektu, wynik\u00f3w badan prowadzonych w projekcie, a tak\u017ce rezultat\u00f3w projektu. B\u0119dzie to realizowane za pomoc\u0105 prezentacji na konferencjach naukowych oraz za pomoc\u0105 publikacji w czasopismach fachowych. Informacje o projekcie b\u0119d\u0105 r\u00f3wnie\u017c rozpowszechniane w\u015br\u00f3d w\u0142adz i mieszka\u0144c\u00f3w regionu podczas specjalnie zorganizowanych spotka\u0144 projektowych. Wszelkie formy rozpowszechniania b\u0119d\u0105 produktem tego dzia\u0142ania.<\/li>\n<\/ul>\n<ol start=\"5\">\n<li>Promocja projektu &#8211; projekt, jego za\u0142o\u017cenia oraz wyniki b\u0119d\u0105 prezentowane na targach, internetowych portalach informacyjnych, prasie codziennej, \u2013 co b\u0119dzie stanowi\u0142o produkty tego dzia\u0142ania<\/li>\n<\/ol>\n","protected":false},"excerpt":{"rendered":"<p>SmartRiver: Inteligentne Nadodrze &nbsp; Partnerzy: &#8211; IHP GmbH \u2013 Leibnitz\u2013Institut f\u00fcr Innovative Mikroelektronik (IHP sp. z o. o. &#8211; Instytut Leibniza Innowacyjnej Mikroelektroniki) &#8211; Uniwersytet Zielonog\u00f3rski Dofinansowanie (EFRR: 1.142.306,91 EUR Termin realizacji \/ Zeitraum:\u00a0 01.07.2019 &#8211; 31.08.2023 Cel: Celem projektu jest wsparcie ochrony przeciwpowodziowej dla mieszka\u0144c\u00f3w S\u0142ubic i Frankfurcie nad Odr\u0105. Planowany projekt to projekt [&hellip;]<\/p>\n","protected":false},"author":140,"featured_media":0,"parent":0,"menu_order":0,"comment_status":"closed","ping_status":"closed","template":"","meta":{"site-sidebar-layout":"default","site-content-layout":"default","ast-site-content-layout":"default","site-content-style":"default","site-sidebar-style":"default","ast-global-header-display":"","ast-banner-title-visibility":"","ast-main-header-display":"","ast-hfb-above-header-display":"","ast-hfb-below-header-display":"","ast-hfb-mobile-header-display":"","site-post-title":"","ast-breadcrumbs-content":"","ast-featured-img":"","footer-sml-layout":"","theme-transparent-header-meta":"default","adv-header-id-meta":"","stick-header-meta":"","header-above-stick-meta":"","header-main-stick-meta":"","header-below-stick-meta":"","astra-migrate-meta-layouts":"set","ast-page-background-enabled":"default","ast-page-background-meta":{"desktop":{"background-color":"","background-image":"","background-repeat":"repeat","background-position":"center center","background-size":"auto","background-attachment":"scroll","background-type":"","background-media":"","overlay-type":"","overlay-color":"","overlay-opacity":"","overlay-gradient":""},"tablet":{"background-color":"","background-image":"","background-repeat":"repeat","background-position":"center center","background-size":"auto","background-attachment":"scroll","background-type":"","background-media":"","overlay-type":"","overlay-color":"","overlay-opacity":"","overlay-gradient":""},"mobile":{"background-color":"","background-image":"","background-repeat":"repeat","background-position":"center center","background-size":"auto","background-attachment":"scroll","background-type":"","background-media":"","overlay-type":"","overlay-color":"","overlay-opacity":"","overlay-gradient":""}},"ast-content-background-meta":{"desktop":{"background-color":"var(--ast-global-color-5)","background-image":"","background-repeat":"repeat","background-position":"center center","background-size":"auto","background-attachment":"scroll","background-type":"","background-media":"","overlay-type":"","overlay-color":"","overlay-opacity":"","overlay-gradient":""},"tablet":{"background-color":"var(--ast-global-color-5)","background-image":"","background-repeat":"repeat","background-position":"center center","background-size":"auto","background-attachment":"scroll","background-type":"","background-media":"","overlay-type":"","overlay-color":"","overlay-opacity":"","overlay-gradient":""},"mobile":{"background-color":"var(--ast-global-color-5)","background-image":"","background-repeat":"repeat","background-position":"center center","background-size":"auto","background-attachment":"scroll","background-type":"","background-media":"","overlay-type":"","overlay-color":"","overlay-opacity":"","overlay-gradient":""}},"footnotes":""},"class_list":["post-14532","page","type-page","status-publish","hentry"],"_links":{"self":[{"href":"https:\/\/interregva-bb-pl.eu\/pl\/wp-json\/wp\/v2\/pages\/14532"}],"collection":[{"href":"https:\/\/interregva-bb-pl.eu\/pl\/wp-json\/wp\/v2\/pages"}],"about":[{"href":"https:\/\/interregva-bb-pl.eu\/pl\/wp-json\/wp\/v2\/types\/page"}],"author":[{"embeddable":true,"href":"https:\/\/interregva-bb-pl.eu\/pl\/wp-json\/wp\/v2\/users\/140"}],"replies":[{"embeddable":true,"href":"https:\/\/interregva-bb-pl.eu\/pl\/wp-json\/wp\/v2\/comments?post=14532"}],"version-history":[{"count":10,"href":"https:\/\/interregva-bb-pl.eu\/pl\/wp-json\/wp\/v2\/pages\/14532\/revisions"}],"predecessor-version":[{"id":18325,"href":"https:\/\/interregva-bb-pl.eu\/pl\/wp-json\/wp\/v2\/pages\/14532\/revisions\/18325"}],"wp:attachment":[{"href":"https:\/\/interregva-bb-pl.eu\/pl\/wp-json\/wp\/v2\/media?parent=14532"}],"curies":[{"name":"wp","href":"https:\/\/api.w.org\/{rel}","templated":true}]}}