{"id":14560,"date":"2021-03-02T03:18:34","date_gmt":"2021-03-02T10:18:34","guid":{"rendered":"https:\/\/interregva-bb-pl.eu\/?page_id=14560"},"modified":"2021-12-20T01:46:27","modified_gmt":"2021-12-20T08:46:27","slug":"85038919-2","status":"publish","type":"page","link":"https:\/\/interregva-bb-pl.eu\/pl\/85038919-2\/","title":{"rendered":"85038919"},"content":{"rendered":"<h3>Opieka onkologiczna bez granic \u2013 wsp\u00f3\u0142praca instytucji, ekspert\u00f3w i administracji<\/h3>\n<p>&nbsp;<\/p>\n<p><strong><img loading=\"lazy\" decoding=\"async\" class=\"details-image alignleft\" draggable=\"false\" src=\"https:\/\/interregva-bb-pl.eu\/wp-content\/uploads\/2020\/11\/85038919_Website-Gesamtbild.jpg\" alt=\"\" width=\"368\" height=\"768\" \/>Partnerzy projektu:<\/strong><br \/>\n&#8211; Szpital Uniwersytecki im. Karola Marcinkowskiego w Zielonej G\u00f3rze Sp. z o.o. (BW)<br \/>\n&#8211; Ost-Brandenburgisches Tumorenzentrum Bad Saarow (Wschodniobrandenburskie Centrum Leczenia Nowotwor\u00f3w Bad Saarow)<\/p>\n<p><strong>Dofinansowanie (EFRR): <\/strong>646.525,30 EUR<\/p>\n<p><strong>Okres realizacji: <\/strong>01.01.2020 \u2013 31.08.2022<\/p>\n<p><strong>Cel: <\/strong><br \/>\nG\u0142\u00f3wnym celem projektu jest zminimalizowanie wzgl. wyr\u00f3wnanie deficyt\u00f3w w opiece medycznej pacjent\u00f3w nowotworowych poprzez \u015bcis\u0142\u0105 wsp\u00f3\u0142prac\u0119 polskich\/niemieckich lekarzy, instytucji administracji oraz wdro\u017cenie systemowego podej\u015bcia do pacjenta wspomaganego innowacyjnymi narz\u0119dziami. Tym samym, projekt wpisuje si\u0119 w IV o\u015b priorytetow\u0105 Programu Wsp\u00f3\u0142pracy \u201eIntegracja mieszka\u0144c\u00f3w i wsp\u00f3\u0142praca administracji\u201d i bezpo\u015brednio przyczynia si\u0119 do realizacji celu szczeg\u00f3\u0142owego \u201eWzmocnienie transgranicznej wsp\u00f3\u0142pracy instytucji i obywateli we wszystkich aspektach \u017cycia publicznego\u201d Do osi\u0105gni\u0119cia celu g\u0142\u00f3wnego prowadzi szereg dzia\u0142a\u0144 ukierunkowanych na wsp\u00f3\u0142prac\u0119 instytucji administracji, specjalist\u00f3w i obywateli tj. wdro\u017cenie transgranicznego monitoringu system\u00f3w opieki onkologicznej w ramach kt\u00f3rego b\u0119dziemy systemowo rejestrowa\u0107 dane dotycz\u0105ce leczenia ponad 5000 pacjent\u00f3w nowotworowych z regionu i naukowo je ocenia\u0107 w 4 polsko-niemieckich interdyscyplinarnych grupach ekspert\u00f3w dla danej jednostki chorobowej. Wyliczenia wska\u017anik\u00f3w maj\u0105 liczbowo okre\u015bli\u0107 jako\u015b\u0107 leczenia w regionie przygranicznym i dostarczy\u0107 odpowiedzialnym instytucjom i administracji danych i propozycji ewentualnych usprawnie\u0144. Ponadto rozbudowana zostanie transgraniczna wsp\u00f3\u0142praca i wymiana do\u015bwiadcze\u0144 w zakresie opieki nad pacjentami onkologicznymi poprzez organizacj\u0119 wsp\u00f3lnych wizyt studyjnych (3 wizyty) po\u0142\u0105czonych z warsztatami specjalistycznymi (30 uczestnik\u00f3w). Zostanie opracowany i wdro\u017cony program wsparcia emocjonalnego i aktywizacji spo\u0142ecznej pacjent\u00f3w onkologicznych i ich rodzin. Projekt obejmuje r\u00f3wnie\u017c dzia\u0142ania edukacyjno-informacyjne w zakresie profilaktyki nowotworowej oraz leczenia nowotwor\u00f3w. Dodatkowo w celu zniwelowania bariery j\u0119zykowej i dla zapewnienia wi\u0119kszej dost\u0119pno\u015bci do opieki medycznej w regionie wsparcia dla os\u00f3b przebywaj\u0105cych za granic\u0105, opracowane zostan\u0105 dwuj\u0119zyczne PL-DE strony WWW partner\u00f3w PP1 i PP2.<br \/>\nGrup\u0105 docelow\u0105 projektu s\u0105 mieszka\u0144cy woj. lubuskiego i powiat\u00f3w Oder-Spree oraz M\u00e4rkisch-Oderland, \u0142\u0105cznie ok. 1.400.000 ludzi. Bezpo\u015brednimi uczestnikami projektu b\u0119dzie 5000 pacjent\u00f3w onkologicznych, specjali\u015bci zaanga\u017cowani w prac\u0119 grup roboczych i wymiany do\u015bwiadcze\u0144 (30 specjalist\u00f3w), 30 przedstawicieli z 11 instytucji, 300 pacjent\u00f3w obj\u0119tych wsparciem psychologicznym a tak\u017ce min 100 uczestnik\u00f3w konferencji specjalistycznych.<\/p>\n<p><strong>Przyk\u0142ady dzia\u0142a\u0144 w projekcie:<\/strong><\/p>\n<ul>\n<li style=\"list-style-type: none;\">\n<ul>\n<li>Rejestracja istotnych dla analizy danych klinicznych 5000 nowych pacjent\u00f3w.<\/li>\n<li>Stworzenie informatycznego narz\u0119dzia umo\u017cliwiaj\u0105cego gromadzenie danych z wywiadu.<\/li>\n<li>12 spotka\u0144 dyskusyjnych dla 4 grup ekspert\u00f3w w dziedzinie onk. w celu wzmocnienia wsp\u00f3\u0142pracy instytucji na polu oceny jako\u015bci leczenia.<\/li>\n<li>Utworzenie rady naukowej zbudowanej z autorytet\u00f3w w dziedzinie onkologii, przedstawicieli: \u015brodowisk naukowych, samorz\u0105d\u00f3w oraz organizacji pozarz\u0105dowych w celu oceny prac grup roboczych.<\/li>\n<li>2 dwuj\u0119zyczne strony internetowe partner\u00f3w projektu umo\u017cliwiaj\u0105ce zmian\u0119 j\u0119zyka pomi\u0119dzy PL\/DE.<\/li>\n<li>Wdro\u017cenie programu wsparcia psychologicznego na podstawie wsp\u00f3lnie z partnerem wypracowanej koncepcji g\u0142\u00f3wnie na zasadzie adaptacji rozwi\u0105za\u0144 istniej\u0105cych w Niemczech.<\/li>\n<li>Stworzenie grupy dyskusyjnej wzajemnego wsparcia dla pacjent\u00f3w onkologicznych z regionu woj. Lubuskiego oraz Brandenburgii. Planowane jest zaproszenie min. 30 instytucji zwi\u0105zanych z leczeniem pacjent\u00f3w onkologicznych oraz co najmniej 50 zarejestrowanych u\u017cytkownik\u00f3w.<\/li>\n<li>Utworzenie oprogramowania do analizy danych klinicznych pacjent\u00f3w onkologicznych z regionu pogranicza pomo\u017ce w szybki spos\u00f3b zestawia\u0107 ze sob\u0105 wyniki leczenia r\u00f3\u017cnych grup pacjent\u00f3w oraz obliczenia dla nich wska\u017anik\u00f3w jako\u015bciowych.<\/li>\n<li>Organizacja 4 otwartych konferencji nt. polepszania jako\u015bci leczenia w obszarze przygranicznym.<\/li>\n<li>Opracowanie materia\u0142\u00f3w informacyjno-edukacyjnych.<\/li>\n<\/ul>\n<\/li>\n<\/ul>\n","protected":false},"excerpt":{"rendered":"<p>Opieka onkologiczna bez granic \u2013 wsp\u00f3\u0142praca instytucji, ekspert\u00f3w i administracji &nbsp; Partnerzy projektu: &#8211; Szpital Uniwersytecki im. Karola Marcinkowskiego w Zielonej G\u00f3rze Sp. z o.o. (BW) &#8211; Ost-Brandenburgisches Tumorenzentrum Bad Saarow (Wschodniobrandenburskie Centrum Leczenia Nowotwor\u00f3w Bad Saarow) Dofinansowanie (EFRR): 646.525,30 EUR Okres realizacji: 01.01.2020 \u2013 31.08.2022 Cel: G\u0142\u00f3wnym celem projektu jest zminimalizowanie wzgl. wyr\u00f3wnanie deficyt\u00f3w [&hellip;]<\/p>\n","protected":false},"author":140,"featured_media":0,"parent":0,"menu_order":0,"comment_status":"closed","ping_status":"closed","template":"","meta":{"site-sidebar-layout":"default","site-content-layout":"default","ast-site-content-layout":"","site-content-style":"default","site-sidebar-style":"default","ast-global-header-display":"","ast-banner-title-visibility":"","ast-main-header-display":"","ast-hfb-above-header-display":"","ast-hfb-below-header-display":"","ast-hfb-mobile-header-display":"","site-post-title":"","ast-breadcrumbs-content":"","ast-featured-img":"","footer-sml-layout":"","theme-transparent-header-meta":"default","adv-header-id-meta":"","stick-header-meta":"","header-above-stick-meta":"","header-main-stick-meta":"","header-below-stick-meta":"","astra-migrate-meta-layouts":"default","ast-page-background-enabled":"default","ast-page-background-meta":{"desktop":{"background-color":"","background-image":"","background-repeat":"repeat","background-position":"center center","background-size":"auto","background-attachment":"scroll","background-type":"","background-media":"","overlay-type":"","overlay-color":"","overlay-opacity":"","overlay-gradient":""},"tablet":{"background-color":"","background-image":"","background-repeat":"repeat","background-position":"center center","background-size":"auto","background-attachment":"scroll","background-type":"","background-media":"","overlay-type":"","overlay-color":"","overlay-opacity":"","overlay-gradient":""},"mobile":{"background-color":"","background-image":"","background-repeat":"repeat","background-position":"center center","background-size":"auto","background-attachment":"scroll","background-type":"","background-media":"","overlay-type":"","overlay-color":"","overlay-opacity":"","overlay-gradient":""}},"ast-content-background-meta":{"desktop":{"background-color":"var(--ast-global-color-5)","background-image":"","background-repeat":"repeat","background-position":"center center","background-size":"auto","background-attachment":"scroll","background-type":"","background-media":"","overlay-type":"","overlay-color":"","overlay-opacity":"","overlay-gradient":""},"tablet":{"background-color":"var(--ast-global-color-5)","background-image":"","background-repeat":"repeat","background-position":"center center","background-size":"auto","background-attachment":"scroll","background-type":"","background-media":"","overlay-type":"","overlay-color":"","overlay-opacity":"","overlay-gradient":""},"mobile":{"background-color":"var(--ast-global-color-5)","background-image":"","background-repeat":"repeat","background-position":"center center","background-size":"auto","background-attachment":"scroll","background-type":"","background-media":"","overlay-type":"","overlay-color":"","overlay-opacity":"","overlay-gradient":""}},"footnotes":""},"class_list":["post-14560","page","type-page","status-publish","hentry"],"_links":{"self":[{"href":"https:\/\/interregva-bb-pl.eu\/pl\/wp-json\/wp\/v2\/pages\/14560"}],"collection":[{"href":"https:\/\/interregva-bb-pl.eu\/pl\/wp-json\/wp\/v2\/pages"}],"about":[{"href":"https:\/\/interregva-bb-pl.eu\/pl\/wp-json\/wp\/v2\/types\/page"}],"author":[{"embeddable":true,"href":"https:\/\/interregva-bb-pl.eu\/pl\/wp-json\/wp\/v2\/users\/140"}],"replies":[{"embeddable":true,"href":"https:\/\/interregva-bb-pl.eu\/pl\/wp-json\/wp\/v2\/comments?post=14560"}],"version-history":[{"count":2,"href":"https:\/\/interregva-bb-pl.eu\/pl\/wp-json\/wp\/v2\/pages\/14560\/revisions"}],"predecessor-version":[{"id":16165,"href":"https:\/\/interregva-bb-pl.eu\/pl\/wp-json\/wp\/v2\/pages\/14560\/revisions\/16165"}],"wp:attachment":[{"href":"https:\/\/interregva-bb-pl.eu\/pl\/wp-json\/wp\/v2\/media?parent=14560"}],"curies":[{"name":"wp","href":"https:\/\/api.w.org\/{rel}","templated":true}]}}