{"id":14566,"date":"2021-03-02T04:23:39","date_gmt":"2021-03-02T11:23:39","guid":{"rendered":"https:\/\/interregva-bb-pl.eu\/?page_id=14566"},"modified":"2022-07-15T05:20:36","modified_gmt":"2022-07-15T12:20:36","slug":"85038477-2","status":"publish","type":"page","link":"https:\/\/interregva-bb-pl.eu\/pl\/85038477-2\/","title":{"rendered":"85038477"},"content":{"rendered":"<h3>Integracja mieszka\u0144c\u00f3w poprzez transgraniczn\u0105 polsko-niemieck\u0105 edukacj\u0119 ekologiczn\u0105 w Szprotawie i Sprembergu<\/h3>\n<p>&nbsp;<\/p>\n<p><strong><img loading=\"lazy\" decoding=\"async\" class=\"details-image alignleft\" draggable=\"false\" src=\"https:\/\/interregva-bb-pl.eu\/wp-content\/uploads\/2020\/11\/85038477_Website-Gesamtbild-711x1024.jpg\" alt=\"\" width=\"354\" height=\"509\" \/>Partnerzy projektu:<\/strong><br \/>\n&#8211; Gmina Szprotawa (BW)<br \/>\n&#8211; Albert-Schweitzer-Familienwerk Brandenburg e.V. (stow. rej.)<\/p>\n<p><strong>Dofinansowanie (EFRR): <\/strong>213.541,58 EUR<\/p>\n<p><strong>Okres realizacji: <\/strong>01.03.2020 \u2013 31.08.2022<\/p>\n<p><strong>Cel: <\/strong><br \/>\nCelem g\u0142\u00f3wnym projektu jest wykorzystanie potencja\u0142u wieloletniej transgranicznej wsp\u00f3\u0142pracy pomi\u0119dzy partnerami projektu na rzecz intensyfikacji dzia\u0142a\u0144 z zakresu wzmocnienia transgranicznej integracji mieszka\u0144c\u00f3w oraz wsp\u00f3\u0142pracy lokalnych instytucji, szk\u00f3\u0142 i mieszka\u0144c\u00f3w poprzez innowacyjne dzia\u0142anie jakim jest wsp\u00f3lna edukacja ekologiczna w\u015br\u00f3d polskich i niemieckich uczni\u00f3w szk\u00f3\u0142 podstawowych. Poprzez dzia\u0142ania zwi\u0105zane z edukacj\u0105 ekologiczn\u0105 uczniowie nawi\u0105\u017c\u0105 nowe kontakty i zyskaj\u0105 mo\u017cliwo\u015b\u0107 praktycznej nauki j\u0119zyka s\u0105siada. Grupa docelowa projektu obejmuje kilkaset os\u00f3b: uczni\u00f3w, nauczycieli i cz\u0142onk\u00f3w organizacji pozarz\u0105dowych z Polski i Niemiec, klubu m\u0142odzie\u017cowego ze Sprembergu, pracownik\u00f3w obu partner\u00f3w projektu oraz ch\u0119tnych do wsp\u00f3\u0142pracy mieszka\u0144c\u00f3w gminy Szprotawa.<\/p>\n<p><strong>Przyk\u0142ady dzia\u0142a\u0144 w projekcie:<\/strong><\/p>\n<ul>\n<li>Stworzenie infrastruktury edukacyjnej: w Szprotawie powstaje ekologiczna \u015bcie\u017cka edukacyjna, poddana renowacji i doposa\u017cona zostanie salka lekcyjna, w Sprembergu i Szprotawie powstan\u0105 wiaty do zaj\u0119\u0107 na wolnym powietrzu.<\/li>\n<li>Wsp\u00f3lne zaj\u0119cia z ekologii dla dzieci i m\u0142odzie\u017cy.<\/li>\n<li>Warsztaty i wyjazdy edukacyjne do s\u0105siad\u00f3w.<\/li>\n<\/ul>\n","protected":false},"excerpt":{"rendered":"<p>Integracja mieszka\u0144c\u00f3w poprzez transgraniczn\u0105 polsko-niemieck\u0105 edukacj\u0119 ekologiczn\u0105 w Szprotawie i Sprembergu &nbsp; Partnerzy projektu: &#8211; Gmina Szprotawa (BW) &#8211; Albert-Schweitzer-Familienwerk Brandenburg e.V. (stow. rej.) Dofinansowanie (EFRR): 213.541,58 EUR Okres realizacji: 01.03.2020 \u2013 31.08.2022 Cel: Celem g\u0142\u00f3wnym projektu jest wykorzystanie potencja\u0142u wieloletniej transgranicznej wsp\u00f3\u0142pracy pomi\u0119dzy partnerami projektu na rzecz intensyfikacji dzia\u0142a\u0144 z zakresu wzmocnienia transgranicznej integracji [&hellip;]<\/p>\n","protected":false},"author":140,"featured_media":0,"parent":0,"menu_order":0,"comment_status":"closed","ping_status":"closed","template":"","meta":{"site-sidebar-layout":"default","site-content-layout":"default","ast-site-content-layout":"","site-content-style":"default","site-sidebar-style":"default","ast-global-header-display":"","ast-banner-title-visibility":"","ast-main-header-display":"","ast-hfb-above-header-display":"","ast-hfb-below-header-display":"","ast-hfb-mobile-header-display":"","site-post-title":"","ast-breadcrumbs-content":"","ast-featured-img":"","footer-sml-layout":"","theme-transparent-header-meta":"default","adv-header-id-meta":"","stick-header-meta":"","header-above-stick-meta":"","header-main-stick-meta":"","header-below-stick-meta":"","astra-migrate-meta-layouts":"default","ast-page-background-enabled":"default","ast-page-background-meta":{"desktop":{"background-color":"","background-image":"","background-repeat":"repeat","background-position":"center center","background-size":"auto","background-attachment":"scroll","background-type":"","background-media":"","overlay-type":"","overlay-color":"","overlay-opacity":"","overlay-gradient":""},"tablet":{"background-color":"","background-image":"","background-repeat":"repeat","background-position":"center center","background-size":"auto","background-attachment":"scroll","background-type":"","background-media":"","overlay-type":"","overlay-color":"","overlay-opacity":"","overlay-gradient":""},"mobile":{"background-color":"","background-image":"","background-repeat":"repeat","background-position":"center center","background-size":"auto","background-attachment":"scroll","background-type":"","background-media":"","overlay-type":"","overlay-color":"","overlay-opacity":"","overlay-gradient":""}},"ast-content-background-meta":{"desktop":{"background-color":"var(--ast-global-color-5)","background-image":"","background-repeat":"repeat","background-position":"center center","background-size":"auto","background-attachment":"scroll","background-type":"","background-media":"","overlay-type":"","overlay-color":"","overlay-opacity":"","overlay-gradient":""},"tablet":{"background-color":"var(--ast-global-color-5)","background-image":"","background-repeat":"repeat","background-position":"center center","background-size":"auto","background-attachment":"scroll","background-type":"","background-media":"","overlay-type":"","overlay-color":"","overlay-opacity":"","overlay-gradient":""},"mobile":{"background-color":"var(--ast-global-color-5)","background-image":"","background-repeat":"repeat","background-position":"center center","background-size":"auto","background-attachment":"scroll","background-type":"","background-media":"","overlay-type":"","overlay-color":"","overlay-opacity":"","overlay-gradient":""}},"footnotes":""},"class_list":["post-14566","page","type-page","status-publish","hentry"],"_links":{"self":[{"href":"https:\/\/interregva-bb-pl.eu\/pl\/wp-json\/wp\/v2\/pages\/14566"}],"collection":[{"href":"https:\/\/interregva-bb-pl.eu\/pl\/wp-json\/wp\/v2\/pages"}],"about":[{"href":"https:\/\/interregva-bb-pl.eu\/pl\/wp-json\/wp\/v2\/types\/page"}],"author":[{"embeddable":true,"href":"https:\/\/interregva-bb-pl.eu\/pl\/wp-json\/wp\/v2\/users\/140"}],"replies":[{"embeddable":true,"href":"https:\/\/interregva-bb-pl.eu\/pl\/wp-json\/wp\/v2\/comments?post=14566"}],"version-history":[{"count":2,"href":"https:\/\/interregva-bb-pl.eu\/pl\/wp-json\/wp\/v2\/pages\/14566\/revisions"}],"predecessor-version":[{"id":17052,"href":"https:\/\/interregva-bb-pl.eu\/pl\/wp-json\/wp\/v2\/pages\/14566\/revisions\/17052"}],"wp:attachment":[{"href":"https:\/\/interregva-bb-pl.eu\/pl\/wp-json\/wp\/v2\/media?parent=14566"}],"curies":[{"name":"wp","href":"https:\/\/api.w.org\/{rel}","templated":true}]}}