{"id":14579,"date":"2021-03-02T07:32:56","date_gmt":"2021-03-02T14:32:56","guid":{"rendered":"https:\/\/interregva-bb-pl.eu\/?page_id=14579"},"modified":"2023-01-16T03:37:46","modified_gmt":"2023-01-16T10:37:46","slug":"85038889-2","status":"publish","type":"page","link":"https:\/\/interregva-bb-pl.eu\/pl\/85038889-2\/","title":{"rendered":"85038889"},"content":{"rendered":"<h3>\u015awiatowy Geopark UNESCO \u0141uk Mu\u017cakowa szans\u0105 na rozw\u00f3j regionu<\/h3>\n<p>&nbsp;<\/p>\n<p><strong><img loading=\"lazy\" decoding=\"async\" class=\"details-image alignleft\" draggable=\"false\" src=\"https:\/\/interregva-bb-pl.eu\/wp-content\/uploads\/2020\/11\/85038889_Website-Gesamtbild-606x1024.jpg\" alt=\"\" width=\"393\" height=\"664\" \/>Projektpartner \/ Partnerzy projektu:<\/strong><br \/>\n&#8211; Gmina o statusie miejskim \u017bary (BW)<br \/>\n&#8211; Gmina Brody<br \/>\n&#8211; Gmina \u0141\u0119knica<br \/>\n&#8211; Gmina Przew\u00f3z<br \/>\n&#8211; Gmina Trzebiel<br \/>\n&#8211; F\u00f6rderverein Geopark Muskauer Faltenbogen e. V. (Stowarzyszenie Wsparcia Geoparku \u0141uk Mu\u017cakowa stow. rej.)<br \/>\n&#8211; Ziegeleibahnverein Klein K\u00f6lzig e. V (Stowarzyszenie Kolejki Cegielnianej Klein K\u00f6lzig stow. rej.)<\/p>\n<p><strong>Dofinansowanie (EFRR): <\/strong>324.276,73 EUR<\/p>\n<p><strong>Okres realizacji: <\/strong>01.01.2020 \u2013 31.03.2023<\/p>\n<p><strong>Cel: <\/strong><br \/>\nCelem projektu jest wzmocnienie wsp\u00f3\u0142pracy wszystkich samorz\u0105d\u00f3w oraz instytucji le\u017c\u0105cych na obszarze \u0141uku Mu\u017cakowa oraz opodal na dalszej cz\u0119\u015bci tej samej moreny polodowcowej dla lepszej, szeroko zakrojonej promocji\u00a0 i przyci\u0105gni\u0119cia do regionu wi\u0119kszej liczby turyst\u00f3w. Mimo up\u0142ywu kilku lat od daty otrzymania przez GEOPARK \u0141uk Mu\u017cakowa praw \u015awiatowego Geoparku UNESCO Wci\u0105\u017c odwiedza go stosunkowo niewielu turyst\u00f3w &#8211; szczeg\u00f3lnie po stronie polskiej. Dlatego te\u017c najwi\u0119ksze \u015brodki na promocj\u0119 zewn\u0119trzn\u0105 kierowane b\u0119d\u0105 na promocj\u0119 w du\u017cych miastach polskich najbli\u017cej po\u0142o\u017conych tj. Poznaniu i Wroc\u0142awiu oraz na \u015al\u0105sku. Planowana kampania poprzedzona b\u0119dzie przygotowaniem przez poszczeg\u00f3lnych partner\u00f3w imprez, atrakcji dla odwiedzaj\u0105cych. Ca\u0142o\u015b\u0107 atrakcji, terminy i opis imprez maj\u0105 by\u0107 dost\u0119pne w dw\u00f3ch j\u0119zykach na stronie www\u00a0 Geoparku.<br \/>\nPartnerzy projektu chc\u0105 skoordynowa\u0107 dzia\u0142ania, wzajemnie si\u0119 informuj\u0105c i tworzy\u0107 wi\u0119ksz\u0105 ofert\u0119 skierowan\u0105 do turyst\u00f3w i mieszka\u0144c\u00f3w pogranicza. Wzajemnemu informowaniu o wszystkich atrakcjach s\u0142u\u017cy\u0107 ma tak\u017ce aplikacja na telefon. Integracji uczestnik\u00f3w projektu i innzch os\u00f3b pos\u0142u\u017c\u0105 nowe zaplanowane imprezy jak np. bieg sztafetowy \u201eOd Wie\u017cy do Wie\u017cy\u201d\u00a0 czy tez Cross rowerowy. W atrakcjach tych b\u0119d\u0105 mogli wzi\u0105\u0107 udzia\u0142 tak\u017ce tury\u015bci z poza obszaru moreny.<br \/>\nProjekt przewiduje r\u00f3wnie\u017c wsp\u00f3\u0142prac\u0119 naukow\u0105: w jego ramach opracowana zostanie analiza potencja\u0142u obszaru Geoparku i Zielonego Lasu, kt\u00f3ra wyka\u017ce nowe mo\u017cliwo\u015bci rozwoju w zakresie przysz\u0142ego poszerzenia Geoparku i otrzymania przez niego statusu UNESCO Global Geopark.<\/p>\n<p><strong>Przyk\u0142ady dzia\u0142a\u0144 w projekcie:<\/strong><\/p>\n<ul>\n<li>Za\u0142o\u017cenie nowej tr\u00f3jj\u0119zycznej strony internetowej Geoparku.<\/li>\n<li>Opracowanie mobilnej aplikacji dla go\u015bci.<\/li>\n<li>Reklama\u00a0 na autobusach i tramwajach we Wroc\u0142awiu i Poznaniu.<\/li>\n<li>Filmik promocyjny w TVP3.<\/li>\n<li>Wydanie mapy geologiczno\u2013turystycznej, przewodnika, folder\u00f3w, album\u00f3w i ulotek.<\/li>\n<li>Zorganizowanie Mi\u0119dzynarodowego Obozu w \u015awiatowym Geoparku UNESCO \u0141uk Mu\u017cakowa &#8211; tygodniowej\u00a0 imprezy dla m\u0142odzie\u017cy z r\u00f3\u017cnych \u015awiatowych Geopark\u00f3w UNESCO.<\/li>\n<li>Organizacja i przeprowadzenie warsztat\u00f3w po\u015bwi\u0119conych nauce piel\u0119gnacji ro\u015blinno\u015bci.<\/li>\n<li>Przeprowadzenie szkole\u0144 na temat roli samorz\u0105d\u00f3w terytorialnych, stowarzysze\u0144 i innych podmiot\u00f3w w przysz\u0142ym Europejskim Ugrupowaniu Wsp\u00f3\u0142pracy Terytorialnej (EUWT) oraz \u015awiatowym Geoparku UNESCO \u0141uk Mu\u017cakowa.<\/li>\n<li>Zorganizowanie konferencji na temat g\u00f3rnictwa i kolei polowej na \u0141uku Mu\u017cakowa.<\/li>\n<li>Liczne imprezy i eventy na wolnym powietrzu.<\/li>\n<\/ul>\n","protected":false},"excerpt":{"rendered":"<p>\u015awiatowy Geopark UNESCO \u0141uk Mu\u017cakowa szans\u0105 na rozw\u00f3j regionu &nbsp; Projektpartner \/ Partnerzy projektu: &#8211; Gmina o statusie miejskim \u017bary (BW) &#8211; Gmina Brody &#8211; Gmina \u0141\u0119knica &#8211; Gmina Przew\u00f3z &#8211; Gmina Trzebiel &#8211; F\u00f6rderverein Geopark Muskauer Faltenbogen e. V. (Stowarzyszenie Wsparcia Geoparku \u0141uk Mu\u017cakowa stow. rej.) &#8211; Ziegeleibahnverein Klein K\u00f6lzig e. V (Stowarzyszenie Kolejki [&hellip;]<\/p>\n","protected":false},"author":140,"featured_media":0,"parent":0,"menu_order":0,"comment_status":"closed","ping_status":"closed","template":"","meta":{"site-sidebar-layout":"default","site-content-layout":"default","ast-site-content-layout":"","site-content-style":"default","site-sidebar-style":"default","ast-global-header-display":"","ast-banner-title-visibility":"","ast-main-header-display":"","ast-hfb-above-header-display":"","ast-hfb-below-header-display":"","ast-hfb-mobile-header-display":"","site-post-title":"","ast-breadcrumbs-content":"","ast-featured-img":"","footer-sml-layout":"","theme-transparent-header-meta":"default","adv-header-id-meta":"","stick-header-meta":"","header-above-stick-meta":"","header-main-stick-meta":"","header-below-stick-meta":"","astra-migrate-meta-layouts":"default","ast-page-background-enabled":"default","ast-page-background-meta":{"desktop":{"background-color":"","background-image":"","background-repeat":"repeat","background-position":"center center","background-size":"auto","background-attachment":"scroll","background-type":"","background-media":"","overlay-type":"","overlay-color":"","overlay-opacity":"","overlay-gradient":""},"tablet":{"background-color":"","background-image":"","background-repeat":"repeat","background-position":"center center","background-size":"auto","background-attachment":"scroll","background-type":"","background-media":"","overlay-type":"","overlay-color":"","overlay-opacity":"","overlay-gradient":""},"mobile":{"background-color":"","background-image":"","background-repeat":"repeat","background-position":"center center","background-size":"auto","background-attachment":"scroll","background-type":"","background-media":"","overlay-type":"","overlay-color":"","overlay-opacity":"","overlay-gradient":""}},"ast-content-background-meta":{"desktop":{"background-color":"var(--ast-global-color-5)","background-image":"","background-repeat":"repeat","background-position":"center center","background-size":"auto","background-attachment":"scroll","background-type":"","background-media":"","overlay-type":"","overlay-color":"","overlay-opacity":"","overlay-gradient":""},"tablet":{"background-color":"var(--ast-global-color-5)","background-image":"","background-repeat":"repeat","background-position":"center center","background-size":"auto","background-attachment":"scroll","background-type":"","background-media":"","overlay-type":"","overlay-color":"","overlay-opacity":"","overlay-gradient":""},"mobile":{"background-color":"var(--ast-global-color-5)","background-image":"","background-repeat":"repeat","background-position":"center center","background-size":"auto","background-attachment":"scroll","background-type":"","background-media":"","overlay-type":"","overlay-color":"","overlay-opacity":"","overlay-gradient":""}},"footnotes":""},"class_list":["post-14579","page","type-page","status-publish","hentry"],"_links":{"self":[{"href":"https:\/\/interregva-bb-pl.eu\/pl\/wp-json\/wp\/v2\/pages\/14579"}],"collection":[{"href":"https:\/\/interregva-bb-pl.eu\/pl\/wp-json\/wp\/v2\/pages"}],"about":[{"href":"https:\/\/interregva-bb-pl.eu\/pl\/wp-json\/wp\/v2\/types\/page"}],"author":[{"embeddable":true,"href":"https:\/\/interregva-bb-pl.eu\/pl\/wp-json\/wp\/v2\/users\/140"}],"replies":[{"embeddable":true,"href":"https:\/\/interregva-bb-pl.eu\/pl\/wp-json\/wp\/v2\/comments?post=14579"}],"version-history":[{"count":3,"href":"https:\/\/interregva-bb-pl.eu\/pl\/wp-json\/wp\/v2\/pages\/14579\/revisions"}],"predecessor-version":[{"id":17523,"href":"https:\/\/interregva-bb-pl.eu\/pl\/wp-json\/wp\/v2\/pages\/14579\/revisions\/17523"}],"wp:attachment":[{"href":"https:\/\/interregva-bb-pl.eu\/pl\/wp-json\/wp\/v2\/media?parent=14579"}],"curies":[{"name":"wp","href":"https:\/\/api.w.org\/{rel}","templated":true}]}}