{"id":14585,"date":"2021-03-02T07:42:59","date_gmt":"2021-03-02T14:42:59","guid":{"rendered":"https:\/\/interregva-bb-pl.eu\/?page_id=14585"},"modified":"2023-01-02T02:24:40","modified_gmt":"2023-01-02T09:24:40","slug":"85029139-2","status":"publish","type":"page","link":"https:\/\/interregva-bb-pl.eu\/pl\/85029139-2\/","title":{"rendered":"85029139"},"content":{"rendered":"<h3>Trwa\u0142e wzmocnienie i nowe ukierunkowanie Europejskiego Zwi\u0105zku Park\u00f3w \u0141u\u017cyckich 2021<strong>\u00a0<\/strong><\/h3>\n<p>&nbsp;<\/p>\n<p><img decoding=\"async\" class=\"details-image\" draggable=\"false\" src=\"https:\/\/interregva-bb-pl.eu\/wp-content\/uploads\/2020\/11\/85029139_Gesamtfoto.jpg\" alt=\"\" \/><\/p>\n<p><strong>Partnerzy projektu:<\/strong><br \/>\n&#8211; Stadt (Miasto) Cottbus (BW)<br \/>\n&#8211; Stadt (Miasto) Forst (Lausitz)<br \/>\n&#8211; Miasto Zielona G\u00f3ra<br \/>\n&#8211; Stiftung &#8220;F\u00fcrst-P\u00fcckler-Park Bad Muskau&#8221; (Fundacja Park Ksi\u0119cia P\u00fccklera Bad Muskau)<br \/>\n&#8211; Gemeinde (Gmina) Altd\u00f6bern<br \/>\n&#8211; Gemeinde (Gmina) Gablenz<br \/>\n&#8211; Gemeinde (Gmina) Neschwitz<br \/>\n&#8211; Gmina o statusie miejskim \u017baga\u0144<\/p>\n<p><strong>Dofinansowanie (EFRR): <\/strong>728.924,57 EUR<\/p>\n<p><strong>Okres realizacji: <\/strong>1.06.2019 \u2013 31.03.2023<\/p>\n<p><strong>Cel:<\/strong><br \/>\nG\u0142\u00f3wnym celem projektu jest intensyfikacja i pog\u0142\u0119bienie wsp\u00f3\u0142pracy transgranicznej pomi\u0119dzy samorz\u0105dami i administracjami park\u00f3w w poszerzonym EZP\u0141, trwa\u0142e rozpropagowanie dzia\u0142a\u0144 konserwatorskich w\u015br\u00f3d mieszka\u0144c\u00f3w obszaru wsparcia, zintensyfikowanie wsp\u00f3\u0142pracy sieciowej administracji park\u00f3w, aktywna partycypacja grup i podmiot\u00f3w spo\u0142ecze\u0144stwa obywatelskiego mieszka\u0144c\u00f3w w zachowaniu, konserwacji i zgodnym z wymogami konserwatorskimi wykorzystaniu obiekt\u00f3w parkowych.<br \/>\nWa\u017cnymi wynikami projektu b\u0119d\u0105 wymiana i partnerstwa wolontariuszy, m.in. dzi\u0119ki pol.-niem. seminariom parkowym, Szkole Letniej dla m\u0142odych specjalist\u00f3w, warsztat\u00f3w z udzia\u0142em zawodowych i spo\u0142ecznych konserwator\u00f3w zabytk\u00f3w, transgraniczne powi\u0105zania ze sk\u0142adnikami dziedzictwa kult., wsp\u00f3lne lata tematyczne dla r\u00f3\u017cnych grup spo\u0142ecze\u0144stwa na obszarze wsparcia. Dyskusje poprzedzaj\u0105ce poszerzenie Zwi\u0105zku wykaza\u0142y potencja\u0142 r\u00f3\u017cnorodnych temat\u00f3w w kontek\u015bcie wsp\u00f3lnej historii kult. miast i gmin oraz park\u00f3w, znacz\u0105cych postaci i wydarze\u0144 hist. Wykorzystanie nowych medi\u00f3w, pol.-niem. wolontariatu, wymiany specjalist\u00f3w i do\u015bwiadcze\u0144 oraz instytucjonalna stabilizacja dzi\u0119ki koordynacji dzia\u0142a\u0144 specjalistycznych b\u0119d\u0105 centralnymi tematami podczas realizacji projektu.<\/p>\n<p><strong>Przyk\u0142adowe dzia\u0142ania w projekcie:<\/strong><\/p>\n<ul>\n<li>Opracowanie koncepcji wolontariatu (opinia prawna).<\/li>\n<li>Realizacja wsp\u00f3lnej strategii komunikacji (komunikaty prasowe, redakcja strony intern., media spo\u0142eczno\u015bciowe, biuletyny, ulotki, publikacje, kalendarz wydarze\u0144, p\u0142yta CD z muzyk\u0105).<\/li>\n<li>Modelowe opracowanie nowych terenowych gier parkowych.<\/li>\n<li>Konferencja popularno-naukowa nt. \u201eKrajobraz kulturowy i jego ochrona\u201d.<\/li>\n<li>Szko\u0142a letnia we wsp\u00f3\u0142pracy z uczelniami w Dre\u017anie i Wroc\u0142awiu.<\/li>\n<li>Sympozja: ochrona i wspieranie dziedzictwa kulturowego.<\/li>\n<li>Seminaria: piel\u0119gnacja park\u00f3w, wymiana personelu.<\/li>\n<li>Warsztaty: koncepcja i modelowa realizacja szlaku tematycznego.<\/li>\n<\/ul>\n","protected":false},"excerpt":{"rendered":"<p>Trwa\u0142e wzmocnienie i nowe ukierunkowanie Europejskiego Zwi\u0105zku Park\u00f3w \u0141u\u017cyckich 2021\u00a0 &nbsp; Partnerzy projektu: &#8211; Stadt (Miasto) Cottbus (BW) &#8211; Stadt (Miasto) Forst (Lausitz) &#8211; Miasto Zielona G\u00f3ra &#8211; Stiftung &#8220;F\u00fcrst-P\u00fcckler-Park Bad Muskau&#8221; (Fundacja Park Ksi\u0119cia P\u00fccklera Bad Muskau) &#8211; Gemeinde (Gmina) Altd\u00f6bern &#8211; Gemeinde (Gmina) Gablenz &#8211; Gemeinde (Gmina) Neschwitz &#8211; Gmina o statusie miejskim [&hellip;]<\/p>\n","protected":false},"author":140,"featured_media":0,"parent":0,"menu_order":0,"comment_status":"closed","ping_status":"closed","template":"","meta":{"site-sidebar-layout":"default","site-content-layout":"default","ast-site-content-layout":"","site-content-style":"default","site-sidebar-style":"default","ast-global-header-display":"","ast-banner-title-visibility":"","ast-main-header-display":"","ast-hfb-above-header-display":"","ast-hfb-below-header-display":"","ast-hfb-mobile-header-display":"","site-post-title":"","ast-breadcrumbs-content":"","ast-featured-img":"","footer-sml-layout":"","theme-transparent-header-meta":"default","adv-header-id-meta":"","stick-header-meta":"","header-above-stick-meta":"","header-main-stick-meta":"","header-below-stick-meta":"","astra-migrate-meta-layouts":"default","ast-page-background-enabled":"default","ast-page-background-meta":{"desktop":{"background-color":"","background-image":"","background-repeat":"repeat","background-position":"center center","background-size":"auto","background-attachment":"scroll","background-type":"","background-media":"","overlay-type":"","overlay-color":"","overlay-opacity":"","overlay-gradient":""},"tablet":{"background-color":"","background-image":"","background-repeat":"repeat","background-position":"center center","background-size":"auto","background-attachment":"scroll","background-type":"","background-media":"","overlay-type":"","overlay-color":"","overlay-opacity":"","overlay-gradient":""},"mobile":{"background-color":"","background-image":"","background-repeat":"repeat","background-position":"center center","background-size":"auto","background-attachment":"scroll","background-type":"","background-media":"","overlay-type":"","overlay-color":"","overlay-opacity":"","overlay-gradient":""}},"ast-content-background-meta":{"desktop":{"background-color":"var(--ast-global-color-5)","background-image":"","background-repeat":"repeat","background-position":"center center","background-size":"auto","background-attachment":"scroll","background-type":"","background-media":"","overlay-type":"","overlay-color":"","overlay-opacity":"","overlay-gradient":""},"tablet":{"background-color":"var(--ast-global-color-5)","background-image":"","background-repeat":"repeat","background-position":"center center","background-size":"auto","background-attachment":"scroll","background-type":"","background-media":"","overlay-type":"","overlay-color":"","overlay-opacity":"","overlay-gradient":""},"mobile":{"background-color":"var(--ast-global-color-5)","background-image":"","background-repeat":"repeat","background-position":"center center","background-size":"auto","background-attachment":"scroll","background-type":"","background-media":"","overlay-type":"","overlay-color":"","overlay-opacity":"","overlay-gradient":""}},"footnotes":""},"class_list":["post-14585","page","type-page","status-publish","hentry"],"_links":{"self":[{"href":"https:\/\/interregva-bb-pl.eu\/pl\/wp-json\/wp\/v2\/pages\/14585"}],"collection":[{"href":"https:\/\/interregva-bb-pl.eu\/pl\/wp-json\/wp\/v2\/pages"}],"about":[{"href":"https:\/\/interregva-bb-pl.eu\/pl\/wp-json\/wp\/v2\/types\/page"}],"author":[{"embeddable":true,"href":"https:\/\/interregva-bb-pl.eu\/pl\/wp-json\/wp\/v2\/users\/140"}],"replies":[{"embeddable":true,"href":"https:\/\/interregva-bb-pl.eu\/pl\/wp-json\/wp\/v2\/comments?post=14585"}],"version-history":[{"count":3,"href":"https:\/\/interregva-bb-pl.eu\/pl\/wp-json\/wp\/v2\/pages\/14585\/revisions"}],"predecessor-version":[{"id":17483,"href":"https:\/\/interregva-bb-pl.eu\/pl\/wp-json\/wp\/v2\/pages\/14585\/revisions\/17483"}],"wp:attachment":[{"href":"https:\/\/interregva-bb-pl.eu\/pl\/wp-json\/wp\/v2\/media?parent=14585"}],"curies":[{"name":"wp","href":"https:\/\/api.w.org\/{rel}","templated":true}]}}