{"id":14591,"date":"2021-03-02T07:50:21","date_gmt":"2021-03-02T14:50:21","guid":{"rendered":"https:\/\/interregva-bb-pl.eu\/?page_id=14591"},"modified":"2024-02-08T03:43:05","modified_gmt":"2024-02-08T10:43:05","slug":"85038043-2","status":"publish","type":"page","link":"https:\/\/interregva-bb-pl.eu\/pl\/85038043-2\/","title":{"rendered":"85038043"},"content":{"rendered":"<h3>SpaceRegion: Transgraniczna Integracja Sektora Kosmicznego<\/h3>\n<p>&nbsp;<\/p>\n<p><strong><img loading=\"lazy\" decoding=\"async\" class=\"details-image alignleft\" draggable=\"false\" src=\"https:\/\/interregva-bb-pl.eu\/wp-content\/uploads\/2020\/11\/85038043_Gesamtbild-514x1024.jpg\" alt=\"\" width=\"340\" height=\"677\" \/>Partnerzy projektu:<\/strong><br \/>\n&#8211; CBK \u2013 Centrum Bada\u0144 Kosmicznych PAN (BW)<br \/>\n&#8211; IHP Leibnitz -Institut \/ IHP Instytut Leibnitza Innowacyjnej Mikroelektorniki<\/p>\n<p><strong>Dofinansowanie (EFRR): <\/strong>856.208,22 EUR<\/p>\n<p><strong>Okres realizacji: <\/strong>01.07.2020 \u2013 31.12.2022<\/p>\n<p><strong>Cel: <\/strong><br \/>\nStworzenie podstaw do d\u0142ugoterminowego rozwoju sektora kosmicznego w lubusko-brandenburskim obszarze transgranicznym. Projekt zak\u0142ada wsp\u00f3\u0142prac\u0119 instytucji naukowych, akademickich, przedsi\u0119biorstw i administracji po obu stronach granicy, w celu stworzenia sieciowego centrum kompetencji w dziedzinie technologii kosmicznych i technik satelitarnych. Przewiduje te\u017c budzenie w spo\u0142ecze\u0144stwach lokalnych \u015bwiadomo\u015bci tego, jak te technologie i techniki s\u0105 wykorzystywane w \u017cyciu codziennym.<br \/>\nBezpo\u015brednia grupa docelowa projektu to:<\/p>\n<ul>\n<li>Pracownicy naukowi (15 os\u00f3b) i studenci (60 os\u00f3b) Uniwersytetu w Zielonej G\u00f3rze i Politechniki w Cottbus-Senftenberg (BTU)<\/li>\n<li>Przedsi\u0119biorstwa: Hertz Systems i SpaceCase (obecnie poza obszarem wsparcia, w trakcie projektu zostanie zarejestrowane w Zielonej G\u00f3rze), ze strony polskiej, i Silicon Radar GmbH oraz Arquimea Deutschland GmbH, ze strony niemieckiej,<\/li>\n<li>Administracja regionalna (np. Urz\u0105d Marsza\u0142kowski, lokalna administracja) w\u0142\u0105czona do sieci informacyjnej projektu i obj\u0119ta opcjonalnymi szkoleniami dotycz\u0105cymi zastosowa\u0144 technik satelitarnych w zarz\u0105dzaniu regionem (10 os\u00f3b),<\/li>\n<li>Wybrane klasy szk\u00f3\u0142 \u015brednich, og\u00f3lnokszta\u0142c\u0105cych o profilu matematyczno-fizycznym i technik\u00f3w elektronicznych (4 klasy),<\/li>\n<li>Obywatele, kt\u00f3rzy b\u0119d\u0105 informowani o projekcie i, szerzej, o technologiach kosmicznych za po\u015brednictwem medi\u00f3w, serwis\u00f3w \u015brodowiskowych i dedykowanych imprez (Dni Otwarte, Festiwal Nauki, prelekcje w Planetarium); informacje b\u0119d\u0105 uaktualniane w cyklu miesi\u0119cznym.<\/li>\n<\/ul>\n<p><strong>Przyk\u0142ady dzia\u0142a\u0144 w projekcie:<\/strong><\/p>\n<ul>\n<li>Budowa prototypu Kontrolera Manipulatora Satelitarnego oraz przygotowanie oprogramowania niezb\u0119dnego do dzia\u0142ania kontrolera.<\/li>\n<li>Kontakty z przedstawicielami uczelni i przemys\u0142u, powo\u0142anie Przedstawicielstwa Sieci, organizacja wsp\u00f3\u0142pracy pomi\u0119dzy partnerami a uczelniami.<\/li>\n<li>Wsp\u00f3\u0142praca ze szko\u0142ami w Polsce i w Niemczech &#8211; przeprowadzenie cyklu lekcji i konkursu.<\/li>\n<li>Przeprowadzenie cyklu konsultacji i szkole\u0144 dla polskiej i niemieckiej administracji.<\/li>\n<li>Przygotowanie planu promocji, materia\u0142\u00f3w i ekspozycji, udzia\u0142 w wydarzeniach.<\/li>\n<\/ul>\n","protected":false},"excerpt":{"rendered":"<p>SpaceRegion: Transgraniczna Integracja Sektora Kosmicznego &nbsp; Partnerzy projektu: &#8211; CBK \u2013 Centrum Bada\u0144 Kosmicznych PAN (BW) &#8211; IHP Leibnitz -Institut \/ IHP Instytut Leibnitza Innowacyjnej Mikroelektorniki Dofinansowanie (EFRR): 856.208,22 EUR Okres realizacji: 01.07.2020 \u2013 31.12.2022 Cel: Stworzenie podstaw do d\u0142ugoterminowego rozwoju sektora kosmicznego w lubusko-brandenburskim obszarze transgranicznym. Projekt zak\u0142ada wsp\u00f3\u0142prac\u0119 instytucji naukowych, akademickich, przedsi\u0119biorstw i [&hellip;]<\/p>\n","protected":false},"author":140,"featured_media":0,"parent":0,"menu_order":0,"comment_status":"closed","ping_status":"closed","template":"","meta":{"site-sidebar-layout":"default","site-content-layout":"default","ast-site-content-layout":"default","site-content-style":"default","site-sidebar-style":"default","ast-global-header-display":"","ast-banner-title-visibility":"","ast-main-header-display":"","ast-hfb-above-header-display":"","ast-hfb-below-header-display":"","ast-hfb-mobile-header-display":"","site-post-title":"","ast-breadcrumbs-content":"","ast-featured-img":"","footer-sml-layout":"","theme-transparent-header-meta":"default","adv-header-id-meta":"","stick-header-meta":"","header-above-stick-meta":"","header-main-stick-meta":"","header-below-stick-meta":"","astra-migrate-meta-layouts":"set","ast-page-background-enabled":"default","ast-page-background-meta":{"desktop":{"background-color":"","background-image":"","background-repeat":"repeat","background-position":"center center","background-size":"auto","background-attachment":"scroll","background-type":"","background-media":"","overlay-type":"","overlay-color":"","overlay-opacity":"","overlay-gradient":""},"tablet":{"background-color":"","background-image":"","background-repeat":"repeat","background-position":"center center","background-size":"auto","background-attachment":"scroll","background-type":"","background-media":"","overlay-type":"","overlay-color":"","overlay-opacity":"","overlay-gradient":""},"mobile":{"background-color":"","background-image":"","background-repeat":"repeat","background-position":"center center","background-size":"auto","background-attachment":"scroll","background-type":"","background-media":"","overlay-type":"","overlay-color":"","overlay-opacity":"","overlay-gradient":""}},"ast-content-background-meta":{"desktop":{"background-color":"var(--ast-global-color-5)","background-image":"","background-repeat":"repeat","background-position":"center center","background-size":"auto","background-attachment":"scroll","background-type":"","background-media":"","overlay-type":"","overlay-color":"","overlay-opacity":"","overlay-gradient":""},"tablet":{"background-color":"var(--ast-global-color-5)","background-image":"","background-repeat":"repeat","background-position":"center center","background-size":"auto","background-attachment":"scroll","background-type":"","background-media":"","overlay-type":"","overlay-color":"","overlay-opacity":"","overlay-gradient":""},"mobile":{"background-color":"var(--ast-global-color-5)","background-image":"","background-repeat":"repeat","background-position":"center center","background-size":"auto","background-attachment":"scroll","background-type":"","background-media":"","overlay-type":"","overlay-color":"","overlay-opacity":"","overlay-gradient":""}},"footnotes":""},"class_list":["post-14591","page","type-page","status-publish","hentry"],"_links":{"self":[{"href":"https:\/\/interregva-bb-pl.eu\/pl\/wp-json\/wp\/v2\/pages\/14591"}],"collection":[{"href":"https:\/\/interregva-bb-pl.eu\/pl\/wp-json\/wp\/v2\/pages"}],"about":[{"href":"https:\/\/interregva-bb-pl.eu\/pl\/wp-json\/wp\/v2\/types\/page"}],"author":[{"embeddable":true,"href":"https:\/\/interregva-bb-pl.eu\/pl\/wp-json\/wp\/v2\/users\/140"}],"replies":[{"embeddable":true,"href":"https:\/\/interregva-bb-pl.eu\/pl\/wp-json\/wp\/v2\/comments?post=14591"}],"version-history":[{"count":3,"href":"https:\/\/interregva-bb-pl.eu\/pl\/wp-json\/wp\/v2\/pages\/14591\/revisions"}],"predecessor-version":[{"id":18240,"href":"https:\/\/interregva-bb-pl.eu\/pl\/wp-json\/wp\/v2\/pages\/14591\/revisions\/18240"}],"wp:attachment":[{"href":"https:\/\/interregva-bb-pl.eu\/pl\/wp-json\/wp\/v2\/media?parent=14591"}],"curies":[{"name":"wp","href":"https:\/\/api.w.org\/{rel}","templated":true}]}}