{"id":14604,"date":"2021-03-02T08:08:31","date_gmt":"2021-03-02T15:08:31","guid":{"rendered":"https:\/\/interregva-bb-pl.eu\/?page_id=14604"},"modified":"2023-09-25T05:50:51","modified_gmt":"2023-09-25T12:50:51","slug":"85038797-2","status":"publish","type":"page","link":"https:\/\/interregva-bb-pl.eu\/pl\/85038797-2\/","title":{"rendered":"85038797"},"content":{"rendered":"<h3>Coaching VIADRINA \u2013 nowe szanse<\/h3>\n<p>&nbsp;<\/p>\n<p><strong><img loading=\"lazy\" decoding=\"async\" class=\"details-image alignleft\" draggable=\"false\" src=\"https:\/\/interregva-bb-pl.eu\/wp-content\/uploads\/2020\/11\/85038797_Website_Gesamtbild-647x1024.jpg\" alt=\"\" width=\"357\" height=\"565\" \/>Partnerzy projektu:<\/strong><br \/>\n&#8211; Mittlere Oder e.V. (stow. rej.) Euroregion PRO EUROPA VIADRINA (BW)<br \/>\n&#8211; Stowarzyszenie Gmin Polskich Euroregionu &#8220;Pro Europa Viadrina&#8221; \/ Verein der Polnischen Gemeinden der Euroregion &#8220;Pro Europa Viadrina&#8221;<\/p>\n<p><strong>Dofinansowanie (EFRR): <\/strong>187.144,50 EUR<strong>\u00a0<\/strong><\/p>\n<p><strong>Okres realizacji: <\/strong>01.03.2020 \u2013 31.08.2023<strong><br \/>\n<\/strong><\/p>\n<p><strong>Cel:<\/strong><br \/>\nCelem projektu jest zach\u0119cenie nowych, wzgl\u0119dnie ma\u0142o aktywnych podmiot\u00f3w w obszarze ERPEV do nawi\u0105zania b\u0105d\u017a rozwini\u0119cia wsp\u00f3\u0142pracy transgranicznej.<br \/>\nW ramach projektu Coaching VIADRINA podniesiona zosta\u0142a jako\u015b\u0107 partnerstw transgranicznych w ERPEV. Dotychczasowo z mo\u017cliwo\u015bci projektu korzystaj\u0105 g\u0142\u00f3wnie podmioty, kt\u00f3re wsp\u00f3\u0142prac\u0119 ju\u017c prowadz\u0105 i chc\u0105 j\u0105 usprawni\u0107 b\u0105d\u017a rozszerzy\u0107 o nowego partnera lub podmioty, kt\u00f3re wyra\u017caj\u0105 gotowo\u015b\u0107 nawi\u0105zania wsp\u00f3\u0142pracy transgranicznej. Tak wi\u0119c istnieje potrzeba ukierunkowania dzia\u0142a\u0144 na podmioty, kt\u00f3re takiej wsp\u00f3\u0142pracy nie prowadz\u0105 w og\u00f3le lub prowadz\u0105 j\u0105 w spos\u00f3b jednostronny lub w ograniczonym zakresie.<br \/>\nW zwi\u0105zku z tym, planowany projekt powinien dodatkowo spe\u0142ni\u0107 nast\u0119puj\u0105ce kryteria:<\/p>\n<ul>\n<li>powinien umo\u017cliwi\u0107 podmiotom z obszaru ERPEV praktyczne poznanie dalszych mo\u017cliwo\u015bci i dziedzin wsp\u00f3\u0142pracy oraz nowych instytucji;<\/li>\n<li>powinien zosta\u0107 skierowany r\u00f3wnie\u017c bezpo\u015brednio do podmiot\u00f3w, kt\u00f3re takiej wsp\u00f3\u0142pracy \u2013 z najr\u00f3\u017cniejszych powod\u00f3w &#8211; nie prowadz\u0105 (tzw. \u201ebia\u0142e plamy\u201d na mapie beneficjent\u00f3w), przy czym nawi\u0105zanie kontaktu powinno nast\u0105pi\u0107 proaktywnie ze strony ERPEV;<\/li>\n<li>dzia\u0142ania, umo\u017cliwiaj\u0105ce poznanie nowych mo\u017cliwo\u015bci wsp\u00f3\u0142pracy oraz zach\u0119caj\u0105ce do podj\u0119cia wsp\u00f3\u0142pracy na nowych p\u0142aszczyznach, powinny by\u0107 skierowane do podmiot\u00f3w maj\u0105cych mo\u017cliwie szerokie spektrum dzia\u0142ania i gwarantuj\u0105cych swoj\u0105 dzia\u0142alno\u015bci\u0105 jak najszerszy zasi\u0119g tych dzia\u0142a\u0144;<\/li>\n<li>powinien jednocze\u015bnie umo\u017cliwi\u0107 tym podmiotom wymian\u0119 do\u015bwiadcze\u0144 w mniejszych, tematycznie odpowiednio dobranych, grupach.<\/li>\n<\/ul>\n<p>Na podstawie dotychczasowych do\u015bwiadcze\u0144 i w oparciu o ww. kryteria PP sformu\u0142owali nast\u0119puj\u0105ce cele szczeg\u00f3\u0142owe dla projektu Coaching VIADRINA \u2013 nowe szanse:<\/p>\n<ol>\n<li>Zdefiniowanie potrzeb instytucji w regionie transgranicznym, jakie musza by\u0107 zaspo-kojone, by instytucje te mog\u0142y nawi\u0105za\u0107 b\u0105d\u017a zacie\u015bni\u0107 wsp\u00f3\u0142prac\u0119 transgraniczn\u0105.<\/li>\n<li>Zapoznanie instytucji z dalszymi mo\u017cliwo\u015bciami i dziedzinami prowadzenia wsp\u00f3\u0142pracy transgranicznej<\/li>\n<li>Zach\u0119cenie i aktywizacja instytucji do nawi\u0105zania b\u0105d\u017a rozwoju wsp\u00f3\u0142pracy transgranicznej<\/li>\n<li>Polepszenie wiedzy i kompetencji do wsp\u00f3\u0142pracy transgranicznej<\/li>\n<li>Wzmocnienie i pog\u0142\u0119bienie istniej\u0105cych partnerstw i zainicjowanie nowych<\/li>\n<\/ol>\n<p>Grup\u0105 docelow\u0105 projektu s\u0105 wszyscy potencjalni partnerzy z terenu ERPEV, kt\u00f3rzy nie posiadaj\u0105 \u017cadnego lub maj\u0105 niewystarczaj\u0105ce do\u015bwiadczenie we wsp\u00f3\u0142pracy transgranicznej oraz tacy, kt\u00f3rzy pragn\u0105 zintensyfikowa\u0107 i rozszerzy\u0107 dotychczasowa wsp\u00f3\u0142prac\u0119 lub tematy wsp\u00f3\u0142pracy. Wychodzi si\u0119 z za\u0142o\u017cenia, i\u017c ze wszystkich ofert w ramach projektu w spos\u00f3b bezpo\u015bredni skorzysta min. 200 przedstawicieli jednostek samorz\u0105du terytorialnego, stowarzysze\u0144 i innych instytucji z regionu.<\/p>\n<p><strong>Przyk\u0142adowe dzia\u0142ania w projekcie:<\/strong><\/p>\n<ul>\n<li>Individuelle, auf die Bed\u00fcrfnisse einzelner Institutionen zugeschnittene Beratungen.<\/li>\n<li>Workshops zu Kenntnissen oder F\u00e4higkeiten in Bezug auf die grenz\u00fcbergreifende Zusammenarbeit.<\/li>\n<li>Studienfahrten f\u00fcr deutsche bzw. polnische Teilnehmer in das polnische bzw. deutsche Gebiet der ERPEV.<\/li>\n<li>Plattform der grenz\u00fcberschreitenden Zusammenarbeit: Treffen zwecks Erfahrungsaustausch und Kn\u00fcpfen neuer Partnerschaften.<\/li>\n<li>Indywidualne, dopasowane do potrzeb danej instytucji us\u0142ugi doradcze.<\/li>\n<li>Warsztaty dot. kompetencji czy wiedzy koniecznych do prowadzenia wsp\u00f3\u0142pracy transgranicznej.<\/li>\n<li>Podr\u00f3\u017ce studyjne dla uczestnik\u00f3w polskich wzgl\u0119dnie niemieckich do niemieckiej wzgl\u0119dnie polskiej cz\u0119\u015bci EREPEV.<\/li>\n<li>Platforma wsp\u00f3\u0142pracy transgranicznej: spotkania w celu wymiany do\u015bwiadcze\u0144 i nawi\u0105zywania nowych kontakt\u00f3w.<\/li>\n<\/ul>\n","protected":false},"excerpt":{"rendered":"<p>Coaching VIADRINA \u2013 nowe szanse &nbsp; Partnerzy projektu: &#8211; Mittlere Oder e.V. (stow. rej.) Euroregion PRO EUROPA VIADRINA (BW) &#8211; Stowarzyszenie Gmin Polskich Euroregionu &#8220;Pro Europa Viadrina&#8221; \/ Verein der Polnischen Gemeinden der Euroregion &#8220;Pro Europa Viadrina&#8221; Dofinansowanie (EFRR): 187.144,50 EUR\u00a0 Okres realizacji: 01.03.2020 \u2013 31.08.2023 Cel: Celem projektu jest zach\u0119cenie nowych, wzgl\u0119dnie ma\u0142o aktywnych [&hellip;]<\/p>\n","protected":false},"author":140,"featured_media":0,"parent":0,"menu_order":0,"comment_status":"closed","ping_status":"closed","template":"","meta":{"site-sidebar-layout":"default","site-content-layout":"default","ast-site-content-layout":"default","site-content-style":"default","site-sidebar-style":"default","ast-global-header-display":"","ast-banner-title-visibility":"","ast-main-header-display":"","ast-hfb-above-header-display":"","ast-hfb-below-header-display":"","ast-hfb-mobile-header-display":"","site-post-title":"","ast-breadcrumbs-content":"","ast-featured-img":"","footer-sml-layout":"","theme-transparent-header-meta":"default","adv-header-id-meta":"","stick-header-meta":"","header-above-stick-meta":"","header-main-stick-meta":"","header-below-stick-meta":"","astra-migrate-meta-layouts":"set","ast-page-background-enabled":"default","ast-page-background-meta":{"desktop":{"background-color":"","background-image":"","background-repeat":"repeat","background-position":"center center","background-size":"auto","background-attachment":"scroll","background-type":"","background-media":"","overlay-type":"","overlay-color":"","overlay-opacity":"","overlay-gradient":""},"tablet":{"background-color":"","background-image":"","background-repeat":"repeat","background-position":"center center","background-size":"auto","background-attachment":"scroll","background-type":"","background-media":"","overlay-type":"","overlay-color":"","overlay-opacity":"","overlay-gradient":""},"mobile":{"background-color":"","background-image":"","background-repeat":"repeat","background-position":"center center","background-size":"auto","background-attachment":"scroll","background-type":"","background-media":"","overlay-type":"","overlay-color":"","overlay-opacity":"","overlay-gradient":""}},"ast-content-background-meta":{"desktop":{"background-color":"var(--ast-global-color-5)","background-image":"","background-repeat":"repeat","background-position":"center center","background-size":"auto","background-attachment":"scroll","background-type":"","background-media":"","overlay-type":"","overlay-color":"","overlay-opacity":"","overlay-gradient":""},"tablet":{"background-color":"var(--ast-global-color-5)","background-image":"","background-repeat":"repeat","background-position":"center center","background-size":"auto","background-attachment":"scroll","background-type":"","background-media":"","overlay-type":"","overlay-color":"","overlay-opacity":"","overlay-gradient":""},"mobile":{"background-color":"var(--ast-global-color-5)","background-image":"","background-repeat":"repeat","background-position":"center center","background-size":"auto","background-attachment":"scroll","background-type":"","background-media":"","overlay-type":"","overlay-color":"","overlay-opacity":"","overlay-gradient":""}},"footnotes":""},"class_list":["post-14604","page","type-page","status-publish","hentry"],"_links":{"self":[{"href":"https:\/\/interregva-bb-pl.eu\/pl\/wp-json\/wp\/v2\/pages\/14604"}],"collection":[{"href":"https:\/\/interregva-bb-pl.eu\/pl\/wp-json\/wp\/v2\/pages"}],"about":[{"href":"https:\/\/interregva-bb-pl.eu\/pl\/wp-json\/wp\/v2\/types\/page"}],"author":[{"embeddable":true,"href":"https:\/\/interregva-bb-pl.eu\/pl\/wp-json\/wp\/v2\/users\/140"}],"replies":[{"embeddable":true,"href":"https:\/\/interregva-bb-pl.eu\/pl\/wp-json\/wp\/v2\/comments?post=14604"}],"version-history":[{"count":4,"href":"https:\/\/interregva-bb-pl.eu\/pl\/wp-json\/wp\/v2\/pages\/14604\/revisions"}],"predecessor-version":[{"id":18110,"href":"https:\/\/interregva-bb-pl.eu\/pl\/wp-json\/wp\/v2\/pages\/14604\/revisions\/18110"}],"wp:attachment":[{"href":"https:\/\/interregva-bb-pl.eu\/pl\/wp-json\/wp\/v2\/media?parent=14604"}],"curies":[{"name":"wp","href":"https:\/\/api.w.org\/{rel}","templated":true}]}}