{"id":14610,"date":"2021-03-04T04:18:36","date_gmt":"2021-03-04T11:18:36","guid":{"rendered":"https:\/\/interregva-bb-pl.eu\/?page_id=14610"},"modified":"2022-07-11T23:38:11","modified_gmt":"2022-07-12T06:38:11","slug":"85038336-2","status":"publish","type":"page","link":"https:\/\/interregva-bb-pl.eu\/pl\/85038336-2\/","title":{"rendered":"85038336"},"content":{"rendered":"<h3>Prze\u0142amywanie granic za pomoc\u0105 technologii o kluczowym znaczeniu &#8211; Zr\u00f3wnowa\u017cony rozw\u00f3j transgranicznej sieci kompetencji w zakresie transferu wiedzy i technologii w dziedzinie budowy lekkich konstrukcji zorientowanej na zastosowania w praktyce<strong>\u00a0<\/strong><\/h3>\n<p>&nbsp;<\/p>\n<p><strong><img loading=\"lazy\" decoding=\"async\" class=\"details-image alignleft\" draggable=\"false\" src=\"https:\/\/interregva-bb-pl.eu\/wp-content\/uploads\/2020\/11\/85038336_Website_Gesamtbild.jpg\" alt=\"\" width=\"325\" height=\"653\" \/>Projektpartner \/ partnerzy projektu:<\/strong><br \/>\n&#8211; Brandenburgische Technische Universit\u00e4t Cottbus-Senftenberg \/ Politechnika Brandenburska Cottbus-Senftenberg (BW)<br \/>\n&#8211; Uniwersytet Zielonog\u00f3rski<br \/>\n&#8211; Stowarzyszenie In\u017cynier\u00f3w i Technik\u00f3w Mechanik\u00f3w Polskich Oddzia\u0142 w Gorzowie Wlkp.<\/p>\n<p><strong>Dofinansowanie (EFRR): <\/strong>340.968,92 EUR<\/p>\n<p><strong>Okres realizacji: <\/strong>01.03.2020 \u2013 31.12.2022<\/p>\n<p><strong>Cel:<\/strong><br \/>\nG\u0142\u00f3wny cel projektu jest zgodny z warunkami okre\u015blonymi w priorytecie IV obszaru interwencyjnego (dzia\u0142anie 62) \u201etransfer technologii i wsp\u00f3\u0142pracy mi\u0119dzy uczelniami a przedsi\u0119biorstwami, zw\u0142aszcza dla ma\u0142ych i \u015brednich przedsi\u0119biorstw\u201d. Cel ten realizowany jest z jednej strony poprzez dwustronn\u0105 wymian\u0119 mi\u0119dzy instytucjami naukowymi (Techniczny Uniwersytet Cottbus &#8211; Senftenberg i Uniwersytet Zielonog\u00f3rski) oraz polskie i niemieckie stowarzyszenia in\u017cynierskie (SIMP i VDI). Praktyczny wymiar tych dzia\u0142a\u0144 realizowany b\u0119dzie przez uczestnik\u00f3w warsztat\u00f3w. Dzi\u0119ki wsp\u00f3\u0142pracy transgranicznej zbudowana zostanie trwa\u0142a sie\u0107 kontakt\u00f3w mi\u0119dzy przedsi\u0119biorstwami a pracownikami naukowymi. Doprowadzi to w przysz\u0142o\u015bci do utrzymania m\u0142odych ludzi w regionie, a tym samym przeciwdzia\u0142a drena\u017cu zdolnych i cennych dla regionu pracownik\u00f3w, ale tak\u017ce s\u0142u\u017cy jako punkt wyj\u015bcia do dalszej wsp\u00f3\u0142pracy pomi\u0119dzy firmami w regionie przygranicznym i uniwersytet\u00f3w zaanga\u017cowanych w badania i rozw\u00f3j.<br \/>\nGrup\u0105 docelow\u0105 projektu z jednej strony s\u0105 cz\u0142onkowie dw\u00f3ch uczestnicz\u0105cych instytucji badawczych, z drugiej strony, pracownicy, zw\u0142aszcza ma\u0142ych i \u015brednich przedsi\u0119biorstw w obszarze obj\u0119tym pomoc\u0105. Grupa cz\u0142onk\u00f3w uniwersytetu obejmuje nie tylko student\u00f3w, ale tak\u017ce kadr\u0119 naukow\u0105. Ze wzgl\u0119du na ograniczenia przestrzenne liczba uczestnik\u00f3w na warsztat musi by\u0107 ograniczona do 30. W przypadku rejestracji wi\u0119cej ni\u017c 30 uczestnik\u00f3w, realizatorzy musz\u0105 zdecydowa\u0107, zapewni\u0107 mo\u017cliwie r\u00f3wny rozk\u0142ad os\u00f3b. Je\u015bli to mo\u017cliwe, grupa warsztatowa b\u0119dzie w\u00f3wczas sk\u0142ada\u0107 si\u0119 z r\u00f3wnej liczby os\u00f3b ze strony niemieckich i polskich przedsi\u0119biorstw, uniwersytet\u00f3w. Z uwzgl\u0119dnieniem mo\u017cliwie r\u00f3wnego udzia\u0142u uczestnik\u00f3w p\u0142ci \u017ce\u0144skiej i m\u0119skiej. Zapewniona zostanie tak\u017ce mo\u017cliwo\u015b\u0107 uczestnictwa osobom z niepe\u0142nosprawno\u015bciami fizycznymi.<br \/>\nBezpo\u015brednim zyskiem dla obszaru obj\u0119tego pomoc\u0105 jest rozw\u00f3j wiedzy teoretycznej i praktycznej w zakresie zastosowania w\u0142a\u015bciwej technologii opartej na lekkich konstrukcjach. Nawi\u0105zane kontakty mi\u0119dzy firmami i pracownikami naukowymi dadz\u0105 m\u0142odym ludziom mo\u017cliwo\u015b\u0107 zapoznania si\u0119 z potencja\u0142em przysz\u0142ego miejsca pracy w regionie, z kt\u00f3rego pochodz\u0105. Dzi\u0119ki temu mo\u017cliwe stanie si\u0119 utrzymanie m\u0142odych, dobrze wyszkolonych specjalist\u00f3w w obszarze obj\u0119tym pomoc\u0105, a tym samym przeciwdzia\u0142a\u0107 emigracji zarobkowej. Tworzenie sieci kontakt\u00f3w z uniwersytetami stwarza nowe mo\u017cliwo\u015bci w zakresie bada\u0144 i rozwoju, a tak\u017ce rozwoju w\u0142asnych innowacyjnych kompetencji. Zastosowanie nowych technologii zwi\u0119ksza tak\u017ce atrakcyjno\u015b\u0107 obszaru obj\u0119tego pomoc\u0105 jako miejsca pracy dla m\u0142odych, wysoko wykwalifikowanych specjalist\u00f3w.<\/p>\n<p><strong>Przyk\u0142adowe dzia\u0142ania w projekcie:<\/strong><\/p>\n<ul>\n<li>12 wsp\u00f3lnych warsztat\u00f3w po\u015bwi\u0119conych r\u00f3\u017cnym aspektom technologicznym konstrukcji lekkich<\/li>\n<li>Budowa prototypu ramienia robota o lekkiej konstrukcji<\/li>\n<li>Warsztaty podsumowuj\u0105ce z testowaniem, pr\u00f3bami i sympozjum<\/li>\n<\/ul>\n","protected":false},"excerpt":{"rendered":"<p>Prze\u0142amywanie granic za pomoc\u0105 technologii o kluczowym znaczeniu &#8211; Zr\u00f3wnowa\u017cony rozw\u00f3j transgranicznej sieci kompetencji w zakresie transferu wiedzy i technologii w dziedzinie budowy lekkich konstrukcji zorientowanej na zastosowania w praktyce\u00a0 &nbsp; Projektpartner \/ partnerzy projektu: &#8211; Brandenburgische Technische Universit\u00e4t Cottbus-Senftenberg \/ Politechnika Brandenburska Cottbus-Senftenberg (BW) &#8211; Uniwersytet Zielonog\u00f3rski &#8211; Stowarzyszenie In\u017cynier\u00f3w i Technik\u00f3w Mechanik\u00f3w Polskich [&hellip;]<\/p>\n","protected":false},"author":140,"featured_media":0,"parent":0,"menu_order":0,"comment_status":"closed","ping_status":"closed","template":"","meta":{"site-sidebar-layout":"default","site-content-layout":"default","ast-site-content-layout":"","site-content-style":"default","site-sidebar-style":"default","ast-global-header-display":"","ast-banner-title-visibility":"","ast-main-header-display":"","ast-hfb-above-header-display":"","ast-hfb-below-header-display":"","ast-hfb-mobile-header-display":"","site-post-title":"","ast-breadcrumbs-content":"","ast-featured-img":"","footer-sml-layout":"","theme-transparent-header-meta":"default","adv-header-id-meta":"","stick-header-meta":"","header-above-stick-meta":"","header-main-stick-meta":"","header-below-stick-meta":"","astra-migrate-meta-layouts":"default","ast-page-background-enabled":"default","ast-page-background-meta":{"desktop":{"background-color":"","background-image":"","background-repeat":"repeat","background-position":"center center","background-size":"auto","background-attachment":"scroll","background-type":"","background-media":"","overlay-type":"","overlay-color":"","overlay-opacity":"","overlay-gradient":""},"tablet":{"background-color":"","background-image":"","background-repeat":"repeat","background-position":"center center","background-size":"auto","background-attachment":"scroll","background-type":"","background-media":"","overlay-type":"","overlay-color":"","overlay-opacity":"","overlay-gradient":""},"mobile":{"background-color":"","background-image":"","background-repeat":"repeat","background-position":"center center","background-size":"auto","background-attachment":"scroll","background-type":"","background-media":"","overlay-type":"","overlay-color":"","overlay-opacity":"","overlay-gradient":""}},"ast-content-background-meta":{"desktop":{"background-color":"var(--ast-global-color-5)","background-image":"","background-repeat":"repeat","background-position":"center center","background-size":"auto","background-attachment":"scroll","background-type":"","background-media":"","overlay-type":"","overlay-color":"","overlay-opacity":"","overlay-gradient":""},"tablet":{"background-color":"var(--ast-global-color-5)","background-image":"","background-repeat":"repeat","background-position":"center center","background-size":"auto","background-attachment":"scroll","background-type":"","background-media":"","overlay-type":"","overlay-color":"","overlay-opacity":"","overlay-gradient":""},"mobile":{"background-color":"var(--ast-global-color-5)","background-image":"","background-repeat":"repeat","background-position":"center center","background-size":"auto","background-attachment":"scroll","background-type":"","background-media":"","overlay-type":"","overlay-color":"","overlay-opacity":"","overlay-gradient":""}},"footnotes":""},"class_list":["post-14610","page","type-page","status-publish","hentry"],"_links":{"self":[{"href":"https:\/\/interregva-bb-pl.eu\/pl\/wp-json\/wp\/v2\/pages\/14610"}],"collection":[{"href":"https:\/\/interregva-bb-pl.eu\/pl\/wp-json\/wp\/v2\/pages"}],"about":[{"href":"https:\/\/interregva-bb-pl.eu\/pl\/wp-json\/wp\/v2\/types\/page"}],"author":[{"embeddable":true,"href":"https:\/\/interregva-bb-pl.eu\/pl\/wp-json\/wp\/v2\/users\/140"}],"replies":[{"embeddable":true,"href":"https:\/\/interregva-bb-pl.eu\/pl\/wp-json\/wp\/v2\/comments?post=14610"}],"version-history":[{"count":2,"href":"https:\/\/interregva-bb-pl.eu\/pl\/wp-json\/wp\/v2\/pages\/14610\/revisions"}],"predecessor-version":[{"id":17023,"href":"https:\/\/interregva-bb-pl.eu\/pl\/wp-json\/wp\/v2\/pages\/14610\/revisions\/17023"}],"wp:attachment":[{"href":"https:\/\/interregva-bb-pl.eu\/pl\/wp-json\/wp\/v2\/media?parent=14610"}],"curies":[{"name":"wp","href":"https:\/\/api.w.org\/{rel}","templated":true}]}}