{"id":14617,"date":"2021-03-04T04:26:17","date_gmt":"2021-03-04T11:26:17","guid":{"rendered":"https:\/\/interregva-bb-pl.eu\/?page_id=14617"},"modified":"2023-10-19T03:06:13","modified_gmt":"2023-10-19T10:06:13","slug":"85038730-2","status":"publish","type":"page","link":"https:\/\/interregva-bb-pl.eu\/pl\/85038730-2\/","title":{"rendered":"85038730"},"content":{"rendered":"<h3>DIALOG 2.0<\/h3>\n<p>&nbsp;<\/p>\n<p><strong><img loading=\"lazy\" decoding=\"async\" class=\"details-image alignleft\" draggable=\"false\" src=\"https:\/\/interregva-bb-pl.eu\/wp-content\/uploads\/2020\/12\/Gesamtbild1.jpg\" alt=\"\" width=\"501\" height=\"336\" \/>Partnerzy projektu:<\/strong><br \/>\n&#8211; Mittlere Oder e.V. (stow. rej.) Euroregion &#8220;Pro Europa Viadrina&#8221; (BW)<br \/>\n&#8211; Stowarzyszenie Gmin Polskich Euroregionu &#8220;Pro Europa Viadrina&#8221;<br \/>\n&#8211; Stowarzyszenie Gmin RP Euroregion &#8220;Sprewa-Nysa-B\u00f3br&#8221;<br \/>\n&#8211; Euroregion Spree-Nei\u00dfe-Bober e.V. (stow. rej.)<\/p>\n<p>&nbsp;<\/p>\n<p><strong>Dofinansowanie (EFRR): <\/strong>976.500,84 EUR<\/p>\n<p><strong>Okres realizacji: <\/strong>01.08.2020 &#8211; 31.12.2023<\/p>\n<p><strong>Cel:<\/strong><br \/>\nCelem projektu jest ukierunkowanie platformy DIALOGu, umo\u017cliwiaj\u0105ce popraw\u0119 wsp\u00f3\u0142pracy instytucji i obywateli na obszarze wsparcia z nast\u0119puj\u0105cymi celami podporz\u0105dkowanymi:<br \/>\n&#8211; poprawa stanu wiedzy\/ kompetencji obywateli i multiplikator\u00f3w w instytucjach dzia\u0142aj\u0105cych transgranicznie we wszystkich obszarach spo\u0142ecznych<br \/>\n&#8211; niwelowanie barier, wykorzystywanie potencja\u0142\u00f3w wsp\u00f3\u0142pracy transgranicznej, stwierdzonych w obszarach EDUKACJA i ZDROWIE<br \/>\nW filarze <strong>Dzia\u0142anie bez Granic<\/strong> w obszarze tematycznym ZDROWIE potrzebne s\u0105 rozwi\u0105zania dla transgranicznej opieki zdrowotnej oraz konkretne dzia\u0142ania m.in. ratownictwo medyczne (praktyczne operowanie Porozumieniem Kooperacji\/ wymiana do\u015bwiadcze\u0144, analiza ER SNB: dyspozytornie \u2013 3 w DE, 1 w PL), informowanie\/ koordynowanie wsp\u00f3\u0142pracy szpitali (analiza ER SNB: 5 w DE, 13 w PL) i kas chorych, rozw\u00f3j personelu specjalistycznego (analiza ER SNB: medyczne plac\u00f3wki kszta\u0142ceniowe \u2013 4 w DE, 2 w PL), geriatria i piel\u0119gniarstwo (analiza ER SNB: stacjonarne plac\u00f3wki piel\u0119gniarskie \u2013 14 DE, 5 PL), prewencja, z kt\u00f3rych skorzystaj\u0105 wszyscy zainteresowani mieszka\u0144cy (ok. 1,6 mln) oraz go\u015bcie obszaru wsparcia. Jednocze\u015bnie, przy ci\u0105g\u0142ym wsparciu ekspert\u00f3w ds. zdrowia z obu stron (GR ZDROWIE z ponad 30 sta\u0142ymi przedstawicielami) maja zosta\u0107 stwierdzone i wskazane transgraniczne potencja\u0142y wsp\u00f3\u0142pracy. W obszarze tematycznym EDUKACJA dzia\u0142ania skupi\u0105 si\u0119 na wsp\u00f3\u0142pracy szk\u00f3\u0142 i przedszkoli (ok. 300.000 dzieci i m\u0142odzie\u017cy). Wypracowane dla obszaru przedszkola\/ szko\u0142y za\u0142o\u017cenia maja zosta\u0107 skonkretyzowane w formie studium wykonalno\u015bci , a nast\u0119pnie modelowo zrealizowane i podsumowane przez min. 2 grupy przedszkolne i 2 klasy szkolne z PL i DE strony. Wszystkie 309 szk\u03cc\u0142 (PL: 167, DE: 142) ma zosta\u0107 sportretowanych w geoportalu ER i scharakteryzowanych w kontek\u015bcie ich potencja\u0142u kooperacyjnego (mi.in. oferta j\u0119zykowa, partnerstwa).<br \/>\nObszar tematyczny EDUKACJA DLA ZDROWIA skierowany jest do multiplikator\u00f3w, wzgl\u0119dnie 12 wybranych szk\u03cc\u0142 podstawowych z obszaru wsparcia. W kolejnych, zaplanowanych 15 konkretnych dzia\u0142aniach, m.in. warsztaty, wizyty studyjne, konferencje we\u017amie udzia\u0142 ka\u017cdorazowo min. 20 multiplikator\u00f3w z obu stron.<br \/>\nW filarze <strong>Komunikacja<\/strong> za pomoc\u0105 r\u00f3\u017cnorodnych ofert szkoleniowych i warsztatowych dla pracownik\u00f3w administracji, wolontariuszy w transgranicznie dzia\u0142aj\u0105cych instytucjach oraz obywateli maj\u0105 zosta\u0107 udoskonalone umiej\u0119tno\u015bci i kompetencje j\u0119zykowe, interkulturowe i fachowe (m.in. struktury administracyjne, wymiana do\u015bwiadcze\u0144 dot. m.in. zagadnie\u0144 bezpiecze\u0144stwa). W 37 konkretnie zaplanowanych dzia\u0142aniach (m.in. kursy, warsztaty, dialogi obywatelskie, hospitacje) uczestniczy\u0107 b\u0119dzie, bazuj\u0105c na dotychczasowych do\u015bwiadczeniach, ka\u017cdorazowo min. 10 multiplikator\u00f3w. Po\u015bredni\u0105 grup\u0105 docelow\u0105 stanowi\u0105 polscy i niemieccy mieszka\u0144cy obszaru wsparcia, kt\u00f3rzy skorzystaj\u0105 z usprawnionej pracy administracji i multiplikator\u00f3w.<\/p>\n<p><strong>Przyk\u0142adowe dzia\u0142ania w projekcie:<\/strong><\/p>\n<ul>\n<li>Warsztaty i kursy j\u0119zykowe dla pracownik\u00f3w administracji, wolontariuszy, obywateli, lider\u00f3w i pracownik\u00f3w PP.<\/li>\n<li>Warsztaty dla ekspert\u00f3w dla pog\u0142\u0119bienia wsp\u00f3\u0142pracy transgranicznej w edukacji przedszkolnej i szkolnej oraz w obszarze opieki zdrowotnej w tematyce prewencji (propagowania zdrowego trybu \u017cycia) i geriatrii\/ piel\u0119gniarstwa.<\/li>\n<li>Opracowanie broszury &#8220;interkulturowej&#8221; wskazuj\u0105cej na specyfik\u0119 wsp\u00f3\u0142pracy transgranicznej mi\u0119dzy administracja\/ instytucjami na pograniczu polsko-niemieckim, kt\u00f3ra cz\u0119sto ro\u017cni si\u0119 od og\u00f3lnych polsko-niemieckich stereotyp\u00f3w.<\/li>\n<li>Opracowanie broszury informacyjnej na temat ochrony zdrowia i zachowaniu w nag\u0142ych wypadkach na pograniczu lubusko-brandenburskim.<\/li>\n<li>Opracowanie &#8220;Analizy euroregionalne o transgranicznej opiece zdrowotnej&#8221; (cz\u0119\u015b\u0107 II).<\/li>\n<\/ul>\n","protected":false},"excerpt":{"rendered":"<p>DIALOG 2.0 &nbsp; Partnerzy projektu: &#8211; Mittlere Oder e.V. (stow. rej.) Euroregion &#8220;Pro Europa Viadrina&#8221; (BW) &#8211; Stowarzyszenie Gmin Polskich Euroregionu &#8220;Pro Europa Viadrina&#8221; &#8211; Stowarzyszenie Gmin RP Euroregion &#8220;Sprewa-Nysa-B\u00f3br&#8221; &#8211; Euroregion Spree-Nei\u00dfe-Bober e.V. (stow. rej.) &nbsp; Dofinansowanie (EFRR): 976.500,84 EUR Okres realizacji: 01.08.2020 &#8211; 31.12.2023 Cel: Celem projektu jest ukierunkowanie platformy DIALOGu, umo\u017cliwiaj\u0105ce popraw\u0119 [&hellip;]<\/p>\n","protected":false},"author":140,"featured_media":0,"parent":0,"menu_order":0,"comment_status":"closed","ping_status":"closed","template":"","meta":{"site-sidebar-layout":"default","site-content-layout":"default","ast-site-content-layout":"default","site-content-style":"default","site-sidebar-style":"default","ast-global-header-display":"","ast-banner-title-visibility":"","ast-main-header-display":"","ast-hfb-above-header-display":"","ast-hfb-below-header-display":"","ast-hfb-mobile-header-display":"","site-post-title":"","ast-breadcrumbs-content":"","ast-featured-img":"","footer-sml-layout":"","theme-transparent-header-meta":"default","adv-header-id-meta":"","stick-header-meta":"","header-above-stick-meta":"","header-main-stick-meta":"","header-below-stick-meta":"","astra-migrate-meta-layouts":"set","ast-page-background-enabled":"default","ast-page-background-meta":{"desktop":{"background-color":"","background-image":"","background-repeat":"repeat","background-position":"center center","background-size":"auto","background-attachment":"scroll","background-type":"","background-media":"","overlay-type":"","overlay-color":"","overlay-opacity":"","overlay-gradient":""},"tablet":{"background-color":"","background-image":"","background-repeat":"repeat","background-position":"center center","background-size":"auto","background-attachment":"scroll","background-type":"","background-media":"","overlay-type":"","overlay-color":"","overlay-opacity":"","overlay-gradient":""},"mobile":{"background-color":"","background-image":"","background-repeat":"repeat","background-position":"center center","background-size":"auto","background-attachment":"scroll","background-type":"","background-media":"","overlay-type":"","overlay-color":"","overlay-opacity":"","overlay-gradient":""}},"ast-content-background-meta":{"desktop":{"background-color":"var(--ast-global-color-5)","background-image":"","background-repeat":"repeat","background-position":"center center","background-size":"auto","background-attachment":"scroll","background-type":"","background-media":"","overlay-type":"","overlay-color":"","overlay-opacity":"","overlay-gradient":""},"tablet":{"background-color":"var(--ast-global-color-5)","background-image":"","background-repeat":"repeat","background-position":"center center","background-size":"auto","background-attachment":"scroll","background-type":"","background-media":"","overlay-type":"","overlay-color":"","overlay-opacity":"","overlay-gradient":""},"mobile":{"background-color":"var(--ast-global-color-5)","background-image":"","background-repeat":"repeat","background-position":"center center","background-size":"auto","background-attachment":"scroll","background-type":"","background-media":"","overlay-type":"","overlay-color":"","overlay-opacity":"","overlay-gradient":""}},"footnotes":""},"class_list":["post-14617","page","type-page","status-publish","hentry"],"_links":{"self":[{"href":"https:\/\/interregva-bb-pl.eu\/pl\/wp-json\/wp\/v2\/pages\/14617"}],"collection":[{"href":"https:\/\/interregva-bb-pl.eu\/pl\/wp-json\/wp\/v2\/pages"}],"about":[{"href":"https:\/\/interregva-bb-pl.eu\/pl\/wp-json\/wp\/v2\/types\/page"}],"author":[{"embeddable":true,"href":"https:\/\/interregva-bb-pl.eu\/pl\/wp-json\/wp\/v2\/users\/140"}],"replies":[{"embeddable":true,"href":"https:\/\/interregva-bb-pl.eu\/pl\/wp-json\/wp\/v2\/comments?post=14617"}],"version-history":[{"count":8,"href":"https:\/\/interregva-bb-pl.eu\/pl\/wp-json\/wp\/v2\/pages\/14617\/revisions"}],"predecessor-version":[{"id":18166,"href":"https:\/\/interregva-bb-pl.eu\/pl\/wp-json\/wp\/v2\/pages\/14617\/revisions\/18166"}],"wp:attachment":[{"href":"https:\/\/interregva-bb-pl.eu\/pl\/wp-json\/wp\/v2\/media?parent=14617"}],"curies":[{"name":"wp","href":"https:\/\/api.w.org\/{rel}","templated":true}]}}